{"id":2431,"date":"2014-04-15T12:16:45","date_gmt":"2014-04-15T16:16:45","guid":{"rendered":"http:\/\/www.nbrhc.on.ca\/?page_id=2431"},"modified":"2026-03-31T08:13:12","modified_gmt":"2026-03-31T12:13:12","slug":"carriere","status":"publish","type":"page","link":"https:\/\/nbrhc.on.ca\/fr\/joignez-vous-a-notre-equipe\/carriere\/","title":{"rendered":"Carri\u00e8re"},"content":{"rendered":"<h2>Joignez-vous \u00e0 notre \u00e9quipe!<\/h2>\n<p>La qualit\u00e9 des employ\u00e9s et des b\u00e9n\u00e9voles du CRSNB a une incidence directe sur nos r\u00e9sultats cliniques et op\u00e9rationnels, y compris la qualit\u00e9 des soins, la s\u00e9curit\u00e9 et la satisfaction des patients, la productivit\u00e9 et la rentabilit\u00e9 ainsi que le recrutement et le maintien en poste des employ\u00e9s.<\/p>\n<p>Si vous croyez personnifier nos valeurs et que notre culture d\u2019am\u00e9lioration continue vous int\u00e9resse, songez \u00e0 saisir les occasions exceptionnelles que le CRSNB a \u00e0 vous offrir.<\/p>\n<div id=\"job-postings-buttons\">\n<table style=\"border-collapse: collapse; width: 100%;\" role=\"presentation\">\n<tbody>\n<tr>\n<td style=\"width: 50%;\">\n<div id=\"external-postings\"><a href=\"https:\/\/atlas.workland.com\/careers\/nbrhc\/about?page=1\" target=\"_blank\" rel=\"noopener\">Nouveaux candidats<span>Explorer les opportunit\u00e9s de<br \/>\ncarri\u00e8re pour les candidats externes<\/span><\/a><\/div>\n<\/td>\n<td style=\"width: 50%;\">\n<div id=\"internal-postings\"><a href=\"https:\/\/atlas.workland.com\/profile\/nbrhc\/internal?page=1&amp;token=NzIzODk1XzY3OWQxYmY5ODNkZjc=\" target=\"_blank\" rel=\"noopener\">Employ\u00e9s actuels<span>Consulter les opportunit\u00e9s de<br \/>\ncarri\u00e8re pour le personnel du CRSNB<\/span><\/a><\/div>\n<\/td>\n<\/tr>\n<\/tbody>\n<\/table>\n<div id=\"job-postings-note\"><strong>\u00c0 noter :<\/strong> Les employ\u00e9s actuels du CRSNB doivent postuler aux opportunit\u00e9s de carri\u00e8re internes, tandis que les candidats externes doivent postuler aux opportunit\u00e9s de carri\u00e8re \u00e0 l\u2019externe pour rejoindre l\u2019\u00e9quipe.<\/div>\n<div id=\"internal-guide\"><a href=\"https:\/\/nbrhc.on.ca\/wp-content\/uploads\/2026\/03\/How-to-apply-for-an-internal-vacancy-in-Atlas.pdf\" target=\"_blank\" rel=\"noopener\">Guide pour postuler aux postes internes (r\u00e9serv\u00e9 aux employ\u00e9s du CRSNB)<\/a><\/div>\n<\/div>\n<h3>Professionnels cliniques<\/h3>\n<p>En tant que centre de district qui fournit des soins actifs \u00e0 l\u2019\u00e9chelle du district ainsi que des services de sant\u00e9 mentale sp\u00e9cialis\u00e9s dans toute la r\u00e9gion, nous avons pour vision de diriger la prestation des soins, d\u2019am\u00e9liorer la sant\u00e9, d\u2019enrichir les communaut\u00e9s et d\u2019am\u00e9liorer continuellement les services que nous offrons.\u00a0 Le CRSNB, un \u00e9tablissement qui prend soin du corps et de l\u2019esprit, s\u2019av\u00e8re un lieu de travail unique en son genre pour les fournisseurs de soins de sant\u00e9.<\/p>\n<h3>Professionnels non cliniques<\/h3>\n<p>Le CRSNB est dot\u00e9 d\u2019excellents professionnels de la sant\u00e9, mais il a aussi besoin de personnes exceptionnelles qui travaillent \u00e0 tous les aspects de son administration. Nous reconnaissons l\u2019importance de nos employ\u00e9s, y compris nos professionnels non cliniques, dans tous les volets de nos activit\u00e9s quotidiennes.<\/p>\n","protected":false},"excerpt":{"rendered":"<p>Joignez-vous \u00e0 notre \u00e9quipe! Si vous croyez personnifier nos valeurs et que notre culture d\u2019am\u00e9lioration continue vous int\u00e9resse, songez \u00e0 saisir les occasions exceptionnelles que le CRSNB a \u00e0 vous offrir.<\/p>\n","protected":false},"author":17,"featured_media":0,"parent":2421,"menu_order":1,"comment_status":"open","ping_status":"open","template":"","meta":{"_acf_changed":false,"_monsterinsights_skip_tracking":false,"_monsterinsights_sitenote_active":false,"_monsterinsights_sitenote_note":"","_monsterinsights_sitenote_category":0,"footnotes":"","_links_to":"","_links_to_target":"","_wp_rev_ctl_limit":""},"tags":[457,455],"class_list":["post-2431","page","type-page","status-publish","hentry","tag-carriere","tag-emplois"],"acf":[],"yoast_head":"<!-- This site is optimized with the Yoast SEO plugin v27.4 - https:\/\/yoast.com\/product\/yoast-seo-wordpress\/ -->\n<title>Emplois - Carri\u00e8re<\/title>\n<meta name=\"description\" content=\"Souhaitez-vous vous joindre \u00e0 l&#039;\u00e9quipe du Centre r\u00e9gional de sant\u00e9 de North Bay? Jetez un \u0153il aux opportunit\u00e9s exceptionnelles qui vous attendent.\" \/>\n<meta name=\"robots\" content=\"index, follow, max-snippet:-1, max-image-preview:large, max-video-preview:-1\" \/>\n<link rel=\"canonical\" href=\"https:\/\/nbrhc.on.ca\/fr\/joignez-vous-a-notre-equipe\/carriere\/\" \/>\n<meta property=\"og:locale\" content=\"fr_FR\" \/>\n<meta property=\"og:type\" content=\"article\" \/>\n<meta property=\"og:title\" content=\"Emplois - Carri\u00e8re\" \/>\n<meta property=\"og:description\" content=\"Souhaitez-vous vous joindre \u00e0 l&#039;\u00e9quipe du Centre r\u00e9gional de sant\u00e9 de North Bay? Jetez un \u0153il aux opportunit\u00e9s exceptionnelles qui vous attendent.\" \/>\n<meta property=\"og:url\" content=\"https:\/\/nbrhc.on.ca\/fr\/joignez-vous-a-notre-equipe\/carriere\/\" \/>\n<meta property=\"og:site_name\" content=\"NBRHC\" \/>\n<meta property=\"article:publisher\" content=\"https:\/\/www.facebook.com\/nbrhc\" \/>\n<meta property=\"article:modified_time\" content=\"2026-03-31T12:13:12+00:00\" \/>\n<meta property=\"og:image\" content=\"https:\/\/nbrhc.on.ca\/wp-content\/uploads\/2015\/07\/icon_col.jpeg\" \/>\n\t<meta property=\"og:image:width\" content=\"619\" \/>\n\t<meta property=\"og:image:height\" content=\"619\" \/>\n\t<meta property=\"og:image:type\" content=\"image\/jpeg\" \/>\n<meta name=\"twitter:label1\" content=\"Dur\u00e9e de lecture estim\u00e9e\" \/>\n\t<meta name=\"twitter:data1\" content=\"2 minutes\" \/>\n<script type=\"application\/ld+json\" class=\"yoast-schema-graph\">{\"@context\":\"https:\\\/\\\/schema.org\",\"@graph\":[{\"@type\":\"WebPage\",\"@id\":\"https:\\\/\\\/nbrhc.on.ca\\\/fr\\\/joignez-vous-a-notre-equipe\\\/carriere\\\/\",\"url\":\"https:\\\/\\\/nbrhc.on.ca\\\/fr\\\/joignez-vous-a-notre-equipe\\\/carriere\\\/\",\"name\":\"Emplois - Carri\u00e8re\",\"isPartOf\":{\"@id\":\"https:\\\/\\\/nbrhc.on.ca\\\/#website\"},\"datePublished\":\"2014-04-15T16:16:45+00:00\",\"dateModified\":\"2026-03-31T12:13:12+00:00\",\"description\":\"Souhaitez-vous vous joindre \u00e0 l'\u00e9quipe du Centre r\u00e9gional de sant\u00e9 de North Bay? Jetez un \u0153il aux opportunit\u00e9s exceptionnelles qui vous attendent.\",\"breadcrumb\":{\"@id\":\"https:\\\/\\\/nbrhc.on.ca\\\/fr\\\/joignez-vous-a-notre-equipe\\\/carriere\\\/#breadcrumb\"},\"inLanguage\":\"fr-FR\",\"potentialAction\":[{\"@type\":\"ReadAction\",\"target\":[\"https:\\\/\\\/nbrhc.on.ca\\\/fr\\\/joignez-vous-a-notre-equipe\\\/carriere\\\/\"]}]},{\"@type\":\"BreadcrumbList\",\"@id\":\"https:\\\/\\\/nbrhc.on.ca\\\/fr\\\/joignez-vous-a-notre-equipe\\\/carriere\\\/#breadcrumb\",\"itemListElement\":[{\"@type\":\"ListItem\",\"position\":1,\"name\":\"Home\",\"item\":\"https:\\\/\\\/nbrhc.on.ca\\\/fr\\\/\"},{\"@type\":\"ListItem\",\"position\":2,\"name\":\"Joignez-vous \u00e0 notre \u00e9quipe\",\"item\":\"https:\\\/\\\/nbrhc.on.ca\\\/fr\\\/joignez-vous-a-notre-equipe\\\/\"},{\"@type\":\"ListItem\",\"position\":3,\"name\":\"Carri\u00e8re\"}]},{\"@type\":\"WebSite\",\"@id\":\"https:\\\/\\\/nbrhc.on.ca\\\/#website\",\"url\":\"https:\\\/\\\/nbrhc.on.ca\\\/\",\"name\":\"NBRHC\",\"description\":\"North Bay Regional Health Centre\",\"publisher\":{\"@id\":\"https:\\\/\\\/nbrhc.on.ca\\\/#organization\"},\"potentialAction\":[{\"@type\":\"SearchAction\",\"target\":{\"@type\":\"EntryPoint\",\"urlTemplate\":\"https:\\\/\\\/nbrhc.on.ca\\\/?s={search_term_string}\"},\"query-input\":{\"@type\":\"PropertyValueSpecification\",\"valueRequired\":true,\"valueName\":\"search_term_string\"}}],\"inLanguage\":\"fr-FR\"},{\"@type\":\"Organization\",\"@id\":\"https:\\\/\\\/nbrhc.on.ca\\\/#organization\",\"name\":\"North Bay Regional Health Centre\",\"url\":\"https:\\\/\\\/nbrhc.on.ca\\\/\",\"logo\":{\"@type\":\"ImageObject\",\"inLanguage\":\"fr-FR\",\"@id\":\"https:\\\/\\\/nbrhc.on.ca\\\/#\\\/schema\\\/logo\\\/image\\\/\",\"url\":\"https:\\\/\\\/nbrhc.on.ca\\\/wp-content\\\/uploads\\\/2015\\\/07\\\/logo.jpg\",\"contentUrl\":\"https:\\\/\\\/nbrhc.on.ca\\\/wp-content\\\/uploads\\\/2015\\\/07\\\/logo.jpg\",\"width\":870,\"height\":128,\"caption\":\"North Bay Regional Health Centre\"},\"image\":{\"@id\":\"https:\\\/\\\/nbrhc.on.ca\\\/#\\\/schema\\\/logo\\\/image\\\/\"},\"sameAs\":[\"https:\\\/\\\/www.facebook.com\\\/nbrhc\",\"https:\\\/\\\/x.com\\\/NBRHC\",\"https:\\\/\\\/www.linkedin.com\\\/company\\\/north-bay-regional-health-centre-nbrhc\",\"https:\\\/\\\/www.pinterest.com\\\/nbrhc\",\"https:\\\/\\\/www.youtube.com\\\/TheNBRHC\"]}]}<\/script>\n<!-- \/ Yoast SEO plugin. -->","yoast_head_json":{"title":"Emplois - Carri\u00e8re","description":"Souhaitez-vous vous joindre \u00e0 l'\u00e9quipe du Centre r\u00e9gional de sant\u00e9 de North Bay? Jetez un \u0153il aux opportunit\u00e9s exceptionnelles qui vous attendent.","robots":{"index":"index","follow":"follow","max-snippet":"max-snippet:-1","max-image-preview":"max-image-preview:large","max-video-preview":"max-video-preview:-1"},"canonical":"https:\/\/nbrhc.on.ca\/fr\/joignez-vous-a-notre-equipe\/carriere\/","og_locale":"fr_FR","og_type":"article","og_title":"Emplois - Carri\u00e8re","og_description":"Souhaitez-vous vous joindre \u00e0 l'\u00e9quipe du Centre r\u00e9gional de sant\u00e9 de North Bay? Jetez un \u0153il aux opportunit\u00e9s exceptionnelles qui vous attendent.","og_url":"https:\/\/nbrhc.on.ca\/fr\/joignez-vous-a-notre-equipe\/carriere\/","og_site_name":"NBRHC","article_publisher":"https:\/\/www.facebook.com\/nbrhc","article_modified_time":"2026-03-31T12:13:12+00:00","og_image":[{"width":619,"height":619,"url":"https:\/\/nbrhc.on.ca\/wp-content\/uploads\/2015\/07\/icon_col.jpeg","type":"image\/jpeg"}],"twitter_misc":{"Dur\u00e9e de lecture estim\u00e9e":"2 minutes"},"schema":{"@context":"https:\/\/schema.org","@graph":[{"@type":"WebPage","@id":"https:\/\/nbrhc.on.ca\/fr\/joignez-vous-a-notre-equipe\/carriere\/","url":"https:\/\/nbrhc.on.ca\/fr\/joignez-vous-a-notre-equipe\/carriere\/","name":"Emplois - Carri\u00e8re","isPartOf":{"@id":"https:\/\/nbrhc.on.ca\/#website"},"datePublished":"2014-04-15T16:16:45+00:00","dateModified":"2026-03-31T12:13:12+00:00","description":"Souhaitez-vous vous joindre \u00e0 l'\u00e9quipe du Centre r\u00e9gional de sant\u00e9 de North Bay? Jetez un \u0153il aux opportunit\u00e9s exceptionnelles qui vous attendent.","breadcrumb":{"@id":"https:\/\/nbrhc.on.ca\/fr\/joignez-vous-a-notre-equipe\/carriere\/#breadcrumb"},"inLanguage":"fr-FR","potentialAction":[{"@type":"ReadAction","target":["https:\/\/nbrhc.on.ca\/fr\/joignez-vous-a-notre-equipe\/carriere\/"]}]},{"@type":"BreadcrumbList","@id":"https:\/\/nbrhc.on.ca\/fr\/joignez-vous-a-notre-equipe\/carriere\/#breadcrumb","itemListElement":[{"@type":"ListItem","position":1,"name":"Home","item":"https:\/\/nbrhc.on.ca\/fr\/"},{"@type":"ListItem","position":2,"name":"Joignez-vous \u00e0 notre \u00e9quipe","item":"https:\/\/nbrhc.on.ca\/fr\/joignez-vous-a-notre-equipe\/"},{"@type":"ListItem","position":3,"name":"Carri\u00e8re"}]},{"@type":"WebSite","@id":"https:\/\/nbrhc.on.ca\/#website","url":"https:\/\/nbrhc.on.ca\/","name":"NBRHC","description":"North Bay Regional Health Centre","publisher":{"@id":"https:\/\/nbrhc.on.ca\/#organization"},"potentialAction":[{"@type":"SearchAction","target":{"@type":"EntryPoint","urlTemplate":"https:\/\/nbrhc.on.ca\/?s={search_term_string}"},"query-input":{"@type":"PropertyValueSpecification","valueRequired":true,"valueName":"search_term_string"}}],"inLanguage":"fr-FR"},{"@type":"Organization","@id":"https:\/\/nbrhc.on.ca\/#organization","name":"North Bay Regional Health Centre","url":"https:\/\/nbrhc.on.ca\/","logo":{"@type":"ImageObject","inLanguage":"fr-FR","@id":"https:\/\/nbrhc.on.ca\/#\/schema\/logo\/image\/","url":"https:\/\/nbrhc.on.ca\/wp-content\/uploads\/2015\/07\/logo.jpg","contentUrl":"https:\/\/nbrhc.on.ca\/wp-content\/uploads\/2015\/07\/logo.jpg","width":870,"height":128,"caption":"North Bay Regional Health Centre"},"image":{"@id":"https:\/\/nbrhc.on.ca\/#\/schema\/logo\/image\/"},"sameAs":["https:\/\/www.facebook.com\/nbrhc","https:\/\/x.com\/NBRHC","https:\/\/www.linkedin.com\/company\/north-bay-regional-health-centre-nbrhc","https:\/\/www.pinterest.com\/nbrhc","https:\/\/www.youtube.com\/TheNBRHC"]}]}},"_links":{"self":[{"href":"https:\/\/nbrhc.on.ca\/fr\/wp-json\/wp\/v2\/pages\/2431","targetHints":{"allow":["GET"]}}],"collection":[{"href":"https:\/\/nbrhc.on.ca\/fr\/wp-json\/wp\/v2\/pages"}],"about":[{"href":"https:\/\/nbrhc.on.ca\/fr\/wp-json\/wp\/v2\/types\/page"}],"author":[{"embeddable":true,"href":"https:\/\/nbrhc.on.ca\/fr\/wp-json\/wp\/v2\/users\/17"}],"replies":[{"embeddable":true,"href":"https:\/\/nbrhc.on.ca\/fr\/wp-json\/wp\/v2\/comments?post=2431"}],"version-history":[{"count":3,"href":"https:\/\/nbrhc.on.ca\/fr\/wp-json\/wp\/v2\/pages\/2431\/revisions"}],"predecessor-version":[{"id":47315,"href":"https:\/\/nbrhc.on.ca\/fr\/wp-json\/wp\/v2\/pages\/2431\/revisions\/47315"}],"up":[{"embeddable":true,"href":"https:\/\/nbrhc.on.ca\/fr\/wp-json\/wp\/v2\/pages\/2421"}],"wp:attachment":[{"href":"https:\/\/nbrhc.on.ca\/fr\/wp-json\/wp\/v2\/media?parent=2431"}],"wp:term":[{"taxonomy":"post_tag","embeddable":true,"href":"https:\/\/nbrhc.on.ca\/fr\/wp-json\/wp\/v2\/tags?post=2431"}],"curies":[{"name":"wp","href":"https:\/\/api.w.org\/{rel}","templated":true}]}}