{"id":2433,"date":"2014-04-15T12:18:58","date_gmt":"2014-04-15T16:18:58","guid":{"rendered":"http:\/\/www.nbrhc.on.ca\/?page_id=2433"},"modified":"2025-11-07T09:07:28","modified_gmt":"2025-11-07T14:07:28","slug":"benevoles","status":"publish","type":"page","link":"https:\/\/nbrhc.on.ca\/fr\/joignez-vous-a-notre-equipe\/benevoles\/","title":{"rendered":"Les b\u00e9n\u00e9voles"},"content":{"rendered":"<h2>Devenir b\u00e9n\u00e9vole au Centre r\u00e9gional de sant\u00e9 de North Bay<\/h2>\n<p>Nous vous remercions de l\u2019int\u00e9r\u00eat que vous manifestez \u00e0 l\u2019\u00e9gard du programme de b\u00e9n\u00e9volat! Au Centre r\u00e9gional de sant\u00e9 de North Bay, les b\u00e9n\u00e9voles sont des membres estim\u00e9s de notre \u00e9quipe.<\/p>\n<p>Nos b\u00e9n\u00e9voles font une diff\u00e9rence en offrant des services suppl\u00e9mentaires qui soutiennent nos activit\u00e9s, am\u00e9liorent les soins offerts aux patients ainsi que leur confort, et cr\u00e9ent une ambiance accueillante dans notre \u00e9tablissement de soins de sant\u00e9.<\/p>\n<p>En tant que b\u00e9n\u00e9vole, vous aurez l\u2019occasion de rencontrer des gens, d\u2019accro\u00eetre vos comp\u00e9tences, d\u2019explorer vos champs d\u2019int\u00e9r\u00eat et d\u2019acqu\u00e9rir de l\u2019exp\u00e9rience dans un milieu de soins de sant\u00e9. Par-dessus tout, vos contributions en tant que b\u00e9n\u00e9vole auront une incidence significative sur la vie de nos patients et de leur famille.<\/p>\n<p>Qu\u2019il s\u2019agisse de travailler directement aupr\u00e8s des patients ou d\u2019aider \u00e0 la collecte de fonds qui contribue au financement de l\u2019h\u00f4pital, nous offrons diverses possibilit\u00e9s aux personnes qui veulent faire une diff\u00e9rence par leur b\u00e9n\u00e9volat. Veuillez consulter la liste de <a href=\"https:\/\/nbrhc.on.ca\/wp-content\/uploads\/2025\/11\/VolunteerFAQ_Opp_25_FR_OPP.pdf\" target=\"_blank\" rel=\"noopener\"><strong><u>Postes de b\u00e9n\u00e9voles<\/u><\/strong><\/a> pour avoir plus d\u2019information sur les postes de b\u00e9n\u00e9voles au CRSNB.<\/p>\n<h3>Faire une demande pour devenir b\u00e9n\u00e9vole<\/h3>\n<p>Avant de faire une demande, veuillez prendre connaissance des exigences et des attentes li\u00e9es au b\u00e9n\u00e9volat pr\u00e9sent\u00e9es dans le document <a href=\"https:\/\/nbrhc.on.ca\/wp-content\/uploads\/2025\/11\/VolunteerFAQ_Opp_25_FR_FAQ.pdf\" target=\"_blank\" rel=\"noopener\"><strong><u>Foire aux questions<\/u><\/strong><\/a>.<\/p>\n<p>Si vous souhaitez faire partie de l\u2019\u00e9quipe de b\u00e9n\u00e9voles, veuillez remettre votre <a href=\"https:\/\/nbrhc.on.ca\/wp-content\/uploads\/2025\/06\/Devenir-benevole-Trousse-de-demande-de-benevolat-2025.pdf\" target=\"_blank\" rel=\"noopener\"><strong><u>Dossier de demande<\/u><\/strong><\/a> rempli au Service de b\u00e9n\u00e9volat.<\/p>\n<p>Nous tentons d\u2019accepter autant de candidats que possible; cependant, \u00e9tant donn\u00e9 le nombre de demandes que nous recevons, nous ne sommes pas en mesure d\u2019assurer un placement \u00e0 tous ceux qui en font la demande. Nous communiquerons seulement avec les candidats qui seront convoqu\u00e9s \u00e0 une entrevue.<\/p>\n","protected":false},"excerpt":{"rendered":"<p>Nos b\u00e9n\u00e9voles font une diff\u00e9rence en offrant des services suppl\u00e9mentaires qui soutiennent nos activit\u00e9s, am\u00e9liorent les soins offerts aux patients ainsi que leur confort, et cr\u00e9ent une ambiance accueillante dans notre \u00e9tablissement de soins de sant\u00e9.<\/p>\n","protected":false},"author":17,"featured_media":0,"parent":2421,"menu_order":2,"comment_status":"open","ping_status":"open","template":"","meta":{"_acf_changed":false,"_monsterinsights_skip_tracking":false,"_monsterinsights_sitenote_active":false,"_monsterinsights_sitenote_note":"","_monsterinsights_sitenote_category":0,"footnotes":"","_links_to":"","_links_to_target":"","_wp_rev_ctl_limit":""},"tags":[486,487,484,485,488],"class_list":["post-2433","page","type-page","status-publish","hentry","tag-benevole","tag-benevoles","tag-le-benevolat","tag-les-benevoles","tag-opportunite-de-benevole"],"acf":[],"yoast_head":"<!-- This site is optimized with the Yoast SEO plugin v27.4 - https:\/\/yoast.com\/product\/yoast-seo-wordpress\/ -->\n<title>Les b\u00e9n\u00e9voles<\/title>\n<meta name=\"description\" content=\"Les b\u00e9n\u00e9voles fournissent des services suppl\u00e9mentaires qui soutiennent nos op\u00e9rations, am\u00e9liorent les soins et le confort des patients et cr\u00e9ent une atmosph\u00e8re accueillante\" \/>\n<meta name=\"robots\" content=\"index, follow, max-snippet:-1, max-image-preview:large, max-video-preview:-1\" \/>\n<link rel=\"canonical\" href=\"https:\/\/nbrhc.on.ca\/fr\/joignez-vous-a-notre-equipe\/benevoles\/\" \/>\n<meta property=\"og:locale\" content=\"fr_FR\" \/>\n<meta property=\"og:type\" content=\"article\" \/>\n<meta property=\"og:title\" content=\"Les b\u00e9n\u00e9voles\" \/>\n<meta property=\"og:description\" content=\"Les b\u00e9n\u00e9voles fournissent des services suppl\u00e9mentaires qui soutiennent nos op\u00e9rations, am\u00e9liorent les soins et le confort des patients et cr\u00e9ent une atmosph\u00e8re accueillante\" \/>\n<meta property=\"og:url\" content=\"https:\/\/nbrhc.on.ca\/fr\/joignez-vous-a-notre-equipe\/benevoles\/\" \/>\n<meta property=\"og:site_name\" content=\"NBRHC\" \/>\n<meta property=\"article:publisher\" content=\"https:\/\/www.facebook.com\/nbrhc\" \/>\n<meta property=\"article:modified_time\" content=\"2025-11-07T14:07:28+00:00\" \/>\n<meta property=\"og:image\" content=\"https:\/\/nbrhc.on.ca\/wp-content\/uploads\/2015\/07\/icon_col.jpeg\" \/>\n\t<meta property=\"og:image:width\" content=\"619\" \/>\n\t<meta property=\"og:image:height\" content=\"619\" \/>\n\t<meta property=\"og:image:type\" content=\"image\/jpeg\" \/>\n<meta name=\"twitter:label1\" content=\"Dur\u00e9e de lecture estim\u00e9e\" \/>\n\t<meta name=\"twitter:data1\" content=\"2 minutes\" \/>\n<script type=\"application\/ld+json\" class=\"yoast-schema-graph\">{\"@context\":\"https:\\\/\\\/schema.org\",\"@graph\":[{\"@type\":\"WebPage\",\"@id\":\"https:\\\/\\\/nbrhc.on.ca\\\/fr\\\/joignez-vous-a-notre-equipe\\\/benevoles\\\/\",\"url\":\"https:\\\/\\\/nbrhc.on.ca\\\/fr\\\/joignez-vous-a-notre-equipe\\\/benevoles\\\/\",\"name\":\"Les b\u00e9n\u00e9voles\",\"isPartOf\":{\"@id\":\"https:\\\/\\\/nbrhc.on.ca\\\/#website\"},\"datePublished\":\"2014-04-15T16:18:58+00:00\",\"dateModified\":\"2025-11-07T14:07:28+00:00\",\"description\":\"Les b\u00e9n\u00e9voles fournissent des services suppl\u00e9mentaires qui soutiennent nos op\u00e9rations, am\u00e9liorent les soins et le confort des patients et cr\u00e9ent une atmosph\u00e8re accueillante\",\"breadcrumb\":{\"@id\":\"https:\\\/\\\/nbrhc.on.ca\\\/fr\\\/joignez-vous-a-notre-equipe\\\/benevoles\\\/#breadcrumb\"},\"inLanguage\":\"fr-FR\",\"potentialAction\":[{\"@type\":\"ReadAction\",\"target\":[\"https:\\\/\\\/nbrhc.on.ca\\\/fr\\\/joignez-vous-a-notre-equipe\\\/benevoles\\\/\"]}]},{\"@type\":\"BreadcrumbList\",\"@id\":\"https:\\\/\\\/nbrhc.on.ca\\\/fr\\\/joignez-vous-a-notre-equipe\\\/benevoles\\\/#breadcrumb\",\"itemListElement\":[{\"@type\":\"ListItem\",\"position\":1,\"name\":\"Home\",\"item\":\"https:\\\/\\\/nbrhc.on.ca\\\/fr\\\/\"},{\"@type\":\"ListItem\",\"position\":2,\"name\":\"Joignez-vous \u00e0 notre \u00e9quipe\",\"item\":\"https:\\\/\\\/nbrhc.on.ca\\\/fr\\\/joignez-vous-a-notre-equipe\\\/\"},{\"@type\":\"ListItem\",\"position\":3,\"name\":\"Les b\u00e9n\u00e9voles\"}]},{\"@type\":\"WebSite\",\"@id\":\"https:\\\/\\\/nbrhc.on.ca\\\/#website\",\"url\":\"https:\\\/\\\/nbrhc.on.ca\\\/\",\"name\":\"NBRHC\",\"description\":\"North Bay Regional Health Centre\",\"publisher\":{\"@id\":\"https:\\\/\\\/nbrhc.on.ca\\\/#organization\"},\"potentialAction\":[{\"@type\":\"SearchAction\",\"target\":{\"@type\":\"EntryPoint\",\"urlTemplate\":\"https:\\\/\\\/nbrhc.on.ca\\\/?s={search_term_string}\"},\"query-input\":{\"@type\":\"PropertyValueSpecification\",\"valueRequired\":true,\"valueName\":\"search_term_string\"}}],\"inLanguage\":\"fr-FR\"},{\"@type\":\"Organization\",\"@id\":\"https:\\\/\\\/nbrhc.on.ca\\\/#organization\",\"name\":\"North Bay Regional Health Centre\",\"url\":\"https:\\\/\\\/nbrhc.on.ca\\\/\",\"logo\":{\"@type\":\"ImageObject\",\"inLanguage\":\"fr-FR\",\"@id\":\"https:\\\/\\\/nbrhc.on.ca\\\/#\\\/schema\\\/logo\\\/image\\\/\",\"url\":\"https:\\\/\\\/nbrhc.on.ca\\\/wp-content\\\/uploads\\\/2015\\\/07\\\/logo.jpg\",\"contentUrl\":\"https:\\\/\\\/nbrhc.on.ca\\\/wp-content\\\/uploads\\\/2015\\\/07\\\/logo.jpg\",\"width\":870,\"height\":128,\"caption\":\"North Bay Regional Health Centre\"},\"image\":{\"@id\":\"https:\\\/\\\/nbrhc.on.ca\\\/#\\\/schema\\\/logo\\\/image\\\/\"},\"sameAs\":[\"https:\\\/\\\/www.facebook.com\\\/nbrhc\",\"https:\\\/\\\/x.com\\\/NBRHC\",\"https:\\\/\\\/www.linkedin.com\\\/company\\\/north-bay-regional-health-centre-nbrhc\",\"https:\\\/\\\/www.pinterest.com\\\/nbrhc\",\"https:\\\/\\\/www.youtube.com\\\/TheNBRHC\"]}]}<\/script>\n<!-- \/ Yoast SEO plugin. -->","yoast_head_json":{"title":"Les b\u00e9n\u00e9voles","description":"Les b\u00e9n\u00e9voles fournissent des services suppl\u00e9mentaires qui soutiennent nos op\u00e9rations, am\u00e9liorent les soins et le confort des patients et cr\u00e9ent une atmosph\u00e8re accueillante","robots":{"index":"index","follow":"follow","max-snippet":"max-snippet:-1","max-image-preview":"max-image-preview:large","max-video-preview":"max-video-preview:-1"},"canonical":"https:\/\/nbrhc.on.ca\/fr\/joignez-vous-a-notre-equipe\/benevoles\/","og_locale":"fr_FR","og_type":"article","og_title":"Les b\u00e9n\u00e9voles","og_description":"Les b\u00e9n\u00e9voles fournissent des services suppl\u00e9mentaires qui soutiennent nos op\u00e9rations, am\u00e9liorent les soins et le confort des patients et cr\u00e9ent une atmosph\u00e8re accueillante","og_url":"https:\/\/nbrhc.on.ca\/fr\/joignez-vous-a-notre-equipe\/benevoles\/","og_site_name":"NBRHC","article_publisher":"https:\/\/www.facebook.com\/nbrhc","article_modified_time":"2025-11-07T14:07:28+00:00","og_image":[{"width":619,"height":619,"url":"https:\/\/nbrhc.on.ca\/wp-content\/uploads\/2015\/07\/icon_col.jpeg","type":"image\/jpeg"}],"twitter_misc":{"Dur\u00e9e de lecture estim\u00e9e":"2 minutes"},"schema":{"@context":"https:\/\/schema.org","@graph":[{"@type":"WebPage","@id":"https:\/\/nbrhc.on.ca\/fr\/joignez-vous-a-notre-equipe\/benevoles\/","url":"https:\/\/nbrhc.on.ca\/fr\/joignez-vous-a-notre-equipe\/benevoles\/","name":"Les b\u00e9n\u00e9voles","isPartOf":{"@id":"https:\/\/nbrhc.on.ca\/#website"},"datePublished":"2014-04-15T16:18:58+00:00","dateModified":"2025-11-07T14:07:28+00:00","description":"Les b\u00e9n\u00e9voles fournissent des services suppl\u00e9mentaires qui soutiennent nos op\u00e9rations, am\u00e9liorent les soins et le confort des patients et cr\u00e9ent une atmosph\u00e8re accueillante","breadcrumb":{"@id":"https:\/\/nbrhc.on.ca\/fr\/joignez-vous-a-notre-equipe\/benevoles\/#breadcrumb"},"inLanguage":"fr-FR","potentialAction":[{"@type":"ReadAction","target":["https:\/\/nbrhc.on.ca\/fr\/joignez-vous-a-notre-equipe\/benevoles\/"]}]},{"@type":"BreadcrumbList","@id":"https:\/\/nbrhc.on.ca\/fr\/joignez-vous-a-notre-equipe\/benevoles\/#breadcrumb","itemListElement":[{"@type":"ListItem","position":1,"name":"Home","item":"https:\/\/nbrhc.on.ca\/fr\/"},{"@type":"ListItem","position":2,"name":"Joignez-vous \u00e0 notre \u00e9quipe","item":"https:\/\/nbrhc.on.ca\/fr\/joignez-vous-a-notre-equipe\/"},{"@type":"ListItem","position":3,"name":"Les b\u00e9n\u00e9voles"}]},{"@type":"WebSite","@id":"https:\/\/nbrhc.on.ca\/#website","url":"https:\/\/nbrhc.on.ca\/","name":"NBRHC","description":"North Bay Regional Health Centre","publisher":{"@id":"https:\/\/nbrhc.on.ca\/#organization"},"potentialAction":[{"@type":"SearchAction","target":{"@type":"EntryPoint","urlTemplate":"https:\/\/nbrhc.on.ca\/?s={search_term_string}"},"query-input":{"@type":"PropertyValueSpecification","valueRequired":true,"valueName":"search_term_string"}}],"inLanguage":"fr-FR"},{"@type":"Organization","@id":"https:\/\/nbrhc.on.ca\/#organization","name":"North Bay Regional Health Centre","url":"https:\/\/nbrhc.on.ca\/","logo":{"@type":"ImageObject","inLanguage":"fr-FR","@id":"https:\/\/nbrhc.on.ca\/#\/schema\/logo\/image\/","url":"https:\/\/nbrhc.on.ca\/wp-content\/uploads\/2015\/07\/logo.jpg","contentUrl":"https:\/\/nbrhc.on.ca\/wp-content\/uploads\/2015\/07\/logo.jpg","width":870,"height":128,"caption":"North Bay Regional Health Centre"},"image":{"@id":"https:\/\/nbrhc.on.ca\/#\/schema\/logo\/image\/"},"sameAs":["https:\/\/www.facebook.com\/nbrhc","https:\/\/x.com\/NBRHC","https:\/\/www.linkedin.com\/company\/north-bay-regional-health-centre-nbrhc","https:\/\/www.pinterest.com\/nbrhc","https:\/\/www.youtube.com\/TheNBRHC"]}]}},"_links":{"self":[{"href":"https:\/\/nbrhc.on.ca\/fr\/wp-json\/wp\/v2\/pages\/2433","targetHints":{"allow":["GET"]}}],"collection":[{"href":"https:\/\/nbrhc.on.ca\/fr\/wp-json\/wp\/v2\/pages"}],"about":[{"href":"https:\/\/nbrhc.on.ca\/fr\/wp-json\/wp\/v2\/types\/page"}],"author":[{"embeddable":true,"href":"https:\/\/nbrhc.on.ca\/fr\/wp-json\/wp\/v2\/users\/17"}],"replies":[{"embeddable":true,"href":"https:\/\/nbrhc.on.ca\/fr\/wp-json\/wp\/v2\/comments?post=2433"}],"version-history":[{"count":8,"href":"https:\/\/nbrhc.on.ca\/fr\/wp-json\/wp\/v2\/pages\/2433\/revisions"}],"predecessor-version":[{"id":46187,"href":"https:\/\/nbrhc.on.ca\/fr\/wp-json\/wp\/v2\/pages\/2433\/revisions\/46187"}],"up":[{"embeddable":true,"href":"https:\/\/nbrhc.on.ca\/fr\/wp-json\/wp\/v2\/pages\/2421"}],"wp:attachment":[{"href":"https:\/\/nbrhc.on.ca\/fr\/wp-json\/wp\/v2\/media?parent=2433"}],"wp:term":[{"taxonomy":"post_tag","embeddable":true,"href":"https:\/\/nbrhc.on.ca\/fr\/wp-json\/wp\/v2\/tags?post=2433"}],"curies":[{"name":"wp","href":"https:\/\/api.w.org\/{rel}","templated":true}]}}