{"id":2559,"date":"2014-04-16T16:11:58","date_gmt":"2014-04-16T20:11:58","guid":{"rendered":"http:\/\/www.nbrhc.on.ca\/?page_id=2559"},"modified":"2021-10-04T15:23:45","modified_gmt":"2021-10-04T19:23:45","slug":"clinique-de-cystoscopie-patients-externes","status":"publish","type":"page","link":"https:\/\/nbrhc.on.ca\/fr\/programme-et-services\/cliniques-aux-patients-externes\/clinique-de-cystoscopie-patients-externes\/","title":{"rendered":"Clinique de cystoscopie"},"content":{"rendered":"<p>La Clinique de cystoscopie au CRSNB est une clinique de jour; les patients peuvent ainsi retourner chez eux ou au travail imm\u00e9diatement apr\u00e8s leur intervention.<\/p>\n<p>\u00c0 la clinique, on r\u00e9alise des examens \u00e0 l\u2019aide d\u2019un cystoscope. Cet examen de 5 \u00e0 10 minutes permet \u00e0 un urologue de visualiser l\u2019ur\u00e8tre et la vessie au moyen d&rsquo;un cystoscope (tube fin dont le bout est muni d&rsquo;une cam\u00e9ra). L\u2019urologue utilise cet instrument pour examiner l&rsquo;int\u00e9rieur de la vessie. L&rsquo;inconfort est habituellement minime. Avant l\u2019intervention, on enduit l&rsquo;ur\u00e8tre d\u2019un m\u00e9dicament insensibilisant pour r\u00e9duire le malaise caus\u00e9 par le passage du cystoscope dans la vessie.<\/p>\n<p>Les services sont offerts par deux urologues ainsi que du personnel infirmier qualifi\u00e9 ayant suivi une formation sp\u00e9ciale.<\/p>\n<p><strong>Il faut \u00eatre adress\u00e9 \u00e0 la clinique par un m\u00e9decin.<\/strong> Les patients sont pri\u00e9s d\u2019apporter leur carte Sant\u00e9.<\/p>\n<p>&nbsp;<\/p>\n","protected":false},"excerpt":{"rendered":"<p>La Clinique de cystoscopie au CRSNB est une clinique de jour; les patients peuvent ainsi retourner chez eux ou au travail imm\u00e9diatement apr\u00e8s leur intervention. \u00c0 la clinique, on r\u00e9alise [&hellip;]<\/p>\n","protected":false},"author":17,"featured_media":0,"parent":4950,"menu_order":0,"comment_status":"open","ping_status":"open","template":"","meta":{"_acf_changed":false,"_monsterinsights_skip_tracking":false,"_monsterinsights_sitenote_active":false,"_monsterinsights_sitenote_note":"","_monsterinsights_sitenote_category":0,"footnotes":"","_links_to":"","_links_to_target":"","_wp_rev_ctl_limit":""},"tags":[1147,1148],"class_list":["post-2559","page","type-page","status-publish","hentry","tag-clinique-de-cystoscopie","tag-cystoscopie"],"acf":[],"yoast_head":"<!-- This site is optimized with the Yoast SEO plugin v27.3 - https:\/\/yoast.com\/product\/yoast-seo-wordpress\/ -->\n<title>Clinique de cystoscopie<\/title>\n<meta name=\"description\" content=\"La Clinique de cystoscopie du CRSNB est une clinique de jour et les patients peuvent rentrer \u00e0 la maison ou retourner au travail apr\u00e8s leurs interventions\" \/>\n<meta name=\"robots\" content=\"index, follow, max-snippet:-1, max-image-preview:large, max-video-preview:-1\" \/>\n<link rel=\"canonical\" href=\"https:\/\/nbrhc.on.ca\/fr\/programme-et-services\/cliniques-aux-patients-externes\/clinique-de-cystoscopie-patients-externes\/\" \/>\n<meta property=\"og:locale\" content=\"fr_FR\" \/>\n<meta property=\"og:type\" content=\"article\" \/>\n<meta property=\"og:title\" content=\"Clinique de cystoscopie\" \/>\n<meta property=\"og:description\" content=\"La Clinique de cystoscopie du CRSNB est une clinique de jour et les patients peuvent rentrer \u00e0 la maison ou retourner au travail apr\u00e8s leurs interventions\" \/>\n<meta property=\"og:url\" content=\"https:\/\/nbrhc.on.ca\/fr\/programme-et-services\/cliniques-aux-patients-externes\/clinique-de-cystoscopie-patients-externes\/\" \/>\n<meta property=\"og:site_name\" content=\"NBRHC\" \/>\n<meta property=\"article:publisher\" content=\"https:\/\/www.facebook.com\/nbrhc\" \/>\n<meta property=\"article:modified_time\" content=\"2021-10-04T19:23:45+00:00\" \/>\n<meta property=\"og:image\" content=\"https:\/\/nbrhc.on.ca\/wp-content\/uploads\/2015\/07\/icon_col.jpeg\" \/>\n\t<meta property=\"og:image:width\" content=\"619\" \/>\n\t<meta property=\"og:image:height\" content=\"619\" \/>\n\t<meta property=\"og:image:type\" content=\"image\/jpeg\" \/>\n<meta name=\"twitter:label1\" content=\"Dur\u00e9e de lecture estim\u00e9e\" \/>\n\t<meta name=\"twitter:data1\" content=\"1 minute\" \/>\n<script type=\"application\/ld+json\" class=\"yoast-schema-graph\">{\"@context\":\"https:\\\/\\\/schema.org\",\"@graph\":[{\"@type\":\"WebPage\",\"@id\":\"https:\\\/\\\/nbrhc.on.ca\\\/fr\\\/programme-et-services\\\/cliniques-aux-patients-externes\\\/clinique-de-cystoscopie-patients-externes\\\/\",\"url\":\"https:\\\/\\\/nbrhc.on.ca\\\/fr\\\/programme-et-services\\\/cliniques-aux-patients-externes\\\/clinique-de-cystoscopie-patients-externes\\\/\",\"name\":\"Clinique de cystoscopie\",\"isPartOf\":{\"@id\":\"https:\\\/\\\/nbrhc.on.ca\\\/#website\"},\"datePublished\":\"2014-04-16T20:11:58+00:00\",\"dateModified\":\"2021-10-04T19:23:45+00:00\",\"description\":\"La Clinique de cystoscopie du CRSNB est une clinique de jour et les patients peuvent rentrer \u00e0 la maison ou retourner au travail apr\u00e8s leurs interventions\",\"breadcrumb\":{\"@id\":\"https:\\\/\\\/nbrhc.on.ca\\\/fr\\\/programme-et-services\\\/cliniques-aux-patients-externes\\\/clinique-de-cystoscopie-patients-externes\\\/#breadcrumb\"},\"inLanguage\":\"fr-FR\",\"potentialAction\":[{\"@type\":\"ReadAction\",\"target\":[\"https:\\\/\\\/nbrhc.on.ca\\\/fr\\\/programme-et-services\\\/cliniques-aux-patients-externes\\\/clinique-de-cystoscopie-patients-externes\\\/\"]}]},{\"@type\":\"BreadcrumbList\",\"@id\":\"https:\\\/\\\/nbrhc.on.ca\\\/fr\\\/programme-et-services\\\/cliniques-aux-patients-externes\\\/clinique-de-cystoscopie-patients-externes\\\/#breadcrumb\",\"itemListElement\":[{\"@type\":\"ListItem\",\"position\":1,\"name\":\"Home\",\"item\":\"https:\\\/\\\/nbrhc.on.ca\\\/fr\\\/\"},{\"@type\":\"ListItem\",\"position\":2,\"name\":\"Programmes et services\",\"item\":\"https:\\\/\\\/nbrhc.on.ca\\\/fr\\\/programme-et-services\\\/\"},{\"@type\":\"ListItem\",\"position\":3,\"name\":\"Cliniques aux patients externes\",\"item\":\"https:\\\/\\\/nbrhc.on.ca\\\/fr\\\/programme-et-services\\\/cliniques-aux-patients-externes\\\/\"},{\"@type\":\"ListItem\",\"position\":4,\"name\":\"Clinique de cystoscopie\"}]},{\"@type\":\"WebSite\",\"@id\":\"https:\\\/\\\/nbrhc.on.ca\\\/#website\",\"url\":\"https:\\\/\\\/nbrhc.on.ca\\\/\",\"name\":\"NBRHC\",\"description\":\"North Bay Regional Health Centre\",\"publisher\":{\"@id\":\"https:\\\/\\\/nbrhc.on.ca\\\/#organization\"},\"potentialAction\":[{\"@type\":\"SearchAction\",\"target\":{\"@type\":\"EntryPoint\",\"urlTemplate\":\"https:\\\/\\\/nbrhc.on.ca\\\/?s={search_term_string}\"},\"query-input\":{\"@type\":\"PropertyValueSpecification\",\"valueRequired\":true,\"valueName\":\"search_term_string\"}}],\"inLanguage\":\"fr-FR\"},{\"@type\":\"Organization\",\"@id\":\"https:\\\/\\\/nbrhc.on.ca\\\/#organization\",\"name\":\"North Bay Regional Health Centre\",\"url\":\"https:\\\/\\\/nbrhc.on.ca\\\/\",\"logo\":{\"@type\":\"ImageObject\",\"inLanguage\":\"fr-FR\",\"@id\":\"https:\\\/\\\/nbrhc.on.ca\\\/#\\\/schema\\\/logo\\\/image\\\/\",\"url\":\"https:\\\/\\\/nbrhc.on.ca\\\/wp-content\\\/uploads\\\/2015\\\/07\\\/logo.jpg\",\"contentUrl\":\"https:\\\/\\\/nbrhc.on.ca\\\/wp-content\\\/uploads\\\/2015\\\/07\\\/logo.jpg\",\"width\":870,\"height\":128,\"caption\":\"North Bay Regional Health Centre\"},\"image\":{\"@id\":\"https:\\\/\\\/nbrhc.on.ca\\\/#\\\/schema\\\/logo\\\/image\\\/\"},\"sameAs\":[\"https:\\\/\\\/www.facebook.com\\\/nbrhc\",\"https:\\\/\\\/x.com\\\/NBRHC\",\"https:\\\/\\\/www.linkedin.com\\\/company\\\/north-bay-regional-health-centre-nbrhc\",\"https:\\\/\\\/www.pinterest.com\\\/nbrhc\",\"https:\\\/\\\/www.youtube.com\\\/TheNBRHC\"]}]}<\/script>\n<!-- \/ Yoast SEO plugin. -->","yoast_head_json":{"title":"Clinique de cystoscopie","description":"La Clinique de cystoscopie du CRSNB est une clinique de jour et les patients peuvent rentrer \u00e0 la maison ou retourner au travail apr\u00e8s leurs interventions","robots":{"index":"index","follow":"follow","max-snippet":"max-snippet:-1","max-image-preview":"max-image-preview:large","max-video-preview":"max-video-preview:-1"},"canonical":"https:\/\/nbrhc.on.ca\/fr\/programme-et-services\/cliniques-aux-patients-externes\/clinique-de-cystoscopie-patients-externes\/","og_locale":"fr_FR","og_type":"article","og_title":"Clinique de cystoscopie","og_description":"La Clinique de cystoscopie du CRSNB est une clinique de jour et les patients peuvent rentrer \u00e0 la maison ou retourner au travail apr\u00e8s leurs interventions","og_url":"https:\/\/nbrhc.on.ca\/fr\/programme-et-services\/cliniques-aux-patients-externes\/clinique-de-cystoscopie-patients-externes\/","og_site_name":"NBRHC","article_publisher":"https:\/\/www.facebook.com\/nbrhc","article_modified_time":"2021-10-04T19:23:45+00:00","og_image":[{"width":619,"height":619,"url":"https:\/\/nbrhc.on.ca\/wp-content\/uploads\/2015\/07\/icon_col.jpeg","type":"image\/jpeg"}],"twitter_misc":{"Dur\u00e9e de lecture estim\u00e9e":"1 minute"},"schema":{"@context":"https:\/\/schema.org","@graph":[{"@type":"WebPage","@id":"https:\/\/nbrhc.on.ca\/fr\/programme-et-services\/cliniques-aux-patients-externes\/clinique-de-cystoscopie-patients-externes\/","url":"https:\/\/nbrhc.on.ca\/fr\/programme-et-services\/cliniques-aux-patients-externes\/clinique-de-cystoscopie-patients-externes\/","name":"Clinique de cystoscopie","isPartOf":{"@id":"https:\/\/nbrhc.on.ca\/#website"},"datePublished":"2014-04-16T20:11:58+00:00","dateModified":"2021-10-04T19:23:45+00:00","description":"La Clinique de cystoscopie du CRSNB est une clinique de jour et les patients peuvent rentrer \u00e0 la maison ou retourner au travail apr\u00e8s leurs interventions","breadcrumb":{"@id":"https:\/\/nbrhc.on.ca\/fr\/programme-et-services\/cliniques-aux-patients-externes\/clinique-de-cystoscopie-patients-externes\/#breadcrumb"},"inLanguage":"fr-FR","potentialAction":[{"@type":"ReadAction","target":["https:\/\/nbrhc.on.ca\/fr\/programme-et-services\/cliniques-aux-patients-externes\/clinique-de-cystoscopie-patients-externes\/"]}]},{"@type":"BreadcrumbList","@id":"https:\/\/nbrhc.on.ca\/fr\/programme-et-services\/cliniques-aux-patients-externes\/clinique-de-cystoscopie-patients-externes\/#breadcrumb","itemListElement":[{"@type":"ListItem","position":1,"name":"Home","item":"https:\/\/nbrhc.on.ca\/fr\/"},{"@type":"ListItem","position":2,"name":"Programmes et services","item":"https:\/\/nbrhc.on.ca\/fr\/programme-et-services\/"},{"@type":"ListItem","position":3,"name":"Cliniques aux patients externes","item":"https:\/\/nbrhc.on.ca\/fr\/programme-et-services\/cliniques-aux-patients-externes\/"},{"@type":"ListItem","position":4,"name":"Clinique de cystoscopie"}]},{"@type":"WebSite","@id":"https:\/\/nbrhc.on.ca\/#website","url":"https:\/\/nbrhc.on.ca\/","name":"NBRHC","description":"North Bay Regional Health Centre","publisher":{"@id":"https:\/\/nbrhc.on.ca\/#organization"},"potentialAction":[{"@type":"SearchAction","target":{"@type":"EntryPoint","urlTemplate":"https:\/\/nbrhc.on.ca\/?s={search_term_string}"},"query-input":{"@type":"PropertyValueSpecification","valueRequired":true,"valueName":"search_term_string"}}],"inLanguage":"fr-FR"},{"@type":"Organization","@id":"https:\/\/nbrhc.on.ca\/#organization","name":"North Bay Regional Health Centre","url":"https:\/\/nbrhc.on.ca\/","logo":{"@type":"ImageObject","inLanguage":"fr-FR","@id":"https:\/\/nbrhc.on.ca\/#\/schema\/logo\/image\/","url":"https:\/\/nbrhc.on.ca\/wp-content\/uploads\/2015\/07\/logo.jpg","contentUrl":"https:\/\/nbrhc.on.ca\/wp-content\/uploads\/2015\/07\/logo.jpg","width":870,"height":128,"caption":"North Bay Regional Health Centre"},"image":{"@id":"https:\/\/nbrhc.on.ca\/#\/schema\/logo\/image\/"},"sameAs":["https:\/\/www.facebook.com\/nbrhc","https:\/\/x.com\/NBRHC","https:\/\/www.linkedin.com\/company\/north-bay-regional-health-centre-nbrhc","https:\/\/www.pinterest.com\/nbrhc","https:\/\/www.youtube.com\/TheNBRHC"]}]}},"_links":{"self":[{"href":"https:\/\/nbrhc.on.ca\/fr\/wp-json\/wp\/v2\/pages\/2559","targetHints":{"allow":["GET"]}}],"collection":[{"href":"https:\/\/nbrhc.on.ca\/fr\/wp-json\/wp\/v2\/pages"}],"about":[{"href":"https:\/\/nbrhc.on.ca\/fr\/wp-json\/wp\/v2\/types\/page"}],"author":[{"embeddable":true,"href":"https:\/\/nbrhc.on.ca\/fr\/wp-json\/wp\/v2\/users\/17"}],"replies":[{"embeddable":true,"href":"https:\/\/nbrhc.on.ca\/fr\/wp-json\/wp\/v2\/comments?post=2559"}],"version-history":[{"count":1,"href":"https:\/\/nbrhc.on.ca\/fr\/wp-json\/wp\/v2\/pages\/2559\/revisions"}],"predecessor-version":[{"id":27722,"href":"https:\/\/nbrhc.on.ca\/fr\/wp-json\/wp\/v2\/pages\/2559\/revisions\/27722"}],"up":[{"embeddable":true,"href":"https:\/\/nbrhc.on.ca\/fr\/wp-json\/wp\/v2\/pages\/4950"}],"wp:attachment":[{"href":"https:\/\/nbrhc.on.ca\/fr\/wp-json\/wp\/v2\/media?parent=2559"}],"wp:term":[{"taxonomy":"post_tag","embeddable":true,"href":"https:\/\/nbrhc.on.ca\/fr\/wp-json\/wp\/v2\/tags?post=2559"}],"curies":[{"name":"wp","href":"https:\/\/api.w.org\/{rel}","templated":true}]}}