{"id":2575,"date":"2014-04-24T09:09:51","date_gmt":"2014-04-24T13:09:51","guid":{"rendered":"http:\/\/www.nbrhc.on.ca\/?page_id=2575"},"modified":"2023-07-31T12:16:38","modified_gmt":"2023-07-31T16:16:38","slug":"clinique-dendoscopie","status":"publish","type":"page","link":"https:\/\/nbrhc.on.ca\/fr\/programme-et-services\/cliniques-aux-patients-externes\/clinique-dendoscopie\/","title":{"rendered":"Clinique d\u2019endoscopie"},"content":{"rendered":"<p>La Clinique d\u2019endoscopie fournit une vaste gamme d\u2019interventions endoscopiques aux patients. Ces interventions sont r\u00e9alis\u00e9es par des gastroent\u00e9rologues ou chirurgiens, avec l\u2019aide d&rsquo;une infirmi\u00e8re ayant re\u00e7u une formation sp\u00e9ciale. Au moyen d\u2019un endoscope (un tube) ins\u00e9r\u00e9 dans la bouche ou le rectum du patient, le m\u00e9decin peut examiner l&rsquo;intestin, l&rsquo;oesophage ou l&rsquo;estomac, ce qui permet de poser un diagnostic ou de fournir un traitement.<\/p>\n<p>Avant d\u2019\u00eatre mis en cong\u00e9, le patient peut devoir passer une br\u00e8ve p\u00e9riode de r\u00e9tablissement au <a title=\"Chirurgies d\u2019un jour (patients externes)\" href=\"\/fr\/programme-et-services\/cliniques-aux-patients-externes\/clinique-chirurgicale\/\">Clinique chirurgicale<\/a>.<\/p>\n<p><strong>Un ami ou un membre de la famille doit vous accompagner \u00e0 la maison \u00e9tant donn\u00e9 qu\u2019on vous aura donn\u00e9 un s\u00e9datif.<\/strong><\/p>\n<p>Puisqu&rsquo;il s&rsquo;agit d&rsquo;une clinique de jour, les patients peuvent rentrer chez eux apr\u00e8s l&rsquo;intervention.<\/p>\n<p>On effectue les interventions suivantes \u00e0 la clinique <em>(il se peut \u00e9galement qu\u2019une biopsie soit r\u00e9alis\u00e9e pendant l\u2019intervention)<\/em>\u00a0:<\/p>\n<ul>\n<li>gastroscopie (examen de l&rsquo;estomac),<\/li>\n<li>coloscopie (examen du gros intestin)<\/li>\n<li>dilatation de l&rsquo;oesophage,<\/li>\n<li>cerclage des varices,<\/li>\n<li>enl\u00e8vement de corps \u00e9trangers;<\/li>\n<li>ablation de polypes,<\/li>\n<li>tatouage des tumeurs,<\/li>\n<li>insertion d&rsquo;une sonde dans le cadre d&rsquo;une gastrostomie endoscopique percutan\u00e9e ou d&rsquo;une cholangio-pancr\u00e9atographie r\u00e9trograde endoscopique (CPRE).<\/li>\n<\/ul>\n<p><strong>Il faut \u00eatre adress\u00e9 \u00e0 la clinique par un m\u00e9decin<\/strong>. Les patients sont pri\u00e9s d\u2019apporter leur carte Sant\u00e9.<\/p>\n","protected":false},"excerpt":{"rendered":"<p>La Clinique d\u2019endoscopie fournit une vaste gamme d\u2019interventions endoscopiques aux patients. Ces interventions sont r\u00e9alis\u00e9es par des gastroent\u00e9rologues ou chirurgiens, avec l\u2019aide d&rsquo;une infirmi\u00e8re ayant re\u00e7u une formation sp\u00e9ciale. Au [&hellip;]<\/p>\n","protected":false},"author":17,"featured_media":0,"parent":4950,"menu_order":0,"comment_status":"open","ping_status":"open","template":"","meta":{"_acf_changed":false,"_monsterinsights_skip_tracking":false,"_monsterinsights_sitenote_active":false,"_monsterinsights_sitenote_note":"","_monsterinsights_sitenote_category":0,"footnotes":"","_links_to":"","_links_to_target":"","_wp_rev_ctl_limit":""},"tags":[1163,1157,1162,1160,1158,1159,1161],"class_list":["post-2575","page","type-page","status-publish","hentry","tag-ablation-de-polypes","tag-clinique-dendoscopie","tag-coloscopie","tag-endo-fr","tag-endoscopie","tag-gastro-fr","tag-gastroscopie"],"acf":[],"yoast_head":"<!-- This site is optimized with the Yoast SEO plugin v27.4 - https:\/\/yoast.com\/product\/yoast-seo-wordpress\/ -->\n<title>Clinique d\u2019endoscopie<\/title>\n<meta name=\"description\" content=\"Les patients n\u00e9cessitant un large \u00e9ventail d&#039;interventions endoscopiques sont vus \u00e0 la clinique d&#039;endoscopie du Centre r\u00e9gional de sant\u00e9 de North Bay\" \/>\n<meta name=\"robots\" content=\"index, follow, max-snippet:-1, max-image-preview:large, max-video-preview:-1\" \/>\n<link rel=\"canonical\" href=\"https:\/\/nbrhc.on.ca\/fr\/programme-et-services\/cliniques-aux-patients-externes\/clinique-dendoscopie\/\" \/>\n<meta property=\"og:locale\" content=\"fr_FR\" \/>\n<meta property=\"og:type\" content=\"article\" \/>\n<meta property=\"og:title\" content=\"Clinique d\u2019endoscopie\" \/>\n<meta property=\"og:description\" content=\"Les patients n\u00e9cessitant un large \u00e9ventail d&#039;interventions endoscopiques sont vus \u00e0 la clinique d&#039;endoscopie du Centre r\u00e9gional de sant\u00e9 de North Bay\" \/>\n<meta property=\"og:url\" content=\"https:\/\/nbrhc.on.ca\/fr\/programme-et-services\/cliniques-aux-patients-externes\/clinique-dendoscopie\/\" \/>\n<meta property=\"og:site_name\" content=\"NBRHC\" \/>\n<meta property=\"article:publisher\" content=\"https:\/\/www.facebook.com\/nbrhc\" \/>\n<meta property=\"article:modified_time\" content=\"2023-07-31T16:16:38+00:00\" \/>\n<meta property=\"og:image\" content=\"https:\/\/nbrhc.on.ca\/wp-content\/uploads\/2015\/07\/icon_col.jpeg\" \/>\n\t<meta property=\"og:image:width\" content=\"619\" \/>\n\t<meta property=\"og:image:height\" content=\"619\" \/>\n\t<meta property=\"og:image:type\" content=\"image\/jpeg\" \/>\n<meta name=\"twitter:label1\" content=\"Dur\u00e9e de lecture estim\u00e9e\" \/>\n\t<meta name=\"twitter:data1\" content=\"1 minute\" \/>\n<script type=\"application\/ld+json\" class=\"yoast-schema-graph\">{\"@context\":\"https:\\\/\\\/schema.org\",\"@graph\":[{\"@type\":\"WebPage\",\"@id\":\"https:\\\/\\\/nbrhc.on.ca\\\/fr\\\/programme-et-services\\\/cliniques-aux-patients-externes\\\/clinique-dendoscopie\\\/\",\"url\":\"https:\\\/\\\/nbrhc.on.ca\\\/fr\\\/programme-et-services\\\/cliniques-aux-patients-externes\\\/clinique-dendoscopie\\\/\",\"name\":\"Clinique d\u2019endoscopie\",\"isPartOf\":{\"@id\":\"https:\\\/\\\/nbrhc.on.ca\\\/#website\"},\"datePublished\":\"2014-04-24T13:09:51+00:00\",\"dateModified\":\"2023-07-31T16:16:38+00:00\",\"description\":\"Les patients n\u00e9cessitant un large \u00e9ventail d'interventions endoscopiques sont vus \u00e0 la clinique d'endoscopie du Centre r\u00e9gional de sant\u00e9 de North Bay\",\"breadcrumb\":{\"@id\":\"https:\\\/\\\/nbrhc.on.ca\\\/fr\\\/programme-et-services\\\/cliniques-aux-patients-externes\\\/clinique-dendoscopie\\\/#breadcrumb\"},\"inLanguage\":\"fr-FR\",\"potentialAction\":[{\"@type\":\"ReadAction\",\"target\":[\"https:\\\/\\\/nbrhc.on.ca\\\/fr\\\/programme-et-services\\\/cliniques-aux-patients-externes\\\/clinique-dendoscopie\\\/\"]}]},{\"@type\":\"BreadcrumbList\",\"@id\":\"https:\\\/\\\/nbrhc.on.ca\\\/fr\\\/programme-et-services\\\/cliniques-aux-patients-externes\\\/clinique-dendoscopie\\\/#breadcrumb\",\"itemListElement\":[{\"@type\":\"ListItem\",\"position\":1,\"name\":\"Home\",\"item\":\"https:\\\/\\\/nbrhc.on.ca\\\/fr\\\/\"},{\"@type\":\"ListItem\",\"position\":2,\"name\":\"Programmes et services\",\"item\":\"https:\\\/\\\/nbrhc.on.ca\\\/fr\\\/programme-et-services\\\/\"},{\"@type\":\"ListItem\",\"position\":3,\"name\":\"Cliniques aux patients externes\",\"item\":\"https:\\\/\\\/nbrhc.on.ca\\\/fr\\\/programme-et-services\\\/cliniques-aux-patients-externes\\\/\"},{\"@type\":\"ListItem\",\"position\":4,\"name\":\"Clinique d\u2019endoscopie\"}]},{\"@type\":\"WebSite\",\"@id\":\"https:\\\/\\\/nbrhc.on.ca\\\/#website\",\"url\":\"https:\\\/\\\/nbrhc.on.ca\\\/\",\"name\":\"NBRHC\",\"description\":\"North Bay Regional Health Centre\",\"publisher\":{\"@id\":\"https:\\\/\\\/nbrhc.on.ca\\\/#organization\"},\"potentialAction\":[{\"@type\":\"SearchAction\",\"target\":{\"@type\":\"EntryPoint\",\"urlTemplate\":\"https:\\\/\\\/nbrhc.on.ca\\\/?s={search_term_string}\"},\"query-input\":{\"@type\":\"PropertyValueSpecification\",\"valueRequired\":true,\"valueName\":\"search_term_string\"}}],\"inLanguage\":\"fr-FR\"},{\"@type\":\"Organization\",\"@id\":\"https:\\\/\\\/nbrhc.on.ca\\\/#organization\",\"name\":\"North Bay Regional Health Centre\",\"url\":\"https:\\\/\\\/nbrhc.on.ca\\\/\",\"logo\":{\"@type\":\"ImageObject\",\"inLanguage\":\"fr-FR\",\"@id\":\"https:\\\/\\\/nbrhc.on.ca\\\/#\\\/schema\\\/logo\\\/image\\\/\",\"url\":\"https:\\\/\\\/nbrhc.on.ca\\\/wp-content\\\/uploads\\\/2015\\\/07\\\/logo.jpg\",\"contentUrl\":\"https:\\\/\\\/nbrhc.on.ca\\\/wp-content\\\/uploads\\\/2015\\\/07\\\/logo.jpg\",\"width\":870,\"height\":128,\"caption\":\"North Bay Regional Health Centre\"},\"image\":{\"@id\":\"https:\\\/\\\/nbrhc.on.ca\\\/#\\\/schema\\\/logo\\\/image\\\/\"},\"sameAs\":[\"https:\\\/\\\/www.facebook.com\\\/nbrhc\",\"https:\\\/\\\/x.com\\\/NBRHC\",\"https:\\\/\\\/www.linkedin.com\\\/company\\\/north-bay-regional-health-centre-nbrhc\",\"https:\\\/\\\/www.pinterest.com\\\/nbrhc\",\"https:\\\/\\\/www.youtube.com\\\/TheNBRHC\"]}]}<\/script>\n<!-- \/ Yoast SEO plugin. -->","yoast_head_json":{"title":"Clinique d\u2019endoscopie","description":"Les patients n\u00e9cessitant un large \u00e9ventail d'interventions endoscopiques sont vus \u00e0 la clinique d'endoscopie du Centre r\u00e9gional de sant\u00e9 de North Bay","robots":{"index":"index","follow":"follow","max-snippet":"max-snippet:-1","max-image-preview":"max-image-preview:large","max-video-preview":"max-video-preview:-1"},"canonical":"https:\/\/nbrhc.on.ca\/fr\/programme-et-services\/cliniques-aux-patients-externes\/clinique-dendoscopie\/","og_locale":"fr_FR","og_type":"article","og_title":"Clinique d\u2019endoscopie","og_description":"Les patients n\u00e9cessitant un large \u00e9ventail d'interventions endoscopiques sont vus \u00e0 la clinique d'endoscopie du Centre r\u00e9gional de sant\u00e9 de North Bay","og_url":"https:\/\/nbrhc.on.ca\/fr\/programme-et-services\/cliniques-aux-patients-externes\/clinique-dendoscopie\/","og_site_name":"NBRHC","article_publisher":"https:\/\/www.facebook.com\/nbrhc","article_modified_time":"2023-07-31T16:16:38+00:00","og_image":[{"width":619,"height":619,"url":"https:\/\/nbrhc.on.ca\/wp-content\/uploads\/2015\/07\/icon_col.jpeg","type":"image\/jpeg"}],"twitter_misc":{"Dur\u00e9e de lecture estim\u00e9e":"1 minute"},"schema":{"@context":"https:\/\/schema.org","@graph":[{"@type":"WebPage","@id":"https:\/\/nbrhc.on.ca\/fr\/programme-et-services\/cliniques-aux-patients-externes\/clinique-dendoscopie\/","url":"https:\/\/nbrhc.on.ca\/fr\/programme-et-services\/cliniques-aux-patients-externes\/clinique-dendoscopie\/","name":"Clinique d\u2019endoscopie","isPartOf":{"@id":"https:\/\/nbrhc.on.ca\/#website"},"datePublished":"2014-04-24T13:09:51+00:00","dateModified":"2023-07-31T16:16:38+00:00","description":"Les patients n\u00e9cessitant un large \u00e9ventail d'interventions endoscopiques sont vus \u00e0 la clinique d'endoscopie du Centre r\u00e9gional de sant\u00e9 de North Bay","breadcrumb":{"@id":"https:\/\/nbrhc.on.ca\/fr\/programme-et-services\/cliniques-aux-patients-externes\/clinique-dendoscopie\/#breadcrumb"},"inLanguage":"fr-FR","potentialAction":[{"@type":"ReadAction","target":["https:\/\/nbrhc.on.ca\/fr\/programme-et-services\/cliniques-aux-patients-externes\/clinique-dendoscopie\/"]}]},{"@type":"BreadcrumbList","@id":"https:\/\/nbrhc.on.ca\/fr\/programme-et-services\/cliniques-aux-patients-externes\/clinique-dendoscopie\/#breadcrumb","itemListElement":[{"@type":"ListItem","position":1,"name":"Home","item":"https:\/\/nbrhc.on.ca\/fr\/"},{"@type":"ListItem","position":2,"name":"Programmes et services","item":"https:\/\/nbrhc.on.ca\/fr\/programme-et-services\/"},{"@type":"ListItem","position":3,"name":"Cliniques aux patients externes","item":"https:\/\/nbrhc.on.ca\/fr\/programme-et-services\/cliniques-aux-patients-externes\/"},{"@type":"ListItem","position":4,"name":"Clinique d\u2019endoscopie"}]},{"@type":"WebSite","@id":"https:\/\/nbrhc.on.ca\/#website","url":"https:\/\/nbrhc.on.ca\/","name":"NBRHC","description":"North Bay Regional Health Centre","publisher":{"@id":"https:\/\/nbrhc.on.ca\/#organization"},"potentialAction":[{"@type":"SearchAction","target":{"@type":"EntryPoint","urlTemplate":"https:\/\/nbrhc.on.ca\/?s={search_term_string}"},"query-input":{"@type":"PropertyValueSpecification","valueRequired":true,"valueName":"search_term_string"}}],"inLanguage":"fr-FR"},{"@type":"Organization","@id":"https:\/\/nbrhc.on.ca\/#organization","name":"North Bay Regional Health Centre","url":"https:\/\/nbrhc.on.ca\/","logo":{"@type":"ImageObject","inLanguage":"fr-FR","@id":"https:\/\/nbrhc.on.ca\/#\/schema\/logo\/image\/","url":"https:\/\/nbrhc.on.ca\/wp-content\/uploads\/2015\/07\/logo.jpg","contentUrl":"https:\/\/nbrhc.on.ca\/wp-content\/uploads\/2015\/07\/logo.jpg","width":870,"height":128,"caption":"North Bay Regional Health Centre"},"image":{"@id":"https:\/\/nbrhc.on.ca\/#\/schema\/logo\/image\/"},"sameAs":["https:\/\/www.facebook.com\/nbrhc","https:\/\/x.com\/NBRHC","https:\/\/www.linkedin.com\/company\/north-bay-regional-health-centre-nbrhc","https:\/\/www.pinterest.com\/nbrhc","https:\/\/www.youtube.com\/TheNBRHC"]}]}},"_links":{"self":[{"href":"https:\/\/nbrhc.on.ca\/fr\/wp-json\/wp\/v2\/pages\/2575","targetHints":{"allow":["GET"]}}],"collection":[{"href":"https:\/\/nbrhc.on.ca\/fr\/wp-json\/wp\/v2\/pages"}],"about":[{"href":"https:\/\/nbrhc.on.ca\/fr\/wp-json\/wp\/v2\/types\/page"}],"author":[{"embeddable":true,"href":"https:\/\/nbrhc.on.ca\/fr\/wp-json\/wp\/v2\/users\/17"}],"replies":[{"embeddable":true,"href":"https:\/\/nbrhc.on.ca\/fr\/wp-json\/wp\/v2\/comments?post=2575"}],"version-history":[{"count":3,"href":"https:\/\/nbrhc.on.ca\/fr\/wp-json\/wp\/v2\/pages\/2575\/revisions"}],"predecessor-version":[{"id":36963,"href":"https:\/\/nbrhc.on.ca\/fr\/wp-json\/wp\/v2\/pages\/2575\/revisions\/36963"}],"up":[{"embeddable":true,"href":"https:\/\/nbrhc.on.ca\/fr\/wp-json\/wp\/v2\/pages\/4950"}],"wp:attachment":[{"href":"https:\/\/nbrhc.on.ca\/fr\/wp-json\/wp\/v2\/media?parent=2575"}],"wp:term":[{"taxonomy":"post_tag","embeddable":true,"href":"https:\/\/nbrhc.on.ca\/fr\/wp-json\/wp\/v2\/tags?post=2575"}],"curies":[{"name":"wp","href":"https:\/\/api.w.org\/{rel}","templated":true}]}}