{"id":2657,"date":"2014-04-24T14:30:27","date_gmt":"2014-04-24T18:30:27","guid":{"rendered":"http:\/\/www.nbrhc.on.ca\/?page_id=2657"},"modified":"2021-09-08T13:00:13","modified_gmt":"2021-09-08T17:00:13","slug":"service-specialise-de-readaptation-et-de-transition-pour-adultes","status":"publish","type":"page","link":"https:\/\/nbrhc.on.ca\/fr\/programme-et-services\/programmes-et-services-de-sante-mentale\/programme-regional-specialise-de-sante-mentale\/service-specialise-de-readaptation-et-de-transition-pour-adultes\/","title":{"rendered":"Service sp\u00e9cialis\u00e9 de r\u00e9adaptation et de transition pour adultes (Pavillon du nickel)"},"content":{"rendered":"<p>Le Pavillon du nickel est un service sp\u00e9cialis\u00e9 de r\u00e9adaptation et de transition pour adultes qui fournit des soins et un soutien aux personnes atteintes d\u2019une maladie mentale grave qui, dans bien des cas, ont une maladie concomitante. Il s\u2019agit d\u2019une unit\u00e9 sp\u00e9cialis\u00e9e qui est guid\u00e9e par le patient et ax\u00e9e sur le r\u00e9tablissement; elle int\u00e8gre les volont\u00e9s et les objectifs des patients gr\u00e2ce \u00e0 un cadre de mieux-\u00eatre. Ce service a pour but de r\u00e9gler les probl\u00e8mes qui entravent la transition \u00e0 la communaut\u00e9 en maximisant le potentiel des patients, en minimisant les probl\u00e8mes sur le plan de la sant\u00e9 mentale et du comportement, en enseignant aux patients de nouvelles aptitudes visant \u00e0 optimiser leur capacit\u00e9 fonctionnelle, en resserrant les relations et en rehaussant la qualit\u00e9 de vie n\u00e9cessaire au retour dans la communaut\u00e9, que ce soit chez eux ou dans un logement supervis\u00e9.<\/p>\n<p>Pour avoir acc\u00e8s \u00e0 nos services pour patients hospitalis\u00e9s, il faut remplir un Formulaire de demande de services.<\/p>\n","protected":false},"excerpt":{"rendered":"<p>Le Pavillon du nickel est un service sp\u00e9cialis\u00e9 de r\u00e9adaptation et de transition pour adultes qui fournit des soins et un soutien aux personnes atteintes d\u2019une maladie mentale grave qui, dans bien des cas, ont une maladie concomitante.<\/p>\n","protected":false},"author":17,"featured_media":0,"parent":3003,"menu_order":0,"comment_status":"open","ping_status":"open","template":"","meta":{"_acf_changed":false,"_monsterinsights_skip_tracking":false,"_monsterinsights_sitenote_active":false,"_monsterinsights_sitenote_note":"","_monsterinsights_sitenote_category":0,"footnotes":"","_links_to":"","_links_to_target":"","_wp_rev_ctl_limit":""},"tags":[1081,1080,1078,1077,1079],"class_list":["post-2657","page","type-page","status-publish","hentry","tag-nickel-fr","tag-pavillon-du-nickel","tag-service-specialise-de-readaptation","tag-service-specialise-de-readaptation-et-de-transition-pour-adultes","tag-transition-pour-adultes"],"acf":[],"yoast_head":"<!-- This site is optimized with the Yoast SEO plugin v27.4 - https:\/\/yoast.com\/product\/yoast-seo-wordpress\/ -->\n<title>Service sp\u00e9cialis\u00e9 de r\u00e9adaptation et de transition pour adultes<\/title>\n<meta name=\"description\" content=\"Nickel Lodge est un service sp\u00e9cialis\u00e9 de r\u00e9adaptation et de transition pour adultes qui fournit des soins et un soutien aux personnes atteintes de maladie mentale\" \/>\n<meta name=\"robots\" content=\"index, follow, max-snippet:-1, max-image-preview:large, max-video-preview:-1\" \/>\n<link rel=\"canonical\" href=\"https:\/\/nbrhc.on.ca\/fr\/programme-et-services\/programmes-et-services-de-sante-mentale\/programme-regional-specialise-de-sante-mentale\/service-specialise-de-readaptation-et-de-transition-pour-adultes\/\" \/>\n<meta property=\"og:locale\" content=\"fr_FR\" \/>\n<meta property=\"og:type\" content=\"article\" \/>\n<meta property=\"og:title\" content=\"Service sp\u00e9cialis\u00e9 de r\u00e9adaptation et de transition pour adultes\" \/>\n<meta property=\"og:description\" content=\"Nickel Lodge est un service sp\u00e9cialis\u00e9 de r\u00e9adaptation et de transition pour adultes qui fournit des soins et un soutien aux personnes atteintes de maladie mentale\" \/>\n<meta property=\"og:url\" content=\"https:\/\/nbrhc.on.ca\/fr\/programme-et-services\/programmes-et-services-de-sante-mentale\/programme-regional-specialise-de-sante-mentale\/service-specialise-de-readaptation-et-de-transition-pour-adultes\/\" \/>\n<meta property=\"og:site_name\" content=\"NBRHC\" \/>\n<meta property=\"article:publisher\" content=\"https:\/\/www.facebook.com\/nbrhc\" \/>\n<meta property=\"article:modified_time\" content=\"2021-09-08T17:00:13+00:00\" \/>\n<meta property=\"og:image\" content=\"https:\/\/nbrhc.on.ca\/wp-content\/uploads\/2015\/07\/icon_col.jpeg\" \/>\n\t<meta property=\"og:image:width\" content=\"619\" \/>\n\t<meta property=\"og:image:height\" content=\"619\" \/>\n\t<meta property=\"og:image:type\" content=\"image\/jpeg\" \/>\n<meta name=\"twitter:label1\" content=\"Dur\u00e9e de lecture estim\u00e9e\" \/>\n\t<meta name=\"twitter:data1\" content=\"1 minute\" \/>\n<script type=\"application\/ld+json\" class=\"yoast-schema-graph\">{\"@context\":\"https:\\\/\\\/schema.org\",\"@graph\":[{\"@type\":\"WebPage\",\"@id\":\"https:\\\/\\\/nbrhc.on.ca\\\/fr\\\/programme-et-services\\\/programmes-et-services-de-sante-mentale\\\/programme-regional-specialise-de-sante-mentale\\\/service-specialise-de-readaptation-et-de-transition-pour-adultes\\\/\",\"url\":\"https:\\\/\\\/nbrhc.on.ca\\\/fr\\\/programme-et-services\\\/programmes-et-services-de-sante-mentale\\\/programme-regional-specialise-de-sante-mentale\\\/service-specialise-de-readaptation-et-de-transition-pour-adultes\\\/\",\"name\":\"Service sp\u00e9cialis\u00e9 de r\u00e9adaptation et de transition pour adultes\",\"isPartOf\":{\"@id\":\"https:\\\/\\\/nbrhc.on.ca\\\/#website\"},\"datePublished\":\"2014-04-24T18:30:27+00:00\",\"dateModified\":\"2021-09-08T17:00:13+00:00\",\"description\":\"Nickel Lodge est un service sp\u00e9cialis\u00e9 de r\u00e9adaptation et de transition pour adultes qui fournit des soins et un soutien aux personnes atteintes de maladie mentale\",\"breadcrumb\":{\"@id\":\"https:\\\/\\\/nbrhc.on.ca\\\/fr\\\/programme-et-services\\\/programmes-et-services-de-sante-mentale\\\/programme-regional-specialise-de-sante-mentale\\\/service-specialise-de-readaptation-et-de-transition-pour-adultes\\\/#breadcrumb\"},\"inLanguage\":\"fr-FR\",\"potentialAction\":[{\"@type\":\"ReadAction\",\"target\":[\"https:\\\/\\\/nbrhc.on.ca\\\/fr\\\/programme-et-services\\\/programmes-et-services-de-sante-mentale\\\/programme-regional-specialise-de-sante-mentale\\\/service-specialise-de-readaptation-et-de-transition-pour-adultes\\\/\"]}]},{\"@type\":\"BreadcrumbList\",\"@id\":\"https:\\\/\\\/nbrhc.on.ca\\\/fr\\\/programme-et-services\\\/programmes-et-services-de-sante-mentale\\\/programme-regional-specialise-de-sante-mentale\\\/service-specialise-de-readaptation-et-de-transition-pour-adultes\\\/#breadcrumb\",\"itemListElement\":[{\"@type\":\"ListItem\",\"position\":1,\"name\":\"Home\",\"item\":\"https:\\\/\\\/nbrhc.on.ca\\\/fr\\\/\"},{\"@type\":\"ListItem\",\"position\":2,\"name\":\"Programmes et services\",\"item\":\"https:\\\/\\\/nbrhc.on.ca\\\/fr\\\/programme-et-services\\\/\"},{\"@type\":\"ListItem\",\"position\":3,\"name\":\"Programmes et services de sant\u00e9 mentale\",\"item\":\"https:\\\/\\\/nbrhc.on.ca\\\/fr\\\/programme-et-services\\\/programmes-et-services-de-sante-mentale\\\/\"},{\"@type\":\"ListItem\",\"position\":4,\"name\":\"Programme r\u00e9gional sp\u00e9cialis\u00e9 de sant\u00e9 mentale\",\"item\":\"https:\\\/\\\/nbrhc.on.ca\\\/fr\\\/programme-et-services\\\/programmes-et-services-de-sante-mentale\\\/programme-regional-specialise-de-sante-mentale\\\/\"},{\"@type\":\"ListItem\",\"position\":5,\"name\":\"Service sp\u00e9cialis\u00e9 de r\u00e9adaptation et de transition pour adultes (Pavillon du nickel)\"}]},{\"@type\":\"WebSite\",\"@id\":\"https:\\\/\\\/nbrhc.on.ca\\\/#website\",\"url\":\"https:\\\/\\\/nbrhc.on.ca\\\/\",\"name\":\"NBRHC\",\"description\":\"North Bay Regional Health Centre\",\"publisher\":{\"@id\":\"https:\\\/\\\/nbrhc.on.ca\\\/#organization\"},\"potentialAction\":[{\"@type\":\"SearchAction\",\"target\":{\"@type\":\"EntryPoint\",\"urlTemplate\":\"https:\\\/\\\/nbrhc.on.ca\\\/?s={search_term_string}\"},\"query-input\":{\"@type\":\"PropertyValueSpecification\",\"valueRequired\":true,\"valueName\":\"search_term_string\"}}],\"inLanguage\":\"fr-FR\"},{\"@type\":\"Organization\",\"@id\":\"https:\\\/\\\/nbrhc.on.ca\\\/#organization\",\"name\":\"North Bay Regional Health Centre\",\"url\":\"https:\\\/\\\/nbrhc.on.ca\\\/\",\"logo\":{\"@type\":\"ImageObject\",\"inLanguage\":\"fr-FR\",\"@id\":\"https:\\\/\\\/nbrhc.on.ca\\\/#\\\/schema\\\/logo\\\/image\\\/\",\"url\":\"https:\\\/\\\/nbrhc.on.ca\\\/wp-content\\\/uploads\\\/2015\\\/07\\\/logo.jpg\",\"contentUrl\":\"https:\\\/\\\/nbrhc.on.ca\\\/wp-content\\\/uploads\\\/2015\\\/07\\\/logo.jpg\",\"width\":870,\"height\":128,\"caption\":\"North Bay Regional Health Centre\"},\"image\":{\"@id\":\"https:\\\/\\\/nbrhc.on.ca\\\/#\\\/schema\\\/logo\\\/image\\\/\"},\"sameAs\":[\"https:\\\/\\\/www.facebook.com\\\/nbrhc\",\"https:\\\/\\\/x.com\\\/NBRHC\",\"https:\\\/\\\/www.linkedin.com\\\/company\\\/north-bay-regional-health-centre-nbrhc\",\"https:\\\/\\\/www.pinterest.com\\\/nbrhc\",\"https:\\\/\\\/www.youtube.com\\\/TheNBRHC\"]}]}<\/script>\n<!-- \/ Yoast SEO plugin. -->","yoast_head_json":{"title":"Service sp\u00e9cialis\u00e9 de r\u00e9adaptation et de transition pour adultes","description":"Nickel Lodge est un service sp\u00e9cialis\u00e9 de r\u00e9adaptation et de transition pour adultes qui fournit des soins et un soutien aux personnes atteintes de maladie mentale","robots":{"index":"index","follow":"follow","max-snippet":"max-snippet:-1","max-image-preview":"max-image-preview:large","max-video-preview":"max-video-preview:-1"},"canonical":"https:\/\/nbrhc.on.ca\/fr\/programme-et-services\/programmes-et-services-de-sante-mentale\/programme-regional-specialise-de-sante-mentale\/service-specialise-de-readaptation-et-de-transition-pour-adultes\/","og_locale":"fr_FR","og_type":"article","og_title":"Service sp\u00e9cialis\u00e9 de r\u00e9adaptation et de transition pour adultes","og_description":"Nickel Lodge est un service sp\u00e9cialis\u00e9 de r\u00e9adaptation et de transition pour adultes qui fournit des soins et un soutien aux personnes atteintes de maladie mentale","og_url":"https:\/\/nbrhc.on.ca\/fr\/programme-et-services\/programmes-et-services-de-sante-mentale\/programme-regional-specialise-de-sante-mentale\/service-specialise-de-readaptation-et-de-transition-pour-adultes\/","og_site_name":"NBRHC","article_publisher":"https:\/\/www.facebook.com\/nbrhc","article_modified_time":"2021-09-08T17:00:13+00:00","og_image":[{"width":619,"height":619,"url":"https:\/\/nbrhc.on.ca\/wp-content\/uploads\/2015\/07\/icon_col.jpeg","type":"image\/jpeg"}],"twitter_misc":{"Dur\u00e9e de lecture estim\u00e9e":"1 minute"},"schema":{"@context":"https:\/\/schema.org","@graph":[{"@type":"WebPage","@id":"https:\/\/nbrhc.on.ca\/fr\/programme-et-services\/programmes-et-services-de-sante-mentale\/programme-regional-specialise-de-sante-mentale\/service-specialise-de-readaptation-et-de-transition-pour-adultes\/","url":"https:\/\/nbrhc.on.ca\/fr\/programme-et-services\/programmes-et-services-de-sante-mentale\/programme-regional-specialise-de-sante-mentale\/service-specialise-de-readaptation-et-de-transition-pour-adultes\/","name":"Service sp\u00e9cialis\u00e9 de r\u00e9adaptation et de transition pour adultes","isPartOf":{"@id":"https:\/\/nbrhc.on.ca\/#website"},"datePublished":"2014-04-24T18:30:27+00:00","dateModified":"2021-09-08T17:00:13+00:00","description":"Nickel Lodge est un service sp\u00e9cialis\u00e9 de r\u00e9adaptation et de transition pour adultes qui fournit des soins et un soutien aux personnes atteintes de maladie mentale","breadcrumb":{"@id":"https:\/\/nbrhc.on.ca\/fr\/programme-et-services\/programmes-et-services-de-sante-mentale\/programme-regional-specialise-de-sante-mentale\/service-specialise-de-readaptation-et-de-transition-pour-adultes\/#breadcrumb"},"inLanguage":"fr-FR","potentialAction":[{"@type":"ReadAction","target":["https:\/\/nbrhc.on.ca\/fr\/programme-et-services\/programmes-et-services-de-sante-mentale\/programme-regional-specialise-de-sante-mentale\/service-specialise-de-readaptation-et-de-transition-pour-adultes\/"]}]},{"@type":"BreadcrumbList","@id":"https:\/\/nbrhc.on.ca\/fr\/programme-et-services\/programmes-et-services-de-sante-mentale\/programme-regional-specialise-de-sante-mentale\/service-specialise-de-readaptation-et-de-transition-pour-adultes\/#breadcrumb","itemListElement":[{"@type":"ListItem","position":1,"name":"Home","item":"https:\/\/nbrhc.on.ca\/fr\/"},{"@type":"ListItem","position":2,"name":"Programmes et services","item":"https:\/\/nbrhc.on.ca\/fr\/programme-et-services\/"},{"@type":"ListItem","position":3,"name":"Programmes et services de sant\u00e9 mentale","item":"https:\/\/nbrhc.on.ca\/fr\/programme-et-services\/programmes-et-services-de-sante-mentale\/"},{"@type":"ListItem","position":4,"name":"Programme r\u00e9gional sp\u00e9cialis\u00e9 de sant\u00e9 mentale","item":"https:\/\/nbrhc.on.ca\/fr\/programme-et-services\/programmes-et-services-de-sante-mentale\/programme-regional-specialise-de-sante-mentale\/"},{"@type":"ListItem","position":5,"name":"Service sp\u00e9cialis\u00e9 de r\u00e9adaptation et de transition pour adultes (Pavillon du nickel)"}]},{"@type":"WebSite","@id":"https:\/\/nbrhc.on.ca\/#website","url":"https:\/\/nbrhc.on.ca\/","name":"NBRHC","description":"North Bay Regional Health Centre","publisher":{"@id":"https:\/\/nbrhc.on.ca\/#organization"},"potentialAction":[{"@type":"SearchAction","target":{"@type":"EntryPoint","urlTemplate":"https:\/\/nbrhc.on.ca\/?s={search_term_string}"},"query-input":{"@type":"PropertyValueSpecification","valueRequired":true,"valueName":"search_term_string"}}],"inLanguage":"fr-FR"},{"@type":"Organization","@id":"https:\/\/nbrhc.on.ca\/#organization","name":"North Bay Regional Health Centre","url":"https:\/\/nbrhc.on.ca\/","logo":{"@type":"ImageObject","inLanguage":"fr-FR","@id":"https:\/\/nbrhc.on.ca\/#\/schema\/logo\/image\/","url":"https:\/\/nbrhc.on.ca\/wp-content\/uploads\/2015\/07\/logo.jpg","contentUrl":"https:\/\/nbrhc.on.ca\/wp-content\/uploads\/2015\/07\/logo.jpg","width":870,"height":128,"caption":"North Bay Regional Health Centre"},"image":{"@id":"https:\/\/nbrhc.on.ca\/#\/schema\/logo\/image\/"},"sameAs":["https:\/\/www.facebook.com\/nbrhc","https:\/\/x.com\/NBRHC","https:\/\/www.linkedin.com\/company\/north-bay-regional-health-centre-nbrhc","https:\/\/www.pinterest.com\/nbrhc","https:\/\/www.youtube.com\/TheNBRHC"]}]}},"_links":{"self":[{"href":"https:\/\/nbrhc.on.ca\/fr\/wp-json\/wp\/v2\/pages\/2657","targetHints":{"allow":["GET"]}}],"collection":[{"href":"https:\/\/nbrhc.on.ca\/fr\/wp-json\/wp\/v2\/pages"}],"about":[{"href":"https:\/\/nbrhc.on.ca\/fr\/wp-json\/wp\/v2\/types\/page"}],"author":[{"embeddable":true,"href":"https:\/\/nbrhc.on.ca\/fr\/wp-json\/wp\/v2\/users\/17"}],"replies":[{"embeddable":true,"href":"https:\/\/nbrhc.on.ca\/fr\/wp-json\/wp\/v2\/comments?post=2657"}],"version-history":[{"count":2,"href":"https:\/\/nbrhc.on.ca\/fr\/wp-json\/wp\/v2\/pages\/2657\/revisions"}],"predecessor-version":[{"id":23978,"href":"https:\/\/nbrhc.on.ca\/fr\/wp-json\/wp\/v2\/pages\/2657\/revisions\/23978"}],"up":[{"embeddable":true,"href":"https:\/\/nbrhc.on.ca\/fr\/wp-json\/wp\/v2\/pages\/3003"}],"wp:attachment":[{"href":"https:\/\/nbrhc.on.ca\/fr\/wp-json\/wp\/v2\/media?parent=2657"}],"wp:term":[{"taxonomy":"post_tag","embeddable":true,"href":"https:\/\/nbrhc.on.ca\/fr\/wp-json\/wp\/v2\/tags?post=2657"}],"curies":[{"name":"wp","href":"https:\/\/api.w.org\/{rel}","templated":true}]}}