{"id":26855,"date":"2021-07-27T10:59:15","date_gmt":"2021-07-27T14:59:15","guid":{"rendered":"https:\/\/nbrhc.on.ca\/?page_id=26855"},"modified":"2021-10-05T14:44:26","modified_gmt":"2021-10-05T18:44:26","slug":"experience-employe","status":"publish","type":"page","link":"https:\/\/nbrhc.on.ca\/fr\/joignez-vous-a-notre-equipe\/carriere\/experience-employe\/","title":{"rendered":"Exp\u00e9rience employ\u00e9"},"content":{"rendered":"<h2>Le Centre r\u00e9gional de sant\u00e9 de North Bay recrute des personnes talentueuses!<\/h2>\n<p>Le Centre r\u00e9gional de sant\u00e9 de North Bay (CRSNB) est un fournisseur de soins actifs et de services de sant\u00e9 mentale dans le district et la r\u00e9gion, servant plus de 640\u00a0000 personnes. Avec son \u00e9quipe de plus de 2\u00a0400 employ\u00e9s, 150 m\u00e9decins et au-del\u00e0 de 300 b\u00e9n\u00e9voles, le CRSNB fournit des soins exemplaires \u00e0 la population de North Bay et des environs.<\/p>\n<p><strong>Avantages offerts \u00e0 nos pr\u00e9cieux employ\u00e9s<\/strong><\/p>\n<ul>\n<li>Programme d\u2019aide aux employ\u00e9s<\/li>\n<li>Services gratuits de counselling et de recommandations \u00e0 des professionnels pour les employ\u00e9s et leur famille imm\u00e9diate<\/li>\n<li>R\u00e9gime de retraite des h\u00f4pitaux de l\u2019Ontario (HOOPP)<\/li>\n<li>Le HOOPP est con\u00e7u sp\u00e9cifiquement pour les travailleurs de la sant\u00e9 en Ontario et g\u00e8re des milliards de dollars en actifs nets. Il s\u2019agit de l\u2019un des r\u00e9gimes de retraite les plus importants et les plus rentables au Canada. Le HOOPP propose un r\u00e9gime \u00e0 prestations d\u00e9termin\u00e9es et des services compl\u00e9mentaires. Les participants admissibles ont droit \u00e0 une pension viag\u00e8re \u00e9tablie en fonction de leur salaire et du nombre d\u2019ann\u00e9es de service. Le CRSNB fournit une contribution \u00e9quivalant \u00e0 126 % des cotisations des employ\u00e9s<\/li>\n<li>R\u00e9gimes complets de soins de sant\u00e9 et de soins dentaires<\/li>\n<li>Assurance vie<\/li>\n<li>Assurance invalidit\u00e9 longue dur\u00e9e<\/li>\n<li>Suppl\u00e9ment de prestations pour les cong\u00e9s de maternit\u00e9 et les cong\u00e9s parentaux (six premiers mois)<\/li>\n<li>Programmes de reconnaissance du personnel, comme le programme \u00ab\u00a0C\u0153ur en or\u00a0\u00bb<\/li>\n<\/ul>\n<p><strong>Rabais et autres avantages<\/strong><\/p>\n<ul>\n<li>Le CRSNB est fier d\u2019\u00eatre membre de la Chambre de commerce de North Bay. Les employ\u00e9s ont droit \u00e0 des rabais aupr\u00e8s de plusieurs entreprises locales : <a href=\"https:\/\/www.nbdcc.ca\/member-2-member-discounts\/\" target=\"_blank\" rel=\"noopener\">https:\/\/www.nbdcc.ca\/member-2-member-discounts\/<\/a><\/li>\n<li>Le CRSNB fournit un acc\u00e8s \u00e0 <a href=\"http:\/\/corporate.perkopolis.com\/programs\/employees\/\" target=\"_blank\" rel=\"noopener\">PERKOPOLIS<\/a>, un programme proposant divers rabais et avantages chez plus de 2000 entreprises<\/li>\n<li>Prix avantageux des grands fournisseurs de t\u00e9l\u00e9phonie cellulaire (Bell, Rogers et Telus)<\/li>\n<li>Rabais \u00e0 l\u2019achat d\u2019assurances pour la maison, la voiture ou les voyages<\/li>\n<li>Salle de mieux-\u00eatre et de conditionnement physique sur le lieu de travail<\/li>\n<li>Machine distributrice de pizza et de salades fonctionnelle 24 heures par jour ($)<\/li>\n<li>Loterie du CRSNB<\/li>\n<\/ul>\n","protected":false},"excerpt":{"rendered":"<p>Le Centre r\u00e9gional de sant\u00e9 de North Bay recrute des personnes talentueuses! Le Centre r\u00e9gional de sant\u00e9 de North Bay (CRSNB) est un fournisseur de soins actifs et de services [&hellip;]<\/p>\n","protected":false},"author":17,"featured_media":0,"parent":2431,"menu_order":0,"comment_status":"closed","ping_status":"closed","template":"","meta":{"_acf_changed":false,"_monsterinsights_skip_tracking":false,"_monsterinsights_sitenote_active":false,"_monsterinsights_sitenote_note":"","_monsterinsights_sitenote_category":0,"footnotes":"","_links_to":"","_links_to_target":"","_wp_rev_ctl_limit":""},"tags":[],"class_list":["post-26855","page","type-page","status-publish","hentry"],"acf":[],"yoast_head":"<!-- This site is optimized with the Yoast SEO plugin v27.4 - https:\/\/yoast.com\/product\/yoast-seo-wordpress\/ -->\n<title>Exp\u00e9rience employ\u00e9 - NBRHC<\/title>\n<meta name=\"description\" content=\"Le Centre r\u00e9gional de sant\u00e9 de North Bay compte une \u00e9quipe de plus de 2 400 employ\u00e9s, 150 m\u00e9decins et plus de 300 b\u00e9n\u00e9voles. Rejoignez notre \u00e9quipe aujourd&#039;hui\" \/>\n<meta name=\"robots\" content=\"index, follow, max-snippet:-1, max-image-preview:large, max-video-preview:-1\" \/>\n<link rel=\"canonical\" href=\"https:\/\/nbrhc.on.ca\/fr\/joignez-vous-a-notre-equipe\/carriere\/experience-employe\/\" \/>\n<meta property=\"og:locale\" content=\"fr_FR\" \/>\n<meta property=\"og:type\" content=\"article\" \/>\n<meta property=\"og:title\" content=\"Exp\u00e9rience employ\u00e9 - NBRHC\" \/>\n<meta property=\"og:description\" content=\"Le Centre r\u00e9gional de sant\u00e9 de North Bay compte une \u00e9quipe de plus de 2 400 employ\u00e9s, 150 m\u00e9decins et plus de 300 b\u00e9n\u00e9voles. Rejoignez notre \u00e9quipe aujourd&#039;hui\" \/>\n<meta property=\"og:url\" content=\"https:\/\/nbrhc.on.ca\/fr\/joignez-vous-a-notre-equipe\/carriere\/experience-employe\/\" \/>\n<meta property=\"og:site_name\" content=\"NBRHC\" \/>\n<meta property=\"article:publisher\" content=\"https:\/\/www.facebook.com\/nbrhc\" \/>\n<meta property=\"article:modified_time\" content=\"2021-10-05T18:44:26+00:00\" \/>\n<meta property=\"og:image\" content=\"https:\/\/nbrhc.on.ca\/wp-content\/uploads\/2015\/07\/icon_col.jpeg\" \/>\n\t<meta property=\"og:image:width\" content=\"619\" \/>\n\t<meta property=\"og:image:height\" content=\"619\" \/>\n\t<meta property=\"og:image:type\" content=\"image\/jpeg\" \/>\n<meta name=\"twitter:label1\" content=\"Dur\u00e9e de lecture estim\u00e9e\" \/>\n\t<meta name=\"twitter:data1\" content=\"2 minutes\" \/>\n<script type=\"application\/ld+json\" class=\"yoast-schema-graph\">{\"@context\":\"https:\\\/\\\/schema.org\",\"@graph\":[{\"@type\":\"WebPage\",\"@id\":\"https:\\\/\\\/nbrhc.on.ca\\\/fr\\\/joignez-vous-a-notre-equipe\\\/carriere\\\/experience-employe\\\/\",\"url\":\"https:\\\/\\\/nbrhc.on.ca\\\/fr\\\/joignez-vous-a-notre-equipe\\\/carriere\\\/experience-employe\\\/\",\"name\":\"Exp\u00e9rience employ\u00e9 - NBRHC\",\"isPartOf\":{\"@id\":\"https:\\\/\\\/nbrhc.on.ca\\\/#website\"},\"datePublished\":\"2021-07-27T14:59:15+00:00\",\"dateModified\":\"2021-10-05T18:44:26+00:00\",\"description\":\"Le Centre r\u00e9gional de sant\u00e9 de North Bay compte une \u00e9quipe de plus de 2 400 employ\u00e9s, 150 m\u00e9decins et plus de 300 b\u00e9n\u00e9voles. Rejoignez notre \u00e9quipe aujourd'hui\",\"breadcrumb\":{\"@id\":\"https:\\\/\\\/nbrhc.on.ca\\\/fr\\\/joignez-vous-a-notre-equipe\\\/carriere\\\/experience-employe\\\/#breadcrumb\"},\"inLanguage\":\"fr-FR\",\"potentialAction\":[{\"@type\":\"ReadAction\",\"target\":[\"https:\\\/\\\/nbrhc.on.ca\\\/fr\\\/joignez-vous-a-notre-equipe\\\/carriere\\\/experience-employe\\\/\"]}]},{\"@type\":\"BreadcrumbList\",\"@id\":\"https:\\\/\\\/nbrhc.on.ca\\\/fr\\\/joignez-vous-a-notre-equipe\\\/carriere\\\/experience-employe\\\/#breadcrumb\",\"itemListElement\":[{\"@type\":\"ListItem\",\"position\":1,\"name\":\"Home\",\"item\":\"https:\\\/\\\/nbrhc.on.ca\\\/fr\\\/\"},{\"@type\":\"ListItem\",\"position\":2,\"name\":\"Joignez-vous \u00e0 notre \u00e9quipe\",\"item\":\"https:\\\/\\\/nbrhc.on.ca\\\/fr\\\/joignez-vous-a-notre-equipe\\\/\"},{\"@type\":\"ListItem\",\"position\":3,\"name\":\"Carri\u00e8re\",\"item\":\"https:\\\/\\\/nbrhc.on.ca\\\/fr\\\/joignez-vous-a-notre-equipe\\\/carriere\\\/\"},{\"@type\":\"ListItem\",\"position\":4,\"name\":\"Exp\u00e9rience employ\u00e9\"}]},{\"@type\":\"WebSite\",\"@id\":\"https:\\\/\\\/nbrhc.on.ca\\\/#website\",\"url\":\"https:\\\/\\\/nbrhc.on.ca\\\/\",\"name\":\"NBRHC\",\"description\":\"North Bay Regional Health Centre\",\"publisher\":{\"@id\":\"https:\\\/\\\/nbrhc.on.ca\\\/#organization\"},\"potentialAction\":[{\"@type\":\"SearchAction\",\"target\":{\"@type\":\"EntryPoint\",\"urlTemplate\":\"https:\\\/\\\/nbrhc.on.ca\\\/?s={search_term_string}\"},\"query-input\":{\"@type\":\"PropertyValueSpecification\",\"valueRequired\":true,\"valueName\":\"search_term_string\"}}],\"inLanguage\":\"fr-FR\"},{\"@type\":\"Organization\",\"@id\":\"https:\\\/\\\/nbrhc.on.ca\\\/#organization\",\"name\":\"North Bay Regional Health Centre\",\"url\":\"https:\\\/\\\/nbrhc.on.ca\\\/\",\"logo\":{\"@type\":\"ImageObject\",\"inLanguage\":\"fr-FR\",\"@id\":\"https:\\\/\\\/nbrhc.on.ca\\\/#\\\/schema\\\/logo\\\/image\\\/\",\"url\":\"https:\\\/\\\/nbrhc.on.ca\\\/wp-content\\\/uploads\\\/2015\\\/07\\\/logo.jpg\",\"contentUrl\":\"https:\\\/\\\/nbrhc.on.ca\\\/wp-content\\\/uploads\\\/2015\\\/07\\\/logo.jpg\",\"width\":870,\"height\":128,\"caption\":\"North Bay Regional Health Centre\"},\"image\":{\"@id\":\"https:\\\/\\\/nbrhc.on.ca\\\/#\\\/schema\\\/logo\\\/image\\\/\"},\"sameAs\":[\"https:\\\/\\\/www.facebook.com\\\/nbrhc\",\"https:\\\/\\\/x.com\\\/NBRHC\",\"https:\\\/\\\/www.linkedin.com\\\/company\\\/north-bay-regional-health-centre-nbrhc\",\"https:\\\/\\\/www.pinterest.com\\\/nbrhc\",\"https:\\\/\\\/www.youtube.com\\\/TheNBRHC\"]}]}<\/script>\n<!-- \/ Yoast SEO plugin. -->","yoast_head_json":{"title":"Exp\u00e9rience employ\u00e9 - NBRHC","description":"Le Centre r\u00e9gional de sant\u00e9 de North Bay compte une \u00e9quipe de plus de 2 400 employ\u00e9s, 150 m\u00e9decins et plus de 300 b\u00e9n\u00e9voles. Rejoignez notre \u00e9quipe aujourd'hui","robots":{"index":"index","follow":"follow","max-snippet":"max-snippet:-1","max-image-preview":"max-image-preview:large","max-video-preview":"max-video-preview:-1"},"canonical":"https:\/\/nbrhc.on.ca\/fr\/joignez-vous-a-notre-equipe\/carriere\/experience-employe\/","og_locale":"fr_FR","og_type":"article","og_title":"Exp\u00e9rience employ\u00e9 - NBRHC","og_description":"Le Centre r\u00e9gional de sant\u00e9 de North Bay compte une \u00e9quipe de plus de 2 400 employ\u00e9s, 150 m\u00e9decins et plus de 300 b\u00e9n\u00e9voles. Rejoignez notre \u00e9quipe aujourd'hui","og_url":"https:\/\/nbrhc.on.ca\/fr\/joignez-vous-a-notre-equipe\/carriere\/experience-employe\/","og_site_name":"NBRHC","article_publisher":"https:\/\/www.facebook.com\/nbrhc","article_modified_time":"2021-10-05T18:44:26+00:00","og_image":[{"width":619,"height":619,"url":"https:\/\/nbrhc.on.ca\/wp-content\/uploads\/2015\/07\/icon_col.jpeg","type":"image\/jpeg"}],"twitter_misc":{"Dur\u00e9e de lecture estim\u00e9e":"2 minutes"},"schema":{"@context":"https:\/\/schema.org","@graph":[{"@type":"WebPage","@id":"https:\/\/nbrhc.on.ca\/fr\/joignez-vous-a-notre-equipe\/carriere\/experience-employe\/","url":"https:\/\/nbrhc.on.ca\/fr\/joignez-vous-a-notre-equipe\/carriere\/experience-employe\/","name":"Exp\u00e9rience employ\u00e9 - NBRHC","isPartOf":{"@id":"https:\/\/nbrhc.on.ca\/#website"},"datePublished":"2021-07-27T14:59:15+00:00","dateModified":"2021-10-05T18:44:26+00:00","description":"Le Centre r\u00e9gional de sant\u00e9 de North Bay compte une \u00e9quipe de plus de 2 400 employ\u00e9s, 150 m\u00e9decins et plus de 300 b\u00e9n\u00e9voles. Rejoignez notre \u00e9quipe aujourd'hui","breadcrumb":{"@id":"https:\/\/nbrhc.on.ca\/fr\/joignez-vous-a-notre-equipe\/carriere\/experience-employe\/#breadcrumb"},"inLanguage":"fr-FR","potentialAction":[{"@type":"ReadAction","target":["https:\/\/nbrhc.on.ca\/fr\/joignez-vous-a-notre-equipe\/carriere\/experience-employe\/"]}]},{"@type":"BreadcrumbList","@id":"https:\/\/nbrhc.on.ca\/fr\/joignez-vous-a-notre-equipe\/carriere\/experience-employe\/#breadcrumb","itemListElement":[{"@type":"ListItem","position":1,"name":"Home","item":"https:\/\/nbrhc.on.ca\/fr\/"},{"@type":"ListItem","position":2,"name":"Joignez-vous \u00e0 notre \u00e9quipe","item":"https:\/\/nbrhc.on.ca\/fr\/joignez-vous-a-notre-equipe\/"},{"@type":"ListItem","position":3,"name":"Carri\u00e8re","item":"https:\/\/nbrhc.on.ca\/fr\/joignez-vous-a-notre-equipe\/carriere\/"},{"@type":"ListItem","position":4,"name":"Exp\u00e9rience employ\u00e9"}]},{"@type":"WebSite","@id":"https:\/\/nbrhc.on.ca\/#website","url":"https:\/\/nbrhc.on.ca\/","name":"NBRHC","description":"North Bay Regional Health Centre","publisher":{"@id":"https:\/\/nbrhc.on.ca\/#organization"},"potentialAction":[{"@type":"SearchAction","target":{"@type":"EntryPoint","urlTemplate":"https:\/\/nbrhc.on.ca\/?s={search_term_string}"},"query-input":{"@type":"PropertyValueSpecification","valueRequired":true,"valueName":"search_term_string"}}],"inLanguage":"fr-FR"},{"@type":"Organization","@id":"https:\/\/nbrhc.on.ca\/#organization","name":"North Bay Regional Health Centre","url":"https:\/\/nbrhc.on.ca\/","logo":{"@type":"ImageObject","inLanguage":"fr-FR","@id":"https:\/\/nbrhc.on.ca\/#\/schema\/logo\/image\/","url":"https:\/\/nbrhc.on.ca\/wp-content\/uploads\/2015\/07\/logo.jpg","contentUrl":"https:\/\/nbrhc.on.ca\/wp-content\/uploads\/2015\/07\/logo.jpg","width":870,"height":128,"caption":"North Bay Regional Health Centre"},"image":{"@id":"https:\/\/nbrhc.on.ca\/#\/schema\/logo\/image\/"},"sameAs":["https:\/\/www.facebook.com\/nbrhc","https:\/\/x.com\/NBRHC","https:\/\/www.linkedin.com\/company\/north-bay-regional-health-centre-nbrhc","https:\/\/www.pinterest.com\/nbrhc","https:\/\/www.youtube.com\/TheNBRHC"]}]}},"_links":{"self":[{"href":"https:\/\/nbrhc.on.ca\/fr\/wp-json\/wp\/v2\/pages\/26855","targetHints":{"allow":["GET"]}}],"collection":[{"href":"https:\/\/nbrhc.on.ca\/fr\/wp-json\/wp\/v2\/pages"}],"about":[{"href":"https:\/\/nbrhc.on.ca\/fr\/wp-json\/wp\/v2\/types\/page"}],"author":[{"embeddable":true,"href":"https:\/\/nbrhc.on.ca\/fr\/wp-json\/wp\/v2\/users\/17"}],"replies":[{"embeddable":true,"href":"https:\/\/nbrhc.on.ca\/fr\/wp-json\/wp\/v2\/comments?post=26855"}],"version-history":[{"count":4,"href":"https:\/\/nbrhc.on.ca\/fr\/wp-json\/wp\/v2\/pages\/26855\/revisions"}],"predecessor-version":[{"id":27725,"href":"https:\/\/nbrhc.on.ca\/fr\/wp-json\/wp\/v2\/pages\/26855\/revisions\/27725"}],"up":[{"embeddable":true,"href":"https:\/\/nbrhc.on.ca\/fr\/wp-json\/wp\/v2\/pages\/2431"}],"wp:attachment":[{"href":"https:\/\/nbrhc.on.ca\/fr\/wp-json\/wp\/v2\/media?parent=26855"}],"wp:term":[{"taxonomy":"post_tag","embeddable":true,"href":"https:\/\/nbrhc.on.ca\/fr\/wp-json\/wp\/v2\/tags?post=26855"}],"curies":[{"name":"wp","href":"https:\/\/api.w.org\/{rel}","templated":true}]}}