{"id":26909,"date":"2021-07-29T13:13:50","date_gmt":"2021-07-29T17:13:50","guid":{"rendered":"https:\/\/nbrhc.on.ca\/?page_id=26909"},"modified":"2025-07-11T11:06:21","modified_gmt":"2025-07-11T15:06:21","slug":"partenaires-en-sante-mentale","status":"publish","type":"page","link":"https:\/\/nbrhc.on.ca\/fr\/a-propos-de-nous\/partenaires-en-sante-mentale\/","title":{"rendered":"Partenaires en sant\u00e9 mentale"},"content":{"rendered":"<p><img loading=\"lazy\" decoding=\"async\" class=\"aligncenter wp-image-45023 size-medium\" title=\"mental health partners\" src=\"https:\/\/nbrhc.on.ca\/wp-content\/uploads\/2025\/07\/mental-health-partners-300x95.png\" alt=\"Mental Health Partners\" width=\"300\" height=\"95\" srcset=\"https:\/\/nbrhc.on.ca\/wp-content\/uploads\/2025\/07\/mental-health-partners-300x95.png 300w, https:\/\/nbrhc.on.ca\/wp-content\/uploads\/2025\/07\/mental-health-partners.png 606w\" sizes=\"auto, (max-width: 300px) 100vw, 300px\" \/><\/p>\n<h2>\u00c0 propos des Partenaires en sant\u00e9 mentale<\/h2>\n<p>Fond\u00e9e en 2010 en tant qu\u2019alliance strat\u00e9gique entre les quatre \u00e9tablissements psychiatriques autonomes sp\u00e9cialis\u00e9s de l\u2019Ontario, l\u2019initiative Partenaires en sant\u00e9 mentale a permis \u00e0 ses membres de travailler ensemble ainsi qu\u2019avec d\u2019autres partenaires du syst\u00e8me afin d\u2019am\u00e9liorer les r\u00e9sultats pour les clients atteints de maladies mentales ou de troubles li\u00e9 \u00e0 la consommation de substances complexes.<\/p>\n<p>En 2021, l\u2019initiative s\u2019est \u00e9largie pour inclure les cinq h\u00f4pitaux psychiatriques provinciaux restants qui ont \u00e9t\u00e9 transf\u00e9r\u00e9s vers le syst\u00e8me public. La grande majorit\u00e9 de nos membres sont des h\u00f4pitaux de psychiatrie l\u00e9gale. Ensemble, les h\u00f4pitaux membres de l\u2019initiative soutiennent les r\u00e9sidents de l\u2019Ontario atteints des maladies mentales et de troubles li\u00e9s \u00e0 la consommation de substances les plus graves et les plus persistants en\u00a0:<\/p>\n<ul>\n<li>fournissant des soins cliniques hautement sp\u00e9cialis\u00e9s;<\/li>\n<li>s\u2019int\u00e9grant au niveau local pour fournir et soutenir les soins aux patients \u00e0 tous les niveaux de besoins;<\/li>\n<li>fournissant un forum d\u2019\u00e9ducation, d\u2019\u00e9change de connaissances, de recherche et d\u2019innovation en mati\u00e8re de soins de sant\u00e9 mentale et de sant\u00e9 li\u00e9e \u00e0 la consommation de substances qui permet la mise en place d\u2019un syst\u00e8me coordonn\u00e9 de soins fond\u00e9s sur des donn\u00e9es probantes.<\/li>\n<\/ul>\n<h2>Le groupe des Partenaires en sant\u00e9 mentale atteint cet objectif gr\u00e2ce \u00e0 diverses initiatives, telles que\u00a0:<\/h2>\n<ul>\n<li>l\u2019\u00e9tablissement de relations significatives avec les partenaires hospitaliers, communautaires et gouvernementaux\u00a0;<\/li>\n<li>la mise \u00e0 disposition d\u2019une expertise clinique et en mati\u00e8re d\u2019innovation pour guider l\u2019\u00e9laboration d\u2019une politique publique efficace et la prestation de services de soins de sant\u00e9 mentale de haute qualit\u00e9 en Ontario;<\/li>\n<li>la promotion active de solutions visant \u00e0 all\u00e9ger la pression sur les h\u00f4pitaux de soins actifs et les soins primaires, afin d\u2019am\u00e9liorer l\u2019acc\u00e8s aux services.<\/li>\n<\/ul>\n<h2>L&rsquo;initiative Partenaires en sant\u00e9 mentale regroupe\u00a0:<\/h2>\n<ul>\n<li>Centre de toxicomanie et de sant\u00e9 mentale (CAMH)<\/li>\n<li>Centre de sant\u00e9 r\u00e9gional North Bay<\/li>\n<li>Centre des sciences de la sant\u00e9 mentale Ontario Shores<\/li>\n<li>Providence Care<\/li>\n<li>Centre de sant\u00e9 mentale Royal Ottawa<\/li>\n<li>St. Joseph\u2019s Care Group<\/li>\n<li>St. Joseph\u2019s Health Care \u00e0 London<\/li>\n<li>St. Joseph\u2019s Healthcare \u00e0 Hamilton<\/li>\n<li>Centre de soins de sant\u00e9 mentale Waypoint<\/li>\n<\/ul>\n<p>Cliquez <a class=\"ext\" title=\"(opens in a new window)\" href=\"https:\/\/www.mentalhealthpartners.ca\/post\/2024-in-review\" target=\"_blank\" rel=\"noopener\" data-extlink=\"\">ici<\/a> pour visiter le site Web de l\u2019initiative Partenaires en sant\u00e9 mentale.\u00a0(D\u00e9sol\u00e9, le site n&rsquo;est disponible qu&rsquo;en anglais.)<\/p>\n<p>&nbsp;<\/p>\n<p><a href=\"https:\/\/nbrhc.on.ca\/wp-content\/uploads\/2021\/08\/mhp2.png\"><img loading=\"lazy\" decoding=\"async\" class=\"alignnone wp-image-27249 size-large\" title=\"mhp2\" src=\"https:\/\/nbrhc.on.ca\/wp-content\/uploads\/2021\/08\/mhp2-1024x78.png\" alt=\"Partners logos\" width=\"1024\" height=\"78\" srcset=\"https:\/\/nbrhc.on.ca\/wp-content\/uploads\/2021\/08\/mhp2-1024x78.png 1024w, https:\/\/nbrhc.on.ca\/wp-content\/uploads\/2021\/08\/mhp2-300x23.png 300w, https:\/\/nbrhc.on.ca\/wp-content\/uploads\/2021\/08\/mhp2-768x58.png 768w, https:\/\/nbrhc.on.ca\/wp-content\/uploads\/2021\/08\/mhp2-1536x117.png 1536w, https:\/\/nbrhc.on.ca\/wp-content\/uploads\/2021\/08\/mhp2-2048x156.png 2048w\" sizes=\"auto, (max-width: 1024px) 100vw, 1024px\" \/><\/a><\/p>\n","protected":false},"excerpt":{"rendered":"<p>\u00c0 propos des Partenaires en sant\u00e9 mentale Fond\u00e9e en 2010 en tant qu\u2019alliance strat\u00e9gique entre les quatre \u00e9tablissements psychiatriques autonomes sp\u00e9cialis\u00e9s de l\u2019Ontario, l\u2019initiative Partenaires en sant\u00e9 mentale a permis [&hellip;]<\/p>\n","protected":false},"author":17,"featured_media":0,"parent":1462,"menu_order":0,"comment_status":"closed","ping_status":"closed","template":"","meta":{"_acf_changed":false,"_monsterinsights_skip_tracking":false,"_monsterinsights_sitenote_active":false,"_monsterinsights_sitenote_note":"","_monsterinsights_sitenote_category":0,"footnotes":"","_links_to":"","_links_to_target":"","_wp_rev_ctl_limit":""},"tags":[],"class_list":["post-26909","page","type-page","status-publish","hentry"],"acf":[],"yoast_head":"<!-- This site is optimized with the Yoast SEO plugin v27.4 - https:\/\/yoast.com\/product\/yoast-seo-wordpress\/ -->\n<title>Partenaires en sant\u00e9 mentale - NBRHC<\/title>\n<meta name=\"robots\" content=\"index, follow, max-snippet:-1, max-image-preview:large, max-video-preview:-1\" \/>\n<link rel=\"canonical\" href=\"https:\/\/nbrhc.on.ca\/fr\/a-propos-de-nous\/partenaires-en-sante-mentale\/\" \/>\n<meta property=\"og:locale\" content=\"fr_FR\" \/>\n<meta property=\"og:type\" content=\"article\" \/>\n<meta property=\"og:title\" content=\"Partenaires en sant\u00e9 mentale - NBRHC\" \/>\n<meta property=\"og:description\" content=\"\u00c0 propos des Partenaires en sant\u00e9 mentale Fond\u00e9e en 2010 en tant qu\u2019alliance strat\u00e9gique entre les quatre \u00e9tablissements psychiatriques autonomes sp\u00e9cialis\u00e9s de l\u2019Ontario, l\u2019initiative Partenaires en sant\u00e9 mentale a permis [&hellip;]\" \/>\n<meta property=\"og:url\" content=\"https:\/\/nbrhc.on.ca\/fr\/a-propos-de-nous\/partenaires-en-sante-mentale\/\" \/>\n<meta property=\"og:site_name\" content=\"NBRHC\" \/>\n<meta property=\"article:publisher\" content=\"https:\/\/www.facebook.com\/nbrhc\" \/>\n<meta property=\"article:modified_time\" content=\"2025-07-11T15:06:21+00:00\" \/>\n<meta property=\"og:image\" content=\"https:\/\/nbrhc.on.ca\/wp-content\/uploads\/2025\/07\/mental-health-partners.png\" \/>\n\t<meta property=\"og:image:width\" content=\"606\" \/>\n\t<meta property=\"og:image:height\" content=\"192\" \/>\n\t<meta property=\"og:image:type\" content=\"image\/png\" \/>\n<meta name=\"twitter:label1\" content=\"Dur\u00e9e de lecture estim\u00e9e\" \/>\n\t<meta name=\"twitter:data1\" content=\"2 minutes\" \/>\n<script type=\"application\/ld+json\" class=\"yoast-schema-graph\">{\"@context\":\"https:\\\/\\\/schema.org\",\"@graph\":[{\"@type\":\"WebPage\",\"@id\":\"https:\\\/\\\/nbrhc.on.ca\\\/fr\\\/a-propos-de-nous\\\/partenaires-en-sante-mentale\\\/\",\"url\":\"https:\\\/\\\/nbrhc.on.ca\\\/fr\\\/a-propos-de-nous\\\/partenaires-en-sante-mentale\\\/\",\"name\":\"Partenaires en sant\u00e9 mentale - NBRHC\",\"isPartOf\":{\"@id\":\"https:\\\/\\\/nbrhc.on.ca\\\/#website\"},\"primaryImageOfPage\":{\"@id\":\"https:\\\/\\\/nbrhc.on.ca\\\/fr\\\/a-propos-de-nous\\\/partenaires-en-sante-mentale\\\/#primaryimage\"},\"image\":{\"@id\":\"https:\\\/\\\/nbrhc.on.ca\\\/fr\\\/a-propos-de-nous\\\/partenaires-en-sante-mentale\\\/#primaryimage\"},\"thumbnailUrl\":\"https:\\\/\\\/nbrhc.on.ca\\\/wp-content\\\/uploads\\\/2025\\\/07\\\/mental-health-partners-300x95.png\",\"datePublished\":\"2021-07-29T17:13:50+00:00\",\"dateModified\":\"2025-07-11T15:06:21+00:00\",\"breadcrumb\":{\"@id\":\"https:\\\/\\\/nbrhc.on.ca\\\/fr\\\/a-propos-de-nous\\\/partenaires-en-sante-mentale\\\/#breadcrumb\"},\"inLanguage\":\"fr-FR\",\"potentialAction\":[{\"@type\":\"ReadAction\",\"target\":[\"https:\\\/\\\/nbrhc.on.ca\\\/fr\\\/a-propos-de-nous\\\/partenaires-en-sante-mentale\\\/\"]}]},{\"@type\":\"ImageObject\",\"inLanguage\":\"fr-FR\",\"@id\":\"https:\\\/\\\/nbrhc.on.ca\\\/fr\\\/a-propos-de-nous\\\/partenaires-en-sante-mentale\\\/#primaryimage\",\"url\":\"https:\\\/\\\/nbrhc.on.ca\\\/wp-content\\\/uploads\\\/2025\\\/07\\\/mental-health-partners-300x95.png\",\"contentUrl\":\"https:\\\/\\\/nbrhc.on.ca\\\/wp-content\\\/uploads\\\/2025\\\/07\\\/mental-health-partners-300x95.png\"},{\"@type\":\"BreadcrumbList\",\"@id\":\"https:\\\/\\\/nbrhc.on.ca\\\/fr\\\/a-propos-de-nous\\\/partenaires-en-sante-mentale\\\/#breadcrumb\",\"itemListElement\":[{\"@type\":\"ListItem\",\"position\":1,\"name\":\"Home\",\"item\":\"https:\\\/\\\/nbrhc.on.ca\\\/fr\\\/\"},{\"@type\":\"ListItem\",\"position\":2,\"name\":\"\u00c0 propos de nous\",\"item\":\"https:\\\/\\\/nbrhc.on.ca\\\/fr\\\/a-propos-de-nous\\\/\"},{\"@type\":\"ListItem\",\"position\":3,\"name\":\"Partenaires en sant\u00e9 mentale\"}]},{\"@type\":\"WebSite\",\"@id\":\"https:\\\/\\\/nbrhc.on.ca\\\/#website\",\"url\":\"https:\\\/\\\/nbrhc.on.ca\\\/\",\"name\":\"NBRHC\",\"description\":\"North Bay Regional Health Centre\",\"publisher\":{\"@id\":\"https:\\\/\\\/nbrhc.on.ca\\\/#organization\"},\"potentialAction\":[{\"@type\":\"SearchAction\",\"target\":{\"@type\":\"EntryPoint\",\"urlTemplate\":\"https:\\\/\\\/nbrhc.on.ca\\\/?s={search_term_string}\"},\"query-input\":{\"@type\":\"PropertyValueSpecification\",\"valueRequired\":true,\"valueName\":\"search_term_string\"}}],\"inLanguage\":\"fr-FR\"},{\"@type\":\"Organization\",\"@id\":\"https:\\\/\\\/nbrhc.on.ca\\\/#organization\",\"name\":\"North Bay Regional Health Centre\",\"url\":\"https:\\\/\\\/nbrhc.on.ca\\\/\",\"logo\":{\"@type\":\"ImageObject\",\"inLanguage\":\"fr-FR\",\"@id\":\"https:\\\/\\\/nbrhc.on.ca\\\/#\\\/schema\\\/logo\\\/image\\\/\",\"url\":\"https:\\\/\\\/nbrhc.on.ca\\\/wp-content\\\/uploads\\\/2015\\\/07\\\/logo.jpg\",\"contentUrl\":\"https:\\\/\\\/nbrhc.on.ca\\\/wp-content\\\/uploads\\\/2015\\\/07\\\/logo.jpg\",\"width\":870,\"height\":128,\"caption\":\"North Bay Regional Health Centre\"},\"image\":{\"@id\":\"https:\\\/\\\/nbrhc.on.ca\\\/#\\\/schema\\\/logo\\\/image\\\/\"},\"sameAs\":[\"https:\\\/\\\/www.facebook.com\\\/nbrhc\",\"https:\\\/\\\/x.com\\\/NBRHC\",\"https:\\\/\\\/www.linkedin.com\\\/company\\\/north-bay-regional-health-centre-nbrhc\",\"https:\\\/\\\/www.pinterest.com\\\/nbrhc\",\"https:\\\/\\\/www.youtube.com\\\/TheNBRHC\"]}]}<\/script>\n<!-- \/ Yoast SEO plugin. -->","yoast_head_json":{"title":"Partenaires en sant\u00e9 mentale - NBRHC","robots":{"index":"index","follow":"follow","max-snippet":"max-snippet:-1","max-image-preview":"max-image-preview:large","max-video-preview":"max-video-preview:-1"},"canonical":"https:\/\/nbrhc.on.ca\/fr\/a-propos-de-nous\/partenaires-en-sante-mentale\/","og_locale":"fr_FR","og_type":"article","og_title":"Partenaires en sant\u00e9 mentale - NBRHC","og_description":"\u00c0 propos des Partenaires en sant\u00e9 mentale Fond\u00e9e en 2010 en tant qu\u2019alliance strat\u00e9gique entre les quatre \u00e9tablissements psychiatriques autonomes sp\u00e9cialis\u00e9s de l\u2019Ontario, l\u2019initiative Partenaires en sant\u00e9 mentale a permis [&hellip;]","og_url":"https:\/\/nbrhc.on.ca\/fr\/a-propos-de-nous\/partenaires-en-sante-mentale\/","og_site_name":"NBRHC","article_publisher":"https:\/\/www.facebook.com\/nbrhc","article_modified_time":"2025-07-11T15:06:21+00:00","og_image":[{"width":606,"height":192,"url":"https:\/\/nbrhc.on.ca\/wp-content\/uploads\/2025\/07\/mental-health-partners.png","type":"image\/png"}],"twitter_misc":{"Dur\u00e9e de lecture estim\u00e9e":"2 minutes"},"schema":{"@context":"https:\/\/schema.org","@graph":[{"@type":"WebPage","@id":"https:\/\/nbrhc.on.ca\/fr\/a-propos-de-nous\/partenaires-en-sante-mentale\/","url":"https:\/\/nbrhc.on.ca\/fr\/a-propos-de-nous\/partenaires-en-sante-mentale\/","name":"Partenaires en sant\u00e9 mentale - NBRHC","isPartOf":{"@id":"https:\/\/nbrhc.on.ca\/#website"},"primaryImageOfPage":{"@id":"https:\/\/nbrhc.on.ca\/fr\/a-propos-de-nous\/partenaires-en-sante-mentale\/#primaryimage"},"image":{"@id":"https:\/\/nbrhc.on.ca\/fr\/a-propos-de-nous\/partenaires-en-sante-mentale\/#primaryimage"},"thumbnailUrl":"https:\/\/nbrhc.on.ca\/wp-content\/uploads\/2025\/07\/mental-health-partners-300x95.png","datePublished":"2021-07-29T17:13:50+00:00","dateModified":"2025-07-11T15:06:21+00:00","breadcrumb":{"@id":"https:\/\/nbrhc.on.ca\/fr\/a-propos-de-nous\/partenaires-en-sante-mentale\/#breadcrumb"},"inLanguage":"fr-FR","potentialAction":[{"@type":"ReadAction","target":["https:\/\/nbrhc.on.ca\/fr\/a-propos-de-nous\/partenaires-en-sante-mentale\/"]}]},{"@type":"ImageObject","inLanguage":"fr-FR","@id":"https:\/\/nbrhc.on.ca\/fr\/a-propos-de-nous\/partenaires-en-sante-mentale\/#primaryimage","url":"https:\/\/nbrhc.on.ca\/wp-content\/uploads\/2025\/07\/mental-health-partners-300x95.png","contentUrl":"https:\/\/nbrhc.on.ca\/wp-content\/uploads\/2025\/07\/mental-health-partners-300x95.png"},{"@type":"BreadcrumbList","@id":"https:\/\/nbrhc.on.ca\/fr\/a-propos-de-nous\/partenaires-en-sante-mentale\/#breadcrumb","itemListElement":[{"@type":"ListItem","position":1,"name":"Home","item":"https:\/\/nbrhc.on.ca\/fr\/"},{"@type":"ListItem","position":2,"name":"\u00c0 propos de nous","item":"https:\/\/nbrhc.on.ca\/fr\/a-propos-de-nous\/"},{"@type":"ListItem","position":3,"name":"Partenaires en sant\u00e9 mentale"}]},{"@type":"WebSite","@id":"https:\/\/nbrhc.on.ca\/#website","url":"https:\/\/nbrhc.on.ca\/","name":"NBRHC","description":"North Bay Regional Health Centre","publisher":{"@id":"https:\/\/nbrhc.on.ca\/#organization"},"potentialAction":[{"@type":"SearchAction","target":{"@type":"EntryPoint","urlTemplate":"https:\/\/nbrhc.on.ca\/?s={search_term_string}"},"query-input":{"@type":"PropertyValueSpecification","valueRequired":true,"valueName":"search_term_string"}}],"inLanguage":"fr-FR"},{"@type":"Organization","@id":"https:\/\/nbrhc.on.ca\/#organization","name":"North Bay Regional Health Centre","url":"https:\/\/nbrhc.on.ca\/","logo":{"@type":"ImageObject","inLanguage":"fr-FR","@id":"https:\/\/nbrhc.on.ca\/#\/schema\/logo\/image\/","url":"https:\/\/nbrhc.on.ca\/wp-content\/uploads\/2015\/07\/logo.jpg","contentUrl":"https:\/\/nbrhc.on.ca\/wp-content\/uploads\/2015\/07\/logo.jpg","width":870,"height":128,"caption":"North Bay Regional Health Centre"},"image":{"@id":"https:\/\/nbrhc.on.ca\/#\/schema\/logo\/image\/"},"sameAs":["https:\/\/www.facebook.com\/nbrhc","https:\/\/x.com\/NBRHC","https:\/\/www.linkedin.com\/company\/north-bay-regional-health-centre-nbrhc","https:\/\/www.pinterest.com\/nbrhc","https:\/\/www.youtube.com\/TheNBRHC"]}]}},"_links":{"self":[{"href":"https:\/\/nbrhc.on.ca\/fr\/wp-json\/wp\/v2\/pages\/26909","targetHints":{"allow":["GET"]}}],"collection":[{"href":"https:\/\/nbrhc.on.ca\/fr\/wp-json\/wp\/v2\/pages"}],"about":[{"href":"https:\/\/nbrhc.on.ca\/fr\/wp-json\/wp\/v2\/types\/page"}],"author":[{"embeddable":true,"href":"https:\/\/nbrhc.on.ca\/fr\/wp-json\/wp\/v2\/users\/17"}],"replies":[{"embeddable":true,"href":"https:\/\/nbrhc.on.ca\/fr\/wp-json\/wp\/v2\/comments?post=26909"}],"version-history":[{"count":5,"href":"https:\/\/nbrhc.on.ca\/fr\/wp-json\/wp\/v2\/pages\/26909\/revisions"}],"predecessor-version":[{"id":45034,"href":"https:\/\/nbrhc.on.ca\/fr\/wp-json\/wp\/v2\/pages\/26909\/revisions\/45034"}],"up":[{"embeddable":true,"href":"https:\/\/nbrhc.on.ca\/fr\/wp-json\/wp\/v2\/pages\/1462"}],"wp:attachment":[{"href":"https:\/\/nbrhc.on.ca\/fr\/wp-json\/wp\/v2\/media?parent=26909"}],"wp:term":[{"taxonomy":"post_tag","embeddable":true,"href":"https:\/\/nbrhc.on.ca\/fr\/wp-json\/wp\/v2\/tags?post=26909"}],"curies":[{"name":"wp","href":"https:\/\/api.w.org\/{rel}","templated":true}]}}