{"id":2727,"date":"2014-04-29T10:00:21","date_gmt":"2014-04-29T14:00:21","guid":{"rendered":"http:\/\/www.nbrhc.on.ca\/?page_id=2727"},"modified":"2021-11-22T09:40:11","modified_gmt":"2021-11-22T14:40:11","slug":"indicateurs-de-la-securite-des-patientes-et-patients","status":"publish","type":"page","link":"https:\/\/nbrhc.on.ca\/fr\/responsabilisation\/indicateurs-de-la-securite-des-patientes-et-patients\/","title":{"rendered":"Indicateurs de la s\u00e9curit\u00e9 des patientes et patients"},"content":{"rendered":"<h2>Taux d&rsquo;infection et de pr\u00e9vention<\/h2>\n<p>Afin d&rsquo;appuyer le nouveau programme de divulgation publique du gouvernement provincial et de continuer \u00e0 am\u00e9liorer la qualit\u00e9 et la s\u00e9curit\u00e9 des programmes, le CRSNB a commenc\u00e9 \u00e0 transmettre des renseignements sur des taux d&rsquo;infection associ\u00e9e aux soins de sant\u00e9. La divulgation publique permet d&rsquo;\u00e9tablir une base de r\u00e9f\u00e9rence permettant de suivre ces taux au fil du temps. Si nous estimons que nos taux sont sup\u00e9rieurs \u00e0 la base de r\u00e9f\u00e9rence, nous pouvons analyser nos processus \u00e0 l&rsquo;interne, cerner les domaines \u00e0 am\u00e9liorer et mettre en oeuvre des strat\u00e9gies afin de r\u00e9duire l&rsquo;incidence de ces infections au sein de notre organisme. Les patientes et patients doivent savoir que notre h\u00f4pital est s\u00e9curitaire, que les soins y \u00e9tant prodigu\u00e9s sont excellents et qu&rsquo;on fait tout en son pouvoir pour qu&rsquo;ils le demeurent.<\/p>\n<p>Les indicateurs suivants ont \u00e9t\u00e9 affich\u00e9s sur notre site et sur celui du <em><a href=\"https:\/\/www.hqontario.ca\/Rendement-du-syst%C3%A8me\/S%C3%A9curit%C3%A9-des-patients-%C3%A0-lh%C3%B4pital\" target=\"_blank\" rel=\"noopener\">Qualit\u00e9 des services de sant\u00e9 Ontario<\/a>.<\/em><\/p>\n<ul>\n<li><a title=\"Ent\u00e9rocoque r\u00e9sistant \u00e0 la vancomycine (ERV)\" href=\"\/fr\/responsabilisation\/indicateurs-de-la-securite-des-patientes-et-patients\/enterocoque-resistant-la-vancomycine-erv\/\">ent\u00e9rocoques r\u00e9sistants \u00e0 la vancomycine (ERV)<\/a><\/li>\n<li><a title=\"L\u2019hygi\u00e8ne des mains\" href=\"\/fr\/responsabilisation\/indicateurs-de-la-securite-des-patientes-et-patients\/lhygiene-des-mains\/\">l&rsquo;hygi\u00e8ne des mains<\/a><\/li>\n<li><a title=\"Liste de v\u00e9rification d\u2019une chirurgie s\u00e9curitaire\" href=\"\/fr\/responsabilisation\/indicateurs-de-la-securite-des-patientes-et-patients\/liste-de-verification-dune-chirurgie-securitaire\/\">liste de v\u00e9rification d&rsquo;une chirurgie s\u00e9curitaire<\/a><\/li>\n<li><a title=\"Maladies associ\u00e9es au Clostridium difficile (MACD)\" href=\"\/fr\/responsabilisation\/indicateurs-de-la-securite-des-patientes-et-patients\/maladies-associees-au-clostridium-difficile-macd\/\">maladies associ\u00e9es au Clostridium difficile (MACD)<\/a><\/li>\n<li><a href=\"\/fr\/responsabilisation\/indicateurs-de-la-securite-des-patientes-et-patients\/prevention-des-infections-du-champ-operatoire\/\">Pr\u00e9vention des infections du champ op\u00e9ratoire<\/a><\/li>\n<li><a title=\"Staphylococcus aureus r\u00e9sistant \u00e0 la m\u00e9thicilline (SARM)\" href=\"\/fr\/responsabilisation\/indicateurs-de-la-securite-des-patientes-et-patients\/staphylococcus-aureus-resistant-la-methicilline-sarm\/\">staphylococcus aureus r\u00e9sistant \u00e0 la m\u00e9thicilline (SARM)<\/a><\/li>\n<\/ul>\n<p>Pour consulter nos taux et obtenir plus de renseignements sur chacun des indicateurs, veuillez cliquer sur l&rsquo;un ou l&rsquo;autre des liens ci-dessus.<\/p>\n","protected":false},"excerpt":{"rendered":"<p>Taux d&rsquo;infection et de pr\u00e9vention Afin d&rsquo;appuyer le nouveau programme de divulgation publique du gouvernement provincial et de continuer \u00e0 am\u00e9liorer la qualit\u00e9 et la s\u00e9curit\u00e9 des programmes, le CRSNB [&hellip;]<\/p>\n","protected":false},"author":17,"featured_media":0,"parent":1522,"menu_order":0,"comment_status":"open","ping_status":"open","template":"","meta":{"_acf_changed":false,"_monsterinsights_skip_tracking":false,"_monsterinsights_sitenote_active":false,"_monsterinsights_sitenote_note":"","_monsterinsights_sitenote_category":0,"footnotes":"","_links_to":"","_links_to_target":"","_wp_rev_ctl_limit":""},"tags":[593,591,592,594,595],"class_list":["post-2727","page","type-page","status-publish","hentry","tag-indicateurs-de-la-securite","tag-indicateurs-de-la-securite-des-patientes","tag-indicateurs-de-la-securite-des-patients","tag-taux-dinfection","tag-taux-dinfection-et-de-prevention"],"acf":[],"yoast_head":"<!-- This site is optimized with the Yoast SEO plugin v27.4 - https:\/\/yoast.com\/product\/yoast-seo-wordpress\/ -->\n<title>Indicateurs de la s\u00e9curit\u00e9 des patientes et patients<\/title>\n<meta name=\"description\" content=\"Le CRSNB signale les infections associ\u00e9es aux soins de sant\u00e9, ce qui \u00e9tablit une base de r\u00e9f\u00e9rence et aide \u00e0 suivre les taux au fil du temps\" \/>\n<meta name=\"robots\" content=\"index, follow, max-snippet:-1, max-image-preview:large, max-video-preview:-1\" \/>\n<link rel=\"canonical\" href=\"https:\/\/nbrhc.on.ca\/fr\/responsabilisation\/indicateurs-de-la-securite-des-patientes-et-patients\/\" \/>\n<meta property=\"og:locale\" content=\"fr_FR\" \/>\n<meta property=\"og:type\" content=\"article\" \/>\n<meta property=\"og:title\" content=\"Indicateurs de la s\u00e9curit\u00e9 des patientes et patients\" \/>\n<meta property=\"og:description\" content=\"Le CRSNB signale les infections associ\u00e9es aux soins de sant\u00e9, ce qui \u00e9tablit une base de r\u00e9f\u00e9rence et aide \u00e0 suivre les taux au fil du temps\" \/>\n<meta property=\"og:url\" content=\"https:\/\/nbrhc.on.ca\/fr\/responsabilisation\/indicateurs-de-la-securite-des-patientes-et-patients\/\" \/>\n<meta property=\"og:site_name\" content=\"NBRHC\" \/>\n<meta property=\"article:publisher\" content=\"https:\/\/www.facebook.com\/nbrhc\" \/>\n<meta property=\"article:modified_time\" content=\"2021-11-22T14:40:11+00:00\" \/>\n<meta property=\"og:image\" content=\"https:\/\/nbrhc.on.ca\/wp-content\/uploads\/2015\/07\/icon_col.jpeg\" \/>\n\t<meta property=\"og:image:width\" content=\"619\" \/>\n\t<meta property=\"og:image:height\" content=\"619\" \/>\n\t<meta property=\"og:image:type\" content=\"image\/jpeg\" \/>\n<meta name=\"twitter:label1\" content=\"Dur\u00e9e de lecture estim\u00e9e\" \/>\n\t<meta name=\"twitter:data1\" content=\"1 minute\" \/>\n<script type=\"application\/ld+json\" class=\"yoast-schema-graph\">{\"@context\":\"https:\\\/\\\/schema.org\",\"@graph\":[{\"@type\":\"WebPage\",\"@id\":\"https:\\\/\\\/nbrhc.on.ca\\\/fr\\\/responsabilisation\\\/indicateurs-de-la-securite-des-patientes-et-patients\\\/\",\"url\":\"https:\\\/\\\/nbrhc.on.ca\\\/fr\\\/responsabilisation\\\/indicateurs-de-la-securite-des-patientes-et-patients\\\/\",\"name\":\"Indicateurs de la s\u00e9curit\u00e9 des patientes et patients\",\"isPartOf\":{\"@id\":\"https:\\\/\\\/nbrhc.on.ca\\\/#website\"},\"datePublished\":\"2014-04-29T14:00:21+00:00\",\"dateModified\":\"2021-11-22T14:40:11+00:00\",\"description\":\"Le CRSNB signale les infections associ\u00e9es aux soins de sant\u00e9, ce qui \u00e9tablit une base de r\u00e9f\u00e9rence et aide \u00e0 suivre les taux au fil du temps\",\"breadcrumb\":{\"@id\":\"https:\\\/\\\/nbrhc.on.ca\\\/fr\\\/responsabilisation\\\/indicateurs-de-la-securite-des-patientes-et-patients\\\/#breadcrumb\"},\"inLanguage\":\"fr-FR\",\"potentialAction\":[{\"@type\":\"ReadAction\",\"target\":[\"https:\\\/\\\/nbrhc.on.ca\\\/fr\\\/responsabilisation\\\/indicateurs-de-la-securite-des-patientes-et-patients\\\/\"]}]},{\"@type\":\"BreadcrumbList\",\"@id\":\"https:\\\/\\\/nbrhc.on.ca\\\/fr\\\/responsabilisation\\\/indicateurs-de-la-securite-des-patientes-et-patients\\\/#breadcrumb\",\"itemListElement\":[{\"@type\":\"ListItem\",\"position\":1,\"name\":\"Home\",\"item\":\"https:\\\/\\\/nbrhc.on.ca\\\/fr\\\/\"},{\"@type\":\"ListItem\",\"position\":2,\"name\":\"Responsabilisation\",\"item\":\"https:\\\/\\\/nbrhc.on.ca\\\/fr\\\/responsabilisation\\\/\"},{\"@type\":\"ListItem\",\"position\":3,\"name\":\"Indicateurs de la s\u00e9curit\u00e9 des patientes et patients\"}]},{\"@type\":\"WebSite\",\"@id\":\"https:\\\/\\\/nbrhc.on.ca\\\/#website\",\"url\":\"https:\\\/\\\/nbrhc.on.ca\\\/\",\"name\":\"NBRHC\",\"description\":\"North Bay Regional Health Centre\",\"publisher\":{\"@id\":\"https:\\\/\\\/nbrhc.on.ca\\\/#organization\"},\"potentialAction\":[{\"@type\":\"SearchAction\",\"target\":{\"@type\":\"EntryPoint\",\"urlTemplate\":\"https:\\\/\\\/nbrhc.on.ca\\\/?s={search_term_string}\"},\"query-input\":{\"@type\":\"PropertyValueSpecification\",\"valueRequired\":true,\"valueName\":\"search_term_string\"}}],\"inLanguage\":\"fr-FR\"},{\"@type\":\"Organization\",\"@id\":\"https:\\\/\\\/nbrhc.on.ca\\\/#organization\",\"name\":\"North Bay Regional Health Centre\",\"url\":\"https:\\\/\\\/nbrhc.on.ca\\\/\",\"logo\":{\"@type\":\"ImageObject\",\"inLanguage\":\"fr-FR\",\"@id\":\"https:\\\/\\\/nbrhc.on.ca\\\/#\\\/schema\\\/logo\\\/image\\\/\",\"url\":\"https:\\\/\\\/nbrhc.on.ca\\\/wp-content\\\/uploads\\\/2015\\\/07\\\/logo.jpg\",\"contentUrl\":\"https:\\\/\\\/nbrhc.on.ca\\\/wp-content\\\/uploads\\\/2015\\\/07\\\/logo.jpg\",\"width\":870,\"height\":128,\"caption\":\"North Bay Regional Health Centre\"},\"image\":{\"@id\":\"https:\\\/\\\/nbrhc.on.ca\\\/#\\\/schema\\\/logo\\\/image\\\/\"},\"sameAs\":[\"https:\\\/\\\/www.facebook.com\\\/nbrhc\",\"https:\\\/\\\/x.com\\\/NBRHC\",\"https:\\\/\\\/www.linkedin.com\\\/company\\\/north-bay-regional-health-centre-nbrhc\",\"https:\\\/\\\/www.pinterest.com\\\/nbrhc\",\"https:\\\/\\\/www.youtube.com\\\/TheNBRHC\"]}]}<\/script>\n<!-- \/ Yoast SEO plugin. -->","yoast_head_json":{"title":"Indicateurs de la s\u00e9curit\u00e9 des patientes et patients","description":"Le CRSNB signale les infections associ\u00e9es aux soins de sant\u00e9, ce qui \u00e9tablit une base de r\u00e9f\u00e9rence et aide \u00e0 suivre les taux au fil du temps","robots":{"index":"index","follow":"follow","max-snippet":"max-snippet:-1","max-image-preview":"max-image-preview:large","max-video-preview":"max-video-preview:-1"},"canonical":"https:\/\/nbrhc.on.ca\/fr\/responsabilisation\/indicateurs-de-la-securite-des-patientes-et-patients\/","og_locale":"fr_FR","og_type":"article","og_title":"Indicateurs de la s\u00e9curit\u00e9 des patientes et patients","og_description":"Le CRSNB signale les infections associ\u00e9es aux soins de sant\u00e9, ce qui \u00e9tablit une base de r\u00e9f\u00e9rence et aide \u00e0 suivre les taux au fil du temps","og_url":"https:\/\/nbrhc.on.ca\/fr\/responsabilisation\/indicateurs-de-la-securite-des-patientes-et-patients\/","og_site_name":"NBRHC","article_publisher":"https:\/\/www.facebook.com\/nbrhc","article_modified_time":"2021-11-22T14:40:11+00:00","og_image":[{"width":619,"height":619,"url":"https:\/\/nbrhc.on.ca\/wp-content\/uploads\/2015\/07\/icon_col.jpeg","type":"image\/jpeg"}],"twitter_misc":{"Dur\u00e9e de lecture estim\u00e9e":"1 minute"},"schema":{"@context":"https:\/\/schema.org","@graph":[{"@type":"WebPage","@id":"https:\/\/nbrhc.on.ca\/fr\/responsabilisation\/indicateurs-de-la-securite-des-patientes-et-patients\/","url":"https:\/\/nbrhc.on.ca\/fr\/responsabilisation\/indicateurs-de-la-securite-des-patientes-et-patients\/","name":"Indicateurs de la s\u00e9curit\u00e9 des patientes et patients","isPartOf":{"@id":"https:\/\/nbrhc.on.ca\/#website"},"datePublished":"2014-04-29T14:00:21+00:00","dateModified":"2021-11-22T14:40:11+00:00","description":"Le CRSNB signale les infections associ\u00e9es aux soins de sant\u00e9, ce qui \u00e9tablit une base de r\u00e9f\u00e9rence et aide \u00e0 suivre les taux au fil du temps","breadcrumb":{"@id":"https:\/\/nbrhc.on.ca\/fr\/responsabilisation\/indicateurs-de-la-securite-des-patientes-et-patients\/#breadcrumb"},"inLanguage":"fr-FR","potentialAction":[{"@type":"ReadAction","target":["https:\/\/nbrhc.on.ca\/fr\/responsabilisation\/indicateurs-de-la-securite-des-patientes-et-patients\/"]}]},{"@type":"BreadcrumbList","@id":"https:\/\/nbrhc.on.ca\/fr\/responsabilisation\/indicateurs-de-la-securite-des-patientes-et-patients\/#breadcrumb","itemListElement":[{"@type":"ListItem","position":1,"name":"Home","item":"https:\/\/nbrhc.on.ca\/fr\/"},{"@type":"ListItem","position":2,"name":"Responsabilisation","item":"https:\/\/nbrhc.on.ca\/fr\/responsabilisation\/"},{"@type":"ListItem","position":3,"name":"Indicateurs de la s\u00e9curit\u00e9 des patientes et patients"}]},{"@type":"WebSite","@id":"https:\/\/nbrhc.on.ca\/#website","url":"https:\/\/nbrhc.on.ca\/","name":"NBRHC","description":"North Bay Regional Health Centre","publisher":{"@id":"https:\/\/nbrhc.on.ca\/#organization"},"potentialAction":[{"@type":"SearchAction","target":{"@type":"EntryPoint","urlTemplate":"https:\/\/nbrhc.on.ca\/?s={search_term_string}"},"query-input":{"@type":"PropertyValueSpecification","valueRequired":true,"valueName":"search_term_string"}}],"inLanguage":"fr-FR"},{"@type":"Organization","@id":"https:\/\/nbrhc.on.ca\/#organization","name":"North Bay Regional Health Centre","url":"https:\/\/nbrhc.on.ca\/","logo":{"@type":"ImageObject","inLanguage":"fr-FR","@id":"https:\/\/nbrhc.on.ca\/#\/schema\/logo\/image\/","url":"https:\/\/nbrhc.on.ca\/wp-content\/uploads\/2015\/07\/logo.jpg","contentUrl":"https:\/\/nbrhc.on.ca\/wp-content\/uploads\/2015\/07\/logo.jpg","width":870,"height":128,"caption":"North Bay Regional Health Centre"},"image":{"@id":"https:\/\/nbrhc.on.ca\/#\/schema\/logo\/image\/"},"sameAs":["https:\/\/www.facebook.com\/nbrhc","https:\/\/x.com\/NBRHC","https:\/\/www.linkedin.com\/company\/north-bay-regional-health-centre-nbrhc","https:\/\/www.pinterest.com\/nbrhc","https:\/\/www.youtube.com\/TheNBRHC"]}]}},"_links":{"self":[{"href":"https:\/\/nbrhc.on.ca\/fr\/wp-json\/wp\/v2\/pages\/2727","targetHints":{"allow":["GET"]}}],"collection":[{"href":"https:\/\/nbrhc.on.ca\/fr\/wp-json\/wp\/v2\/pages"}],"about":[{"href":"https:\/\/nbrhc.on.ca\/fr\/wp-json\/wp\/v2\/types\/page"}],"author":[{"embeddable":true,"href":"https:\/\/nbrhc.on.ca\/fr\/wp-json\/wp\/v2\/users\/17"}],"replies":[{"embeddable":true,"href":"https:\/\/nbrhc.on.ca\/fr\/wp-json\/wp\/v2\/comments?post=2727"}],"version-history":[{"count":5,"href":"https:\/\/nbrhc.on.ca\/fr\/wp-json\/wp\/v2\/pages\/2727\/revisions"}],"predecessor-version":[{"id":27044,"href":"https:\/\/nbrhc.on.ca\/fr\/wp-json\/wp\/v2\/pages\/2727\/revisions\/27044"}],"up":[{"embeddable":true,"href":"https:\/\/nbrhc.on.ca\/fr\/wp-json\/wp\/v2\/pages\/1522"}],"wp:attachment":[{"href":"https:\/\/nbrhc.on.ca\/fr\/wp-json\/wp\/v2\/media?parent=2727"}],"wp:term":[{"taxonomy":"post_tag","embeddable":true,"href":"https:\/\/nbrhc.on.ca\/fr\/wp-json\/wp\/v2\/tags?post=2727"}],"curies":[{"name":"wp","href":"https:\/\/api.w.org\/{rel}","templated":true}]}}