{"id":2738,"date":"2014-04-29T10:20:03","date_gmt":"2014-04-29T14:20:03","guid":{"rendered":"http:\/\/www.nbrhc.on.ca\/?page_id=2738"},"modified":"2025-01-15T11:51:34","modified_gmt":"2025-01-15T16:51:34","slug":"staphylococcus-aureus-resistant-la-methicilline-sarm","status":"publish","type":"page","link":"https:\/\/nbrhc.on.ca\/fr\/responsabilisation\/indicateurs-de-la-securite-des-patientes-et-patients\/staphylococcus-aureus-resistant-la-methicilline-sarm\/","title":{"rendered":"Staphylococcus aureus r\u00e9sistant \u00e0 la m\u00e9thicilline (SARM)"},"content":{"rendered":"<h2>Taux d&rsquo;infection au Staphylococcus aureus r\u00e9sistant \u00e0 la m\u00e9thicilline (SARM) au CRSNB<\/h2>\n<p><img loading=\"lazy\" decoding=\"async\" class=\"aligncenter size-full wp-image-26798\" title=\"MRSA North Bay\" src=\"https:\/\/nbrhc.on.ca\/wp-content\/uploads\/2026\/02\/MRSA-North-Bay.png\" width=\"714\" height=\"418\" \/><\/p>\n<p><img loading=\"lazy\" decoding=\"async\" class=\"aligncenter size-full wp-image-26800\" title=\"MRSA Sudbury\" src=\"https:\/\/nbrhc.on.ca\/wp-content\/uploads\/2026\/02\/MRSA-Kirkwood.png\" alt=\"MRSA-Sudbury\" width=\"714\" height=\"418\" \/><\/p>\n","protected":false},"excerpt":{"rendered":"<p>Taux d&rsquo;infection au Staphylococcus aureus r\u00e9sistant \u00e0 la m\u00e9thicilline (SARM) au CRSNB<\/p>\n","protected":false},"author":17,"featured_media":0,"parent":2727,"menu_order":0,"comment_status":"open","ping_status":"open","template":"template-patient-safety.php","meta":{"_acf_changed":false,"_monsterinsights_skip_tracking":false,"_monsterinsights_sitenote_active":false,"_monsterinsights_sitenote_note":"","_monsterinsights_sitenote_category":0,"footnotes":"","_links_to":"","_links_to_target":"","_wp_rev_ctl_limit":""},"tags":[621,622,620],"class_list":["post-2738","page","type-page","status-publish","hentry","tag-sarm","tag-staphylococcus-fr","tag-staphylococcus-aureus-resistant-a-la-methicilline"],"acf":[],"yoast_head":"<!-- This site is optimized with the Yoast SEO plugin v27.4 - https:\/\/yoast.com\/product\/yoast-seo-wordpress\/ -->\n<title>Staphylococcus aureus r\u00e9sistant \u00e0 la m\u00e9thicilline (SARM)<\/title>\n<meta name=\"description\" content=\"Cette page contient des graphiques d&#039;infections r\u00e9centes \u00e0 SARM au campus principal du CRSNB \u00e0 North Bay et \u00e0 Kirkwood Place \u00e0 Sudbury\" \/>\n<meta name=\"robots\" content=\"index, follow, max-snippet:-1, max-image-preview:large, max-video-preview:-1\" \/>\n<link rel=\"canonical\" href=\"https:\/\/nbrhc.on.ca\/fr\/responsabilisation\/indicateurs-de-la-securite-des-patientes-et-patients\/staphylococcus-aureus-resistant-la-methicilline-sarm\/\" \/>\n<meta property=\"og:locale\" content=\"fr_FR\" \/>\n<meta property=\"og:type\" content=\"article\" \/>\n<meta property=\"og:title\" content=\"Staphylococcus aureus r\u00e9sistant \u00e0 la m\u00e9thicilline (SARM)\" \/>\n<meta property=\"og:description\" content=\"Cette page contient des graphiques d&#039;infections r\u00e9centes \u00e0 SARM au campus principal du CRSNB \u00e0 North Bay et \u00e0 Kirkwood Place \u00e0 Sudbury\" \/>\n<meta property=\"og:url\" content=\"https:\/\/nbrhc.on.ca\/fr\/responsabilisation\/indicateurs-de-la-securite-des-patientes-et-patients\/staphylococcus-aureus-resistant-la-methicilline-sarm\/\" \/>\n<meta property=\"og:site_name\" content=\"NBRHC\" \/>\n<meta property=\"article:publisher\" content=\"https:\/\/www.facebook.com\/nbrhc\" \/>\n<meta property=\"article:modified_time\" content=\"2025-01-15T16:51:34+00:00\" \/>\n<meta property=\"og:image\" content=\"https:\/\/nbrhc.on.ca\/wp-content\/uploads\/2015\/07\/icon_col.jpeg\" \/>\n\t<meta property=\"og:image:width\" content=\"619\" \/>\n\t<meta property=\"og:image:height\" content=\"619\" \/>\n\t<meta property=\"og:image:type\" content=\"image\/jpeg\" \/>\n<meta name=\"twitter:label1\" content=\"Dur\u00e9e de lecture estim\u00e9e\" \/>\n\t<meta name=\"twitter:data1\" content=\"1 minute\" \/>\n<script type=\"application\/ld+json\" class=\"yoast-schema-graph\">{\"@context\":\"https:\\\/\\\/schema.org\",\"@graph\":[{\"@type\":\"WebPage\",\"@id\":\"https:\\\/\\\/nbrhc.on.ca\\\/fr\\\/responsabilisation\\\/indicateurs-de-la-securite-des-patientes-et-patients\\\/staphylococcus-aureus-resistant-la-methicilline-sarm\\\/\",\"url\":\"https:\\\/\\\/nbrhc.on.ca\\\/fr\\\/responsabilisation\\\/indicateurs-de-la-securite-des-patientes-et-patients\\\/staphylococcus-aureus-resistant-la-methicilline-sarm\\\/\",\"name\":\"Staphylococcus aureus r\u00e9sistant \u00e0 la m\u00e9thicilline (SARM)\",\"isPartOf\":{\"@id\":\"https:\\\/\\\/nbrhc.on.ca\\\/#website\"},\"primaryImageOfPage\":{\"@id\":\"https:\\\/\\\/nbrhc.on.ca\\\/fr\\\/responsabilisation\\\/indicateurs-de-la-securite-des-patientes-et-patients\\\/staphylococcus-aureus-resistant-la-methicilline-sarm\\\/#primaryimage\"},\"image\":{\"@id\":\"https:\\\/\\\/nbrhc.on.ca\\\/fr\\\/responsabilisation\\\/indicateurs-de-la-securite-des-patientes-et-patients\\\/staphylococcus-aureus-resistant-la-methicilline-sarm\\\/#primaryimage\"},\"thumbnailUrl\":\"https:\\\/\\\/nbrhc.on.ca\\\/wp-content\\\/uploads\\\/2026\\\/02\\\/MRSA-North-Bay.png\",\"datePublished\":\"2014-04-29T14:20:03+00:00\",\"dateModified\":\"2025-01-15T16:51:34+00:00\",\"description\":\"Cette page contient des graphiques d'infections r\u00e9centes \u00e0 SARM au campus principal du CRSNB \u00e0 North Bay et \u00e0 Kirkwood Place \u00e0 Sudbury\",\"breadcrumb\":{\"@id\":\"https:\\\/\\\/nbrhc.on.ca\\\/fr\\\/responsabilisation\\\/indicateurs-de-la-securite-des-patientes-et-patients\\\/staphylococcus-aureus-resistant-la-methicilline-sarm\\\/#breadcrumb\"},\"inLanguage\":\"fr-FR\",\"potentialAction\":[{\"@type\":\"ReadAction\",\"target\":[\"https:\\\/\\\/nbrhc.on.ca\\\/fr\\\/responsabilisation\\\/indicateurs-de-la-securite-des-patientes-et-patients\\\/staphylococcus-aureus-resistant-la-methicilline-sarm\\\/\"]}]},{\"@type\":\"ImageObject\",\"inLanguage\":\"fr-FR\",\"@id\":\"https:\\\/\\\/nbrhc.on.ca\\\/fr\\\/responsabilisation\\\/indicateurs-de-la-securite-des-patientes-et-patients\\\/staphylococcus-aureus-resistant-la-methicilline-sarm\\\/#primaryimage\",\"url\":\"https:\\\/\\\/nbrhc.on.ca\\\/wp-content\\\/uploads\\\/2026\\\/02\\\/MRSA-North-Bay.png\",\"contentUrl\":\"https:\\\/\\\/nbrhc.on.ca\\\/wp-content\\\/uploads\\\/2026\\\/02\\\/MRSA-North-Bay.png\"},{\"@type\":\"BreadcrumbList\",\"@id\":\"https:\\\/\\\/nbrhc.on.ca\\\/fr\\\/responsabilisation\\\/indicateurs-de-la-securite-des-patientes-et-patients\\\/staphylococcus-aureus-resistant-la-methicilline-sarm\\\/#breadcrumb\",\"itemListElement\":[{\"@type\":\"ListItem\",\"position\":1,\"name\":\"Home\",\"item\":\"https:\\\/\\\/nbrhc.on.ca\\\/fr\\\/\"},{\"@type\":\"ListItem\",\"position\":2,\"name\":\"Responsabilisation\",\"item\":\"https:\\\/\\\/nbrhc.on.ca\\\/fr\\\/responsabilisation\\\/\"},{\"@type\":\"ListItem\",\"position\":3,\"name\":\"Indicateurs de la s\u00e9curit\u00e9 des patientes et patients\",\"item\":\"https:\\\/\\\/nbrhc.on.ca\\\/fr\\\/responsabilisation\\\/indicateurs-de-la-securite-des-patientes-et-patients\\\/\"},{\"@type\":\"ListItem\",\"position\":4,\"name\":\"Staphylococcus aureus r\u00e9sistant \u00e0 la m\u00e9thicilline (SARM)\"}]},{\"@type\":\"WebSite\",\"@id\":\"https:\\\/\\\/nbrhc.on.ca\\\/#website\",\"url\":\"https:\\\/\\\/nbrhc.on.ca\\\/\",\"name\":\"NBRHC\",\"description\":\"North Bay Regional Health Centre\",\"publisher\":{\"@id\":\"https:\\\/\\\/nbrhc.on.ca\\\/#organization\"},\"potentialAction\":[{\"@type\":\"SearchAction\",\"target\":{\"@type\":\"EntryPoint\",\"urlTemplate\":\"https:\\\/\\\/nbrhc.on.ca\\\/?s={search_term_string}\"},\"query-input\":{\"@type\":\"PropertyValueSpecification\",\"valueRequired\":true,\"valueName\":\"search_term_string\"}}],\"inLanguage\":\"fr-FR\"},{\"@type\":\"Organization\",\"@id\":\"https:\\\/\\\/nbrhc.on.ca\\\/#organization\",\"name\":\"North Bay Regional Health Centre\",\"url\":\"https:\\\/\\\/nbrhc.on.ca\\\/\",\"logo\":{\"@type\":\"ImageObject\",\"inLanguage\":\"fr-FR\",\"@id\":\"https:\\\/\\\/nbrhc.on.ca\\\/#\\\/schema\\\/logo\\\/image\\\/\",\"url\":\"https:\\\/\\\/nbrhc.on.ca\\\/wp-content\\\/uploads\\\/2015\\\/07\\\/logo.jpg\",\"contentUrl\":\"https:\\\/\\\/nbrhc.on.ca\\\/wp-content\\\/uploads\\\/2015\\\/07\\\/logo.jpg\",\"width\":870,\"height\":128,\"caption\":\"North Bay Regional Health Centre\"},\"image\":{\"@id\":\"https:\\\/\\\/nbrhc.on.ca\\\/#\\\/schema\\\/logo\\\/image\\\/\"},\"sameAs\":[\"https:\\\/\\\/www.facebook.com\\\/nbrhc\",\"https:\\\/\\\/x.com\\\/NBRHC\",\"https:\\\/\\\/www.linkedin.com\\\/company\\\/north-bay-regional-health-centre-nbrhc\",\"https:\\\/\\\/www.pinterest.com\\\/nbrhc\",\"https:\\\/\\\/www.youtube.com\\\/TheNBRHC\"]}]}<\/script>\n<!-- \/ Yoast SEO plugin. -->","yoast_head_json":{"title":"Staphylococcus aureus r\u00e9sistant \u00e0 la m\u00e9thicilline (SARM)","description":"Cette page contient des graphiques d'infections r\u00e9centes \u00e0 SARM au campus principal du CRSNB \u00e0 North Bay et \u00e0 Kirkwood Place \u00e0 Sudbury","robots":{"index":"index","follow":"follow","max-snippet":"max-snippet:-1","max-image-preview":"max-image-preview:large","max-video-preview":"max-video-preview:-1"},"canonical":"https:\/\/nbrhc.on.ca\/fr\/responsabilisation\/indicateurs-de-la-securite-des-patientes-et-patients\/staphylococcus-aureus-resistant-la-methicilline-sarm\/","og_locale":"fr_FR","og_type":"article","og_title":"Staphylococcus aureus r\u00e9sistant \u00e0 la m\u00e9thicilline (SARM)","og_description":"Cette page contient des graphiques d'infections r\u00e9centes \u00e0 SARM au campus principal du CRSNB \u00e0 North Bay et \u00e0 Kirkwood Place \u00e0 Sudbury","og_url":"https:\/\/nbrhc.on.ca\/fr\/responsabilisation\/indicateurs-de-la-securite-des-patientes-et-patients\/staphylococcus-aureus-resistant-la-methicilline-sarm\/","og_site_name":"NBRHC","article_publisher":"https:\/\/www.facebook.com\/nbrhc","article_modified_time":"2025-01-15T16:51:34+00:00","og_image":[{"width":619,"height":619,"url":"https:\/\/nbrhc.on.ca\/wp-content\/uploads\/2015\/07\/icon_col.jpeg","type":"image\/jpeg"}],"twitter_misc":{"Dur\u00e9e de lecture estim\u00e9e":"1 minute"},"schema":{"@context":"https:\/\/schema.org","@graph":[{"@type":"WebPage","@id":"https:\/\/nbrhc.on.ca\/fr\/responsabilisation\/indicateurs-de-la-securite-des-patientes-et-patients\/staphylococcus-aureus-resistant-la-methicilline-sarm\/","url":"https:\/\/nbrhc.on.ca\/fr\/responsabilisation\/indicateurs-de-la-securite-des-patientes-et-patients\/staphylococcus-aureus-resistant-la-methicilline-sarm\/","name":"Staphylococcus aureus r\u00e9sistant \u00e0 la m\u00e9thicilline (SARM)","isPartOf":{"@id":"https:\/\/nbrhc.on.ca\/#website"},"primaryImageOfPage":{"@id":"https:\/\/nbrhc.on.ca\/fr\/responsabilisation\/indicateurs-de-la-securite-des-patientes-et-patients\/staphylococcus-aureus-resistant-la-methicilline-sarm\/#primaryimage"},"image":{"@id":"https:\/\/nbrhc.on.ca\/fr\/responsabilisation\/indicateurs-de-la-securite-des-patientes-et-patients\/staphylococcus-aureus-resistant-la-methicilline-sarm\/#primaryimage"},"thumbnailUrl":"https:\/\/nbrhc.on.ca\/wp-content\/uploads\/2026\/02\/MRSA-North-Bay.png","datePublished":"2014-04-29T14:20:03+00:00","dateModified":"2025-01-15T16:51:34+00:00","description":"Cette page contient des graphiques d'infections r\u00e9centes \u00e0 SARM au campus principal du CRSNB \u00e0 North Bay et \u00e0 Kirkwood Place \u00e0 Sudbury","breadcrumb":{"@id":"https:\/\/nbrhc.on.ca\/fr\/responsabilisation\/indicateurs-de-la-securite-des-patientes-et-patients\/staphylococcus-aureus-resistant-la-methicilline-sarm\/#breadcrumb"},"inLanguage":"fr-FR","potentialAction":[{"@type":"ReadAction","target":["https:\/\/nbrhc.on.ca\/fr\/responsabilisation\/indicateurs-de-la-securite-des-patientes-et-patients\/staphylococcus-aureus-resistant-la-methicilline-sarm\/"]}]},{"@type":"ImageObject","inLanguage":"fr-FR","@id":"https:\/\/nbrhc.on.ca\/fr\/responsabilisation\/indicateurs-de-la-securite-des-patientes-et-patients\/staphylococcus-aureus-resistant-la-methicilline-sarm\/#primaryimage","url":"https:\/\/nbrhc.on.ca\/wp-content\/uploads\/2026\/02\/MRSA-North-Bay.png","contentUrl":"https:\/\/nbrhc.on.ca\/wp-content\/uploads\/2026\/02\/MRSA-North-Bay.png"},{"@type":"BreadcrumbList","@id":"https:\/\/nbrhc.on.ca\/fr\/responsabilisation\/indicateurs-de-la-securite-des-patientes-et-patients\/staphylococcus-aureus-resistant-la-methicilline-sarm\/#breadcrumb","itemListElement":[{"@type":"ListItem","position":1,"name":"Home","item":"https:\/\/nbrhc.on.ca\/fr\/"},{"@type":"ListItem","position":2,"name":"Responsabilisation","item":"https:\/\/nbrhc.on.ca\/fr\/responsabilisation\/"},{"@type":"ListItem","position":3,"name":"Indicateurs de la s\u00e9curit\u00e9 des patientes et patients","item":"https:\/\/nbrhc.on.ca\/fr\/responsabilisation\/indicateurs-de-la-securite-des-patientes-et-patients\/"},{"@type":"ListItem","position":4,"name":"Staphylococcus aureus r\u00e9sistant \u00e0 la m\u00e9thicilline (SARM)"}]},{"@type":"WebSite","@id":"https:\/\/nbrhc.on.ca\/#website","url":"https:\/\/nbrhc.on.ca\/","name":"NBRHC","description":"North Bay Regional Health Centre","publisher":{"@id":"https:\/\/nbrhc.on.ca\/#organization"},"potentialAction":[{"@type":"SearchAction","target":{"@type":"EntryPoint","urlTemplate":"https:\/\/nbrhc.on.ca\/?s={search_term_string}"},"query-input":{"@type":"PropertyValueSpecification","valueRequired":true,"valueName":"search_term_string"}}],"inLanguage":"fr-FR"},{"@type":"Organization","@id":"https:\/\/nbrhc.on.ca\/#organization","name":"North Bay Regional Health Centre","url":"https:\/\/nbrhc.on.ca\/","logo":{"@type":"ImageObject","inLanguage":"fr-FR","@id":"https:\/\/nbrhc.on.ca\/#\/schema\/logo\/image\/","url":"https:\/\/nbrhc.on.ca\/wp-content\/uploads\/2015\/07\/logo.jpg","contentUrl":"https:\/\/nbrhc.on.ca\/wp-content\/uploads\/2015\/07\/logo.jpg","width":870,"height":128,"caption":"North Bay Regional Health Centre"},"image":{"@id":"https:\/\/nbrhc.on.ca\/#\/schema\/logo\/image\/"},"sameAs":["https:\/\/www.facebook.com\/nbrhc","https:\/\/x.com\/NBRHC","https:\/\/www.linkedin.com\/company\/north-bay-regional-health-centre-nbrhc","https:\/\/www.pinterest.com\/nbrhc","https:\/\/www.youtube.com\/TheNBRHC"]}]}},"_links":{"self":[{"href":"https:\/\/nbrhc.on.ca\/fr\/wp-json\/wp\/v2\/pages\/2738","targetHints":{"allow":["GET"]}}],"collection":[{"href":"https:\/\/nbrhc.on.ca\/fr\/wp-json\/wp\/v2\/pages"}],"about":[{"href":"https:\/\/nbrhc.on.ca\/fr\/wp-json\/wp\/v2\/types\/page"}],"author":[{"embeddable":true,"href":"https:\/\/nbrhc.on.ca\/fr\/wp-json\/wp\/v2\/users\/17"}],"replies":[{"embeddable":true,"href":"https:\/\/nbrhc.on.ca\/fr\/wp-json\/wp\/v2\/comments?post=2738"}],"version-history":[{"count":5,"href":"https:\/\/nbrhc.on.ca\/fr\/wp-json\/wp\/v2\/pages\/2738\/revisions"}],"predecessor-version":[{"id":42801,"href":"https:\/\/nbrhc.on.ca\/fr\/wp-json\/wp\/v2\/pages\/2738\/revisions\/42801"}],"up":[{"embeddable":true,"href":"https:\/\/nbrhc.on.ca\/fr\/wp-json\/wp\/v2\/pages\/2727"}],"wp:attachment":[{"href":"https:\/\/nbrhc.on.ca\/fr\/wp-json\/wp\/v2\/media?parent=2738"}],"wp:term":[{"taxonomy":"post_tag","embeddable":true,"href":"https:\/\/nbrhc.on.ca\/fr\/wp-json\/wp\/v2\/tags?post=2738"}],"curies":[{"name":"wp","href":"https:\/\/api.w.org\/{rel}","templated":true}]}}