{"id":2751,"date":"2014-04-29T12:14:48","date_gmt":"2014-04-29T16:14:48","guid":{"rendered":"http:\/\/www.nbrhc.on.ca\/?page_id=2751"},"modified":"2025-01-15T11:45:43","modified_gmt":"2025-01-15T16:45:43","slug":"enterocoque-resistant-la-vancomycine-erv","status":"publish","type":"page","link":"https:\/\/nbrhc.on.ca\/fr\/responsabilisation\/indicateurs-de-la-securite-des-patientes-et-patients\/enterocoque-resistant-la-vancomycine-erv\/","title":{"rendered":"Ent\u00e9rocoque r\u00e9sistant \u00e0 la vancomycine (ERV)"},"content":{"rendered":"<h2>Taux d&rsquo;infection \u00e0 l&rsquo;ent\u00e9rocoque r\u00e9sistant \u00e0 la vancomycine (ERV) au CRSNB<\/h2>\n<p><img loading=\"lazy\" decoding=\"async\" class=\"aligncenter wp-image-41365 size-full\" title=\"vancomycin-resistant-enterococcus\" src=\"https:\/\/nbrhc.on.ca\/wp-content\/uploads\/2026\/02\/VRE-North-Bay.png\" alt=\"Vancomycin-Resistant Enterococcus (VRE) - North Bay\" width=\"681\" height=\"416\" \/><\/p>\n<p><img loading=\"lazy\" decoding=\"async\" class=\"aligncenter wp-image-41367 size-full\" title=\"VRE-Kirkwood\" src=\"https:\/\/nbrhc.on.ca\/wp-content\/uploads\/2026\/02\/VRE-Kirkwood.png\" alt=\"Vancomycin-Resistant Enterococcus (VRE) - Kirkwood\" width=\"681\" height=\"416\" \/><\/p>\n","protected":false},"excerpt":{"rendered":"<p>Taux d&rsquo;infection \u00e0 l&rsquo;ent\u00e9rocoque r\u00e9sistant \u00e0 la vancomycine (ERV) au CRSNB<\/p>\n","protected":false},"author":17,"featured_media":0,"parent":2727,"menu_order":0,"comment_status":"open","ping_status":"open","template":"template-patient-safety.php","meta":{"_acf_changed":false,"_monsterinsights_skip_tracking":false,"_monsterinsights_sitenote_active":false,"_monsterinsights_sitenote_note":"","_monsterinsights_sitenote_category":0,"footnotes":"","_links_to":"","_links_to_target":"","_wp_rev_ctl_limit":""},"tags":[639,640,641,642],"class_list":["post-2751","page","type-page","status-publish","hentry","tag-enterocoque-resistant-a-la-vancomycine","tag-erv","tag-taux-dinfection-a-lenterocoque-resistant-a-la-vancomycine","tag-taux-de-erv"],"acf":[],"yoast_head":"<!-- This site is optimized with the Yoast SEO plugin v27.4 - https:\/\/yoast.com\/product\/yoast-seo-wordpress\/ -->\n<title>Ent\u00e9rocoque r\u00e9sistant \u00e0 la vancomycine (ERV)<\/title>\n<meta name=\"description\" content=\"Cette page contient des graphiques des taux d&#039;infection \u00e0 l&#039;ent\u00e9rocoque r\u00e9sistant \u00e0 la vancomycine (ERV) au CRSNB \u00e0 North Bay et \u00e0 Sudbury\" \/>\n<meta name=\"robots\" content=\"index, follow, max-snippet:-1, max-image-preview:large, max-video-preview:-1\" \/>\n<link rel=\"canonical\" href=\"https:\/\/nbrhc.on.ca\/fr\/responsabilisation\/indicateurs-de-la-securite-des-patientes-et-patients\/enterocoque-resistant-la-vancomycine-erv\/\" \/>\n<meta property=\"og:locale\" content=\"fr_FR\" \/>\n<meta property=\"og:type\" content=\"article\" \/>\n<meta property=\"og:title\" content=\"Ent\u00e9rocoque r\u00e9sistant \u00e0 la vancomycine (ERV)\" \/>\n<meta property=\"og:description\" content=\"Cette page contient des graphiques des taux d&#039;infection \u00e0 l&#039;ent\u00e9rocoque r\u00e9sistant \u00e0 la vancomycine (ERV) au CRSNB \u00e0 North Bay et \u00e0 Sudbury\" \/>\n<meta property=\"og:url\" content=\"https:\/\/nbrhc.on.ca\/fr\/responsabilisation\/indicateurs-de-la-securite-des-patientes-et-patients\/enterocoque-resistant-la-vancomycine-erv\/\" \/>\n<meta property=\"og:site_name\" content=\"NBRHC\" \/>\n<meta property=\"article:publisher\" content=\"https:\/\/www.facebook.com\/nbrhc\" \/>\n<meta property=\"article:modified_time\" content=\"2025-01-15T16:45:43+00:00\" \/>\n<meta property=\"og:image\" content=\"https:\/\/nbrhc.on.ca\/wp-content\/uploads\/2024\/10\/vancomycin-resistant-enterococcus.png\" \/>\n\t<meta property=\"og:image:width\" content=\"681\" \/>\n\t<meta property=\"og:image:height\" content=\"416\" \/>\n\t<meta property=\"og:image:type\" content=\"image\/png\" \/>\n<meta name=\"twitter:label1\" content=\"Dur\u00e9e de lecture estim\u00e9e\" \/>\n\t<meta name=\"twitter:data1\" content=\"1 minute\" \/>\n<script type=\"application\/ld+json\" class=\"yoast-schema-graph\">{\"@context\":\"https:\\\/\\\/schema.org\",\"@graph\":[{\"@type\":\"WebPage\",\"@id\":\"https:\\\/\\\/nbrhc.on.ca\\\/fr\\\/responsabilisation\\\/indicateurs-de-la-securite-des-patientes-et-patients\\\/enterocoque-resistant-la-vancomycine-erv\\\/\",\"url\":\"https:\\\/\\\/nbrhc.on.ca\\\/fr\\\/responsabilisation\\\/indicateurs-de-la-securite-des-patientes-et-patients\\\/enterocoque-resistant-la-vancomycine-erv\\\/\",\"name\":\"Ent\u00e9rocoque r\u00e9sistant \u00e0 la vancomycine (ERV)\",\"isPartOf\":{\"@id\":\"https:\\\/\\\/nbrhc.on.ca\\\/#website\"},\"primaryImageOfPage\":{\"@id\":\"https:\\\/\\\/nbrhc.on.ca\\\/fr\\\/responsabilisation\\\/indicateurs-de-la-securite-des-patientes-et-patients\\\/enterocoque-resistant-la-vancomycine-erv\\\/#primaryimage\"},\"image\":{\"@id\":\"https:\\\/\\\/nbrhc.on.ca\\\/fr\\\/responsabilisation\\\/indicateurs-de-la-securite-des-patientes-et-patients\\\/enterocoque-resistant-la-vancomycine-erv\\\/#primaryimage\"},\"thumbnailUrl\":\"https:\\\/\\\/nbrhc.on.ca\\\/wp-content\\\/uploads\\\/2026\\\/02\\\/VRE-North-Bay.png\",\"datePublished\":\"2014-04-29T16:14:48+00:00\",\"dateModified\":\"2025-01-15T16:45:43+00:00\",\"description\":\"Cette page contient des graphiques des taux d'infection \u00e0 l'ent\u00e9rocoque r\u00e9sistant \u00e0 la vancomycine (ERV) au CRSNB \u00e0 North Bay et \u00e0 Sudbury\",\"breadcrumb\":{\"@id\":\"https:\\\/\\\/nbrhc.on.ca\\\/fr\\\/responsabilisation\\\/indicateurs-de-la-securite-des-patientes-et-patients\\\/enterocoque-resistant-la-vancomycine-erv\\\/#breadcrumb\"},\"inLanguage\":\"fr-FR\",\"potentialAction\":[{\"@type\":\"ReadAction\",\"target\":[\"https:\\\/\\\/nbrhc.on.ca\\\/fr\\\/responsabilisation\\\/indicateurs-de-la-securite-des-patientes-et-patients\\\/enterocoque-resistant-la-vancomycine-erv\\\/\"]}]},{\"@type\":\"ImageObject\",\"inLanguage\":\"fr-FR\",\"@id\":\"https:\\\/\\\/nbrhc.on.ca\\\/fr\\\/responsabilisation\\\/indicateurs-de-la-securite-des-patientes-et-patients\\\/enterocoque-resistant-la-vancomycine-erv\\\/#primaryimage\",\"url\":\"https:\\\/\\\/nbrhc.on.ca\\\/wp-content\\\/uploads\\\/2026\\\/02\\\/VRE-North-Bay.png\",\"contentUrl\":\"https:\\\/\\\/nbrhc.on.ca\\\/wp-content\\\/uploads\\\/2026\\\/02\\\/VRE-North-Bay.png\"},{\"@type\":\"BreadcrumbList\",\"@id\":\"https:\\\/\\\/nbrhc.on.ca\\\/fr\\\/responsabilisation\\\/indicateurs-de-la-securite-des-patientes-et-patients\\\/enterocoque-resistant-la-vancomycine-erv\\\/#breadcrumb\",\"itemListElement\":[{\"@type\":\"ListItem\",\"position\":1,\"name\":\"Home\",\"item\":\"https:\\\/\\\/nbrhc.on.ca\\\/fr\\\/\"},{\"@type\":\"ListItem\",\"position\":2,\"name\":\"Responsabilisation\",\"item\":\"https:\\\/\\\/nbrhc.on.ca\\\/fr\\\/responsabilisation\\\/\"},{\"@type\":\"ListItem\",\"position\":3,\"name\":\"Indicateurs de la s\u00e9curit\u00e9 des patientes et patients\",\"item\":\"https:\\\/\\\/nbrhc.on.ca\\\/fr\\\/responsabilisation\\\/indicateurs-de-la-securite-des-patientes-et-patients\\\/\"},{\"@type\":\"ListItem\",\"position\":4,\"name\":\"Ent\u00e9rocoque r\u00e9sistant \u00e0 la vancomycine (ERV)\"}]},{\"@type\":\"WebSite\",\"@id\":\"https:\\\/\\\/nbrhc.on.ca\\\/#website\",\"url\":\"https:\\\/\\\/nbrhc.on.ca\\\/\",\"name\":\"NBRHC\",\"description\":\"North Bay Regional Health Centre\",\"publisher\":{\"@id\":\"https:\\\/\\\/nbrhc.on.ca\\\/#organization\"},\"potentialAction\":[{\"@type\":\"SearchAction\",\"target\":{\"@type\":\"EntryPoint\",\"urlTemplate\":\"https:\\\/\\\/nbrhc.on.ca\\\/?s={search_term_string}\"},\"query-input\":{\"@type\":\"PropertyValueSpecification\",\"valueRequired\":true,\"valueName\":\"search_term_string\"}}],\"inLanguage\":\"fr-FR\"},{\"@type\":\"Organization\",\"@id\":\"https:\\\/\\\/nbrhc.on.ca\\\/#organization\",\"name\":\"North Bay Regional Health Centre\",\"url\":\"https:\\\/\\\/nbrhc.on.ca\\\/\",\"logo\":{\"@type\":\"ImageObject\",\"inLanguage\":\"fr-FR\",\"@id\":\"https:\\\/\\\/nbrhc.on.ca\\\/#\\\/schema\\\/logo\\\/image\\\/\",\"url\":\"https:\\\/\\\/nbrhc.on.ca\\\/wp-content\\\/uploads\\\/2015\\\/07\\\/logo.jpg\",\"contentUrl\":\"https:\\\/\\\/nbrhc.on.ca\\\/wp-content\\\/uploads\\\/2015\\\/07\\\/logo.jpg\",\"width\":870,\"height\":128,\"caption\":\"North Bay Regional Health Centre\"},\"image\":{\"@id\":\"https:\\\/\\\/nbrhc.on.ca\\\/#\\\/schema\\\/logo\\\/image\\\/\"},\"sameAs\":[\"https:\\\/\\\/www.facebook.com\\\/nbrhc\",\"https:\\\/\\\/x.com\\\/NBRHC\",\"https:\\\/\\\/www.linkedin.com\\\/company\\\/north-bay-regional-health-centre-nbrhc\",\"https:\\\/\\\/www.pinterest.com\\\/nbrhc\",\"https:\\\/\\\/www.youtube.com\\\/TheNBRHC\"]}]}<\/script>\n<!-- \/ Yoast SEO plugin. -->","yoast_head_json":{"title":"Ent\u00e9rocoque r\u00e9sistant \u00e0 la vancomycine (ERV)","description":"Cette page contient des graphiques des taux d'infection \u00e0 l'ent\u00e9rocoque r\u00e9sistant \u00e0 la vancomycine (ERV) au CRSNB \u00e0 North Bay et \u00e0 Sudbury","robots":{"index":"index","follow":"follow","max-snippet":"max-snippet:-1","max-image-preview":"max-image-preview:large","max-video-preview":"max-video-preview:-1"},"canonical":"https:\/\/nbrhc.on.ca\/fr\/responsabilisation\/indicateurs-de-la-securite-des-patientes-et-patients\/enterocoque-resistant-la-vancomycine-erv\/","og_locale":"fr_FR","og_type":"article","og_title":"Ent\u00e9rocoque r\u00e9sistant \u00e0 la vancomycine (ERV)","og_description":"Cette page contient des graphiques des taux d'infection \u00e0 l'ent\u00e9rocoque r\u00e9sistant \u00e0 la vancomycine (ERV) au CRSNB \u00e0 North Bay et \u00e0 Sudbury","og_url":"https:\/\/nbrhc.on.ca\/fr\/responsabilisation\/indicateurs-de-la-securite-des-patientes-et-patients\/enterocoque-resistant-la-vancomycine-erv\/","og_site_name":"NBRHC","article_publisher":"https:\/\/www.facebook.com\/nbrhc","article_modified_time":"2025-01-15T16:45:43+00:00","og_image":[{"width":681,"height":416,"url":"https:\/\/nbrhc.on.ca\/wp-content\/uploads\/2024\/10\/vancomycin-resistant-enterococcus.png","type":"image\/png"}],"twitter_misc":{"Dur\u00e9e de lecture estim\u00e9e":"1 minute"},"schema":{"@context":"https:\/\/schema.org","@graph":[{"@type":"WebPage","@id":"https:\/\/nbrhc.on.ca\/fr\/responsabilisation\/indicateurs-de-la-securite-des-patientes-et-patients\/enterocoque-resistant-la-vancomycine-erv\/","url":"https:\/\/nbrhc.on.ca\/fr\/responsabilisation\/indicateurs-de-la-securite-des-patientes-et-patients\/enterocoque-resistant-la-vancomycine-erv\/","name":"Ent\u00e9rocoque r\u00e9sistant \u00e0 la vancomycine (ERV)","isPartOf":{"@id":"https:\/\/nbrhc.on.ca\/#website"},"primaryImageOfPage":{"@id":"https:\/\/nbrhc.on.ca\/fr\/responsabilisation\/indicateurs-de-la-securite-des-patientes-et-patients\/enterocoque-resistant-la-vancomycine-erv\/#primaryimage"},"image":{"@id":"https:\/\/nbrhc.on.ca\/fr\/responsabilisation\/indicateurs-de-la-securite-des-patientes-et-patients\/enterocoque-resistant-la-vancomycine-erv\/#primaryimage"},"thumbnailUrl":"https:\/\/nbrhc.on.ca\/wp-content\/uploads\/2026\/02\/VRE-North-Bay.png","datePublished":"2014-04-29T16:14:48+00:00","dateModified":"2025-01-15T16:45:43+00:00","description":"Cette page contient des graphiques des taux d'infection \u00e0 l'ent\u00e9rocoque r\u00e9sistant \u00e0 la vancomycine (ERV) au CRSNB \u00e0 North Bay et \u00e0 Sudbury","breadcrumb":{"@id":"https:\/\/nbrhc.on.ca\/fr\/responsabilisation\/indicateurs-de-la-securite-des-patientes-et-patients\/enterocoque-resistant-la-vancomycine-erv\/#breadcrumb"},"inLanguage":"fr-FR","potentialAction":[{"@type":"ReadAction","target":["https:\/\/nbrhc.on.ca\/fr\/responsabilisation\/indicateurs-de-la-securite-des-patientes-et-patients\/enterocoque-resistant-la-vancomycine-erv\/"]}]},{"@type":"ImageObject","inLanguage":"fr-FR","@id":"https:\/\/nbrhc.on.ca\/fr\/responsabilisation\/indicateurs-de-la-securite-des-patientes-et-patients\/enterocoque-resistant-la-vancomycine-erv\/#primaryimage","url":"https:\/\/nbrhc.on.ca\/wp-content\/uploads\/2026\/02\/VRE-North-Bay.png","contentUrl":"https:\/\/nbrhc.on.ca\/wp-content\/uploads\/2026\/02\/VRE-North-Bay.png"},{"@type":"BreadcrumbList","@id":"https:\/\/nbrhc.on.ca\/fr\/responsabilisation\/indicateurs-de-la-securite-des-patientes-et-patients\/enterocoque-resistant-la-vancomycine-erv\/#breadcrumb","itemListElement":[{"@type":"ListItem","position":1,"name":"Home","item":"https:\/\/nbrhc.on.ca\/fr\/"},{"@type":"ListItem","position":2,"name":"Responsabilisation","item":"https:\/\/nbrhc.on.ca\/fr\/responsabilisation\/"},{"@type":"ListItem","position":3,"name":"Indicateurs de la s\u00e9curit\u00e9 des patientes et patients","item":"https:\/\/nbrhc.on.ca\/fr\/responsabilisation\/indicateurs-de-la-securite-des-patientes-et-patients\/"},{"@type":"ListItem","position":4,"name":"Ent\u00e9rocoque r\u00e9sistant \u00e0 la vancomycine (ERV)"}]},{"@type":"WebSite","@id":"https:\/\/nbrhc.on.ca\/#website","url":"https:\/\/nbrhc.on.ca\/","name":"NBRHC","description":"North Bay Regional Health Centre","publisher":{"@id":"https:\/\/nbrhc.on.ca\/#organization"},"potentialAction":[{"@type":"SearchAction","target":{"@type":"EntryPoint","urlTemplate":"https:\/\/nbrhc.on.ca\/?s={search_term_string}"},"query-input":{"@type":"PropertyValueSpecification","valueRequired":true,"valueName":"search_term_string"}}],"inLanguage":"fr-FR"},{"@type":"Organization","@id":"https:\/\/nbrhc.on.ca\/#organization","name":"North Bay Regional Health Centre","url":"https:\/\/nbrhc.on.ca\/","logo":{"@type":"ImageObject","inLanguage":"fr-FR","@id":"https:\/\/nbrhc.on.ca\/#\/schema\/logo\/image\/","url":"https:\/\/nbrhc.on.ca\/wp-content\/uploads\/2015\/07\/logo.jpg","contentUrl":"https:\/\/nbrhc.on.ca\/wp-content\/uploads\/2015\/07\/logo.jpg","width":870,"height":128,"caption":"North Bay Regional Health Centre"},"image":{"@id":"https:\/\/nbrhc.on.ca\/#\/schema\/logo\/image\/"},"sameAs":["https:\/\/www.facebook.com\/nbrhc","https:\/\/x.com\/NBRHC","https:\/\/www.linkedin.com\/company\/north-bay-regional-health-centre-nbrhc","https:\/\/www.pinterest.com\/nbrhc","https:\/\/www.youtube.com\/TheNBRHC"]}]}},"_links":{"self":[{"href":"https:\/\/nbrhc.on.ca\/fr\/wp-json\/wp\/v2\/pages\/2751","targetHints":{"allow":["GET"]}}],"collection":[{"href":"https:\/\/nbrhc.on.ca\/fr\/wp-json\/wp\/v2\/pages"}],"about":[{"href":"https:\/\/nbrhc.on.ca\/fr\/wp-json\/wp\/v2\/types\/page"}],"author":[{"embeddable":true,"href":"https:\/\/nbrhc.on.ca\/fr\/wp-json\/wp\/v2\/users\/17"}],"replies":[{"embeddable":true,"href":"https:\/\/nbrhc.on.ca\/fr\/wp-json\/wp\/v2\/comments?post=2751"}],"version-history":[{"count":6,"href":"https:\/\/nbrhc.on.ca\/fr\/wp-json\/wp\/v2\/pages\/2751\/revisions"}],"predecessor-version":[{"id":42798,"href":"https:\/\/nbrhc.on.ca\/fr\/wp-json\/wp\/v2\/pages\/2751\/revisions\/42798"}],"up":[{"embeddable":true,"href":"https:\/\/nbrhc.on.ca\/fr\/wp-json\/wp\/v2\/pages\/2727"}],"wp:attachment":[{"href":"https:\/\/nbrhc.on.ca\/fr\/wp-json\/wp\/v2\/media?parent=2751"}],"wp:term":[{"taxonomy":"post_tag","embeddable":true,"href":"https:\/\/nbrhc.on.ca\/fr\/wp-json\/wp\/v2\/tags?post=2751"}],"curies":[{"name":"wp","href":"https:\/\/api.w.org\/{rel}","templated":true}]}}