{"id":30721,"date":"2022-05-09T15:04:56","date_gmt":"2022-05-09T19:04:56","guid":{"rendered":"https:\/\/nbrhc.on.ca\/?page_id=30721"},"modified":"2022-05-09T15:05:57","modified_gmt":"2022-05-09T19:05:57","slug":"seamlessmd","status":"publish","type":"page","link":"https:\/\/nbrhc.on.ca\/fr\/patients-et-visiteurs\/information-pour-patients\/seamlessmd\/","title":{"rendered":"SeamlessMD"},"content":{"rendered":"<p>Le Centre r\u00e9gional de sant\u00e9 de North Bay (CRSNB) \u00a0travaille en partenariat avec SeamlessMD pour fournir gratuitement un outil num\u00e9rique mobile aux patients qui subissent une intervention chirurgicale. Cet outil vous guide tout au long de votre parcours de soins de sant\u00e9. Il fournit des conseils pour faciliter le r\u00e9tablissement et la gu\u00e9rison.<\/p>\n<h2>Qu\u2019est-ce que SeamlessMD?<\/h2>\n<p>SeamlessMD est un guide interactif gratuit en format num\u00e9rique. Il vous fournit des conseils, \u00e9tape par \u00e9tape. Vous pouvez y acc\u00e9der \u00e0 l\u2019aide d\u2019une application mobile sur votre t\u00e9l\u00e9phone intelligent ou votre tablette, ou visiter le site Web \u00e0 l\u2019aide de votre ordinateur.<\/p>\n<p>Le CRSNB a adapt\u00e9 SeamlessMD en fonction de ses besoins. Les patients comme vous ont un acc\u00e8s simplifi\u00e9 \u00e0 l\u2019information pour se pr\u00e9parer \u00e0 l\u2019intervention et planifier le r\u00e9tablissement par la suite.<\/p>\n<h2>Quels sont les avantages de SeamlessMD?<\/h2>\n<p>SeamlessMD est un programme dirig\u00e9 par une infirmi\u00e8re qui offre un soutien suppl\u00e9mentaire aux patients.<\/p>\n<p>Les patients utilisent SeamlessMD pour recevoir des conseils personnalis\u00e9s et automatis\u00e9s sur la mani\u00e8re d\u2019autog\u00e9rer leur sant\u00e9 en fonction de leurs commentaires. Les cliniciens ont \u00e9galement acc\u00e8s \u00e0 des alertes et \u00e0 des tableaux de bord qui leur permettent de surveiller les patients \u00e0 distance et de r\u00e9pondre plus rapidement \u00e0 leurs pr\u00e9occupations, ce qui am\u00e9liore l\u2019exp\u00e9rience des patients et leur \u00e9tat de sant\u00e9.<\/p>\n<h2>Qui a acc\u00e8s \u00e0 SeamlessMD?<\/h2>\n<p>Nous sommes heureux d\u2019offrir cette plateforme \u00e0 certains de nos patients qui subiront certaine chirurgie. Notre but est de pouvoir offrir ce service pour la majorit\u00e9 de nos patients dans la futur.<\/p>\n<p>SeamlessMD est \u00e9galement disponible pour qu&rsquo;une autre personne s&rsquo;inscrive, avec ou sans le patient. Cette personne est consid\u00e9r\u00e9e comme un soignant, qui peut recevoir les m\u00eames notifications et apporter un soutien suppl\u00e9mentaire au patient.<\/p>\n<h2>Comment cela fonctionne-t-il?<\/h2>\n<p>Le CRSNB a apport\u00e9 les modifications n\u00e9cessaires \u00e0 la plateforme pour am\u00e9liorer la qualit\u00e9 des soins et pour faciliter la t\u00e2che de leur famille, avant et apr\u00e8s l\u2019intervention. Les patients et les personnes qui les aident \u00e0 se r\u00e9tablir ont acc\u00e8s \u00e0 SeamlessMD directement sur leur t\u00e9l\u00e9phone, leur tablette ou leur ordinateur. Les rappels et les conseils facilitent la pr\u00e9paration \u00e0 l\u2019intervention ainsi que le respect du plan de r\u00e9tablissement recommand\u00e9 par le chirurgien.<\/p>\n<p>La plateforme SeamlessMD vous guidera au cours des deux \u00e9tapes de votre parcours\u00a0: avant l\u2019intervention chirurgicale et apr\u00e8s votre sortie de l\u2019h\u00f4pital.<\/p>\n<p><strong>Avant l\u2019intervention chirurgicale <\/strong><\/p>\n<ul>\n<li>Des messages vous aidant \u00e0 vous pr\u00e9parer \u00e0 l\u2019intervention<\/li>\n<li>Des rappels et des listes de choses \u00e0 faire<\/li>\n<li>L\u2019acc\u00e8s \u00e0 une biblioth\u00e8que de ressources sur les soins autonomes comprenant des renseignements sur divers sujets<\/li>\n<\/ul>\n<p><strong>Apr\u00e8s votre sortie de l\u2019h\u00f4pital <\/strong><\/p>\n<ul>\n<li>Des messages sur ce \u00e0 quoi vous pouvez vous attendre durant le r\u00e9tablissement<\/li>\n<li>Des listes de choses \u00e0 faire pour appuyer la gu\u00e9rison \u00e0 domicile<\/li>\n<li>Des v\u00e9rifications quotidiennes de sant\u00e9 pour confirmer que le r\u00e9tablissement \u00e0 domicile se d\u00e9roule bien et pour transmettre des commentaires \u00e0 ce sujet<\/li>\n<li>L\u2019acc\u00e8s \u00e0 une biblioth\u00e8que de ressources pratiques o\u00f9 vous trouverez des r\u00e9ponses \u00e0 vos questions<br \/>\n*Note : L\u2019\u00e9quipe de soins ne surveille pas SeamlessMD en tout temps. Si votre \u00e9tat de sant\u00e9 se d\u00e9grade, contactez votre \u00e9quipe de soins ou le cabinet de votre chirurgien.<\/li>\n<\/ul>\n<h2>Comment puis-je m\u2019inscrire \u00e0 SeamlessMD?<\/h2>\n<p>Votre \u00e9quipe de soins vous parlera de SeamlessMD et vous invitera \u00e0 vous y inscrire. Si vous acceptez, l\u2019\u00e9quipe de soins notera votre adresse courriel et vous remettra un d\u00e9pliant au sujet de la plateforme.<\/p>\n<p>*Vous pouvez aussi vous inscrire en appelant au 705-474-8600, poste 4422.<\/p>\n<p>Si vous n\u2019avez pas d\u2019adresse courriel ou si les technologies vous posent des difficult\u00e9s, vous pouvez fournir l\u2019adresse courriel d\u2019un proche. Cette personne pourra utiliser la plateforme et vous aider au besoin.<\/p>\n<p>Vous recevrez un message de bienvenue de l\u2019adresse\u00a0<a href=\"mailto:info@messages.seamless.md\"><strong>info@messages.seamless.md<\/strong><\/a>. Cliquez sur le lien dans le courriel pour activer votre compte et choisir un mot de passe.<\/p>\n<p>Pour utiliser la plateforme :<\/p>\n<ul>\n<li>Ordinateur ou tablette\u00a0: rendez-vous sur le <a href=\"https:\/\/nbrhc.seamless.md\/#\/\" target=\"_blank\" rel=\"noopener\"><strong>site Web de SeamlessMD<\/strong><\/a>\u00a0et ouvrez une session.<\/li>\n<li>T\u00e9l\u00e9phone intelligent\u00a0: t\u00e9l\u00e9chargez l\u2019application SeamlessMD sur <a href=\"https:\/\/play.google.com\/store\/apps\/details?id=md.seamless.app&amp;hl=en_CA&amp;gl=US\" target=\"_blank\" rel=\"noopener\"><strong>Google Play Store<\/strong><\/a>\u00a0ou sur\u00a0l\u2019<a href=\"https:\/\/apps.apple.com\/ca\/app\/seamlessmd\/id696595041\" target=\"_blank\" rel=\"noopener\"><strong>Apple App Store<\/strong><\/a><\/li>\n<li>Votre nom d\u2019utilisateur sera l\u2019adresse courriel que vous avez donn\u00e9e \u00e0 votre \u00e9quipe de soins.<\/li>\n<\/ul>\n","protected":false},"excerpt":{"rendered":"<p>Cet outil d&rsquo;\u00e9ducation gratuit aidera \u00e0 guider les patients tout au long de leur parcours de soins de sant\u00e9 avec des informations et des rappels pour soutenir le r\u00e9tablissement et aider \u00e0 garder les patients sur la bonne voie.<\/p>\n","protected":false},"author":17,"featured_media":0,"parent":4566,"menu_order":0,"comment_status":"closed","ping_status":"closed","template":"","meta":{"_acf_changed":false,"_monsterinsights_skip_tracking":false,"_monsterinsights_sitenote_active":false,"_monsterinsights_sitenote_note":"","_monsterinsights_sitenote_category":0,"footnotes":"","_links_to":"","_links_to_target":"","_wp_rev_ctl_limit":""},"tags":[],"class_list":["post-30721","page","type-page","status-publish","hentry"],"acf":[],"yoast_head":"<!-- This site is optimized with the Yoast SEO plugin v27.4 - https:\/\/yoast.com\/product\/yoast-seo-wordpress\/ -->\n<title>SeamlessMD - NBRHC<\/title>\n<meta name=\"robots\" content=\"index, follow, max-snippet:-1, max-image-preview:large, max-video-preview:-1\" \/>\n<link rel=\"canonical\" href=\"https:\/\/nbrhc.on.ca\/fr\/patients-et-visiteurs\/information-pour-patients\/seamlessmd\/\" \/>\n<meta property=\"og:locale\" content=\"fr_FR\" \/>\n<meta property=\"og:type\" content=\"article\" \/>\n<meta property=\"og:title\" content=\"SeamlessMD - NBRHC\" \/>\n<meta property=\"og:description\" content=\"Cet outil d&#039;\u00e9ducation gratuit aidera \u00e0 guider les patients tout au long de leur parcours de soins de sant\u00e9 avec des informations et des rappels pour soutenir le r\u00e9tablissement et aider \u00e0 garder les patients sur la bonne voie.\" \/>\n<meta property=\"og:url\" content=\"https:\/\/nbrhc.on.ca\/fr\/patients-et-visiteurs\/information-pour-patients\/seamlessmd\/\" \/>\n<meta property=\"og:site_name\" content=\"NBRHC\" \/>\n<meta property=\"article:publisher\" content=\"https:\/\/www.facebook.com\/nbrhc\" \/>\n<meta property=\"article:modified_time\" content=\"2022-05-09T19:05:57+00:00\" \/>\n<meta property=\"og:image\" content=\"https:\/\/nbrhc.on.ca\/wp-content\/uploads\/2015\/07\/icon_col.jpeg\" \/>\n\t<meta property=\"og:image:width\" content=\"619\" \/>\n\t<meta property=\"og:image:height\" content=\"619\" \/>\n\t<meta property=\"og:image:type\" content=\"image\/jpeg\" \/>\n<meta name=\"twitter:label1\" content=\"Dur\u00e9e de lecture estim\u00e9e\" \/>\n\t<meta name=\"twitter:data1\" content=\"3 minutes\" \/>\n<script type=\"application\/ld+json\" class=\"yoast-schema-graph\">{\"@context\":\"https:\\\/\\\/schema.org\",\"@graph\":[{\"@type\":\"WebPage\",\"@id\":\"https:\\\/\\\/nbrhc.on.ca\\\/fr\\\/patients-et-visiteurs\\\/information-pour-patients\\\/seamlessmd\\\/\",\"url\":\"https:\\\/\\\/nbrhc.on.ca\\\/fr\\\/patients-et-visiteurs\\\/information-pour-patients\\\/seamlessmd\\\/\",\"name\":\"SeamlessMD - NBRHC\",\"isPartOf\":{\"@id\":\"https:\\\/\\\/nbrhc.on.ca\\\/#website\"},\"datePublished\":\"2022-05-09T19:04:56+00:00\",\"dateModified\":\"2022-05-09T19:05:57+00:00\",\"breadcrumb\":{\"@id\":\"https:\\\/\\\/nbrhc.on.ca\\\/fr\\\/patients-et-visiteurs\\\/information-pour-patients\\\/seamlessmd\\\/#breadcrumb\"},\"inLanguage\":\"fr-FR\",\"potentialAction\":[{\"@type\":\"ReadAction\",\"target\":[\"https:\\\/\\\/nbrhc.on.ca\\\/fr\\\/patients-et-visiteurs\\\/information-pour-patients\\\/seamlessmd\\\/\"]}]},{\"@type\":\"BreadcrumbList\",\"@id\":\"https:\\\/\\\/nbrhc.on.ca\\\/fr\\\/patients-et-visiteurs\\\/information-pour-patients\\\/seamlessmd\\\/#breadcrumb\",\"itemListElement\":[{\"@type\":\"ListItem\",\"position\":1,\"name\":\"Home\",\"item\":\"https:\\\/\\\/nbrhc.on.ca\\\/fr\\\/\"},{\"@type\":\"ListItem\",\"position\":2,\"name\":\"Patients et visiteurs\",\"item\":\"https:\\\/\\\/nbrhc.on.ca\\\/fr\\\/patients-et-visiteurs\\\/\"},{\"@type\":\"ListItem\",\"position\":3,\"name\":\"Information pour les patients\",\"item\":\"https:\\\/\\\/nbrhc.on.ca\\\/fr\\\/patients-et-visiteurs\\\/information-pour-patients\\\/\"},{\"@type\":\"ListItem\",\"position\":4,\"name\":\"SeamlessMD\"}]},{\"@type\":\"WebSite\",\"@id\":\"https:\\\/\\\/nbrhc.on.ca\\\/#website\",\"url\":\"https:\\\/\\\/nbrhc.on.ca\\\/\",\"name\":\"NBRHC\",\"description\":\"North Bay Regional Health Centre\",\"publisher\":{\"@id\":\"https:\\\/\\\/nbrhc.on.ca\\\/#organization\"},\"potentialAction\":[{\"@type\":\"SearchAction\",\"target\":{\"@type\":\"EntryPoint\",\"urlTemplate\":\"https:\\\/\\\/nbrhc.on.ca\\\/?s={search_term_string}\"},\"query-input\":{\"@type\":\"PropertyValueSpecification\",\"valueRequired\":true,\"valueName\":\"search_term_string\"}}],\"inLanguage\":\"fr-FR\"},{\"@type\":\"Organization\",\"@id\":\"https:\\\/\\\/nbrhc.on.ca\\\/#organization\",\"name\":\"North Bay Regional Health Centre\",\"url\":\"https:\\\/\\\/nbrhc.on.ca\\\/\",\"logo\":{\"@type\":\"ImageObject\",\"inLanguage\":\"fr-FR\",\"@id\":\"https:\\\/\\\/nbrhc.on.ca\\\/#\\\/schema\\\/logo\\\/image\\\/\",\"url\":\"https:\\\/\\\/nbrhc.on.ca\\\/wp-content\\\/uploads\\\/2015\\\/07\\\/logo.jpg\",\"contentUrl\":\"https:\\\/\\\/nbrhc.on.ca\\\/wp-content\\\/uploads\\\/2015\\\/07\\\/logo.jpg\",\"width\":870,\"height\":128,\"caption\":\"North Bay Regional Health Centre\"},\"image\":{\"@id\":\"https:\\\/\\\/nbrhc.on.ca\\\/#\\\/schema\\\/logo\\\/image\\\/\"},\"sameAs\":[\"https:\\\/\\\/www.facebook.com\\\/nbrhc\",\"https:\\\/\\\/x.com\\\/NBRHC\",\"https:\\\/\\\/www.linkedin.com\\\/company\\\/north-bay-regional-health-centre-nbrhc\",\"https:\\\/\\\/www.pinterest.com\\\/nbrhc\",\"https:\\\/\\\/www.youtube.com\\\/TheNBRHC\"]}]}<\/script>\n<!-- \/ Yoast SEO plugin. -->","yoast_head_json":{"title":"SeamlessMD - NBRHC","robots":{"index":"index","follow":"follow","max-snippet":"max-snippet:-1","max-image-preview":"max-image-preview:large","max-video-preview":"max-video-preview:-1"},"canonical":"https:\/\/nbrhc.on.ca\/fr\/patients-et-visiteurs\/information-pour-patients\/seamlessmd\/","og_locale":"fr_FR","og_type":"article","og_title":"SeamlessMD - NBRHC","og_description":"Cet outil d'\u00e9ducation gratuit aidera \u00e0 guider les patients tout au long de leur parcours de soins de sant\u00e9 avec des informations et des rappels pour soutenir le r\u00e9tablissement et aider \u00e0 garder les patients sur la bonne voie.","og_url":"https:\/\/nbrhc.on.ca\/fr\/patients-et-visiteurs\/information-pour-patients\/seamlessmd\/","og_site_name":"NBRHC","article_publisher":"https:\/\/www.facebook.com\/nbrhc","article_modified_time":"2022-05-09T19:05:57+00:00","og_image":[{"width":619,"height":619,"url":"https:\/\/nbrhc.on.ca\/wp-content\/uploads\/2015\/07\/icon_col.jpeg","type":"image\/jpeg"}],"twitter_misc":{"Dur\u00e9e de lecture estim\u00e9e":"3 minutes"},"schema":{"@context":"https:\/\/schema.org","@graph":[{"@type":"WebPage","@id":"https:\/\/nbrhc.on.ca\/fr\/patients-et-visiteurs\/information-pour-patients\/seamlessmd\/","url":"https:\/\/nbrhc.on.ca\/fr\/patients-et-visiteurs\/information-pour-patients\/seamlessmd\/","name":"SeamlessMD - NBRHC","isPartOf":{"@id":"https:\/\/nbrhc.on.ca\/#website"},"datePublished":"2022-05-09T19:04:56+00:00","dateModified":"2022-05-09T19:05:57+00:00","breadcrumb":{"@id":"https:\/\/nbrhc.on.ca\/fr\/patients-et-visiteurs\/information-pour-patients\/seamlessmd\/#breadcrumb"},"inLanguage":"fr-FR","potentialAction":[{"@type":"ReadAction","target":["https:\/\/nbrhc.on.ca\/fr\/patients-et-visiteurs\/information-pour-patients\/seamlessmd\/"]}]},{"@type":"BreadcrumbList","@id":"https:\/\/nbrhc.on.ca\/fr\/patients-et-visiteurs\/information-pour-patients\/seamlessmd\/#breadcrumb","itemListElement":[{"@type":"ListItem","position":1,"name":"Home","item":"https:\/\/nbrhc.on.ca\/fr\/"},{"@type":"ListItem","position":2,"name":"Patients et visiteurs","item":"https:\/\/nbrhc.on.ca\/fr\/patients-et-visiteurs\/"},{"@type":"ListItem","position":3,"name":"Information pour les patients","item":"https:\/\/nbrhc.on.ca\/fr\/patients-et-visiteurs\/information-pour-patients\/"},{"@type":"ListItem","position":4,"name":"SeamlessMD"}]},{"@type":"WebSite","@id":"https:\/\/nbrhc.on.ca\/#website","url":"https:\/\/nbrhc.on.ca\/","name":"NBRHC","description":"North Bay Regional Health Centre","publisher":{"@id":"https:\/\/nbrhc.on.ca\/#organization"},"potentialAction":[{"@type":"SearchAction","target":{"@type":"EntryPoint","urlTemplate":"https:\/\/nbrhc.on.ca\/?s={search_term_string}"},"query-input":{"@type":"PropertyValueSpecification","valueRequired":true,"valueName":"search_term_string"}}],"inLanguage":"fr-FR"},{"@type":"Organization","@id":"https:\/\/nbrhc.on.ca\/#organization","name":"North Bay Regional Health Centre","url":"https:\/\/nbrhc.on.ca\/","logo":{"@type":"ImageObject","inLanguage":"fr-FR","@id":"https:\/\/nbrhc.on.ca\/#\/schema\/logo\/image\/","url":"https:\/\/nbrhc.on.ca\/wp-content\/uploads\/2015\/07\/logo.jpg","contentUrl":"https:\/\/nbrhc.on.ca\/wp-content\/uploads\/2015\/07\/logo.jpg","width":870,"height":128,"caption":"North Bay Regional Health Centre"},"image":{"@id":"https:\/\/nbrhc.on.ca\/#\/schema\/logo\/image\/"},"sameAs":["https:\/\/www.facebook.com\/nbrhc","https:\/\/x.com\/NBRHC","https:\/\/www.linkedin.com\/company\/north-bay-regional-health-centre-nbrhc","https:\/\/www.pinterest.com\/nbrhc","https:\/\/www.youtube.com\/TheNBRHC"]}]}},"_links":{"self":[{"href":"https:\/\/nbrhc.on.ca\/fr\/wp-json\/wp\/v2\/pages\/30721","targetHints":{"allow":["GET"]}}],"collection":[{"href":"https:\/\/nbrhc.on.ca\/fr\/wp-json\/wp\/v2\/pages"}],"about":[{"href":"https:\/\/nbrhc.on.ca\/fr\/wp-json\/wp\/v2\/types\/page"}],"author":[{"embeddable":true,"href":"https:\/\/nbrhc.on.ca\/fr\/wp-json\/wp\/v2\/users\/17"}],"replies":[{"embeddable":true,"href":"https:\/\/nbrhc.on.ca\/fr\/wp-json\/wp\/v2\/comments?post=30721"}],"version-history":[{"count":2,"href":"https:\/\/nbrhc.on.ca\/fr\/wp-json\/wp\/v2\/pages\/30721\/revisions"}],"predecessor-version":[{"id":30723,"href":"https:\/\/nbrhc.on.ca\/fr\/wp-json\/wp\/v2\/pages\/30721\/revisions\/30723"}],"up":[{"embeddable":true,"href":"https:\/\/nbrhc.on.ca\/fr\/wp-json\/wp\/v2\/pages\/4566"}],"wp:attachment":[{"href":"https:\/\/nbrhc.on.ca\/fr\/wp-json\/wp\/v2\/media?parent=30721"}],"wp:term":[{"taxonomy":"post_tag","embeddable":true,"href":"https:\/\/nbrhc.on.ca\/fr\/wp-json\/wp\/v2\/tags?post=30721"}],"curies":[{"name":"wp","href":"https:\/\/api.w.org\/{rel}","templated":true}]}}