{"id":3342,"date":"2014-05-13T16:23:14","date_gmt":"2014-05-13T20:23:14","guid":{"rendered":"http:\/\/www.nbrhc.on.ca\/?page_id=3342"},"modified":"2021-10-29T09:32:17","modified_gmt":"2021-10-29T13:32:17","slug":"les-installations","status":"publish","type":"page","link":"https:\/\/nbrhc.on.ca\/fr\/a-propos-de-nous\/les-installations\/","title":{"rendered":"Les installations"},"content":{"rendered":"<p>Le Centre r\u00e9gional de sant\u00e9 de North Bay (CRSNB) a ouvert ses portes aux patients le 30\u00a0janvier\u00a02011.<\/p>\n<h2>Site principal<\/h2>\n<p>Notre centre de sant\u00e9 a \u00e9t\u00e9 construit sur un nouveau terrain de 80\u00a0acres nous permettant de d\u2019\u00e9tendre nos installations sans aller en hauteur. Le CRSNB totalise 750\u00a0000\u00a0pieds carr\u00e9s r\u00e9partis sur deux niveaux du c\u00f4t\u00e9 ouest (services r\u00e9gionaux de sant\u00e9 mentale) et sur trois niveaux du c\u00f4t\u00e9 est (soins actifs). Le chemin p\u00e9riph\u00e9rique, soit le chemin qui fait le tour de tout l\u2019\u00e9tablissement, est d\u2019environ 1,6\u00a0kilom\u00e8tre (1\u00a0mille).<\/p>\n<p>L\u2019\u00e9tablissement est caract\u00e9ris\u00e9 par des accents naturels comme le bois et la pierre et beaucoup de lumi\u00e8re naturelle. On a con\u00e7u l\u2019immeuble en tenant compte du patient; il y a des fen\u00eatres dans toutes les chambres et il y a une plus grande proportion de chambres \u00e0 un lit ou \u00e0 deux lits qu\u2019auparavant. \u00c0 c\u00f4t\u00e9 de la caf\u00e9t\u00e9ria, il y a un auditorium de 138\u00a0places qui peut recevoir les grands groupes. Situ\u00e9 au 50, promenade College &#8211; North Bay.<\/p>\n<h2>Place Kirkwood<\/h2>\n<p>La Place Kirkwood est situ\u00e9e \u00e0 Sudbury, au bord du lac Ramsey. On y offre des programmes r\u00e9gionaux de sant\u00e9 mentale pour adultes et pour personnes \u00e2g\u00e9es. HSN occupe le quatri\u00e8me \u00e9tage de l\u2019immeuble, o\u00f9 est am\u00e9nag\u00e9e une unit\u00e9 de soins psychiatriques pour patients hospitalis\u00e9s. L\u2019ext\u00e9rieur de cet immeuble a \u00e9t\u00e9 r\u00e9nov\u00e9 r\u00e9cemment. Situ\u00e9 au 680, promenade Kirkwood &#8211; Sudbury.<\/p>\n<h2>Programme de d\u00e9sintoxication et de toxicomanie du Nipissing (PDTN)<\/h2>\n<p>Le PDTN est un programme communautaire de traitement de la toxicomanie qui propose toutes sortes de fa\u00e7ons de combattre la toxicomanie, y compris le traitement en \u00e9tablissement. Le programme occupe 2 185 m<sup>2 <\/sup>\u00e0 l\u2019\u00e9tablissement de la rue King et comprend 29 lits de traitement en \u00e9tablissement et 10 lits flexibles. Situ\u00e9 au 120, rue King Ouest &#8211; North Bay.<\/p>\n<h2>Clinique de sant\u00e9 mentale<\/h2>\n<p>Situ\u00e9e dans le m\u00eame complexe de la rue King Ouest que le PDTN, la Clinique de sant\u00e9 mentale\u00a0(CSM) offre une panoplie de services communautaires de soutien en sant\u00e9 mentale \u00e0 la population du district de Nipissing. C\u2019est en juillet 2011 que les programmes parrain\u00e9s par le CRSNB se sont install\u00e9s dans ce b\u00e2timent \u00e0 trois \u00e9tages ayant une superficie de 870\u00a0m<sup>2<\/sup>. Situ\u00e9 au 120, rue King Ouest &#8211; North Bay.<\/p>\n","protected":false},"excerpt":{"rendered":"<p>Le Centre r\u00e9gional de sant\u00e9 de North Bay (CRSNB) a ouvert ses portes aux patients le 30\u00a0janvier\u00a02011. Site principal Notre centre de sant\u00e9 a \u00e9t\u00e9 construit sur un nouveau terrain [&hellip;]<\/p>\n","protected":false},"author":17,"featured_media":0,"parent":1462,"menu_order":0,"comment_status":"open","ping_status":"open","template":"","meta":{"_acf_changed":false,"_monsterinsights_skip_tracking":false,"_monsterinsights_sitenote_active":false,"_monsterinsights_sitenote_note":"","_monsterinsights_sitenote_category":0,"footnotes":"","_links_to":"","_links_to_target":"","_wp_rev_ctl_limit":""},"tags":[401,402,403,408,400,404,406,405,407],"class_list":["post-3342","page","type-page","status-publish","hentry","tag-batiments","tag-centre-regional-de-sante-de-north-bay","tag-crsnb","tag-etablissement","tag-installations","tag-kirkwood-fr","tag-north-bay","tag-place-kirkwood","tag-sudbury-fr"],"acf":[],"yoast_head":"<!-- This site is optimized with the Yoast SEO plugin v27.4 - https:\/\/yoast.com\/product\/yoast-seo-wordpress\/ -->\n<title>Les installations<\/title>\n<meta name=\"description\" content=\"Le CRSNB comprend le campus principal, Kirkwood Place, le programme de d\u00e9sintoxication et de toxicomanie de Nipissing et la clinique de sant\u00e9 mentale\" \/>\n<meta name=\"robots\" content=\"index, follow, max-snippet:-1, max-image-preview:large, max-video-preview:-1\" \/>\n<link rel=\"canonical\" href=\"https:\/\/nbrhc.on.ca\/fr\/a-propos-de-nous\/les-installations\/\" \/>\n<meta property=\"og:locale\" content=\"fr_FR\" \/>\n<meta property=\"og:type\" content=\"article\" \/>\n<meta property=\"og:title\" content=\"Les installations\" \/>\n<meta property=\"og:description\" content=\"Le CRSNB comprend le campus principal, Kirkwood Place, le programme de d\u00e9sintoxication et de toxicomanie de Nipissing et la clinique de sant\u00e9 mentale\" \/>\n<meta property=\"og:url\" content=\"https:\/\/nbrhc.on.ca\/fr\/a-propos-de-nous\/les-installations\/\" \/>\n<meta property=\"og:site_name\" content=\"NBRHC\" \/>\n<meta property=\"article:publisher\" content=\"https:\/\/www.facebook.com\/nbrhc\" \/>\n<meta property=\"article:modified_time\" content=\"2021-10-29T13:32:17+00:00\" \/>\n<meta property=\"og:image\" content=\"https:\/\/nbrhc.on.ca\/wp-content\/uploads\/2015\/07\/icon_col.jpeg\" \/>\n\t<meta property=\"og:image:width\" content=\"619\" \/>\n\t<meta property=\"og:image:height\" content=\"619\" \/>\n\t<meta property=\"og:image:type\" content=\"image\/jpeg\" \/>\n<meta name=\"twitter:label1\" content=\"Dur\u00e9e de lecture estim\u00e9e\" \/>\n\t<meta name=\"twitter:data1\" content=\"2 minutes\" \/>\n<script type=\"application\/ld+json\" class=\"yoast-schema-graph\">{\"@context\":\"https:\\\/\\\/schema.org\",\"@graph\":[{\"@type\":\"WebPage\",\"@id\":\"https:\\\/\\\/nbrhc.on.ca\\\/fr\\\/a-propos-de-nous\\\/les-installations\\\/\",\"url\":\"https:\\\/\\\/nbrhc.on.ca\\\/fr\\\/a-propos-de-nous\\\/les-installations\\\/\",\"name\":\"Les installations\",\"isPartOf\":{\"@id\":\"https:\\\/\\\/nbrhc.on.ca\\\/#website\"},\"datePublished\":\"2014-05-13T20:23:14+00:00\",\"dateModified\":\"2021-10-29T13:32:17+00:00\",\"description\":\"Le CRSNB comprend le campus principal, Kirkwood Place, le programme de d\u00e9sintoxication et de toxicomanie de Nipissing et la clinique de sant\u00e9 mentale\",\"breadcrumb\":{\"@id\":\"https:\\\/\\\/nbrhc.on.ca\\\/fr\\\/a-propos-de-nous\\\/les-installations\\\/#breadcrumb\"},\"inLanguage\":\"fr-FR\",\"potentialAction\":[{\"@type\":\"ReadAction\",\"target\":[\"https:\\\/\\\/nbrhc.on.ca\\\/fr\\\/a-propos-de-nous\\\/les-installations\\\/\"]}]},{\"@type\":\"BreadcrumbList\",\"@id\":\"https:\\\/\\\/nbrhc.on.ca\\\/fr\\\/a-propos-de-nous\\\/les-installations\\\/#breadcrumb\",\"itemListElement\":[{\"@type\":\"ListItem\",\"position\":1,\"name\":\"Home\",\"item\":\"https:\\\/\\\/nbrhc.on.ca\\\/fr\\\/\"},{\"@type\":\"ListItem\",\"position\":2,\"name\":\"\u00c0 propos de nous\",\"item\":\"https:\\\/\\\/nbrhc.on.ca\\\/fr\\\/a-propos-de-nous\\\/\"},{\"@type\":\"ListItem\",\"position\":3,\"name\":\"Les installations\"}]},{\"@type\":\"WebSite\",\"@id\":\"https:\\\/\\\/nbrhc.on.ca\\\/#website\",\"url\":\"https:\\\/\\\/nbrhc.on.ca\\\/\",\"name\":\"NBRHC\",\"description\":\"North Bay Regional Health Centre\",\"publisher\":{\"@id\":\"https:\\\/\\\/nbrhc.on.ca\\\/#organization\"},\"potentialAction\":[{\"@type\":\"SearchAction\",\"target\":{\"@type\":\"EntryPoint\",\"urlTemplate\":\"https:\\\/\\\/nbrhc.on.ca\\\/?s={search_term_string}\"},\"query-input\":{\"@type\":\"PropertyValueSpecification\",\"valueRequired\":true,\"valueName\":\"search_term_string\"}}],\"inLanguage\":\"fr-FR\"},{\"@type\":\"Organization\",\"@id\":\"https:\\\/\\\/nbrhc.on.ca\\\/#organization\",\"name\":\"North Bay Regional Health Centre\",\"url\":\"https:\\\/\\\/nbrhc.on.ca\\\/\",\"logo\":{\"@type\":\"ImageObject\",\"inLanguage\":\"fr-FR\",\"@id\":\"https:\\\/\\\/nbrhc.on.ca\\\/#\\\/schema\\\/logo\\\/image\\\/\",\"url\":\"https:\\\/\\\/nbrhc.on.ca\\\/wp-content\\\/uploads\\\/2015\\\/07\\\/logo.jpg\",\"contentUrl\":\"https:\\\/\\\/nbrhc.on.ca\\\/wp-content\\\/uploads\\\/2015\\\/07\\\/logo.jpg\",\"width\":870,\"height\":128,\"caption\":\"North Bay Regional Health Centre\"},\"image\":{\"@id\":\"https:\\\/\\\/nbrhc.on.ca\\\/#\\\/schema\\\/logo\\\/image\\\/\"},\"sameAs\":[\"https:\\\/\\\/www.facebook.com\\\/nbrhc\",\"https:\\\/\\\/x.com\\\/NBRHC\",\"https:\\\/\\\/www.linkedin.com\\\/company\\\/north-bay-regional-health-centre-nbrhc\",\"https:\\\/\\\/www.pinterest.com\\\/nbrhc\",\"https:\\\/\\\/www.youtube.com\\\/TheNBRHC\"]}]}<\/script>\n<!-- \/ Yoast SEO plugin. -->","yoast_head_json":{"title":"Les installations","description":"Le CRSNB comprend le campus principal, Kirkwood Place, le programme de d\u00e9sintoxication et de toxicomanie de Nipissing et la clinique de sant\u00e9 mentale","robots":{"index":"index","follow":"follow","max-snippet":"max-snippet:-1","max-image-preview":"max-image-preview:large","max-video-preview":"max-video-preview:-1"},"canonical":"https:\/\/nbrhc.on.ca\/fr\/a-propos-de-nous\/les-installations\/","og_locale":"fr_FR","og_type":"article","og_title":"Les installations","og_description":"Le CRSNB comprend le campus principal, Kirkwood Place, le programme de d\u00e9sintoxication et de toxicomanie de Nipissing et la clinique de sant\u00e9 mentale","og_url":"https:\/\/nbrhc.on.ca\/fr\/a-propos-de-nous\/les-installations\/","og_site_name":"NBRHC","article_publisher":"https:\/\/www.facebook.com\/nbrhc","article_modified_time":"2021-10-29T13:32:17+00:00","og_image":[{"width":619,"height":619,"url":"https:\/\/nbrhc.on.ca\/wp-content\/uploads\/2015\/07\/icon_col.jpeg","type":"image\/jpeg"}],"twitter_misc":{"Dur\u00e9e de lecture estim\u00e9e":"2 minutes"},"schema":{"@context":"https:\/\/schema.org","@graph":[{"@type":"WebPage","@id":"https:\/\/nbrhc.on.ca\/fr\/a-propos-de-nous\/les-installations\/","url":"https:\/\/nbrhc.on.ca\/fr\/a-propos-de-nous\/les-installations\/","name":"Les installations","isPartOf":{"@id":"https:\/\/nbrhc.on.ca\/#website"},"datePublished":"2014-05-13T20:23:14+00:00","dateModified":"2021-10-29T13:32:17+00:00","description":"Le CRSNB comprend le campus principal, Kirkwood Place, le programme de d\u00e9sintoxication et de toxicomanie de Nipissing et la clinique de sant\u00e9 mentale","breadcrumb":{"@id":"https:\/\/nbrhc.on.ca\/fr\/a-propos-de-nous\/les-installations\/#breadcrumb"},"inLanguage":"fr-FR","potentialAction":[{"@type":"ReadAction","target":["https:\/\/nbrhc.on.ca\/fr\/a-propos-de-nous\/les-installations\/"]}]},{"@type":"BreadcrumbList","@id":"https:\/\/nbrhc.on.ca\/fr\/a-propos-de-nous\/les-installations\/#breadcrumb","itemListElement":[{"@type":"ListItem","position":1,"name":"Home","item":"https:\/\/nbrhc.on.ca\/fr\/"},{"@type":"ListItem","position":2,"name":"\u00c0 propos de nous","item":"https:\/\/nbrhc.on.ca\/fr\/a-propos-de-nous\/"},{"@type":"ListItem","position":3,"name":"Les installations"}]},{"@type":"WebSite","@id":"https:\/\/nbrhc.on.ca\/#website","url":"https:\/\/nbrhc.on.ca\/","name":"NBRHC","description":"North Bay Regional Health Centre","publisher":{"@id":"https:\/\/nbrhc.on.ca\/#organization"},"potentialAction":[{"@type":"SearchAction","target":{"@type":"EntryPoint","urlTemplate":"https:\/\/nbrhc.on.ca\/?s={search_term_string}"},"query-input":{"@type":"PropertyValueSpecification","valueRequired":true,"valueName":"search_term_string"}}],"inLanguage":"fr-FR"},{"@type":"Organization","@id":"https:\/\/nbrhc.on.ca\/#organization","name":"North Bay Regional Health Centre","url":"https:\/\/nbrhc.on.ca\/","logo":{"@type":"ImageObject","inLanguage":"fr-FR","@id":"https:\/\/nbrhc.on.ca\/#\/schema\/logo\/image\/","url":"https:\/\/nbrhc.on.ca\/wp-content\/uploads\/2015\/07\/logo.jpg","contentUrl":"https:\/\/nbrhc.on.ca\/wp-content\/uploads\/2015\/07\/logo.jpg","width":870,"height":128,"caption":"North Bay Regional Health Centre"},"image":{"@id":"https:\/\/nbrhc.on.ca\/#\/schema\/logo\/image\/"},"sameAs":["https:\/\/www.facebook.com\/nbrhc","https:\/\/x.com\/NBRHC","https:\/\/www.linkedin.com\/company\/north-bay-regional-health-centre-nbrhc","https:\/\/www.pinterest.com\/nbrhc","https:\/\/www.youtube.com\/TheNBRHC"]}]}},"_links":{"self":[{"href":"https:\/\/nbrhc.on.ca\/fr\/wp-json\/wp\/v2\/pages\/3342","targetHints":{"allow":["GET"]}}],"collection":[{"href":"https:\/\/nbrhc.on.ca\/fr\/wp-json\/wp\/v2\/pages"}],"about":[{"href":"https:\/\/nbrhc.on.ca\/fr\/wp-json\/wp\/v2\/types\/page"}],"author":[{"embeddable":true,"href":"https:\/\/nbrhc.on.ca\/fr\/wp-json\/wp\/v2\/users\/17"}],"replies":[{"embeddable":true,"href":"https:\/\/nbrhc.on.ca\/fr\/wp-json\/wp\/v2\/comments?post=3342"}],"version-history":[{"count":5,"href":"https:\/\/nbrhc.on.ca\/fr\/wp-json\/wp\/v2\/pages\/3342\/revisions"}],"predecessor-version":[{"id":28092,"href":"https:\/\/nbrhc.on.ca\/fr\/wp-json\/wp\/v2\/pages\/3342\/revisions\/28092"}],"up":[{"embeddable":true,"href":"https:\/\/nbrhc.on.ca\/fr\/wp-json\/wp\/v2\/pages\/1462"}],"wp:attachment":[{"href":"https:\/\/nbrhc.on.ca\/fr\/wp-json\/wp\/v2\/media?parent=3342"}],"wp:term":[{"taxonomy":"post_tag","embeddable":true,"href":"https:\/\/nbrhc.on.ca\/fr\/wp-json\/wp\/v2\/tags?post=3342"}],"curies":[{"name":"wp","href":"https:\/\/api.w.org\/{rel}","templated":true}]}}