{"id":3359,"date":"2014-05-13T16:56:42","date_gmt":"2014-05-13T20:56:42","guid":{"rendered":"http:\/\/www.nbrhc.on.ca\/?page_id=3359"},"modified":"2021-08-25T14:55:38","modified_gmt":"2021-08-25T18:55:38","slug":"historique","status":"publish","type":"page","link":"https:\/\/nbrhc.on.ca\/fr\/a-propos-de-nous\/historique\/","title":{"rendered":"Historique"},"content":{"rendered":"<p>En 1899, les infirmi\u00e8res de l\u2019Ordre de Victoria du Canada ont fond\u00e9 l\u2019un de leurs premiers pavillons hospitaliers, \u00e0 North Bay, dirig\u00e9 par l\u2019une des leurs. Ces h\u00f4pitaux \u00e9taient model\u00e9s sur le Queen Victoria Cottage Hospital et connus sous ce nom, en l\u2019honneur de la reine Victoria.<\/p>\n<p>Pour h\u00e9berger ad\u00e9quatement les malades, on ouvrira un h\u00f4pital temporaire en 1902, puis en 1904, on construira le Queen Victoria Memorial Hospital, sur l\u2019avenue Klock, aujourd\u2019hui l\u2019avenue Algonquin.<\/p>\n<p>La construction et l\u2019\u00e9quipement seront financ\u00e9s gr\u00e2ce \u00e0 une subvention du Fonds de l\u2019H\u00f4pital Lady Minto, mis sur pied par la femme du gouverneur g\u00e9n\u00e9ral du Canada, et relevant du Conseil d\u2019administration de l\u2019Ordre de Victoria.<\/p>\n<p>L\u2019H\u00f4pital est alors dirig\u00e9 par un organisme local, constitu\u00e9 conform\u00e9ment \u00e0 la charte et aux r\u00e8glements administratifs de l\u2019Ordre de Victoria, et par un conseil de gestion.<\/p>\n<p>D\u2019autres travaux de construction auront lieu en 1907, puis une aile s\u2019ajoute en 1910, ce qui porte le nombre de lits \u00e0 46 et de berceaux \u00e0 10.<\/p>\n<p>Le 31 d\u00e9cembre 1924, l\u2019Ordre de Victoria a coup\u00e9 les liens avec ses derniers pavillons hospitaliers, notamment avec celui de North Bay. Dor\u00e9navant, l\u2019\u00e9tablissement sera enti\u00e8rement autonome.<\/p>\n<p>En 1931, en vertu d\u2019une loi sp\u00e9ciale du Parlement, la Ville de North Bay peut accepter et d\u00e9tenir la propri\u00e9t\u00e9, la faire fonctionner et la conserver \u00e0 titre d\u2019h\u00f4pital g\u00e9n\u00e9ral municipal. D\u00e8s lors, le Queen Victoria Memorial Hospital sera dirig\u00e9 par la North Bay Hospital Commission, nomm\u00e9e par le Conseil municipal.<\/p>\n<p>Jusqu\u2019en 1933, l\u2019\u00e9tablissement sera une \u00e9cole de formation pour les infirmi\u00e8res et infirmiers. Pour assurer le d\u00e9veloppement soutenu de la ville et de la r\u00e9gion avoisinante, il faudra alors demander au gouvernement la permission de construire un nouvel h\u00f4pital municipal de 100 lits, qui sera accord\u00e9e en 1949. On a alors choisi l\u2019emplacement actuel et entrepris la construction d\u2019un h\u00f4pital d\u2019un million de dollars. L\u2019ouverture officielle de l\u2019H\u00f4pital Civic de North Bay a eu lieu le dimanche 8 avril 1951.<\/p>\n<p>En 1959, une firme d\u2019experts-conseils du domaine hospitalier a \u00e9t\u00e9 embauch\u00e9e pour mener une autre \u00e9tude sur les \u00e9tablissements et les besoins futurs de la r\u00e9gion.<\/p>\n<p>Par suite de la r\u00e9ception de son rapport et de l\u2019approbation par les autorit\u00e9s concern\u00e9es, le 16 mars 1965, on amor\u00e7ait la construction d\u2019un rajout au co\u00fbt de 4 000 000 de dollars, qui sera termin\u00e9 en 1969. L\u2019inauguration a \u00e9t\u00e9 faite, le 11 d\u00e9cembre 1968, par le ministre de la Sant\u00e9 de l\u2019Ontario, l\u2019honorable M. B. Dymond, m\u00e9decin.<\/p>\n<p>Le 9 juillet 1991, on inaugurait un rajout au Service des urgences, comprenant maintenant une unit\u00e9 d\u2019observation de 12 lits.<\/p>\n<p>Jusqu\u2019\u00e0 la fin de 1991, l\u2019\u00e9tablissement comptait 193 lits. De graves contraintes financi\u00e8res associ\u00e9es aux paiements de transfert ont ensuite forc\u00e9 la fermeture de 20 lits (16 de chirurgie et 4 de soins continus) et la mise \u00e0 pied de personnel. Les unit\u00e9s de soins infirmiers ont \u00e9t\u00e9 restructur\u00e9es pour que les soins de longue dur\u00e9e soient regroup\u00e9s au quatri\u00e8me \u00e9tage ouest et qu\u2019on ouvre une unit\u00e9 de chirurgie \u00e0 court s\u00e9jour. Des services innovateurs ont \u00e9t\u00e9 mis sur pied, notamment une clinique de pr\u00e9admission, un centre des rendez-vous, les chirurgies ambulatoires ainsi qu\u2019une date estimative de mise en cong\u00e9. Ces services nous ont permis de conserver les programmes chirurgicaux et de bien faire face aux d\u00e9fis d\u2019ordre financier.<\/p>\n<p>D\u2019importantes initiatives ax\u00e9es sur la rationalisation et des services communs se sont produites en 1992, avec l\u2019autorisation de g\u00e9rer une seule unit\u00e9 de patients hospitalis\u00e9s en p\u00e9diatrie, \u00e0 l\u2019emplacement St-Joseph, et une clinique unifi\u00e9e de chimioth\u00e9rapie au sixi\u00e8me \u00e9tage ouest de l\u2019emplacement Civic. Les pourparlers avec l\u2019emplacement St-Joseph sur la fusion se sont poursuivis en 1993. On y a trait\u00e9 des chirurgies ambulatoires, des services alimentaires, de la s\u00e9curit\u00e9 au travail et de l\u2019objectif \u00e9ventuel d\u2019une seule r\u00e9gie pour la structure de soins actifs.<\/p>\n<p>En 1995, l\u2019H\u00f4pital g\u00e9n\u00e9ral St-Joseph et l\u2019H\u00f4pital Civic de North Bay ont fusionn\u00e9 au sein de l\u2019H\u00f4pital de North Bay et du district (HNBD). En 1999, dans ses directives finales, la Commission de restructuration des services de sant\u00e9 recommandait qu\u2019on reconstruise cet \u00e9tablissement \u00e0 un nouvel emplacement et qu\u2019on ferme les installations existantes. La planification fonctionnelle du nouveau centre de sant\u00e9 a \u00e9t\u00e9 termin\u00e9e en 2000 puis la phase de conception a commenc\u00e9 l\u2019ann\u00e9e suivante.<\/p>\n<p>En 2004, la Fondation de l\u2019HNBD a recueilli 18,2 millions de dollars, soit la part de la collectivit\u00e9 allant \u00e0 la construction du nouveau centre.<\/p>\n<p>En avril 2011, l\u2019ancien H\u00f4pital g\u00e9n\u00e9ral de North Bay (HGNB) et le Centre de sant\u00e9 mentale du Nord-Est (CSMNE) ont fusionn\u00e9 pour former le Centre r\u00e9gional de sant\u00e9 de North Bay. Les deux anciens \u00e9tablissements poss\u00e8dent de longs ant\u00e9c\u00e9dents \u00e0 North Bay. Si vous voulez en savoir plus long, visitez notre boutique de cadeaux o\u00f9 des exemplaires du livre d\u2019histoire intitul\u00e9\u00a0The Hospitals of North Bay-A History of Development\u00a0sont en vente.<\/p>\n<p>En avril 2011, l\u2019ancien H\u00f4pital g\u00e9n\u00e9ral de North Bay (HGNB) et le Centre de sant\u00e9 mentale du Nord-Est (CSMNE) ont fusionn\u00e9 pour former le Centre r\u00e9gional de sant\u00e9 de North Bay.<\/p>\n<p>Les deux anciens \u00e9tablissements poss\u00e8dent de longs ant\u00e9c\u00e9dents \u00e0 North Bay. Si vous voulez en savoir plus long, visitez notre boutique de cadeaux o\u00f9 des exemplaires du livre d\u2019histoire intitul\u00e9 <em>The Hospitals of North Bay-A History of Development<\/em> sont en vente.<\/p>\n","protected":false},"excerpt":{"rendered":"<p>En 1899, les infirmi\u00e8res de l\u2019Ordre de Victoria du Canada ont fond\u00e9 l\u2019un de leurs premiers pavillons hospitaliers, \u00e0 North Bay, dirig\u00e9 par l\u2019une des leurs. Ces h\u00f4pitaux \u00e9taient model\u00e9s [&hellip;]<\/p>\n","protected":false},"author":17,"featured_media":0,"parent":1462,"menu_order":0,"comment_status":"open","ping_status":"open","template":"","meta":{"_acf_changed":false,"_monsterinsights_skip_tracking":false,"_monsterinsights_sitenote_active":false,"_monsterinsights_sitenote_note":"","_monsterinsights_sitenote_category":0,"footnotes":"","_links_to":"","_links_to_target":"","_wp_rev_ctl_limit":""},"tags":[391],"class_list":["post-3359","page","type-page","status-publish","hentry","tag-historique"],"acf":[],"yoast_head":"<!-- This site is optimized with the Yoast SEO plugin v27.5 - https:\/\/yoast.com\/product\/yoast-seo-wordpress\/ -->\n<title>Historique<\/title>\n<meta name=\"description\" content=\"En 2011, l&#039;ancien H\u00f4pital g\u00e9n\u00e9ral de North Bay et le Centre de sant\u00e9 mentale du Nord-Est ont fusionn\u00e9 pour devenir le Centre de sant\u00e9 r\u00e9gional de North Bay.\" \/>\n<meta name=\"robots\" content=\"index, follow, max-snippet:-1, max-image-preview:large, max-video-preview:-1\" \/>\n<link rel=\"canonical\" href=\"https:\/\/nbrhc.on.ca\/fr\/a-propos-de-nous\/historique\/\" \/>\n<meta property=\"og:locale\" content=\"fr_FR\" \/>\n<meta property=\"og:type\" content=\"article\" \/>\n<meta property=\"og:title\" content=\"Historique\" \/>\n<meta property=\"og:description\" content=\"En 2011, l&#039;ancien H\u00f4pital g\u00e9n\u00e9ral de North Bay et le Centre de sant\u00e9 mentale du Nord-Est ont fusionn\u00e9 pour devenir le Centre de sant\u00e9 r\u00e9gional de North Bay.\" \/>\n<meta property=\"og:url\" content=\"https:\/\/nbrhc.on.ca\/fr\/a-propos-de-nous\/historique\/\" \/>\n<meta property=\"og:site_name\" content=\"NBRHC\" \/>\n<meta property=\"article:publisher\" content=\"https:\/\/www.facebook.com\/nbrhc\" \/>\n<meta property=\"article:modified_time\" content=\"2021-08-25T18:55:38+00:00\" \/>\n<meta property=\"og:image\" content=\"https:\/\/nbrhc.on.ca\/wp-content\/uploads\/2015\/07\/icon_col.jpeg\" \/>\n\t<meta property=\"og:image:width\" content=\"619\" \/>\n\t<meta property=\"og:image:height\" content=\"619\" \/>\n\t<meta property=\"og:image:type\" content=\"image\/jpeg\" \/>\n<meta name=\"twitter:label1\" content=\"Dur\u00e9e de lecture estim\u00e9e\" \/>\n\t<meta name=\"twitter:data1\" content=\"5 minutes\" \/>\n<script type=\"application\/ld+json\" class=\"yoast-schema-graph\">{\"@context\":\"https:\\\/\\\/schema.org\",\"@graph\":[{\"@type\":\"WebPage\",\"@id\":\"https:\\\/\\\/nbrhc.on.ca\\\/fr\\\/a-propos-de-nous\\\/historique\\\/\",\"url\":\"https:\\\/\\\/nbrhc.on.ca\\\/fr\\\/a-propos-de-nous\\\/historique\\\/\",\"name\":\"Historique\",\"isPartOf\":{\"@id\":\"https:\\\/\\\/nbrhc.on.ca\\\/#website\"},\"datePublished\":\"2014-05-13T20:56:42+00:00\",\"dateModified\":\"2021-08-25T18:55:38+00:00\",\"description\":\"En 2011, l'ancien H\u00f4pital g\u00e9n\u00e9ral de North Bay et le Centre de sant\u00e9 mentale du Nord-Est ont fusionn\u00e9 pour devenir le Centre de sant\u00e9 r\u00e9gional de North Bay.\",\"breadcrumb\":{\"@id\":\"https:\\\/\\\/nbrhc.on.ca\\\/fr\\\/a-propos-de-nous\\\/historique\\\/#breadcrumb\"},\"inLanguage\":\"fr-FR\",\"potentialAction\":[{\"@type\":\"ReadAction\",\"target\":[\"https:\\\/\\\/nbrhc.on.ca\\\/fr\\\/a-propos-de-nous\\\/historique\\\/\"]}]},{\"@type\":\"BreadcrumbList\",\"@id\":\"https:\\\/\\\/nbrhc.on.ca\\\/fr\\\/a-propos-de-nous\\\/historique\\\/#breadcrumb\",\"itemListElement\":[{\"@type\":\"ListItem\",\"position\":1,\"name\":\"Home\",\"item\":\"https:\\\/\\\/nbrhc.on.ca\\\/fr\\\/\"},{\"@type\":\"ListItem\",\"position\":2,\"name\":\"\u00c0 propos de nous\",\"item\":\"https:\\\/\\\/nbrhc.on.ca\\\/fr\\\/a-propos-de-nous\\\/\"},{\"@type\":\"ListItem\",\"position\":3,\"name\":\"Historique\"}]},{\"@type\":\"WebSite\",\"@id\":\"https:\\\/\\\/nbrhc.on.ca\\\/#website\",\"url\":\"https:\\\/\\\/nbrhc.on.ca\\\/\",\"name\":\"NBRHC\",\"description\":\"North Bay Regional Health Centre\",\"publisher\":{\"@id\":\"https:\\\/\\\/nbrhc.on.ca\\\/#organization\"},\"potentialAction\":[{\"@type\":\"SearchAction\",\"target\":{\"@type\":\"EntryPoint\",\"urlTemplate\":\"https:\\\/\\\/nbrhc.on.ca\\\/?s={search_term_string}\"},\"query-input\":{\"@type\":\"PropertyValueSpecification\",\"valueRequired\":true,\"valueName\":\"search_term_string\"}}],\"inLanguage\":\"fr-FR\"},{\"@type\":\"Organization\",\"@id\":\"https:\\\/\\\/nbrhc.on.ca\\\/#organization\",\"name\":\"North Bay Regional Health Centre\",\"url\":\"https:\\\/\\\/nbrhc.on.ca\\\/\",\"logo\":{\"@type\":\"ImageObject\",\"inLanguage\":\"fr-FR\",\"@id\":\"https:\\\/\\\/nbrhc.on.ca\\\/#\\\/schema\\\/logo\\\/image\\\/\",\"url\":\"https:\\\/\\\/nbrhc.on.ca\\\/wp-content\\\/uploads\\\/2015\\\/07\\\/logo.jpg\",\"contentUrl\":\"https:\\\/\\\/nbrhc.on.ca\\\/wp-content\\\/uploads\\\/2015\\\/07\\\/logo.jpg\",\"width\":870,\"height\":128,\"caption\":\"North Bay Regional Health Centre\"},\"image\":{\"@id\":\"https:\\\/\\\/nbrhc.on.ca\\\/#\\\/schema\\\/logo\\\/image\\\/\"},\"sameAs\":[\"https:\\\/\\\/www.facebook.com\\\/nbrhc\",\"https:\\\/\\\/x.com\\\/NBRHC\",\"https:\\\/\\\/www.linkedin.com\\\/company\\\/north-bay-regional-health-centre-nbrhc\",\"https:\\\/\\\/www.pinterest.com\\\/nbrhc\",\"https:\\\/\\\/www.youtube.com\\\/TheNBRHC\"]}]}<\/script>\n<!-- \/ Yoast SEO plugin. -->","yoast_head_json":{"title":"Historique","description":"En 2011, l'ancien H\u00f4pital g\u00e9n\u00e9ral de North Bay et le Centre de sant\u00e9 mentale du Nord-Est ont fusionn\u00e9 pour devenir le Centre de sant\u00e9 r\u00e9gional de North Bay.","robots":{"index":"index","follow":"follow","max-snippet":"max-snippet:-1","max-image-preview":"max-image-preview:large","max-video-preview":"max-video-preview:-1"},"canonical":"https:\/\/nbrhc.on.ca\/fr\/a-propos-de-nous\/historique\/","og_locale":"fr_FR","og_type":"article","og_title":"Historique","og_description":"En 2011, l'ancien H\u00f4pital g\u00e9n\u00e9ral de North Bay et le Centre de sant\u00e9 mentale du Nord-Est ont fusionn\u00e9 pour devenir le Centre de sant\u00e9 r\u00e9gional de North Bay.","og_url":"https:\/\/nbrhc.on.ca\/fr\/a-propos-de-nous\/historique\/","og_site_name":"NBRHC","article_publisher":"https:\/\/www.facebook.com\/nbrhc","article_modified_time":"2021-08-25T18:55:38+00:00","og_image":[{"width":619,"height":619,"url":"https:\/\/nbrhc.on.ca\/wp-content\/uploads\/2015\/07\/icon_col.jpeg","type":"image\/jpeg"}],"twitter_misc":{"Dur\u00e9e de lecture estim\u00e9e":"5 minutes"},"schema":{"@context":"https:\/\/schema.org","@graph":[{"@type":"WebPage","@id":"https:\/\/nbrhc.on.ca\/fr\/a-propos-de-nous\/historique\/","url":"https:\/\/nbrhc.on.ca\/fr\/a-propos-de-nous\/historique\/","name":"Historique","isPartOf":{"@id":"https:\/\/nbrhc.on.ca\/#website"},"datePublished":"2014-05-13T20:56:42+00:00","dateModified":"2021-08-25T18:55:38+00:00","description":"En 2011, l'ancien H\u00f4pital g\u00e9n\u00e9ral de North Bay et le Centre de sant\u00e9 mentale du Nord-Est ont fusionn\u00e9 pour devenir le Centre de sant\u00e9 r\u00e9gional de North Bay.","breadcrumb":{"@id":"https:\/\/nbrhc.on.ca\/fr\/a-propos-de-nous\/historique\/#breadcrumb"},"inLanguage":"fr-FR","potentialAction":[{"@type":"ReadAction","target":["https:\/\/nbrhc.on.ca\/fr\/a-propos-de-nous\/historique\/"]}]},{"@type":"BreadcrumbList","@id":"https:\/\/nbrhc.on.ca\/fr\/a-propos-de-nous\/historique\/#breadcrumb","itemListElement":[{"@type":"ListItem","position":1,"name":"Home","item":"https:\/\/nbrhc.on.ca\/fr\/"},{"@type":"ListItem","position":2,"name":"\u00c0 propos de nous","item":"https:\/\/nbrhc.on.ca\/fr\/a-propos-de-nous\/"},{"@type":"ListItem","position":3,"name":"Historique"}]},{"@type":"WebSite","@id":"https:\/\/nbrhc.on.ca\/#website","url":"https:\/\/nbrhc.on.ca\/","name":"NBRHC","description":"North Bay Regional Health Centre","publisher":{"@id":"https:\/\/nbrhc.on.ca\/#organization"},"potentialAction":[{"@type":"SearchAction","target":{"@type":"EntryPoint","urlTemplate":"https:\/\/nbrhc.on.ca\/?s={search_term_string}"},"query-input":{"@type":"PropertyValueSpecification","valueRequired":true,"valueName":"search_term_string"}}],"inLanguage":"fr-FR"},{"@type":"Organization","@id":"https:\/\/nbrhc.on.ca\/#organization","name":"North Bay Regional Health Centre","url":"https:\/\/nbrhc.on.ca\/","logo":{"@type":"ImageObject","inLanguage":"fr-FR","@id":"https:\/\/nbrhc.on.ca\/#\/schema\/logo\/image\/","url":"https:\/\/nbrhc.on.ca\/wp-content\/uploads\/2015\/07\/logo.jpg","contentUrl":"https:\/\/nbrhc.on.ca\/wp-content\/uploads\/2015\/07\/logo.jpg","width":870,"height":128,"caption":"North Bay Regional Health Centre"},"image":{"@id":"https:\/\/nbrhc.on.ca\/#\/schema\/logo\/image\/"},"sameAs":["https:\/\/www.facebook.com\/nbrhc","https:\/\/x.com\/NBRHC","https:\/\/www.linkedin.com\/company\/north-bay-regional-health-centre-nbrhc","https:\/\/www.pinterest.com\/nbrhc","https:\/\/www.youtube.com\/TheNBRHC"]}]}},"_links":{"self":[{"href":"https:\/\/nbrhc.on.ca\/fr\/wp-json\/wp\/v2\/pages\/3359","targetHints":{"allow":["GET"]}}],"collection":[{"href":"https:\/\/nbrhc.on.ca\/fr\/wp-json\/wp\/v2\/pages"}],"about":[{"href":"https:\/\/nbrhc.on.ca\/fr\/wp-json\/wp\/v2\/types\/page"}],"author":[{"embeddable":true,"href":"https:\/\/nbrhc.on.ca\/fr\/wp-json\/wp\/v2\/users\/17"}],"replies":[{"embeddable":true,"href":"https:\/\/nbrhc.on.ca\/fr\/wp-json\/wp\/v2\/comments?post=3359"}],"version-history":[{"count":1,"href":"https:\/\/nbrhc.on.ca\/fr\/wp-json\/wp\/v2\/pages\/3359\/revisions"}],"predecessor-version":[{"id":27334,"href":"https:\/\/nbrhc.on.ca\/fr\/wp-json\/wp\/v2\/pages\/3359\/revisions\/27334"}],"up":[{"embeddable":true,"href":"https:\/\/nbrhc.on.ca\/fr\/wp-json\/wp\/v2\/pages\/1462"}],"wp:attachment":[{"href":"https:\/\/nbrhc.on.ca\/fr\/wp-json\/wp\/v2\/media?parent=3359"}],"wp:term":[{"taxonomy":"post_tag","embeddable":true,"href":"https:\/\/nbrhc.on.ca\/fr\/wp-json\/wp\/v2\/tags?post=3359"}],"curies":[{"name":"wp","href":"https:\/\/api.w.org\/{rel}","templated":true}]}}