{"id":3414,"date":"2014-05-14T14:11:40","date_gmt":"2014-05-14T18:11:40","guid":{"rendered":"http:\/\/www.nbrhc.on.ca\/?page_id=3414"},"modified":"2022-10-21T10:41:16","modified_gmt":"2022-10-21T14:41:16","slug":"vivre-et-travailler-north-bay","status":"publish","type":"page","link":"https:\/\/nbrhc.on.ca\/fr\/joignez-vous-a-notre-equipe\/carriere\/vivre-et-travailler-north-bay\/","title":{"rendered":"Vivre et travailler \u00e0 North Bay"},"content":{"rendered":"<p>North Bay est une communaut\u00e9 chaleureuse o\u00f9 les gens sont dynamiques et d\u00e9bordants d\u2019\u00e9nergie. La combinaison de for\u00eats luxuriantes, d\u2019eau de source et d\u2019air frais cr\u00e9e un environnement sain o\u00f9 travailler, vivre et \u00e9lever une famille. L\u2019existence de quartiers s\u00fbrs, sympathiques et bien planifi\u00e9s fait qu\u2019il est toujours agr\u00e9able de se retrouver chez soi \u00e0 North Bay.<\/p>\n<p>Nich\u00e9e entre le lac Nipissing et le lac Trout, la ville de North Bay offre des terrains riverains tant en milieu urbain qu\u2019en milieu rural. La courte distance entre le lieu de r\u00e9sidence et le travail fait que les gens ont plus de temps pour profiter des nombreux parcs et des installations de loisirs.<\/p>\n<p>Les possibilit\u00e9s en mati\u00e8re de logement sont diverses, que vous choisissiez la ville ou la campagne. Celle-ci est seulement \u00e0 quelques minutes du centre-ville et vous propose un large \u00e9ventail de modes de vie int\u00e9ressants.<\/p>\n<p>Par ailleurs, il y a \u00e0 North Bay toute une panoplie d\u2019activit\u00e9s r\u00e9cr\u00e9atives gr\u00e2ce aux sentiers naturels propices \u00e0 la marche, au v\u00e9lo ou aux randonn\u00e9es ainsi que dans le cadre de programmes et de services offerts par la municipalit\u00e9 et d\u2019autres fournisseurs de services communautaires. Il y a des activit\u00e9s pour toutes les saisons\u00a0: plages, marina municipale, golf, ar\u00e9nas, ski et motoneige.<\/p>\n<p>\u00c0 North Bay, il existe divers \u00e9tablissements d\u2019enseignement. En effet, quatre conseils scolaires offrent des programmes \u00e9l\u00e9mentaires et secondaires en fran\u00e7ais et en anglais. Diff\u00e9rentes \u00e9coles mettent l\u2019accent sur les arts, le th\u00e9\u00e2tre ou les sports. Pour ce qui est de la formation technique ou professionnelle, le <a href=\"https:\/\/www.canadorecollege.ca\/\" target=\"_blank\" rel=\"noopener\">Coll\u00e8ge Canadore<\/a> propose une foule de cours menant \u00e0 l\u2019obtention d\u2019un dipl\u00f4me et l\u2019<a href=\"http:\/\/www.nipissingu.ca\/\" target=\"_blank\" rel=\"noopener\"> Universit\u00e9\u00a0Nipissing<\/a>, des programmes menant \u00e0 l\u2019obtention d\u2019un grade. En outre, le CTS Canadian Career College offre des programmes menant \u00e0 l\u2019obtention d\u2019un dipl\u00f4me \u00e0 l\u2019\u00e9gard de m\u00e9tiers en forte demande. Les cours y sont donn\u00e9s par des instructeurs ayant une solide exp\u00e9rience au sein de l\u2019industrie. Ces derniers pr\u00e9parent les apprenants en moins d\u2019un an!<\/p>\n<p>Un h\u00f4pital agr\u00e9\u00e9 offre une gamme compl\u00e8te de services m\u00e9dicaux. De plus, un certain nombre d\u2019organismes de services sociaux peuvent venir en aide aux familles ayant des besoins particuliers.<\/p>\n","protected":false},"excerpt":{"rendered":"<p>North Bay est une communaut\u00e9 chaleureuse o\u00f9 les gens sont dynamiques et d\u00e9bordants d\u2019\u00e9nergie. La combinaison de for\u00eats luxuriantes, d\u2019eau de source et d\u2019air frais cr\u00e9e un environnement sain o\u00f9 [&hellip;]<\/p>\n","protected":false},"author":17,"featured_media":0,"parent":2431,"menu_order":0,"comment_status":"open","ping_status":"open","template":"","meta":{"_acf_changed":false,"_monsterinsights_skip_tracking":false,"_monsterinsights_sitenote_active":false,"_monsterinsights_sitenote_note":"","_monsterinsights_sitenote_category":0,"footnotes":"","_links_to":"","_links_to_target":"","_wp_rev_ctl_limit":""},"tags":[406,474,472,473],"class_list":["post-3414","page","type-page","status-publish","hentry","tag-north-bay","tag-travailler-ici","tag-vivre-et-travailler-a-north-bay","tag-vivre-ici"],"acf":[],"yoast_head":"<!-- This site is optimized with the Yoast SEO plugin v27.4 - https:\/\/yoast.com\/product\/yoast-seo-wordpress\/ -->\n<title>Vivre et travailler \u00e0 North Bay<\/title>\n<meta name=\"description\" content=\"North Bay est une communaut\u00e9 bienveillante de for\u00eats luxuriantes, d&#039;eau de source et d&#039;air pur. Un environnement sain pour travailler et vivre\" \/>\n<meta name=\"robots\" content=\"index, follow, max-snippet:-1, max-image-preview:large, max-video-preview:-1\" \/>\n<link rel=\"canonical\" href=\"https:\/\/nbrhc.on.ca\/fr\/joignez-vous-a-notre-equipe\/carriere\/vivre-et-travailler-north-bay\/\" \/>\n<meta property=\"og:locale\" content=\"fr_FR\" \/>\n<meta property=\"og:type\" content=\"article\" \/>\n<meta property=\"og:title\" content=\"Vivre et travailler \u00e0 North Bay\" \/>\n<meta property=\"og:description\" content=\"North Bay est une communaut\u00e9 bienveillante de for\u00eats luxuriantes, d&#039;eau de source et d&#039;air pur. Un environnement sain pour travailler et vivre\" \/>\n<meta property=\"og:url\" content=\"https:\/\/nbrhc.on.ca\/fr\/joignez-vous-a-notre-equipe\/carriere\/vivre-et-travailler-north-bay\/\" \/>\n<meta property=\"og:site_name\" content=\"NBRHC\" \/>\n<meta property=\"article:publisher\" content=\"https:\/\/www.facebook.com\/nbrhc\" \/>\n<meta property=\"article:modified_time\" content=\"2022-10-21T14:41:16+00:00\" \/>\n<meta property=\"og:image\" content=\"https:\/\/nbrhc.on.ca\/wp-content\/uploads\/2015\/07\/icon_col.jpeg\" \/>\n\t<meta property=\"og:image:width\" content=\"619\" \/>\n\t<meta property=\"og:image:height\" content=\"619\" \/>\n\t<meta property=\"og:image:type\" content=\"image\/jpeg\" \/>\n<meta name=\"twitter:label1\" content=\"Dur\u00e9e de lecture estim\u00e9e\" \/>\n\t<meta name=\"twitter:data1\" content=\"2 minutes\" \/>\n<script type=\"application\/ld+json\" class=\"yoast-schema-graph\">{\"@context\":\"https:\\\/\\\/schema.org\",\"@graph\":[{\"@type\":\"WebPage\",\"@id\":\"https:\\\/\\\/nbrhc.on.ca\\\/fr\\\/joignez-vous-a-notre-equipe\\\/carriere\\\/vivre-et-travailler-north-bay\\\/\",\"url\":\"https:\\\/\\\/nbrhc.on.ca\\\/fr\\\/joignez-vous-a-notre-equipe\\\/carriere\\\/vivre-et-travailler-north-bay\\\/\",\"name\":\"Vivre et travailler \u00e0 North Bay\",\"isPartOf\":{\"@id\":\"https:\\\/\\\/nbrhc.on.ca\\\/#website\"},\"datePublished\":\"2014-05-14T18:11:40+00:00\",\"dateModified\":\"2022-10-21T14:41:16+00:00\",\"description\":\"North Bay est une communaut\u00e9 bienveillante de for\u00eats luxuriantes, d'eau de source et d'air pur. Un environnement sain pour travailler et vivre\",\"breadcrumb\":{\"@id\":\"https:\\\/\\\/nbrhc.on.ca\\\/fr\\\/joignez-vous-a-notre-equipe\\\/carriere\\\/vivre-et-travailler-north-bay\\\/#breadcrumb\"},\"inLanguage\":\"fr-FR\",\"potentialAction\":[{\"@type\":\"ReadAction\",\"target\":[\"https:\\\/\\\/nbrhc.on.ca\\\/fr\\\/joignez-vous-a-notre-equipe\\\/carriere\\\/vivre-et-travailler-north-bay\\\/\"]}]},{\"@type\":\"BreadcrumbList\",\"@id\":\"https:\\\/\\\/nbrhc.on.ca\\\/fr\\\/joignez-vous-a-notre-equipe\\\/carriere\\\/vivre-et-travailler-north-bay\\\/#breadcrumb\",\"itemListElement\":[{\"@type\":\"ListItem\",\"position\":1,\"name\":\"Home\",\"item\":\"https:\\\/\\\/nbrhc.on.ca\\\/fr\\\/\"},{\"@type\":\"ListItem\",\"position\":2,\"name\":\"Joignez-vous \u00e0 notre \u00e9quipe\",\"item\":\"https:\\\/\\\/nbrhc.on.ca\\\/fr\\\/joignez-vous-a-notre-equipe\\\/\"},{\"@type\":\"ListItem\",\"position\":3,\"name\":\"Carri\u00e8re\",\"item\":\"https:\\\/\\\/nbrhc.on.ca\\\/fr\\\/joignez-vous-a-notre-equipe\\\/carriere\\\/\"},{\"@type\":\"ListItem\",\"position\":4,\"name\":\"Vivre et travailler \u00e0 North Bay\"}]},{\"@type\":\"WebSite\",\"@id\":\"https:\\\/\\\/nbrhc.on.ca\\\/#website\",\"url\":\"https:\\\/\\\/nbrhc.on.ca\\\/\",\"name\":\"NBRHC\",\"description\":\"North Bay Regional Health Centre\",\"publisher\":{\"@id\":\"https:\\\/\\\/nbrhc.on.ca\\\/#organization\"},\"potentialAction\":[{\"@type\":\"SearchAction\",\"target\":{\"@type\":\"EntryPoint\",\"urlTemplate\":\"https:\\\/\\\/nbrhc.on.ca\\\/?s={search_term_string}\"},\"query-input\":{\"@type\":\"PropertyValueSpecification\",\"valueRequired\":true,\"valueName\":\"search_term_string\"}}],\"inLanguage\":\"fr-FR\"},{\"@type\":\"Organization\",\"@id\":\"https:\\\/\\\/nbrhc.on.ca\\\/#organization\",\"name\":\"North Bay Regional Health Centre\",\"url\":\"https:\\\/\\\/nbrhc.on.ca\\\/\",\"logo\":{\"@type\":\"ImageObject\",\"inLanguage\":\"fr-FR\",\"@id\":\"https:\\\/\\\/nbrhc.on.ca\\\/#\\\/schema\\\/logo\\\/image\\\/\",\"url\":\"https:\\\/\\\/nbrhc.on.ca\\\/wp-content\\\/uploads\\\/2015\\\/07\\\/logo.jpg\",\"contentUrl\":\"https:\\\/\\\/nbrhc.on.ca\\\/wp-content\\\/uploads\\\/2015\\\/07\\\/logo.jpg\",\"width\":870,\"height\":128,\"caption\":\"North Bay Regional Health Centre\"},\"image\":{\"@id\":\"https:\\\/\\\/nbrhc.on.ca\\\/#\\\/schema\\\/logo\\\/image\\\/\"},\"sameAs\":[\"https:\\\/\\\/www.facebook.com\\\/nbrhc\",\"https:\\\/\\\/x.com\\\/NBRHC\",\"https:\\\/\\\/www.linkedin.com\\\/company\\\/north-bay-regional-health-centre-nbrhc\",\"https:\\\/\\\/www.pinterest.com\\\/nbrhc\",\"https:\\\/\\\/www.youtube.com\\\/TheNBRHC\"]}]}<\/script>\n<!-- \/ Yoast SEO plugin. -->","yoast_head_json":{"title":"Vivre et travailler \u00e0 North Bay","description":"North Bay est une communaut\u00e9 bienveillante de for\u00eats luxuriantes, d'eau de source et d'air pur. Un environnement sain pour travailler et vivre","robots":{"index":"index","follow":"follow","max-snippet":"max-snippet:-1","max-image-preview":"max-image-preview:large","max-video-preview":"max-video-preview:-1"},"canonical":"https:\/\/nbrhc.on.ca\/fr\/joignez-vous-a-notre-equipe\/carriere\/vivre-et-travailler-north-bay\/","og_locale":"fr_FR","og_type":"article","og_title":"Vivre et travailler \u00e0 North Bay","og_description":"North Bay est une communaut\u00e9 bienveillante de for\u00eats luxuriantes, d'eau de source et d'air pur. Un environnement sain pour travailler et vivre","og_url":"https:\/\/nbrhc.on.ca\/fr\/joignez-vous-a-notre-equipe\/carriere\/vivre-et-travailler-north-bay\/","og_site_name":"NBRHC","article_publisher":"https:\/\/www.facebook.com\/nbrhc","article_modified_time":"2022-10-21T14:41:16+00:00","og_image":[{"width":619,"height":619,"url":"https:\/\/nbrhc.on.ca\/wp-content\/uploads\/2015\/07\/icon_col.jpeg","type":"image\/jpeg"}],"twitter_misc":{"Dur\u00e9e de lecture estim\u00e9e":"2 minutes"},"schema":{"@context":"https:\/\/schema.org","@graph":[{"@type":"WebPage","@id":"https:\/\/nbrhc.on.ca\/fr\/joignez-vous-a-notre-equipe\/carriere\/vivre-et-travailler-north-bay\/","url":"https:\/\/nbrhc.on.ca\/fr\/joignez-vous-a-notre-equipe\/carriere\/vivre-et-travailler-north-bay\/","name":"Vivre et travailler \u00e0 North Bay","isPartOf":{"@id":"https:\/\/nbrhc.on.ca\/#website"},"datePublished":"2014-05-14T18:11:40+00:00","dateModified":"2022-10-21T14:41:16+00:00","description":"North Bay est une communaut\u00e9 bienveillante de for\u00eats luxuriantes, d'eau de source et d'air pur. Un environnement sain pour travailler et vivre","breadcrumb":{"@id":"https:\/\/nbrhc.on.ca\/fr\/joignez-vous-a-notre-equipe\/carriere\/vivre-et-travailler-north-bay\/#breadcrumb"},"inLanguage":"fr-FR","potentialAction":[{"@type":"ReadAction","target":["https:\/\/nbrhc.on.ca\/fr\/joignez-vous-a-notre-equipe\/carriere\/vivre-et-travailler-north-bay\/"]}]},{"@type":"BreadcrumbList","@id":"https:\/\/nbrhc.on.ca\/fr\/joignez-vous-a-notre-equipe\/carriere\/vivre-et-travailler-north-bay\/#breadcrumb","itemListElement":[{"@type":"ListItem","position":1,"name":"Home","item":"https:\/\/nbrhc.on.ca\/fr\/"},{"@type":"ListItem","position":2,"name":"Joignez-vous \u00e0 notre \u00e9quipe","item":"https:\/\/nbrhc.on.ca\/fr\/joignez-vous-a-notre-equipe\/"},{"@type":"ListItem","position":3,"name":"Carri\u00e8re","item":"https:\/\/nbrhc.on.ca\/fr\/joignez-vous-a-notre-equipe\/carriere\/"},{"@type":"ListItem","position":4,"name":"Vivre et travailler \u00e0 North Bay"}]},{"@type":"WebSite","@id":"https:\/\/nbrhc.on.ca\/#website","url":"https:\/\/nbrhc.on.ca\/","name":"NBRHC","description":"North Bay Regional Health Centre","publisher":{"@id":"https:\/\/nbrhc.on.ca\/#organization"},"potentialAction":[{"@type":"SearchAction","target":{"@type":"EntryPoint","urlTemplate":"https:\/\/nbrhc.on.ca\/?s={search_term_string}"},"query-input":{"@type":"PropertyValueSpecification","valueRequired":true,"valueName":"search_term_string"}}],"inLanguage":"fr-FR"},{"@type":"Organization","@id":"https:\/\/nbrhc.on.ca\/#organization","name":"North Bay Regional Health Centre","url":"https:\/\/nbrhc.on.ca\/","logo":{"@type":"ImageObject","inLanguage":"fr-FR","@id":"https:\/\/nbrhc.on.ca\/#\/schema\/logo\/image\/","url":"https:\/\/nbrhc.on.ca\/wp-content\/uploads\/2015\/07\/logo.jpg","contentUrl":"https:\/\/nbrhc.on.ca\/wp-content\/uploads\/2015\/07\/logo.jpg","width":870,"height":128,"caption":"North Bay Regional Health Centre"},"image":{"@id":"https:\/\/nbrhc.on.ca\/#\/schema\/logo\/image\/"},"sameAs":["https:\/\/www.facebook.com\/nbrhc","https:\/\/x.com\/NBRHC","https:\/\/www.linkedin.com\/company\/north-bay-regional-health-centre-nbrhc","https:\/\/www.pinterest.com\/nbrhc","https:\/\/www.youtube.com\/TheNBRHC"]}]}},"_links":{"self":[{"href":"https:\/\/nbrhc.on.ca\/fr\/wp-json\/wp\/v2\/pages\/3414","targetHints":{"allow":["GET"]}}],"collection":[{"href":"https:\/\/nbrhc.on.ca\/fr\/wp-json\/wp\/v2\/pages"}],"about":[{"href":"https:\/\/nbrhc.on.ca\/fr\/wp-json\/wp\/v2\/types\/page"}],"author":[{"embeddable":true,"href":"https:\/\/nbrhc.on.ca\/fr\/wp-json\/wp\/v2\/users\/17"}],"replies":[{"embeddable":true,"href":"https:\/\/nbrhc.on.ca\/fr\/wp-json\/wp\/v2\/comments?post=3414"}],"version-history":[{"count":4,"href":"https:\/\/nbrhc.on.ca\/fr\/wp-json\/wp\/v2\/pages\/3414\/revisions"}],"predecessor-version":[{"id":32672,"href":"https:\/\/nbrhc.on.ca\/fr\/wp-json\/wp\/v2\/pages\/3414\/revisions\/32672"}],"up":[{"embeddable":true,"href":"https:\/\/nbrhc.on.ca\/fr\/wp-json\/wp\/v2\/pages\/2431"}],"wp:attachment":[{"href":"https:\/\/nbrhc.on.ca\/fr\/wp-json\/wp\/v2\/media?parent=3414"}],"wp:term":[{"taxonomy":"post_tag","embeddable":true,"href":"https:\/\/nbrhc.on.ca\/fr\/wp-json\/wp\/v2\/tags?post=3414"}],"curies":[{"name":"wp","href":"https:\/\/api.w.org\/{rel}","templated":true}]}}