{"id":35871,"date":"2023-04-03T14:08:26","date_gmt":"2023-04-03T18:08:26","guid":{"rendered":"https:\/\/nbrhc.on.ca\/joignez-vous-a-notre-equipe\/students\/"},"modified":"2023-05-23T12:35:44","modified_gmt":"2023-05-23T16:35:44","slug":"etudiants-et-etudiantes","status":"publish","type":"page","link":"https:\/\/nbrhc.on.ca\/fr\/joignez-vous-a-notre-equipe\/etudiants-et-etudiantes\/","title":{"rendered":"\u00c9tudiants et \u00e9tudiantes"},"content":{"rendered":"<p>Le Centre r\u00e9gional de sant\u00e9 de North Bay est fier d\u2019\u00e9tablir des partenariats avec plusieurs \u00e9tablissements d\u2019enseignement \u00e0 l\u2019\u00e9chelle nationale et internationale. Tous les ans, le centre de sant\u00e9 accueille 500 apprenants et apprenantes qui poursuivent une carri\u00e8re dans le domaine de la sant\u00e9. Notre centre de sant\u00e9 s\u2019engage \u00e0 offrir aux stagiaires la meilleure exp\u00e9rience d\u2019apprentissage possible qui est \u00e0 la fois enrichissante et m\u00e9morable.<\/p>\n<p>Les placements \u00e9tudiants sont organis\u00e9s par les \u00e9tablissements d\u2019enseignement. Communiquez avec votre \u00e9cole si vous souhaitez faire un stage \u00e0 notre centre de sant\u00e9.<\/p>\n<p>D\u00e8s que votre \u00e9cole aura confirm\u00e9 votre placement, vous devrez remplir des documents et participer \u00e0 de la formation.<\/p>\n<p>Veuillez <a href=\"\/wp-content\/uploads\/2023\/05\/HGNB-6872-FR-Student-Placement-Process-NEW.pdf\" target=\"_blank\" rel=\"noopener\"><strong>lire cette information qui d\u00e9crit le processus que doivent suivre les stagiaires et les \u00e9tablissements d\u2019enseignement<\/strong><\/a>, y compris les \u00e9ch\u00e9ances, les formulaires \u00e0 remplir et les exigences \u00e0 respecter.<\/p>\n","protected":false},"excerpt":{"rendered":"<p>Le CRSNB est fier d\u2019\u00e9tablir des partenariats avec plusieurs \u00e9tablissements d\u2019enseignement \u00e0 l\u2019\u00e9chelle nationale et internationale. Tous les ans, le centre de sant\u00e9 accueille 500 apprenants et apprenantes qui poursuivent une carri\u00e8re dans le domaine de la sant\u00e9.<\/p>\n","protected":false},"author":17,"featured_media":0,"parent":2421,"menu_order":3,"comment_status":"closed","ping_status":"closed","template":"","meta":{"_acf_changed":false,"_monsterinsights_skip_tracking":false,"_monsterinsights_sitenote_active":false,"_monsterinsights_sitenote_note":"","_monsterinsights_sitenote_category":0,"footnotes":"","_links_to":"","_links_to_target":"","_wp_rev_ctl_limit":""},"tags":[],"class_list":["post-35871","page","type-page","status-publish","hentry"],"acf":[],"yoast_head":"<!-- This site is optimized with the Yoast SEO plugin v27.5 - https:\/\/yoast.com\/product\/yoast-seo-wordpress\/ -->\n<title>\u00c9tudiants et \u00e9tudiantes - NBRHC<\/title>\n<meta name=\"description\" content=\"Partnering with several educational institutions across Canada and the world.\u00a0 Annually, we support 500 learners who are pursuing careers in health care.\u00a0\" \/>\n<meta name=\"robots\" content=\"index, follow, max-snippet:-1, max-image-preview:large, max-video-preview:-1\" \/>\n<link rel=\"canonical\" href=\"https:\/\/nbrhc.on.ca\/fr\/joignez-vous-a-notre-equipe\/etudiants-et-etudiantes\/\" \/>\n<meta property=\"og:locale\" content=\"fr_FR\" \/>\n<meta property=\"og:type\" content=\"article\" \/>\n<meta property=\"og:title\" content=\"\u00c9tudiants et \u00e9tudiantes - NBRHC\" \/>\n<meta property=\"og:description\" content=\"Partnering with several educational institutions across Canada and the world.\u00a0 Annually, we support 500 learners who are pursuing careers in health care.\u00a0\" \/>\n<meta property=\"og:url\" content=\"https:\/\/nbrhc.on.ca\/fr\/joignez-vous-a-notre-equipe\/etudiants-et-etudiantes\/\" \/>\n<meta property=\"og:site_name\" content=\"NBRHC\" \/>\n<meta property=\"article:publisher\" content=\"https:\/\/www.facebook.com\/nbrhc\" \/>\n<meta property=\"article:modified_time\" content=\"2023-05-23T16:35:44+00:00\" \/>\n<meta property=\"og:image\" content=\"https:\/\/nbrhc.on.ca\/wp-content\/uploads\/2015\/07\/icon_col.jpeg\" \/>\n\t<meta property=\"og:image:width\" content=\"619\" \/>\n\t<meta property=\"og:image:height\" content=\"619\" \/>\n\t<meta property=\"og:image:type\" content=\"image\/jpeg\" \/>\n<meta name=\"twitter:label1\" content=\"Dur\u00e9e de lecture estim\u00e9e\" \/>\n\t<meta name=\"twitter:data1\" content=\"1 minute\" \/>\n<script type=\"application\/ld+json\" class=\"yoast-schema-graph\">{\"@context\":\"https:\\\/\\\/schema.org\",\"@graph\":[{\"@type\":\"WebPage\",\"@id\":\"https:\\\/\\\/nbrhc.on.ca\\\/fr\\\/joignez-vous-a-notre-equipe\\\/etudiants-et-etudiantes\\\/\",\"url\":\"https:\\\/\\\/nbrhc.on.ca\\\/fr\\\/joignez-vous-a-notre-equipe\\\/etudiants-et-etudiantes\\\/\",\"name\":\"\u00c9tudiants et \u00e9tudiantes - NBRHC\",\"isPartOf\":{\"@id\":\"https:\\\/\\\/nbrhc.on.ca\\\/#website\"},\"datePublished\":\"2023-04-03T18:08:26+00:00\",\"dateModified\":\"2023-05-23T16:35:44+00:00\",\"description\":\"Partnering with several educational institutions across Canada and the world.\u00a0 Annually, we support 500 learners who are pursuing careers in health care.\u00a0\",\"breadcrumb\":{\"@id\":\"https:\\\/\\\/nbrhc.on.ca\\\/fr\\\/joignez-vous-a-notre-equipe\\\/etudiants-et-etudiantes\\\/#breadcrumb\"},\"inLanguage\":\"fr-FR\",\"potentialAction\":[{\"@type\":\"ReadAction\",\"target\":[\"https:\\\/\\\/nbrhc.on.ca\\\/fr\\\/joignez-vous-a-notre-equipe\\\/etudiants-et-etudiantes\\\/\"]}]},{\"@type\":\"BreadcrumbList\",\"@id\":\"https:\\\/\\\/nbrhc.on.ca\\\/fr\\\/joignez-vous-a-notre-equipe\\\/etudiants-et-etudiantes\\\/#breadcrumb\",\"itemListElement\":[{\"@type\":\"ListItem\",\"position\":1,\"name\":\"Home\",\"item\":\"https:\\\/\\\/nbrhc.on.ca\\\/fr\\\/\"},{\"@type\":\"ListItem\",\"position\":2,\"name\":\"Joignez-vous \u00e0 notre \u00e9quipe\",\"item\":\"https:\\\/\\\/nbrhc.on.ca\\\/fr\\\/joignez-vous-a-notre-equipe\\\/\"},{\"@type\":\"ListItem\",\"position\":3,\"name\":\"\u00c9tudiants et \u00e9tudiantes\"}]},{\"@type\":\"WebSite\",\"@id\":\"https:\\\/\\\/nbrhc.on.ca\\\/#website\",\"url\":\"https:\\\/\\\/nbrhc.on.ca\\\/\",\"name\":\"NBRHC\",\"description\":\"North Bay Regional Health Centre\",\"publisher\":{\"@id\":\"https:\\\/\\\/nbrhc.on.ca\\\/#organization\"},\"potentialAction\":[{\"@type\":\"SearchAction\",\"target\":{\"@type\":\"EntryPoint\",\"urlTemplate\":\"https:\\\/\\\/nbrhc.on.ca\\\/?s={search_term_string}\"},\"query-input\":{\"@type\":\"PropertyValueSpecification\",\"valueRequired\":true,\"valueName\":\"search_term_string\"}}],\"inLanguage\":\"fr-FR\"},{\"@type\":\"Organization\",\"@id\":\"https:\\\/\\\/nbrhc.on.ca\\\/#organization\",\"name\":\"North Bay Regional Health Centre\",\"url\":\"https:\\\/\\\/nbrhc.on.ca\\\/\",\"logo\":{\"@type\":\"ImageObject\",\"inLanguage\":\"fr-FR\",\"@id\":\"https:\\\/\\\/nbrhc.on.ca\\\/#\\\/schema\\\/logo\\\/image\\\/\",\"url\":\"https:\\\/\\\/nbrhc.on.ca\\\/wp-content\\\/uploads\\\/2015\\\/07\\\/logo.jpg\",\"contentUrl\":\"https:\\\/\\\/nbrhc.on.ca\\\/wp-content\\\/uploads\\\/2015\\\/07\\\/logo.jpg\",\"width\":870,\"height\":128,\"caption\":\"North Bay Regional Health Centre\"},\"image\":{\"@id\":\"https:\\\/\\\/nbrhc.on.ca\\\/#\\\/schema\\\/logo\\\/image\\\/\"},\"sameAs\":[\"https:\\\/\\\/www.facebook.com\\\/nbrhc\",\"https:\\\/\\\/x.com\\\/NBRHC\",\"https:\\\/\\\/www.linkedin.com\\\/company\\\/north-bay-regional-health-centre-nbrhc\",\"https:\\\/\\\/www.pinterest.com\\\/nbrhc\",\"https:\\\/\\\/www.youtube.com\\\/TheNBRHC\"]}]}<\/script>\n<!-- \/ Yoast SEO plugin. -->","yoast_head_json":{"title":"\u00c9tudiants et \u00e9tudiantes - NBRHC","description":"Partnering with several educational institutions across Canada and the world.\u00a0 Annually, we support 500 learners who are pursuing careers in health care.\u00a0","robots":{"index":"index","follow":"follow","max-snippet":"max-snippet:-1","max-image-preview":"max-image-preview:large","max-video-preview":"max-video-preview:-1"},"canonical":"https:\/\/nbrhc.on.ca\/fr\/joignez-vous-a-notre-equipe\/etudiants-et-etudiantes\/","og_locale":"fr_FR","og_type":"article","og_title":"\u00c9tudiants et \u00e9tudiantes - NBRHC","og_description":"Partnering with several educational institutions across Canada and the world.\u00a0 Annually, we support 500 learners who are pursuing careers in health care.\u00a0","og_url":"https:\/\/nbrhc.on.ca\/fr\/joignez-vous-a-notre-equipe\/etudiants-et-etudiantes\/","og_site_name":"NBRHC","article_publisher":"https:\/\/www.facebook.com\/nbrhc","article_modified_time":"2023-05-23T16:35:44+00:00","og_image":[{"width":619,"height":619,"url":"https:\/\/nbrhc.on.ca\/wp-content\/uploads\/2015\/07\/icon_col.jpeg","type":"image\/jpeg"}],"twitter_misc":{"Dur\u00e9e de lecture estim\u00e9e":"1 minute"},"schema":{"@context":"https:\/\/schema.org","@graph":[{"@type":"WebPage","@id":"https:\/\/nbrhc.on.ca\/fr\/joignez-vous-a-notre-equipe\/etudiants-et-etudiantes\/","url":"https:\/\/nbrhc.on.ca\/fr\/joignez-vous-a-notre-equipe\/etudiants-et-etudiantes\/","name":"\u00c9tudiants et \u00e9tudiantes - NBRHC","isPartOf":{"@id":"https:\/\/nbrhc.on.ca\/#website"},"datePublished":"2023-04-03T18:08:26+00:00","dateModified":"2023-05-23T16:35:44+00:00","description":"Partnering with several educational institutions across Canada and the world.\u00a0 Annually, we support 500 learners who are pursuing careers in health care.\u00a0","breadcrumb":{"@id":"https:\/\/nbrhc.on.ca\/fr\/joignez-vous-a-notre-equipe\/etudiants-et-etudiantes\/#breadcrumb"},"inLanguage":"fr-FR","potentialAction":[{"@type":"ReadAction","target":["https:\/\/nbrhc.on.ca\/fr\/joignez-vous-a-notre-equipe\/etudiants-et-etudiantes\/"]}]},{"@type":"BreadcrumbList","@id":"https:\/\/nbrhc.on.ca\/fr\/joignez-vous-a-notre-equipe\/etudiants-et-etudiantes\/#breadcrumb","itemListElement":[{"@type":"ListItem","position":1,"name":"Home","item":"https:\/\/nbrhc.on.ca\/fr\/"},{"@type":"ListItem","position":2,"name":"Joignez-vous \u00e0 notre \u00e9quipe","item":"https:\/\/nbrhc.on.ca\/fr\/joignez-vous-a-notre-equipe\/"},{"@type":"ListItem","position":3,"name":"\u00c9tudiants et \u00e9tudiantes"}]},{"@type":"WebSite","@id":"https:\/\/nbrhc.on.ca\/#website","url":"https:\/\/nbrhc.on.ca\/","name":"NBRHC","description":"North Bay Regional Health Centre","publisher":{"@id":"https:\/\/nbrhc.on.ca\/#organization"},"potentialAction":[{"@type":"SearchAction","target":{"@type":"EntryPoint","urlTemplate":"https:\/\/nbrhc.on.ca\/?s={search_term_string}"},"query-input":{"@type":"PropertyValueSpecification","valueRequired":true,"valueName":"search_term_string"}}],"inLanguage":"fr-FR"},{"@type":"Organization","@id":"https:\/\/nbrhc.on.ca\/#organization","name":"North Bay Regional Health Centre","url":"https:\/\/nbrhc.on.ca\/","logo":{"@type":"ImageObject","inLanguage":"fr-FR","@id":"https:\/\/nbrhc.on.ca\/#\/schema\/logo\/image\/","url":"https:\/\/nbrhc.on.ca\/wp-content\/uploads\/2015\/07\/logo.jpg","contentUrl":"https:\/\/nbrhc.on.ca\/wp-content\/uploads\/2015\/07\/logo.jpg","width":870,"height":128,"caption":"North Bay Regional Health Centre"},"image":{"@id":"https:\/\/nbrhc.on.ca\/#\/schema\/logo\/image\/"},"sameAs":["https:\/\/www.facebook.com\/nbrhc","https:\/\/x.com\/NBRHC","https:\/\/www.linkedin.com\/company\/north-bay-regional-health-centre-nbrhc","https:\/\/www.pinterest.com\/nbrhc","https:\/\/www.youtube.com\/TheNBRHC"]}]}},"_links":{"self":[{"href":"https:\/\/nbrhc.on.ca\/fr\/wp-json\/wp\/v2\/pages\/35871","targetHints":{"allow":["GET"]}}],"collection":[{"href":"https:\/\/nbrhc.on.ca\/fr\/wp-json\/wp\/v2\/pages"}],"about":[{"href":"https:\/\/nbrhc.on.ca\/fr\/wp-json\/wp\/v2\/types\/page"}],"author":[{"embeddable":true,"href":"https:\/\/nbrhc.on.ca\/fr\/wp-json\/wp\/v2\/users\/17"}],"replies":[{"embeddable":true,"href":"https:\/\/nbrhc.on.ca\/fr\/wp-json\/wp\/v2\/comments?post=35871"}],"version-history":[{"count":3,"href":"https:\/\/nbrhc.on.ca\/fr\/wp-json\/wp\/v2\/pages\/35871\/revisions"}],"predecessor-version":[{"id":35880,"href":"https:\/\/nbrhc.on.ca\/fr\/wp-json\/wp\/v2\/pages\/35871\/revisions\/35880"}],"up":[{"embeddable":true,"href":"https:\/\/nbrhc.on.ca\/fr\/wp-json\/wp\/v2\/pages\/2421"}],"wp:attachment":[{"href":"https:\/\/nbrhc.on.ca\/fr\/wp-json\/wp\/v2\/media?parent=35871"}],"wp:term":[{"taxonomy":"post_tag","embeddable":true,"href":"https:\/\/nbrhc.on.ca\/fr\/wp-json\/wp\/v2\/tags?post=35871"}],"curies":[{"name":"wp","href":"https:\/\/api.w.org\/{rel}","templated":true}]}}