{"id":41337,"date":"2024-10-08T14:47:21","date_gmt":"2024-10-08T18:47:21","guid":{"rendered":"https:\/\/nbrhc.on.ca\/?page_id=41337"},"modified":"2024-10-15T09:45:44","modified_gmt":"2024-10-15T13:45:44","slug":"soins-palliatifs-dans-notre-communaute","status":"publish","type":"page","link":"https:\/\/nbrhc.on.ca\/fr\/programme-et-services\/services-medicaux\/soins-palliatifs-dans-notre-communaute\/","title":{"rendered":"Soins palliatifs dans notre communaut\u00e9"},"content":{"rendered":"<p><strong>Les sp\u00e9cialistes en soins palliatifs offrent un appui aux personnes hospitalis\u00e9es et aux personnes non hospitalis\u00e9es.<\/strong><\/p>\n<h3>Que sont les soins palliatifs?<\/h3>\n<p>Les soins palliatifs et soins de soutien sont une sp\u00e9cialit\u00e9 m\u00e9dicale. Ces soins actifs sont offerts aux personnes atteintes d\u2019une maladie grave. La qualit\u00e9 de vie, le confort, l\u2019autonomie et la dignit\u00e9 de la patiente ou du patient sont au c\u0153ur de ces soins.<br \/>\nLes soins palliatifs incluent ce qui suit :<\/p>\n<ul>\n<li>Soutenir la patiente ou le patient, ses aidants et ses proches \u00e0 toutes les \u00e9tapes de la maladie<\/li>\n<li>Am\u00e9liorer la qualit\u00e9 de vie<\/li>\n<li>Att\u00e9nuer la douleur et les sympt\u00f4mes<\/li>\n<li>Appuyer les d\u00e9cisions de soins importantes<\/li>\n<\/ul>\n<h3>Qui peut b\u00e9n\u00e9ficier des soins palliatifs?<\/h3>\n<p>Ces soins sont con\u00e7us pour les personnes atteintes d\u2019une maladie grave, comme le cancer, la d\u00e9mence, une maladie neurologique ou une maladie cardiaque, pulmonaire ou r\u00e9nale avanc\u00e9e.<\/p>\n<h3>Comment acc\u00e9der aux soins palliatifs sp\u00e9cialis\u00e9s?<\/h3>\n<p>La demande peut \u00eatre soumise par votre m\u00e9decin de famille ou infirmi\u00e8re praticienne, ou par tout autre sp\u00e9cialiste m\u00e9dical ou en soins infirmiers.<\/p>\n<h3>O\u00f9 les soins sont-ils offerts et \u00e0 quel moment?<\/h3>\n<p>Les soins palliatifs sont prodigu\u00e9s \u00e0 toutes les \u00e9tapes d\u2019une maladie qui limite l\u2019esp\u00e9rance de vie, incluant le diagnostic, le traitement, la p\u00e9riode de fin de vie et le deuil. Les soins palliatifs sont fournis \u00e0 l\u2019h\u00f4pital, dans la communaut\u00e9, \u00e0 domicile et dans les maisons de soins palliatifs.<\/p>\n<h3>Qui sont les membres de cette \u00e9quipe sp\u00e9cialis\u00e9e?<\/h3>\n<p>L\u2019\u00e9quipe se compose de m\u00e9decins et d\u2019infirmi\u00e8res sp\u00e9cialis\u00e9s en soins palliatifs, qui travaillent avec d\u2019autres fournisseurs comme Sant\u00e9 \u00e0 domicile Ontario, les m\u00e9decins de famille, les infirmi\u00e8res praticiennes et les m\u00e9decins sp\u00e9cialistes.<\/p>\n<h3>Quelles sont les \u00e9tapes apr\u00e8s une demande de soins palliatifs?<\/h3>\n<p>Une infirmi\u00e8re en soins palliatifs vous appellera pour discuter de vos besoins imm\u00e9diats. Vous aurez ensuite un rendez-vous en personne avec un sp\u00e9cialiste en soins palliatifs. Vous pourrez aussi consulter d\u2019autres professionnels de la sant\u00e9, selon vos besoins.<\/p>\n<p><iframe loading=\"lazy\" title=\"YouTube video player\" width=\"100%\" height=\"315\" frameborder=\"0\" src=\"https:\/\/www.youtube.com\/embed\/eeFlyHeLys4?si=juy1OoJ_mXXfS6Wf\"><span data-mce-type=\"bookmark\" style=\"display: inline-block; width: 0px; overflow: hidden; line-height: 0;\" class=\"mce_SELRES_start\">\ufeff<\/span><\/iframe><\/p>\n","protected":false},"excerpt":{"rendered":"<p>Les sp\u00e9cialistes en soins palliatifs offrent un appui aux personnes hospitalis\u00e9es et aux personnes non hospitalis\u00e9es. Que sont les soins palliatifs? Les soins palliatifs et soins de soutien sont une [&hellip;]<\/p>\n","protected":false},"author":56,"featured_media":0,"parent":1650,"menu_order":0,"comment_status":"closed","ping_status":"closed","template":"","meta":{"_acf_changed":false,"_monsterinsights_skip_tracking":false,"_monsterinsights_sitenote_active":false,"_monsterinsights_sitenote_note":"","_monsterinsights_sitenote_category":0,"footnotes":"","_links_to":"","_links_to_target":"","_wp_rev_ctl_limit":""},"tags":[],"class_list":["post-41337","page","type-page","status-publish","hentry"],"acf":[],"yoast_head":"<!-- This site is optimized with the Yoast SEO plugin v27.3 - https:\/\/yoast.com\/product\/yoast-seo-wordpress\/ -->\n<title>Soins palliatifs dans notre communaut\u00e9 - NBRHC<\/title>\n<meta name=\"robots\" content=\"index, follow, max-snippet:-1, max-image-preview:large, max-video-preview:-1\" \/>\n<link rel=\"canonical\" href=\"https:\/\/nbrhc.on.ca\/fr\/programme-et-services\/services-medicaux\/soins-palliatifs-dans-notre-communaute\/\" \/>\n<meta property=\"og:locale\" content=\"fr_FR\" \/>\n<meta property=\"og:type\" content=\"article\" \/>\n<meta property=\"og:title\" content=\"Soins palliatifs dans notre communaut\u00e9 - NBRHC\" \/>\n<meta property=\"og:description\" content=\"Les sp\u00e9cialistes en soins palliatifs offrent un appui aux personnes hospitalis\u00e9es et aux personnes non hospitalis\u00e9es. Que sont les soins palliatifs? Les soins palliatifs et soins de soutien sont une [&hellip;]\" \/>\n<meta property=\"og:url\" content=\"https:\/\/nbrhc.on.ca\/fr\/programme-et-services\/services-medicaux\/soins-palliatifs-dans-notre-communaute\/\" \/>\n<meta property=\"og:site_name\" content=\"NBRHC\" \/>\n<meta property=\"article:publisher\" content=\"https:\/\/www.facebook.com\/nbrhc\" \/>\n<meta property=\"article:modified_time\" content=\"2024-10-15T13:45:44+00:00\" \/>\n<meta property=\"og:image\" content=\"https:\/\/nbrhc.on.ca\/wp-content\/uploads\/2015\/07\/icon_col.jpeg\" \/>\n\t<meta property=\"og:image:width\" content=\"619\" \/>\n\t<meta property=\"og:image:height\" content=\"619\" \/>\n\t<meta property=\"og:image:type\" content=\"image\/jpeg\" \/>\n<meta name=\"twitter:label1\" content=\"Dur\u00e9e de lecture estim\u00e9e\" \/>\n\t<meta name=\"twitter:data1\" content=\"2 minutes\" \/>\n<script type=\"application\/ld+json\" class=\"yoast-schema-graph\">{\"@context\":\"https:\\\/\\\/schema.org\",\"@graph\":[{\"@type\":\"WebPage\",\"@id\":\"https:\\\/\\\/nbrhc.on.ca\\\/fr\\\/programme-et-services\\\/services-medicaux\\\/soins-palliatifs-dans-notre-communaute\\\/\",\"url\":\"https:\\\/\\\/nbrhc.on.ca\\\/fr\\\/programme-et-services\\\/services-medicaux\\\/soins-palliatifs-dans-notre-communaute\\\/\",\"name\":\"Soins palliatifs dans notre communaut\u00e9 - NBRHC\",\"isPartOf\":{\"@id\":\"https:\\\/\\\/nbrhc.on.ca\\\/#website\"},\"datePublished\":\"2024-10-08T18:47:21+00:00\",\"dateModified\":\"2024-10-15T13:45:44+00:00\",\"breadcrumb\":{\"@id\":\"https:\\\/\\\/nbrhc.on.ca\\\/fr\\\/programme-et-services\\\/services-medicaux\\\/soins-palliatifs-dans-notre-communaute\\\/#breadcrumb\"},\"inLanguage\":\"fr-FR\",\"potentialAction\":[{\"@type\":\"ReadAction\",\"target\":[\"https:\\\/\\\/nbrhc.on.ca\\\/fr\\\/programme-et-services\\\/services-medicaux\\\/soins-palliatifs-dans-notre-communaute\\\/\"]}]},{\"@type\":\"BreadcrumbList\",\"@id\":\"https:\\\/\\\/nbrhc.on.ca\\\/fr\\\/programme-et-services\\\/services-medicaux\\\/soins-palliatifs-dans-notre-communaute\\\/#breadcrumb\",\"itemListElement\":[{\"@type\":\"ListItem\",\"position\":1,\"name\":\"Home\",\"item\":\"https:\\\/\\\/nbrhc.on.ca\\\/fr\\\/\"},{\"@type\":\"ListItem\",\"position\":2,\"name\":\"Programmes et services\",\"item\":\"https:\\\/\\\/nbrhc.on.ca\\\/fr\\\/programme-et-services\\\/\"},{\"@type\":\"ListItem\",\"position\":3,\"name\":\"Services m\u00e9dicaux\",\"item\":\"https:\\\/\\\/nbrhc.on.ca\\\/fr\\\/programme-et-services\\\/services-medicaux\\\/\"},{\"@type\":\"ListItem\",\"position\":4,\"name\":\"Soins palliatifs dans notre communaut\u00e9\"}]},{\"@type\":\"WebSite\",\"@id\":\"https:\\\/\\\/nbrhc.on.ca\\\/#website\",\"url\":\"https:\\\/\\\/nbrhc.on.ca\\\/\",\"name\":\"NBRHC\",\"description\":\"North Bay Regional Health Centre\",\"publisher\":{\"@id\":\"https:\\\/\\\/nbrhc.on.ca\\\/#organization\"},\"potentialAction\":[{\"@type\":\"SearchAction\",\"target\":{\"@type\":\"EntryPoint\",\"urlTemplate\":\"https:\\\/\\\/nbrhc.on.ca\\\/?s={search_term_string}\"},\"query-input\":{\"@type\":\"PropertyValueSpecification\",\"valueRequired\":true,\"valueName\":\"search_term_string\"}}],\"inLanguage\":\"fr-FR\"},{\"@type\":\"Organization\",\"@id\":\"https:\\\/\\\/nbrhc.on.ca\\\/#organization\",\"name\":\"North Bay Regional Health Centre\",\"url\":\"https:\\\/\\\/nbrhc.on.ca\\\/\",\"logo\":{\"@type\":\"ImageObject\",\"inLanguage\":\"fr-FR\",\"@id\":\"https:\\\/\\\/nbrhc.on.ca\\\/#\\\/schema\\\/logo\\\/image\\\/\",\"url\":\"https:\\\/\\\/nbrhc.on.ca\\\/wp-content\\\/uploads\\\/2015\\\/07\\\/logo.jpg\",\"contentUrl\":\"https:\\\/\\\/nbrhc.on.ca\\\/wp-content\\\/uploads\\\/2015\\\/07\\\/logo.jpg\",\"width\":870,\"height\":128,\"caption\":\"North Bay Regional Health Centre\"},\"image\":{\"@id\":\"https:\\\/\\\/nbrhc.on.ca\\\/#\\\/schema\\\/logo\\\/image\\\/\"},\"sameAs\":[\"https:\\\/\\\/www.facebook.com\\\/nbrhc\",\"https:\\\/\\\/x.com\\\/NBRHC\",\"https:\\\/\\\/www.linkedin.com\\\/company\\\/north-bay-regional-health-centre-nbrhc\",\"https:\\\/\\\/www.pinterest.com\\\/nbrhc\",\"https:\\\/\\\/www.youtube.com\\\/TheNBRHC\"]}]}<\/script>\n<!-- \/ Yoast SEO plugin. -->","yoast_head_json":{"title":"Soins palliatifs dans notre communaut\u00e9 - NBRHC","robots":{"index":"index","follow":"follow","max-snippet":"max-snippet:-1","max-image-preview":"max-image-preview:large","max-video-preview":"max-video-preview:-1"},"canonical":"https:\/\/nbrhc.on.ca\/fr\/programme-et-services\/services-medicaux\/soins-palliatifs-dans-notre-communaute\/","og_locale":"fr_FR","og_type":"article","og_title":"Soins palliatifs dans notre communaut\u00e9 - NBRHC","og_description":"Les sp\u00e9cialistes en soins palliatifs offrent un appui aux personnes hospitalis\u00e9es et aux personnes non hospitalis\u00e9es. Que sont les soins palliatifs? Les soins palliatifs et soins de soutien sont une [&hellip;]","og_url":"https:\/\/nbrhc.on.ca\/fr\/programme-et-services\/services-medicaux\/soins-palliatifs-dans-notre-communaute\/","og_site_name":"NBRHC","article_publisher":"https:\/\/www.facebook.com\/nbrhc","article_modified_time":"2024-10-15T13:45:44+00:00","og_image":[{"width":619,"height":619,"url":"https:\/\/nbrhc.on.ca\/wp-content\/uploads\/2015\/07\/icon_col.jpeg","type":"image\/jpeg"}],"twitter_misc":{"Dur\u00e9e de lecture estim\u00e9e":"2 minutes"},"schema":{"@context":"https:\/\/schema.org","@graph":[{"@type":"WebPage","@id":"https:\/\/nbrhc.on.ca\/fr\/programme-et-services\/services-medicaux\/soins-palliatifs-dans-notre-communaute\/","url":"https:\/\/nbrhc.on.ca\/fr\/programme-et-services\/services-medicaux\/soins-palliatifs-dans-notre-communaute\/","name":"Soins palliatifs dans notre communaut\u00e9 - NBRHC","isPartOf":{"@id":"https:\/\/nbrhc.on.ca\/#website"},"datePublished":"2024-10-08T18:47:21+00:00","dateModified":"2024-10-15T13:45:44+00:00","breadcrumb":{"@id":"https:\/\/nbrhc.on.ca\/fr\/programme-et-services\/services-medicaux\/soins-palliatifs-dans-notre-communaute\/#breadcrumb"},"inLanguage":"fr-FR","potentialAction":[{"@type":"ReadAction","target":["https:\/\/nbrhc.on.ca\/fr\/programme-et-services\/services-medicaux\/soins-palliatifs-dans-notre-communaute\/"]}]},{"@type":"BreadcrumbList","@id":"https:\/\/nbrhc.on.ca\/fr\/programme-et-services\/services-medicaux\/soins-palliatifs-dans-notre-communaute\/#breadcrumb","itemListElement":[{"@type":"ListItem","position":1,"name":"Home","item":"https:\/\/nbrhc.on.ca\/fr\/"},{"@type":"ListItem","position":2,"name":"Programmes et services","item":"https:\/\/nbrhc.on.ca\/fr\/programme-et-services\/"},{"@type":"ListItem","position":3,"name":"Services m\u00e9dicaux","item":"https:\/\/nbrhc.on.ca\/fr\/programme-et-services\/services-medicaux\/"},{"@type":"ListItem","position":4,"name":"Soins palliatifs dans notre communaut\u00e9"}]},{"@type":"WebSite","@id":"https:\/\/nbrhc.on.ca\/#website","url":"https:\/\/nbrhc.on.ca\/","name":"NBRHC","description":"North Bay Regional Health Centre","publisher":{"@id":"https:\/\/nbrhc.on.ca\/#organization"},"potentialAction":[{"@type":"SearchAction","target":{"@type":"EntryPoint","urlTemplate":"https:\/\/nbrhc.on.ca\/?s={search_term_string}"},"query-input":{"@type":"PropertyValueSpecification","valueRequired":true,"valueName":"search_term_string"}}],"inLanguage":"fr-FR"},{"@type":"Organization","@id":"https:\/\/nbrhc.on.ca\/#organization","name":"North Bay Regional Health Centre","url":"https:\/\/nbrhc.on.ca\/","logo":{"@type":"ImageObject","inLanguage":"fr-FR","@id":"https:\/\/nbrhc.on.ca\/#\/schema\/logo\/image\/","url":"https:\/\/nbrhc.on.ca\/wp-content\/uploads\/2015\/07\/logo.jpg","contentUrl":"https:\/\/nbrhc.on.ca\/wp-content\/uploads\/2015\/07\/logo.jpg","width":870,"height":128,"caption":"North Bay Regional Health Centre"},"image":{"@id":"https:\/\/nbrhc.on.ca\/#\/schema\/logo\/image\/"},"sameAs":["https:\/\/www.facebook.com\/nbrhc","https:\/\/x.com\/NBRHC","https:\/\/www.linkedin.com\/company\/north-bay-regional-health-centre-nbrhc","https:\/\/www.pinterest.com\/nbrhc","https:\/\/www.youtube.com\/TheNBRHC"]}]}},"_links":{"self":[{"href":"https:\/\/nbrhc.on.ca\/fr\/wp-json\/wp\/v2\/pages\/41337","targetHints":{"allow":["GET"]}}],"collection":[{"href":"https:\/\/nbrhc.on.ca\/fr\/wp-json\/wp\/v2\/pages"}],"about":[{"href":"https:\/\/nbrhc.on.ca\/fr\/wp-json\/wp\/v2\/types\/page"}],"author":[{"embeddable":true,"href":"https:\/\/nbrhc.on.ca\/fr\/wp-json\/wp\/v2\/users\/56"}],"replies":[{"embeddable":true,"href":"https:\/\/nbrhc.on.ca\/fr\/wp-json\/wp\/v2\/comments?post=41337"}],"version-history":[{"count":3,"href":"https:\/\/nbrhc.on.ca\/fr\/wp-json\/wp\/v2\/pages\/41337\/revisions"}],"predecessor-version":[{"id":41414,"href":"https:\/\/nbrhc.on.ca\/fr\/wp-json\/wp\/v2\/pages\/41337\/revisions\/41414"}],"up":[{"embeddable":true,"href":"https:\/\/nbrhc.on.ca\/fr\/wp-json\/wp\/v2\/pages\/1650"}],"wp:attachment":[{"href":"https:\/\/nbrhc.on.ca\/fr\/wp-json\/wp\/v2\/media?parent=41337"}],"wp:term":[{"taxonomy":"post_tag","embeddable":true,"href":"https:\/\/nbrhc.on.ca\/fr\/wp-json\/wp\/v2\/tags?post=41337"}],"curies":[{"name":"wp","href":"https:\/\/api.w.org\/{rel}","templated":true}]}}