{"id":42921,"date":"2025-01-28T11:03:27","date_gmt":"2025-01-28T16:03:27","guid":{"rendered":"https:\/\/nbrhc.on.ca\/?page_id=42921"},"modified":"2025-09-04T13:36:57","modified_gmt":"2025-09-04T17:36:57","slug":"podccu","status":"publish","type":"page","link":"https:\/\/nbrhc.on.ca\/fr\/programme-et-services\/services-dimagerie-diagnostique\/podccu\/","title":{"rendered":"Programme ontarien de d\u00e9pistage du cancer du col de l\u2019ut\u00e9rus (PODCCU)"},"content":{"rendered":"<p><img loading=\"lazy\" decoding=\"async\" class=\"alignright wp-image-43331 size-medium\" src=\"https:\/\/nbrhc.on.ca\/wp-content\/uploads\/2025\/02\/North-East-Region-Map-fr-218x300.png\" alt=\"North East Region Map\" width=\"218\" height=\"300\" srcset=\"https:\/\/nbrhc.on.ca\/wp-content\/uploads\/2025\/02\/North-East-Region-Map-fr-218x300.png 218w, https:\/\/nbrhc.on.ca\/wp-content\/uploads\/2025\/02\/North-East-Region-Map-fr.png 351w\" sizes=\"auto, (max-width: 218px) 100vw, 218px\" \/><\/p>\n<p>Le Programme ontarien de d\u00e9pistage du cancer du col de l\u2019ut\u00e9rus (PODCCU) est un programme de d\u00e9pistage provincial qui permet aux personnes ayant un col de l&rsquo;ut\u00e9rus (femmes, personnes transmasculines et non binaires) d\u2019avoir acc\u00e8s \u00e0 des examens complets de d\u00e9pistage du cancer du col de l\u2019ut\u00e9rus, coordonn\u00e9s et de grande qualit\u00e9. L\u2019objectif du programme est de r\u00e9duire le risque de d\u00e9veloppement d\u2019un cancer du col de l\u2019ut\u00e9rus ou de d\u00e9c\u00e8s des suites de cette maladie, en augmentant le pourcentage de personnes b\u00e9n\u00e9ficiant d\u2019un d\u00e9pistage r\u00e9gulier et, en cas de r\u00e9sultats anormaux, d\u2019un suivi appropri\u00e9 en temps opportun.<\/p>\n<p>Les tests Pap r\u00e9guliers peuvent permettre de d\u00e9tecter les changements survenant dans les cellules du col ut\u00e9rin avant qu\u2019elles ne causent le cancer du col de l\u2019ut\u00e9rus. La d\u00e9tection rapide de ces changements (et le traitement qui s\u2019y rattache, le cas \u00e9ch\u00e9ant) peut pr\u00e9venir le cancer du col de l\u2019ut\u00e9rus.<\/p>\n<p>Dans le cadre du programme, des lettres sont envoy\u00e9es aux personnes admissibles pour les inviter \u00e0 passer un test Pap, les informer des r\u00e9sultats de leurs tests et leur rappeler quand il est temps de passer un autre test de d\u00e9pistage. Pour de plus amples renseignements sur les\u00a0<strong><u><a href=\"https:\/\/www.cancercareontario.ca\/fr\/proceder-a-un-depistage-du-cancer\/lettres-envoyees-au-public-a-propos-du-depistage-du-cancer\" target=\"_blank\" rel=\"noopener\">lettres du d\u00e9pistage du cancer.<\/a><\/u><\/strong><\/p>\n<p>Le programme aide aussi les m\u00e9decins de famille et les infirmiers praticiens \u00e0 fournir \u00e0 leurs patientes les meilleurs services possibles de d\u00e9pistage cervical.<\/p>\n<p>&nbsp;<\/p>\n<p>&nbsp;<\/p>\n","protected":false},"excerpt":{"rendered":"<p>Le Programme ontarien de d\u00e9pistage du cancer du col de l\u2019ut\u00e9rus (PODCCU) est un programme de d\u00e9pistage provincial qui permet aux personnes ayant un col de l&rsquo;ut\u00e9rus (femmes, personnes transmasculines [&hellip;]<\/p>\n","protected":false},"author":56,"featured_media":0,"parent":1629,"menu_order":0,"comment_status":"closed","ping_status":"closed","template":"","meta":{"_acf_changed":false,"_monsterinsights_skip_tracking":false,"_monsterinsights_sitenote_active":false,"_monsterinsights_sitenote_note":"","_monsterinsights_sitenote_category":0,"footnotes":"","_links_to":"","_links_to_target":"","_wp_rev_ctl_limit":""},"tags":[],"class_list":["post-42921","page","type-page","status-publish","hentry"],"acf":[],"yoast_head":"<!-- This site is optimized with the Yoast SEO plugin v27.4 - https:\/\/yoast.com\/product\/yoast-seo-wordpress\/ -->\n<title>Programme ontarien de d\u00e9pistage du cancer du col de l\u2019ut\u00e9rus (PODCCU) - NBRHC<\/title>\n<meta name=\"robots\" content=\"index, follow, max-snippet:-1, max-image-preview:large, max-video-preview:-1\" \/>\n<link rel=\"canonical\" href=\"https:\/\/nbrhc.on.ca\/fr\/programme-et-services\/services-dimagerie-diagnostique\/podccu\/\" \/>\n<meta property=\"og:locale\" content=\"fr_FR\" \/>\n<meta property=\"og:type\" content=\"article\" \/>\n<meta property=\"og:title\" content=\"Programme ontarien de d\u00e9pistage du cancer du col de l\u2019ut\u00e9rus (PODCCU) - NBRHC\" \/>\n<meta property=\"og:description\" content=\"Le Programme ontarien de d\u00e9pistage du cancer du col de l\u2019ut\u00e9rus (PODCCU) est un programme de d\u00e9pistage provincial qui permet aux personnes ayant un col de l&rsquo;ut\u00e9rus (femmes, personnes transmasculines [&hellip;]\" \/>\n<meta property=\"og:url\" content=\"https:\/\/nbrhc.on.ca\/fr\/programme-et-services\/services-dimagerie-diagnostique\/podccu\/\" \/>\n<meta property=\"og:site_name\" content=\"NBRHC\" \/>\n<meta property=\"article:publisher\" content=\"https:\/\/www.facebook.com\/nbrhc\" \/>\n<meta property=\"article:modified_time\" content=\"2025-09-04T17:36:57+00:00\" \/>\n<meta property=\"og:image\" content=\"https:\/\/nbrhc.on.ca\/wp-content\/uploads\/2025\/02\/North-East-Region-Map-fr.png\" \/>\n\t<meta property=\"og:image:width\" content=\"351\" \/>\n\t<meta property=\"og:image:height\" content=\"482\" \/>\n\t<meta property=\"og:image:type\" content=\"image\/png\" \/>\n<meta name=\"twitter:label1\" content=\"Dur\u00e9e de lecture estim\u00e9e\" \/>\n\t<meta name=\"twitter:data1\" content=\"2 minutes\" \/>\n<script type=\"application\/ld+json\" class=\"yoast-schema-graph\">{\"@context\":\"https:\\\/\\\/schema.org\",\"@graph\":[{\"@type\":\"WebPage\",\"@id\":\"https:\\\/\\\/nbrhc.on.ca\\\/fr\\\/programme-et-services\\\/services-dimagerie-diagnostique\\\/podccu\\\/\",\"url\":\"https:\\\/\\\/nbrhc.on.ca\\\/fr\\\/programme-et-services\\\/services-dimagerie-diagnostique\\\/podccu\\\/\",\"name\":\"Programme ontarien de d\u00e9pistage du cancer du col de l\u2019ut\u00e9rus (PODCCU) - NBRHC\",\"isPartOf\":{\"@id\":\"https:\\\/\\\/nbrhc.on.ca\\\/#website\"},\"primaryImageOfPage\":{\"@id\":\"https:\\\/\\\/nbrhc.on.ca\\\/fr\\\/programme-et-services\\\/services-dimagerie-diagnostique\\\/podccu\\\/#primaryimage\"},\"image\":{\"@id\":\"https:\\\/\\\/nbrhc.on.ca\\\/fr\\\/programme-et-services\\\/services-dimagerie-diagnostique\\\/podccu\\\/#primaryimage\"},\"thumbnailUrl\":\"https:\\\/\\\/nbrhc.on.ca\\\/wp-content\\\/uploads\\\/2025\\\/02\\\/North-East-Region-Map-fr-218x300.png\",\"datePublished\":\"2025-01-28T16:03:27+00:00\",\"dateModified\":\"2025-09-04T17:36:57+00:00\",\"breadcrumb\":{\"@id\":\"https:\\\/\\\/nbrhc.on.ca\\\/fr\\\/programme-et-services\\\/services-dimagerie-diagnostique\\\/podccu\\\/#breadcrumb\"},\"inLanguage\":\"fr-FR\",\"potentialAction\":[{\"@type\":\"ReadAction\",\"target\":[\"https:\\\/\\\/nbrhc.on.ca\\\/fr\\\/programme-et-services\\\/services-dimagerie-diagnostique\\\/podccu\\\/\"]}]},{\"@type\":\"ImageObject\",\"inLanguage\":\"fr-FR\",\"@id\":\"https:\\\/\\\/nbrhc.on.ca\\\/fr\\\/programme-et-services\\\/services-dimagerie-diagnostique\\\/podccu\\\/#primaryimage\",\"url\":\"https:\\\/\\\/nbrhc.on.ca\\\/wp-content\\\/uploads\\\/2025\\\/02\\\/North-East-Region-Map-fr-218x300.png\",\"contentUrl\":\"https:\\\/\\\/nbrhc.on.ca\\\/wp-content\\\/uploads\\\/2025\\\/02\\\/North-East-Region-Map-fr-218x300.png\"},{\"@type\":\"BreadcrumbList\",\"@id\":\"https:\\\/\\\/nbrhc.on.ca\\\/fr\\\/programme-et-services\\\/services-dimagerie-diagnostique\\\/podccu\\\/#breadcrumb\",\"itemListElement\":[{\"@type\":\"ListItem\",\"position\":1,\"name\":\"Home\",\"item\":\"https:\\\/\\\/nbrhc.on.ca\\\/fr\\\/\"},{\"@type\":\"ListItem\",\"position\":2,\"name\":\"Programmes et services\",\"item\":\"https:\\\/\\\/nbrhc.on.ca\\\/fr\\\/programme-et-services\\\/\"},{\"@type\":\"ListItem\",\"position\":3,\"name\":\"Services d&#8217;imagerie diagnostique\",\"item\":\"https:\\\/\\\/nbrhc.on.ca\\\/fr\\\/programme-et-services\\\/services-dimagerie-diagnostique\\\/\"},{\"@type\":\"ListItem\",\"position\":4,\"name\":\"Programme ontarien de d\u00e9pistage du cancer du col de l\u2019ut\u00e9rus (PODCCU)\"}]},{\"@type\":\"WebSite\",\"@id\":\"https:\\\/\\\/nbrhc.on.ca\\\/#website\",\"url\":\"https:\\\/\\\/nbrhc.on.ca\\\/\",\"name\":\"NBRHC\",\"description\":\"North Bay Regional Health Centre\",\"publisher\":{\"@id\":\"https:\\\/\\\/nbrhc.on.ca\\\/#organization\"},\"potentialAction\":[{\"@type\":\"SearchAction\",\"target\":{\"@type\":\"EntryPoint\",\"urlTemplate\":\"https:\\\/\\\/nbrhc.on.ca\\\/?s={search_term_string}\"},\"query-input\":{\"@type\":\"PropertyValueSpecification\",\"valueRequired\":true,\"valueName\":\"search_term_string\"}}],\"inLanguage\":\"fr-FR\"},{\"@type\":\"Organization\",\"@id\":\"https:\\\/\\\/nbrhc.on.ca\\\/#organization\",\"name\":\"North Bay Regional Health Centre\",\"url\":\"https:\\\/\\\/nbrhc.on.ca\\\/\",\"logo\":{\"@type\":\"ImageObject\",\"inLanguage\":\"fr-FR\",\"@id\":\"https:\\\/\\\/nbrhc.on.ca\\\/#\\\/schema\\\/logo\\\/image\\\/\",\"url\":\"https:\\\/\\\/nbrhc.on.ca\\\/wp-content\\\/uploads\\\/2015\\\/07\\\/logo.jpg\",\"contentUrl\":\"https:\\\/\\\/nbrhc.on.ca\\\/wp-content\\\/uploads\\\/2015\\\/07\\\/logo.jpg\",\"width\":870,\"height\":128,\"caption\":\"North Bay Regional Health Centre\"},\"image\":{\"@id\":\"https:\\\/\\\/nbrhc.on.ca\\\/#\\\/schema\\\/logo\\\/image\\\/\"},\"sameAs\":[\"https:\\\/\\\/www.facebook.com\\\/nbrhc\",\"https:\\\/\\\/x.com\\\/NBRHC\",\"https:\\\/\\\/www.linkedin.com\\\/company\\\/north-bay-regional-health-centre-nbrhc\",\"https:\\\/\\\/www.pinterest.com\\\/nbrhc\",\"https:\\\/\\\/www.youtube.com\\\/TheNBRHC\"]}]}<\/script>\n<!-- \/ Yoast SEO plugin. -->","yoast_head_json":{"title":"Programme ontarien de d\u00e9pistage du cancer du col de l\u2019ut\u00e9rus (PODCCU) - NBRHC","robots":{"index":"index","follow":"follow","max-snippet":"max-snippet:-1","max-image-preview":"max-image-preview:large","max-video-preview":"max-video-preview:-1"},"canonical":"https:\/\/nbrhc.on.ca\/fr\/programme-et-services\/services-dimagerie-diagnostique\/podccu\/","og_locale":"fr_FR","og_type":"article","og_title":"Programme ontarien de d\u00e9pistage du cancer du col de l\u2019ut\u00e9rus (PODCCU) - NBRHC","og_description":"Le Programme ontarien de d\u00e9pistage du cancer du col de l\u2019ut\u00e9rus (PODCCU) est un programme de d\u00e9pistage provincial qui permet aux personnes ayant un col de l&rsquo;ut\u00e9rus (femmes, personnes transmasculines [&hellip;]","og_url":"https:\/\/nbrhc.on.ca\/fr\/programme-et-services\/services-dimagerie-diagnostique\/podccu\/","og_site_name":"NBRHC","article_publisher":"https:\/\/www.facebook.com\/nbrhc","article_modified_time":"2025-09-04T17:36:57+00:00","og_image":[{"width":351,"height":482,"url":"https:\/\/nbrhc.on.ca\/wp-content\/uploads\/2025\/02\/North-East-Region-Map-fr.png","type":"image\/png"}],"twitter_misc":{"Dur\u00e9e de lecture estim\u00e9e":"2 minutes"},"schema":{"@context":"https:\/\/schema.org","@graph":[{"@type":"WebPage","@id":"https:\/\/nbrhc.on.ca\/fr\/programme-et-services\/services-dimagerie-diagnostique\/podccu\/","url":"https:\/\/nbrhc.on.ca\/fr\/programme-et-services\/services-dimagerie-diagnostique\/podccu\/","name":"Programme ontarien de d\u00e9pistage du cancer du col de l\u2019ut\u00e9rus (PODCCU) - NBRHC","isPartOf":{"@id":"https:\/\/nbrhc.on.ca\/#website"},"primaryImageOfPage":{"@id":"https:\/\/nbrhc.on.ca\/fr\/programme-et-services\/services-dimagerie-diagnostique\/podccu\/#primaryimage"},"image":{"@id":"https:\/\/nbrhc.on.ca\/fr\/programme-et-services\/services-dimagerie-diagnostique\/podccu\/#primaryimage"},"thumbnailUrl":"https:\/\/nbrhc.on.ca\/wp-content\/uploads\/2025\/02\/North-East-Region-Map-fr-218x300.png","datePublished":"2025-01-28T16:03:27+00:00","dateModified":"2025-09-04T17:36:57+00:00","breadcrumb":{"@id":"https:\/\/nbrhc.on.ca\/fr\/programme-et-services\/services-dimagerie-diagnostique\/podccu\/#breadcrumb"},"inLanguage":"fr-FR","potentialAction":[{"@type":"ReadAction","target":["https:\/\/nbrhc.on.ca\/fr\/programme-et-services\/services-dimagerie-diagnostique\/podccu\/"]}]},{"@type":"ImageObject","inLanguage":"fr-FR","@id":"https:\/\/nbrhc.on.ca\/fr\/programme-et-services\/services-dimagerie-diagnostique\/podccu\/#primaryimage","url":"https:\/\/nbrhc.on.ca\/wp-content\/uploads\/2025\/02\/North-East-Region-Map-fr-218x300.png","contentUrl":"https:\/\/nbrhc.on.ca\/wp-content\/uploads\/2025\/02\/North-East-Region-Map-fr-218x300.png"},{"@type":"BreadcrumbList","@id":"https:\/\/nbrhc.on.ca\/fr\/programme-et-services\/services-dimagerie-diagnostique\/podccu\/#breadcrumb","itemListElement":[{"@type":"ListItem","position":1,"name":"Home","item":"https:\/\/nbrhc.on.ca\/fr\/"},{"@type":"ListItem","position":2,"name":"Programmes et services","item":"https:\/\/nbrhc.on.ca\/fr\/programme-et-services\/"},{"@type":"ListItem","position":3,"name":"Services d&#8217;imagerie diagnostique","item":"https:\/\/nbrhc.on.ca\/fr\/programme-et-services\/services-dimagerie-diagnostique\/"},{"@type":"ListItem","position":4,"name":"Programme ontarien de d\u00e9pistage du cancer du col de l\u2019ut\u00e9rus (PODCCU)"}]},{"@type":"WebSite","@id":"https:\/\/nbrhc.on.ca\/#website","url":"https:\/\/nbrhc.on.ca\/","name":"NBRHC","description":"North Bay Regional Health Centre","publisher":{"@id":"https:\/\/nbrhc.on.ca\/#organization"},"potentialAction":[{"@type":"SearchAction","target":{"@type":"EntryPoint","urlTemplate":"https:\/\/nbrhc.on.ca\/?s={search_term_string}"},"query-input":{"@type":"PropertyValueSpecification","valueRequired":true,"valueName":"search_term_string"}}],"inLanguage":"fr-FR"},{"@type":"Organization","@id":"https:\/\/nbrhc.on.ca\/#organization","name":"North Bay Regional Health Centre","url":"https:\/\/nbrhc.on.ca\/","logo":{"@type":"ImageObject","inLanguage":"fr-FR","@id":"https:\/\/nbrhc.on.ca\/#\/schema\/logo\/image\/","url":"https:\/\/nbrhc.on.ca\/wp-content\/uploads\/2015\/07\/logo.jpg","contentUrl":"https:\/\/nbrhc.on.ca\/wp-content\/uploads\/2015\/07\/logo.jpg","width":870,"height":128,"caption":"North Bay Regional Health Centre"},"image":{"@id":"https:\/\/nbrhc.on.ca\/#\/schema\/logo\/image\/"},"sameAs":["https:\/\/www.facebook.com\/nbrhc","https:\/\/x.com\/NBRHC","https:\/\/www.linkedin.com\/company\/north-bay-regional-health-centre-nbrhc","https:\/\/www.pinterest.com\/nbrhc","https:\/\/www.youtube.com\/TheNBRHC"]}]}},"_links":{"self":[{"href":"https:\/\/nbrhc.on.ca\/fr\/wp-json\/wp\/v2\/pages\/42921","targetHints":{"allow":["GET"]}}],"collection":[{"href":"https:\/\/nbrhc.on.ca\/fr\/wp-json\/wp\/v2\/pages"}],"about":[{"href":"https:\/\/nbrhc.on.ca\/fr\/wp-json\/wp\/v2\/types\/page"}],"author":[{"embeddable":true,"href":"https:\/\/nbrhc.on.ca\/fr\/wp-json\/wp\/v2\/users\/56"}],"replies":[{"embeddable":true,"href":"https:\/\/nbrhc.on.ca\/fr\/wp-json\/wp\/v2\/comments?post=42921"}],"version-history":[{"count":6,"href":"https:\/\/nbrhc.on.ca\/fr\/wp-json\/wp\/v2\/pages\/42921\/revisions"}],"predecessor-version":[{"id":45476,"href":"https:\/\/nbrhc.on.ca\/fr\/wp-json\/wp\/v2\/pages\/42921\/revisions\/45476"}],"up":[{"embeddable":true,"href":"https:\/\/nbrhc.on.ca\/fr\/wp-json\/wp\/v2\/pages\/1629"}],"wp:attachment":[{"href":"https:\/\/nbrhc.on.ca\/fr\/wp-json\/wp\/v2\/media?parent=42921"}],"wp:term":[{"taxonomy":"post_tag","embeddable":true,"href":"https:\/\/nbrhc.on.ca\/fr\/wp-json\/wp\/v2\/tags?post=42921"}],"curies":[{"name":"wp","href":"https:\/\/api.w.org\/{rel}","templated":true}]}}