{"id":43050,"date":"2025-02-04T10:02:47","date_gmt":"2025-02-04T15:02:47","guid":{"rendered":"https:\/\/nbrhc.on.ca\/?page_id=43050"},"modified":"2025-09-04T13:39:44","modified_gmt":"2025-09-04T17:39:44","slug":"podccu-services-et-ressources-pour-les-autochtones","status":"publish","type":"page","link":"https:\/\/nbrhc.on.ca\/fr\/programme-et-services\/services-dimagerie-diagnostique\/podccu\/podccu-services-et-ressources-pour-les-autochtones\/","title":{"rendered":"PODCCU : services et ressources pour les Autochtones"},"content":{"rendered":"<p><a href=\"https:\/\/www.ontariohealth.ca\/fr\/obtenir-des-soins-de-sante\/services-ressources-autochtones\" target=\"_blank\" rel=\"noopener\">Services et ressources pour les Autochtones<\/a><\/p>\n<p><a href=\"https:\/\/www.cancercareontario.ca\/fr\/ressources-premieres-nations-inuits-et-metis\" target=\"_blank\" rel=\"noopener\">Ressources recommand\u00e9es pour les Premi\u00e8res Nations, les Inuits, les M\u00e9tis et les Autochtones en milieu urbain<\/a><\/p>\n<p><a href=\"https:\/\/www.cancercareontario.ca\/fr\/proceder-a-un-depistage-du-cancer\/ressources-sur-depistage-cancer-pour-autochtones\" target=\"_blank\" rel=\"noopener\">Ressources sur le d\u00e9pistage du cancer destin\u00e9es aux Premi\u00e8res Nations, aux Inuits, aux M\u00e9tis et aux Autochtones en milieu urbain<\/a><\/p>\n<p><a href=\"https:\/\/www.cancercareontario.ca\/fr\/node\/73811\" target=\"_blank\" rel=\"noopener\">\u00c9ducation et une sensibilisation sur la pr\u00e9vention, le d\u00e9pistage, le traitement et la survie du cancer pour les membres des communaut\u00e9s des Premi\u00e8res Nations et leurs familles<\/a><\/p>\n","protected":false},"excerpt":{"rendered":"<p>Ressources recommand\u00e9es pour les Premi\u00e8res Nations, les Inuits, les M\u00e9tis et les Autochtones en milieu urbain<\/p>\n","protected":false},"author":56,"featured_media":0,"parent":42921,"menu_order":0,"comment_status":"closed","ping_status":"closed","template":"","meta":{"_acf_changed":false,"_monsterinsights_skip_tracking":false,"_monsterinsights_sitenote_active":false,"_monsterinsights_sitenote_note":"","_monsterinsights_sitenote_category":0,"footnotes":"","_links_to":"","_links_to_target":"","_wp_rev_ctl_limit":""},"tags":[],"class_list":["post-43050","page","type-page","status-publish","hentry"],"acf":[],"yoast_head":"<!-- This site is optimized with the Yoast SEO plugin v27.4 - https:\/\/yoast.com\/product\/yoast-seo-wordpress\/ -->\n<title>PODCCU : services et ressources pour les Autochtones - NBRHC<\/title>\n<meta name=\"robots\" content=\"index, follow, max-snippet:-1, max-image-preview:large, max-video-preview:-1\" \/>\n<link rel=\"canonical\" href=\"https:\/\/nbrhc.on.ca\/fr\/programme-et-services\/services-dimagerie-diagnostique\/podccu\/podccu-services-et-ressources-pour-les-autochtones\/\" \/>\n<meta property=\"og:locale\" content=\"fr_FR\" \/>\n<meta property=\"og:type\" content=\"article\" \/>\n<meta property=\"og:title\" content=\"PODCCU : services et ressources pour les Autochtones - NBRHC\" \/>\n<meta property=\"og:description\" content=\"Ressources recommand\u00e9es pour les Premi\u00e8res Nations, les Inuits, les M\u00e9tis et les Autochtones en milieu urbain\" \/>\n<meta property=\"og:url\" content=\"https:\/\/nbrhc.on.ca\/fr\/programme-et-services\/services-dimagerie-diagnostique\/podccu\/podccu-services-et-ressources-pour-les-autochtones\/\" \/>\n<meta property=\"og:site_name\" content=\"NBRHC\" \/>\n<meta property=\"article:publisher\" content=\"https:\/\/www.facebook.com\/nbrhc\" \/>\n<meta property=\"article:modified_time\" content=\"2025-09-04T17:39:44+00:00\" \/>\n<meta property=\"og:image\" content=\"https:\/\/nbrhc.on.ca\/wp-content\/uploads\/2015\/07\/icon_col.jpeg\" \/>\n\t<meta property=\"og:image:width\" content=\"619\" \/>\n\t<meta property=\"og:image:height\" content=\"619\" \/>\n\t<meta property=\"og:image:type\" content=\"image\/jpeg\" \/>\n<meta name=\"twitter:label1\" content=\"Dur\u00e9e de lecture estim\u00e9e\" \/>\n\t<meta name=\"twitter:data1\" content=\"1 minute\" \/>\n<script type=\"application\/ld+json\" class=\"yoast-schema-graph\">{\"@context\":\"https:\\\/\\\/schema.org\",\"@graph\":[{\"@type\":\"WebPage\",\"@id\":\"https:\\\/\\\/nbrhc.on.ca\\\/fr\\\/programme-et-services\\\/services-dimagerie-diagnostique\\\/podccu\\\/podccu-services-et-ressources-pour-les-autochtones\\\/\",\"url\":\"https:\\\/\\\/nbrhc.on.ca\\\/fr\\\/programme-et-services\\\/services-dimagerie-diagnostique\\\/podccu\\\/podccu-services-et-ressources-pour-les-autochtones\\\/\",\"name\":\"PODCCU : services et ressources pour les Autochtones - NBRHC\",\"isPartOf\":{\"@id\":\"https:\\\/\\\/nbrhc.on.ca\\\/#website\"},\"datePublished\":\"2025-02-04T15:02:47+00:00\",\"dateModified\":\"2025-09-04T17:39:44+00:00\",\"breadcrumb\":{\"@id\":\"https:\\\/\\\/nbrhc.on.ca\\\/fr\\\/programme-et-services\\\/services-dimagerie-diagnostique\\\/podccu\\\/podccu-services-et-ressources-pour-les-autochtones\\\/#breadcrumb\"},\"inLanguage\":\"fr-FR\",\"potentialAction\":[{\"@type\":\"ReadAction\",\"target\":[\"https:\\\/\\\/nbrhc.on.ca\\\/fr\\\/programme-et-services\\\/services-dimagerie-diagnostique\\\/podccu\\\/podccu-services-et-ressources-pour-les-autochtones\\\/\"]}]},{\"@type\":\"BreadcrumbList\",\"@id\":\"https:\\\/\\\/nbrhc.on.ca\\\/fr\\\/programme-et-services\\\/services-dimagerie-diagnostique\\\/podccu\\\/podccu-services-et-ressources-pour-les-autochtones\\\/#breadcrumb\",\"itemListElement\":[{\"@type\":\"ListItem\",\"position\":1,\"name\":\"Home\",\"item\":\"https:\\\/\\\/nbrhc.on.ca\\\/fr\\\/\"},{\"@type\":\"ListItem\",\"position\":2,\"name\":\"Programmes et services\",\"item\":\"https:\\\/\\\/nbrhc.on.ca\\\/fr\\\/programme-et-services\\\/\"},{\"@type\":\"ListItem\",\"position\":3,\"name\":\"Services d&#8217;imagerie diagnostique\",\"item\":\"https:\\\/\\\/nbrhc.on.ca\\\/fr\\\/programme-et-services\\\/services-dimagerie-diagnostique\\\/\"},{\"@type\":\"ListItem\",\"position\":4,\"name\":\"Programme ontarien de d\u00e9pistage du cancer du col de l\u2019ut\u00e9rus (PODCCU)\",\"item\":\"https:\\\/\\\/nbrhc.on.ca\\\/fr\\\/programme-et-services\\\/services-dimagerie-diagnostique\\\/podccu\\\/\"},{\"@type\":\"ListItem\",\"position\":5,\"name\":\"PODCCU : services et ressources pour les Autochtones\"}]},{\"@type\":\"WebSite\",\"@id\":\"https:\\\/\\\/nbrhc.on.ca\\\/#website\",\"url\":\"https:\\\/\\\/nbrhc.on.ca\\\/\",\"name\":\"NBRHC\",\"description\":\"North Bay Regional Health Centre\",\"publisher\":{\"@id\":\"https:\\\/\\\/nbrhc.on.ca\\\/#organization\"},\"potentialAction\":[{\"@type\":\"SearchAction\",\"target\":{\"@type\":\"EntryPoint\",\"urlTemplate\":\"https:\\\/\\\/nbrhc.on.ca\\\/?s={search_term_string}\"},\"query-input\":{\"@type\":\"PropertyValueSpecification\",\"valueRequired\":true,\"valueName\":\"search_term_string\"}}],\"inLanguage\":\"fr-FR\"},{\"@type\":\"Organization\",\"@id\":\"https:\\\/\\\/nbrhc.on.ca\\\/#organization\",\"name\":\"North Bay Regional Health Centre\",\"url\":\"https:\\\/\\\/nbrhc.on.ca\\\/\",\"logo\":{\"@type\":\"ImageObject\",\"inLanguage\":\"fr-FR\",\"@id\":\"https:\\\/\\\/nbrhc.on.ca\\\/#\\\/schema\\\/logo\\\/image\\\/\",\"url\":\"https:\\\/\\\/nbrhc.on.ca\\\/wp-content\\\/uploads\\\/2015\\\/07\\\/logo.jpg\",\"contentUrl\":\"https:\\\/\\\/nbrhc.on.ca\\\/wp-content\\\/uploads\\\/2015\\\/07\\\/logo.jpg\",\"width\":870,\"height\":128,\"caption\":\"North Bay Regional Health Centre\"},\"image\":{\"@id\":\"https:\\\/\\\/nbrhc.on.ca\\\/#\\\/schema\\\/logo\\\/image\\\/\"},\"sameAs\":[\"https:\\\/\\\/www.facebook.com\\\/nbrhc\",\"https:\\\/\\\/x.com\\\/NBRHC\",\"https:\\\/\\\/www.linkedin.com\\\/company\\\/north-bay-regional-health-centre-nbrhc\",\"https:\\\/\\\/www.pinterest.com\\\/nbrhc\",\"https:\\\/\\\/www.youtube.com\\\/TheNBRHC\"]}]}<\/script>\n<!-- \/ Yoast SEO plugin. -->","yoast_head_json":{"title":"PODCCU : services et ressources pour les Autochtones - NBRHC","robots":{"index":"index","follow":"follow","max-snippet":"max-snippet:-1","max-image-preview":"max-image-preview:large","max-video-preview":"max-video-preview:-1"},"canonical":"https:\/\/nbrhc.on.ca\/fr\/programme-et-services\/services-dimagerie-diagnostique\/podccu\/podccu-services-et-ressources-pour-les-autochtones\/","og_locale":"fr_FR","og_type":"article","og_title":"PODCCU : services et ressources pour les Autochtones - NBRHC","og_description":"Ressources recommand\u00e9es pour les Premi\u00e8res Nations, les Inuits, les M\u00e9tis et les Autochtones en milieu urbain","og_url":"https:\/\/nbrhc.on.ca\/fr\/programme-et-services\/services-dimagerie-diagnostique\/podccu\/podccu-services-et-ressources-pour-les-autochtones\/","og_site_name":"NBRHC","article_publisher":"https:\/\/www.facebook.com\/nbrhc","article_modified_time":"2025-09-04T17:39:44+00:00","og_image":[{"width":619,"height":619,"url":"https:\/\/nbrhc.on.ca\/wp-content\/uploads\/2015\/07\/icon_col.jpeg","type":"image\/jpeg"}],"twitter_misc":{"Dur\u00e9e de lecture estim\u00e9e":"1 minute"},"schema":{"@context":"https:\/\/schema.org","@graph":[{"@type":"WebPage","@id":"https:\/\/nbrhc.on.ca\/fr\/programme-et-services\/services-dimagerie-diagnostique\/podccu\/podccu-services-et-ressources-pour-les-autochtones\/","url":"https:\/\/nbrhc.on.ca\/fr\/programme-et-services\/services-dimagerie-diagnostique\/podccu\/podccu-services-et-ressources-pour-les-autochtones\/","name":"PODCCU : services et ressources pour les Autochtones - NBRHC","isPartOf":{"@id":"https:\/\/nbrhc.on.ca\/#website"},"datePublished":"2025-02-04T15:02:47+00:00","dateModified":"2025-09-04T17:39:44+00:00","breadcrumb":{"@id":"https:\/\/nbrhc.on.ca\/fr\/programme-et-services\/services-dimagerie-diagnostique\/podccu\/podccu-services-et-ressources-pour-les-autochtones\/#breadcrumb"},"inLanguage":"fr-FR","potentialAction":[{"@type":"ReadAction","target":["https:\/\/nbrhc.on.ca\/fr\/programme-et-services\/services-dimagerie-diagnostique\/podccu\/podccu-services-et-ressources-pour-les-autochtones\/"]}]},{"@type":"BreadcrumbList","@id":"https:\/\/nbrhc.on.ca\/fr\/programme-et-services\/services-dimagerie-diagnostique\/podccu\/podccu-services-et-ressources-pour-les-autochtones\/#breadcrumb","itemListElement":[{"@type":"ListItem","position":1,"name":"Home","item":"https:\/\/nbrhc.on.ca\/fr\/"},{"@type":"ListItem","position":2,"name":"Programmes et services","item":"https:\/\/nbrhc.on.ca\/fr\/programme-et-services\/"},{"@type":"ListItem","position":3,"name":"Services d&#8217;imagerie diagnostique","item":"https:\/\/nbrhc.on.ca\/fr\/programme-et-services\/services-dimagerie-diagnostique\/"},{"@type":"ListItem","position":4,"name":"Programme ontarien de d\u00e9pistage du cancer du col de l\u2019ut\u00e9rus (PODCCU)","item":"https:\/\/nbrhc.on.ca\/fr\/programme-et-services\/services-dimagerie-diagnostique\/podccu\/"},{"@type":"ListItem","position":5,"name":"PODCCU : services et ressources pour les Autochtones"}]},{"@type":"WebSite","@id":"https:\/\/nbrhc.on.ca\/#website","url":"https:\/\/nbrhc.on.ca\/","name":"NBRHC","description":"North Bay Regional Health Centre","publisher":{"@id":"https:\/\/nbrhc.on.ca\/#organization"},"potentialAction":[{"@type":"SearchAction","target":{"@type":"EntryPoint","urlTemplate":"https:\/\/nbrhc.on.ca\/?s={search_term_string}"},"query-input":{"@type":"PropertyValueSpecification","valueRequired":true,"valueName":"search_term_string"}}],"inLanguage":"fr-FR"},{"@type":"Organization","@id":"https:\/\/nbrhc.on.ca\/#organization","name":"North Bay Regional Health Centre","url":"https:\/\/nbrhc.on.ca\/","logo":{"@type":"ImageObject","inLanguage":"fr-FR","@id":"https:\/\/nbrhc.on.ca\/#\/schema\/logo\/image\/","url":"https:\/\/nbrhc.on.ca\/wp-content\/uploads\/2015\/07\/logo.jpg","contentUrl":"https:\/\/nbrhc.on.ca\/wp-content\/uploads\/2015\/07\/logo.jpg","width":870,"height":128,"caption":"North Bay Regional Health Centre"},"image":{"@id":"https:\/\/nbrhc.on.ca\/#\/schema\/logo\/image\/"},"sameAs":["https:\/\/www.facebook.com\/nbrhc","https:\/\/x.com\/NBRHC","https:\/\/www.linkedin.com\/company\/north-bay-regional-health-centre-nbrhc","https:\/\/www.pinterest.com\/nbrhc","https:\/\/www.youtube.com\/TheNBRHC"]}]}},"_links":{"self":[{"href":"https:\/\/nbrhc.on.ca\/fr\/wp-json\/wp\/v2\/pages\/43050","targetHints":{"allow":["GET"]}}],"collection":[{"href":"https:\/\/nbrhc.on.ca\/fr\/wp-json\/wp\/v2\/pages"}],"about":[{"href":"https:\/\/nbrhc.on.ca\/fr\/wp-json\/wp\/v2\/types\/page"}],"author":[{"embeddable":true,"href":"https:\/\/nbrhc.on.ca\/fr\/wp-json\/wp\/v2\/users\/56"}],"replies":[{"embeddable":true,"href":"https:\/\/nbrhc.on.ca\/fr\/wp-json\/wp\/v2\/comments?post=43050"}],"version-history":[{"count":6,"href":"https:\/\/nbrhc.on.ca\/fr\/wp-json\/wp\/v2\/pages\/43050\/revisions"}],"predecessor-version":[{"id":45480,"href":"https:\/\/nbrhc.on.ca\/fr\/wp-json\/wp\/v2\/pages\/43050\/revisions\/45480"}],"up":[{"embeddable":true,"href":"https:\/\/nbrhc.on.ca\/fr\/wp-json\/wp\/v2\/pages\/42921"}],"wp:attachment":[{"href":"https:\/\/nbrhc.on.ca\/fr\/wp-json\/wp\/v2\/media?parent=43050"}],"wp:term":[{"taxonomy":"post_tag","embeddable":true,"href":"https:\/\/nbrhc.on.ca\/fr\/wp-json\/wp\/v2\/tags?post=43050"}],"curies":[{"name":"wp","href":"https:\/\/api.w.org\/{rel}","templated":true}]}}