{"id":46294,"date":"2025-11-14T10:31:53","date_gmt":"2025-11-14T15:31:53","guid":{"rendered":"https:\/\/nbrhc.on.ca\/?page_id=46294"},"modified":"2026-01-05T08:49:24","modified_gmt":"2026-01-05T13:49:24","slug":"apercu-des-ressources-communautaires","status":"publish","type":"page","link":"https:\/\/nbrhc.on.ca\/fr\/patients-et-visiteurs\/les-fournisseurs-de-soins\/apercu-des-ressources-communautaires\/","title":{"rendered":"Les ressources de soins communautaires et les cliniques sans rendez-vous"},"content":{"rendered":"<p style=\"text-align: center;\">Ces renseignements pourraient \u00eatre modifi\u00e9s en tout temps. Certains sites Web ne sont offerts qu\u2019en anglais.<\/p>\n<p>&nbsp;<\/p>\n<p><a href=\"https:\/\/tiahealth.com\/\" target=\"_blank\" rel=\"noopener\"><strong>Tia Sant\u00e9<\/strong><\/a> propose des rendez-vous m\u00e9dicaux en ligne avec des m\u00e9decins canadiens. Ordonnances, aiguillages, demandes d\u2019analyses en laboratoire, sant\u00e9 mentale et plus encore. Gratuit en Ontario avec une carte d\u2019assurance-maladie valide.<\/p>\n<p><a href=\"https:\/\/www.ontario.ca\/fr\/page\/trouver-un-medecin-de-famille-ou-une-infirmiere-praticienne\" target=\"_blank\" rel=\"noopener\"><strong>Acc\u00e8s Soins<\/strong><\/a> peut aider les Ontariennes et Ontariens \u00e0 trouver un m\u00e9decin de famille une infirmi\u00e8re praticienne, un infirmier praticien ou une \u00e9quipe de soins primaires qui accepte de nouveaux patients.<\/p>\n<p><strong>V\u00e9rifiez vos sympt\u00f4mes<\/strong>. Utilisez cet <a href=\"https:\/\/health811.ontario.ca\/static\/fr-ca\/guest\/symptom-assessment\" target=\"_blank\" rel=\"noopener\">outil d\u2019\u00e9valuation<\/a> des sympt\u00f4mes pour en savoir sur vos sympt\u00f4mes et recevoir des conseils sur la marche \u00e0 suivre.<\/p>\n<p><strong>Sant\u00e9811<\/strong> : Entrez en relation avec une infirmi\u00e8re immatricul\u00e9e, de jour comme de nuit, pour recevoir des conseils sant\u00e9 gratuits, s\u00fbrs et confidentiels. T\u00e9l\u00e9phonez \u00e0 811 (ATS : 711) ou <a href=\"https:\/\/health811.ontario.ca\/static\/fr-ca\/guest\/home\" target=\"_blank\" rel=\"noopener\">clavardez en ligne<\/a>.<\/p>\n<p><strong><a href=\"https:\/\/www.ontario.ca\/fr\/page\/pharmacies#section-2\" target=\"_blank\" rel=\"noopener\">Les pharmaciens<\/a><\/strong> peuvent prescrire des m\u00e9dicaments pour des affections courantes comme la conjonctivite, les allergies saisonni\u00e8res et les \u00e9ruptions cutan\u00e9es, ou ils peuvent renouveler certaines prescriptions sans que vous deviez voir un m\u00e9decin.<\/p>\n<p><strong><a href=\"https:\/\/www.canadorecollege.ca\/canadore-students-council\/support\/campus-health-services\" target=\"_blank\" rel=\"noopener\">Services de soins de sant\u00e9 \u00e0 l\u2019universit\u00e9 et au coll\u00e8ge<\/a><\/strong> : Les \u00e9tudiants et le personnel de l\u2019Universit\u00e9 Nipissing et du Coll\u00e8ge Canadore ainsi que les membres de leur famille imm\u00e9diate ont acc\u00e8s \u00e0 de nombreux services de sant\u00e9 et de mieux-\u00eatre sur le campus. Canadian Shield Health Care Services offre des rendez-vous en semaine, en soir\u00e9e et pendant la fin de semaine.<\/p>\n<p><a href=\"https:\/\/giiwednomshkikiiwgamig.ca\/\" target=\"_blank\" rel=\"noopener\"><strong>Le North Bay Indigenous Hub<\/strong><\/a> propose un vaste \u00e9ventail de services, comme la gu\u00e9rison traditionnelle, les soins primaires, la promotion de la sant\u00e9, la gestion des maladies chroniques, la sant\u00e9 de la famille (m\u00e8re\/enfant), la sant\u00e9 mentale et le diab\u00e8te, en plus d\u2019offrir une garderie agr\u00e9\u00e9e adapt\u00e9e \u00e0 la culture. Les programmes sont offerts dans le respect de la culture aux populations autochtones urbaines de la r\u00e9gion, ainsi qu\u2019aux Premi\u00e8res Nations partenaires et aux Premi\u00e8res Nations de Nipissing, de Temagami et de Dokis, sans \u00e9gard au statut, \u00e0 l\u2019absence de statut ou \u00e0 la r\u00e9sidence.<\/p>\n","protected":false},"excerpt":{"rendered":"<p>Ces renseignements pourraient \u00eatre modifi\u00e9s en tout temps. Certains sites Web ne sont offerts qu\u2019en anglais. &nbsp; Tia Sant\u00e9 propose des rendez-vous m\u00e9dicaux en ligne avec des m\u00e9decins canadiens. Ordonnances, [&hellip;]<\/p>\n","protected":false},"author":56,"featured_media":0,"parent":4551,"menu_order":0,"comment_status":"closed","ping_status":"closed","template":"template-covid-1sec.php","meta":{"_acf_changed":false,"_monsterinsights_skip_tracking":false,"_monsterinsights_sitenote_active":false,"_monsterinsights_sitenote_note":"","_monsterinsights_sitenote_category":0,"footnotes":"","_links_to":"","_links_to_target":"","_wp_rev_ctl_limit":""},"tags":[],"class_list":["post-46294","page","type-page","status-publish","hentry"],"acf":[],"yoast_head":"<!-- This site is optimized with the Yoast SEO plugin v27.5 - https:\/\/yoast.com\/product\/yoast-seo-wordpress\/ -->\n<title>Les ressources de soins communautaires et les cliniques sans rendez-vous - NBRHC<\/title>\n<meta name=\"robots\" content=\"index, follow, max-snippet:-1, max-image-preview:large, max-video-preview:-1\" \/>\n<link rel=\"canonical\" href=\"https:\/\/nbrhc.on.ca\/fr\/patients-et-visiteurs\/les-fournisseurs-de-soins\/apercu-des-ressources-communautaires\/\" \/>\n<meta property=\"og:locale\" content=\"fr_FR\" \/>\n<meta property=\"og:type\" content=\"article\" \/>\n<meta property=\"og:title\" content=\"Les ressources de soins communautaires et les cliniques sans rendez-vous - NBRHC\" \/>\n<meta property=\"og:description\" content=\"Ces renseignements pourraient \u00eatre modifi\u00e9s en tout temps. Certains sites Web ne sont offerts qu\u2019en anglais. &nbsp; Tia Sant\u00e9 propose des rendez-vous m\u00e9dicaux en ligne avec des m\u00e9decins canadiens. Ordonnances, [&hellip;]\" \/>\n<meta property=\"og:url\" content=\"https:\/\/nbrhc.on.ca\/fr\/patients-et-visiteurs\/les-fournisseurs-de-soins\/apercu-des-ressources-communautaires\/\" \/>\n<meta property=\"og:site_name\" content=\"NBRHC\" \/>\n<meta property=\"article:publisher\" content=\"https:\/\/www.facebook.com\/nbrhc\" \/>\n<meta property=\"article:modified_time\" content=\"2026-01-05T13:49:24+00:00\" \/>\n<meta property=\"og:image\" content=\"https:\/\/nbrhc.on.ca\/wp-content\/uploads\/2015\/07\/icon_col.jpeg\" \/>\n\t<meta property=\"og:image:width\" content=\"619\" \/>\n\t<meta property=\"og:image:height\" content=\"619\" \/>\n\t<meta property=\"og:image:type\" content=\"image\/jpeg\" \/>\n<meta name=\"twitter:label1\" content=\"Dur\u00e9e de lecture estim\u00e9e\" \/>\n\t<meta name=\"twitter:data1\" content=\"2 minutes\" \/>\n<script type=\"application\/ld+json\" class=\"yoast-schema-graph\">{\"@context\":\"https:\\\/\\\/schema.org\",\"@graph\":[{\"@type\":\"WebPage\",\"@id\":\"https:\\\/\\\/nbrhc.on.ca\\\/fr\\\/patients-et-visiteurs\\\/les-fournisseurs-de-soins\\\/apercu-des-ressources-communautaires\\\/\",\"url\":\"https:\\\/\\\/nbrhc.on.ca\\\/fr\\\/patients-et-visiteurs\\\/les-fournisseurs-de-soins\\\/apercu-des-ressources-communautaires\\\/\",\"name\":\"Les ressources de soins communautaires et les cliniques sans rendez-vous - NBRHC\",\"isPartOf\":{\"@id\":\"https:\\\/\\\/nbrhc.on.ca\\\/#website\"},\"datePublished\":\"2025-11-14T15:31:53+00:00\",\"dateModified\":\"2026-01-05T13:49:24+00:00\",\"breadcrumb\":{\"@id\":\"https:\\\/\\\/nbrhc.on.ca\\\/fr\\\/patients-et-visiteurs\\\/les-fournisseurs-de-soins\\\/apercu-des-ressources-communautaires\\\/#breadcrumb\"},\"inLanguage\":\"fr-FR\",\"potentialAction\":[{\"@type\":\"ReadAction\",\"target\":[\"https:\\\/\\\/nbrhc.on.ca\\\/fr\\\/patients-et-visiteurs\\\/les-fournisseurs-de-soins\\\/apercu-des-ressources-communautaires\\\/\"]}]},{\"@type\":\"BreadcrumbList\",\"@id\":\"https:\\\/\\\/nbrhc.on.ca\\\/fr\\\/patients-et-visiteurs\\\/les-fournisseurs-de-soins\\\/apercu-des-ressources-communautaires\\\/#breadcrumb\",\"itemListElement\":[{\"@type\":\"ListItem\",\"position\":1,\"name\":\"Home\",\"item\":\"https:\\\/\\\/nbrhc.on.ca\\\/fr\\\/\"},{\"@type\":\"ListItem\",\"position\":2,\"name\":\"Patients et visiteurs\",\"item\":\"https:\\\/\\\/nbrhc.on.ca\\\/fr\\\/patients-et-visiteurs\\\/\"},{\"@type\":\"ListItem\",\"position\":3,\"name\":\"Les fournisseurs de soins\",\"item\":\"https:\\\/\\\/nbrhc.on.ca\\\/fr\\\/patients-et-visiteurs\\\/les-fournisseurs-de-soins\\\/\"},{\"@type\":\"ListItem\",\"position\":4,\"name\":\"Les ressources de soins communautaires et les cliniques sans rendez-vous\"}]},{\"@type\":\"WebSite\",\"@id\":\"https:\\\/\\\/nbrhc.on.ca\\\/#website\",\"url\":\"https:\\\/\\\/nbrhc.on.ca\\\/\",\"name\":\"NBRHC\",\"description\":\"North Bay Regional Health Centre\",\"publisher\":{\"@id\":\"https:\\\/\\\/nbrhc.on.ca\\\/#organization\"},\"potentialAction\":[{\"@type\":\"SearchAction\",\"target\":{\"@type\":\"EntryPoint\",\"urlTemplate\":\"https:\\\/\\\/nbrhc.on.ca\\\/?s={search_term_string}\"},\"query-input\":{\"@type\":\"PropertyValueSpecification\",\"valueRequired\":true,\"valueName\":\"search_term_string\"}}],\"inLanguage\":\"fr-FR\"},{\"@type\":\"Organization\",\"@id\":\"https:\\\/\\\/nbrhc.on.ca\\\/#organization\",\"name\":\"North Bay Regional Health Centre\",\"url\":\"https:\\\/\\\/nbrhc.on.ca\\\/\",\"logo\":{\"@type\":\"ImageObject\",\"inLanguage\":\"fr-FR\",\"@id\":\"https:\\\/\\\/nbrhc.on.ca\\\/#\\\/schema\\\/logo\\\/image\\\/\",\"url\":\"https:\\\/\\\/nbrhc.on.ca\\\/wp-content\\\/uploads\\\/2015\\\/07\\\/logo.jpg\",\"contentUrl\":\"https:\\\/\\\/nbrhc.on.ca\\\/wp-content\\\/uploads\\\/2015\\\/07\\\/logo.jpg\",\"width\":870,\"height\":128,\"caption\":\"North Bay Regional Health Centre\"},\"image\":{\"@id\":\"https:\\\/\\\/nbrhc.on.ca\\\/#\\\/schema\\\/logo\\\/image\\\/\"},\"sameAs\":[\"https:\\\/\\\/www.facebook.com\\\/nbrhc\",\"https:\\\/\\\/x.com\\\/NBRHC\",\"https:\\\/\\\/www.linkedin.com\\\/company\\\/north-bay-regional-health-centre-nbrhc\",\"https:\\\/\\\/www.pinterest.com\\\/nbrhc\",\"https:\\\/\\\/www.youtube.com\\\/TheNBRHC\"]}]}<\/script>\n<!-- \/ Yoast SEO plugin. -->","yoast_head_json":{"title":"Les ressources de soins communautaires et les cliniques sans rendez-vous - NBRHC","robots":{"index":"index","follow":"follow","max-snippet":"max-snippet:-1","max-image-preview":"max-image-preview:large","max-video-preview":"max-video-preview:-1"},"canonical":"https:\/\/nbrhc.on.ca\/fr\/patients-et-visiteurs\/les-fournisseurs-de-soins\/apercu-des-ressources-communautaires\/","og_locale":"fr_FR","og_type":"article","og_title":"Les ressources de soins communautaires et les cliniques sans rendez-vous - NBRHC","og_description":"Ces renseignements pourraient \u00eatre modifi\u00e9s en tout temps. Certains sites Web ne sont offerts qu\u2019en anglais. &nbsp; Tia Sant\u00e9 propose des rendez-vous m\u00e9dicaux en ligne avec des m\u00e9decins canadiens. Ordonnances, [&hellip;]","og_url":"https:\/\/nbrhc.on.ca\/fr\/patients-et-visiteurs\/les-fournisseurs-de-soins\/apercu-des-ressources-communautaires\/","og_site_name":"NBRHC","article_publisher":"https:\/\/www.facebook.com\/nbrhc","article_modified_time":"2026-01-05T13:49:24+00:00","og_image":[{"width":619,"height":619,"url":"https:\/\/nbrhc.on.ca\/wp-content\/uploads\/2015\/07\/icon_col.jpeg","type":"image\/jpeg"}],"twitter_misc":{"Dur\u00e9e de lecture estim\u00e9e":"2 minutes"},"schema":{"@context":"https:\/\/schema.org","@graph":[{"@type":"WebPage","@id":"https:\/\/nbrhc.on.ca\/fr\/patients-et-visiteurs\/les-fournisseurs-de-soins\/apercu-des-ressources-communautaires\/","url":"https:\/\/nbrhc.on.ca\/fr\/patients-et-visiteurs\/les-fournisseurs-de-soins\/apercu-des-ressources-communautaires\/","name":"Les ressources de soins communautaires et les cliniques sans rendez-vous - NBRHC","isPartOf":{"@id":"https:\/\/nbrhc.on.ca\/#website"},"datePublished":"2025-11-14T15:31:53+00:00","dateModified":"2026-01-05T13:49:24+00:00","breadcrumb":{"@id":"https:\/\/nbrhc.on.ca\/fr\/patients-et-visiteurs\/les-fournisseurs-de-soins\/apercu-des-ressources-communautaires\/#breadcrumb"},"inLanguage":"fr-FR","potentialAction":[{"@type":"ReadAction","target":["https:\/\/nbrhc.on.ca\/fr\/patients-et-visiteurs\/les-fournisseurs-de-soins\/apercu-des-ressources-communautaires\/"]}]},{"@type":"BreadcrumbList","@id":"https:\/\/nbrhc.on.ca\/fr\/patients-et-visiteurs\/les-fournisseurs-de-soins\/apercu-des-ressources-communautaires\/#breadcrumb","itemListElement":[{"@type":"ListItem","position":1,"name":"Home","item":"https:\/\/nbrhc.on.ca\/fr\/"},{"@type":"ListItem","position":2,"name":"Patients et visiteurs","item":"https:\/\/nbrhc.on.ca\/fr\/patients-et-visiteurs\/"},{"@type":"ListItem","position":3,"name":"Les fournisseurs de soins","item":"https:\/\/nbrhc.on.ca\/fr\/patients-et-visiteurs\/les-fournisseurs-de-soins\/"},{"@type":"ListItem","position":4,"name":"Les ressources de soins communautaires et les cliniques sans rendez-vous"}]},{"@type":"WebSite","@id":"https:\/\/nbrhc.on.ca\/#website","url":"https:\/\/nbrhc.on.ca\/","name":"NBRHC","description":"North Bay Regional Health Centre","publisher":{"@id":"https:\/\/nbrhc.on.ca\/#organization"},"potentialAction":[{"@type":"SearchAction","target":{"@type":"EntryPoint","urlTemplate":"https:\/\/nbrhc.on.ca\/?s={search_term_string}"},"query-input":{"@type":"PropertyValueSpecification","valueRequired":true,"valueName":"search_term_string"}}],"inLanguage":"fr-FR"},{"@type":"Organization","@id":"https:\/\/nbrhc.on.ca\/#organization","name":"North Bay Regional Health Centre","url":"https:\/\/nbrhc.on.ca\/","logo":{"@type":"ImageObject","inLanguage":"fr-FR","@id":"https:\/\/nbrhc.on.ca\/#\/schema\/logo\/image\/","url":"https:\/\/nbrhc.on.ca\/wp-content\/uploads\/2015\/07\/logo.jpg","contentUrl":"https:\/\/nbrhc.on.ca\/wp-content\/uploads\/2015\/07\/logo.jpg","width":870,"height":128,"caption":"North Bay Regional Health Centre"},"image":{"@id":"https:\/\/nbrhc.on.ca\/#\/schema\/logo\/image\/"},"sameAs":["https:\/\/www.facebook.com\/nbrhc","https:\/\/x.com\/NBRHC","https:\/\/www.linkedin.com\/company\/north-bay-regional-health-centre-nbrhc","https:\/\/www.pinterest.com\/nbrhc","https:\/\/www.youtube.com\/TheNBRHC"]}]}},"_links":{"self":[{"href":"https:\/\/nbrhc.on.ca\/fr\/wp-json\/wp\/v2\/pages\/46294","targetHints":{"allow":["GET"]}}],"collection":[{"href":"https:\/\/nbrhc.on.ca\/fr\/wp-json\/wp\/v2\/pages"}],"about":[{"href":"https:\/\/nbrhc.on.ca\/fr\/wp-json\/wp\/v2\/types\/page"}],"author":[{"embeddable":true,"href":"https:\/\/nbrhc.on.ca\/fr\/wp-json\/wp\/v2\/users\/56"}],"replies":[{"embeddable":true,"href":"https:\/\/nbrhc.on.ca\/fr\/wp-json\/wp\/v2\/comments?post=46294"}],"version-history":[{"count":13,"href":"https:\/\/nbrhc.on.ca\/fr\/wp-json\/wp\/v2\/pages\/46294\/revisions"}],"predecessor-version":[{"id":47038,"href":"https:\/\/nbrhc.on.ca\/fr\/wp-json\/wp\/v2\/pages\/46294\/revisions\/47038"}],"up":[{"embeddable":true,"href":"https:\/\/nbrhc.on.ca\/fr\/wp-json\/wp\/v2\/pages\/4551"}],"wp:attachment":[{"href":"https:\/\/nbrhc.on.ca\/fr\/wp-json\/wp\/v2\/media?parent=46294"}],"wp:term":[{"taxonomy":"post_tag","embeddable":true,"href":"https:\/\/nbrhc.on.ca\/fr\/wp-json\/wp\/v2\/tags?post=46294"}],"curies":[{"name":"wp","href":"https:\/\/api.w.org\/{rel}","templated":true}]}}