{"id":46757,"date":"2025-11-19T13:17:46","date_gmt":"2025-11-19T18:17:46","guid":{"rendered":"https:\/\/nbrhc.on.ca\/?page_id=46757"},"modified":"2025-11-24T11:14:31","modified_gmt":"2025-11-24T16:14:31","slug":"clinique-de-neuropsychiatrie-du-crsnb","status":"publish","type":"page","link":"https:\/\/nbrhc.on.ca\/fr\/programme-et-services\/programmes-et-services-de-sante-mentale\/programme-regional-specialise-de-sante-mentale\/clinique-de-neuropsychiatrie-du-crsnb\/","title":{"rendered":"Clinique de neuropsychiatrie du CRSNB"},"content":{"rendered":"<p>S\u2019inspirant du mod\u00e8le des cliniques qui adoptent une approche interdisciplinaire \u00e0 l\u2019\u00e9gard de la m\u00e9decine du cerveau, la Clinique de neuropsychiatrie du CRSNB accueille les patients vivant dans le Nord-Est de l\u2019Ontario qui \u00e9prouvent en m\u00eame temps des sympt\u00f4mes psychiatriques et neurologiques, notamment ceux ayant des d\u00e9ficits cognitifs. Nous r\u00e9alisons des \u00e9valuations cognitives, demandons des examens pertinents (examens d\u2019imagerie, tests g\u00e9n\u00e9tiques), diagnostiquons des troubles psychiatriques, y compris les troubles neurocognitifs, et \u00e9mettons des recommandations en mati\u00e8re de traitement.<\/p>\n<p>&nbsp;<\/p>\n<p>Veuillez vous servir du <a href=\"https:\/\/nbrhc.on.ca\/wp-content\/uploads\/2016\/03\/2209.pdf\" target=\"_blank\" rel=\"noopener\">formulaire g\u00e9n\u00e9ral de demande de services pour la Clinique de psychiatrie en consultation externe<\/a> (en anglais seulement) et indiquer parmi les raisons suivantes celle qui a motiv\u00e9 la demande de services :<\/p>\n<p>&nbsp;<\/p>\n<p><strong>Raisons de la demande de services :<\/strong><br \/>\n<!--raw--><\/p>\n<ol>\n<li>Patient ayant un trouble neurologique (p. ex., scl\u00e9rose en plaques, scl\u00e9rose lat\u00e9rale amyotrophique (SLA), maladie de Parkinson, maladie de Huntington, accident vasculaire c\u00e9r\u00e9bral) pr\u00e9sentant des sympt\u00f4mes cognitifs ou psychiatriques (d\u00e9pression, anxi\u00e9t\u00e9, psychose)<\/li>\n<li>\u00c9valuation diagnostique et traitement de patients \u00e2g\u00e9s de moins de 65 ans \u00e9prouvant des sympt\u00f4mes cognitifs (maladie d\u2019Alzheimer \u00e0 d\u00e9but pr\u00e9coce, variante comportementale de la d\u00e9mence frontotemporale, aphasies, etc.)<\/li>\n<li>Consultation unique pour l\u2019obtention de recommandations de gestion (il faut inclure de la documentation pr\u00e9cisant un diagnostic pr\u00e9c\u00e9dent pos\u00e9 par un neurologue) :\n<ul style=\"list-style-type: lower-alpha;\">\n<li>Trouble \u00e0 symptomatologie neurologique fonctionnelle<\/li>\n<li>Traumatisme c\u00e9r\u00e9bral<\/li>\n<\/ul>\n<\/li>\n<li>Patient ayant un trouble psychiatrique (p. ex., trouble bipolaire, trouble psychotique) accompagn\u00e9 de sympt\u00f4mes cognitifs<\/li>\n<\/ol>\n<p>&nbsp;<\/p>\n<p><a href=\"https:\/\/nbrhc.on.ca\/wp-content\/uploads\/2025\/11\/Neuropsychiatry_Clinic_FR_Final_01.pdf\" target=\"_blank\" rel=\"noopener\"><img loading=\"lazy\" decoding=\"async\" class=\"alignnone\" src=\"https:\/\/nbrhc.on.ca\/wp-content\/uploads\/2025\/11\/Neuropsychiatry_Clinic_FR_Final_01-pdf-232x300.jpg\" alt=\"Clinique de neuropsychiatrie\" width=\"232\" height=\"300\" \/><\/a><\/p>\n","protected":false},"excerpt":{"rendered":"<p>S\u2019inspirant du mod\u00e8le des cliniques qui adoptent une approche interdisciplinaire \u00e0 l\u2019\u00e9gard de la m\u00e9decine du cerveau, la Clinique de neuropsychiatrie du CRSNB accueille les patients vivant dans le Nord-Est [&hellip;]<\/p>\n","protected":false},"author":56,"featured_media":0,"parent":3003,"menu_order":0,"comment_status":"closed","ping_status":"closed","template":"","meta":{"_acf_changed":false,"_monsterinsights_skip_tracking":false,"_monsterinsights_sitenote_active":false,"_monsterinsights_sitenote_note":"","_monsterinsights_sitenote_category":0,"footnotes":"","_links_to":"","_links_to_target":"","_wp_rev_ctl_limit":""},"tags":[],"class_list":["post-46757","page","type-page","status-publish","hentry"],"acf":[],"yoast_head":"<!-- This site is optimized with the Yoast SEO plugin v27.4 - https:\/\/yoast.com\/product\/yoast-seo-wordpress\/ -->\n<title>Clinique de neuropsychiatrie du CRSNB - NBRHC<\/title>\n<meta name=\"robots\" content=\"index, follow, max-snippet:-1, max-image-preview:large, max-video-preview:-1\" \/>\n<link rel=\"canonical\" href=\"https:\/\/nbrhc.on.ca\/fr\/programme-et-services\/programmes-et-services-de-sante-mentale\/programme-regional-specialise-de-sante-mentale\/clinique-de-neuropsychiatrie-du-crsnb\/\" \/>\n<meta property=\"og:locale\" content=\"fr_FR\" \/>\n<meta property=\"og:type\" content=\"article\" \/>\n<meta property=\"og:title\" content=\"Clinique de neuropsychiatrie du CRSNB - NBRHC\" \/>\n<meta property=\"og:description\" content=\"S\u2019inspirant du mod\u00e8le des cliniques qui adoptent une approche interdisciplinaire \u00e0 l\u2019\u00e9gard de la m\u00e9decine du cerveau, la Clinique de neuropsychiatrie du CRSNB accueille les patients vivant dans le Nord-Est [&hellip;]\" \/>\n<meta property=\"og:url\" content=\"https:\/\/nbrhc.on.ca\/fr\/programme-et-services\/programmes-et-services-de-sante-mentale\/programme-regional-specialise-de-sante-mentale\/clinique-de-neuropsychiatrie-du-crsnb\/\" \/>\n<meta property=\"og:site_name\" content=\"NBRHC\" \/>\n<meta property=\"article:publisher\" content=\"https:\/\/www.facebook.com\/nbrhc\" \/>\n<meta property=\"article:modified_time\" content=\"2025-11-24T16:14:31+00:00\" \/>\n<meta property=\"og:image\" content=\"https:\/\/nbrhc.on.ca\/wp-content\/uploads\/2025\/11\/Neuropsychiatry_Clinic_FR_Final_01-pdf-232x300.jpg\" \/>\n<meta name=\"twitter:label1\" content=\"Dur\u00e9e de lecture estim\u00e9e\" \/>\n\t<meta name=\"twitter:data1\" content=\"2 minutes\" \/>\n<script type=\"application\/ld+json\" class=\"yoast-schema-graph\">{\"@context\":\"https:\\\/\\\/schema.org\",\"@graph\":[{\"@type\":\"WebPage\",\"@id\":\"https:\\\/\\\/nbrhc.on.ca\\\/fr\\\/programme-et-services\\\/programmes-et-services-de-sante-mentale\\\/programme-regional-specialise-de-sante-mentale\\\/clinique-de-neuropsychiatrie-du-crsnb\\\/\",\"url\":\"https:\\\/\\\/nbrhc.on.ca\\\/fr\\\/programme-et-services\\\/programmes-et-services-de-sante-mentale\\\/programme-regional-specialise-de-sante-mentale\\\/clinique-de-neuropsychiatrie-du-crsnb\\\/\",\"name\":\"Clinique de neuropsychiatrie du CRSNB - NBRHC\",\"isPartOf\":{\"@id\":\"https:\\\/\\\/nbrhc.on.ca\\\/#website\"},\"primaryImageOfPage\":{\"@id\":\"https:\\\/\\\/nbrhc.on.ca\\\/fr\\\/programme-et-services\\\/programmes-et-services-de-sante-mentale\\\/programme-regional-specialise-de-sante-mentale\\\/clinique-de-neuropsychiatrie-du-crsnb\\\/#primaryimage\"},\"image\":{\"@id\":\"https:\\\/\\\/nbrhc.on.ca\\\/fr\\\/programme-et-services\\\/programmes-et-services-de-sante-mentale\\\/programme-regional-specialise-de-sante-mentale\\\/clinique-de-neuropsychiatrie-du-crsnb\\\/#primaryimage\"},\"thumbnailUrl\":\"https:\\\/\\\/nbrhc.on.ca\\\/wp-content\\\/uploads\\\/2025\\\/11\\\/Neuropsychiatry_Clinic_FR_Final_01-pdf-232x300.jpg\",\"datePublished\":\"2025-11-19T18:17:46+00:00\",\"dateModified\":\"2025-11-24T16:14:31+00:00\",\"breadcrumb\":{\"@id\":\"https:\\\/\\\/nbrhc.on.ca\\\/fr\\\/programme-et-services\\\/programmes-et-services-de-sante-mentale\\\/programme-regional-specialise-de-sante-mentale\\\/clinique-de-neuropsychiatrie-du-crsnb\\\/#breadcrumb\"},\"inLanguage\":\"fr-FR\",\"potentialAction\":[{\"@type\":\"ReadAction\",\"target\":[\"https:\\\/\\\/nbrhc.on.ca\\\/fr\\\/programme-et-services\\\/programmes-et-services-de-sante-mentale\\\/programme-regional-specialise-de-sante-mentale\\\/clinique-de-neuropsychiatrie-du-crsnb\\\/\"]}]},{\"@type\":\"ImageObject\",\"inLanguage\":\"fr-FR\",\"@id\":\"https:\\\/\\\/nbrhc.on.ca\\\/fr\\\/programme-et-services\\\/programmes-et-services-de-sante-mentale\\\/programme-regional-specialise-de-sante-mentale\\\/clinique-de-neuropsychiatrie-du-crsnb\\\/#primaryimage\",\"url\":\"https:\\\/\\\/nbrhc.on.ca\\\/wp-content\\\/uploads\\\/2025\\\/11\\\/Neuropsychiatry_Clinic_FR_Final_01-pdf-232x300.jpg\",\"contentUrl\":\"https:\\\/\\\/nbrhc.on.ca\\\/wp-content\\\/uploads\\\/2025\\\/11\\\/Neuropsychiatry_Clinic_FR_Final_01-pdf-232x300.jpg\"},{\"@type\":\"BreadcrumbList\",\"@id\":\"https:\\\/\\\/nbrhc.on.ca\\\/fr\\\/programme-et-services\\\/programmes-et-services-de-sante-mentale\\\/programme-regional-specialise-de-sante-mentale\\\/clinique-de-neuropsychiatrie-du-crsnb\\\/#breadcrumb\",\"itemListElement\":[{\"@type\":\"ListItem\",\"position\":1,\"name\":\"Home\",\"item\":\"https:\\\/\\\/nbrhc.on.ca\\\/fr\\\/\"},{\"@type\":\"ListItem\",\"position\":2,\"name\":\"Programmes et services\",\"item\":\"https:\\\/\\\/nbrhc.on.ca\\\/fr\\\/programme-et-services\\\/\"},{\"@type\":\"ListItem\",\"position\":3,\"name\":\"Programmes et services de sant\u00e9 mentale\",\"item\":\"https:\\\/\\\/nbrhc.on.ca\\\/fr\\\/programme-et-services\\\/programmes-et-services-de-sante-mentale\\\/\"},{\"@type\":\"ListItem\",\"position\":4,\"name\":\"Programme r\u00e9gional sp\u00e9cialis\u00e9 de sant\u00e9 mentale\",\"item\":\"https:\\\/\\\/nbrhc.on.ca\\\/fr\\\/programme-et-services\\\/programmes-et-services-de-sante-mentale\\\/programme-regional-specialise-de-sante-mentale\\\/\"},{\"@type\":\"ListItem\",\"position\":5,\"name\":\"Clinique de neuropsychiatrie du CRSNB\"}]},{\"@type\":\"WebSite\",\"@id\":\"https:\\\/\\\/nbrhc.on.ca\\\/#website\",\"url\":\"https:\\\/\\\/nbrhc.on.ca\\\/\",\"name\":\"NBRHC\",\"description\":\"North Bay Regional Health Centre\",\"publisher\":{\"@id\":\"https:\\\/\\\/nbrhc.on.ca\\\/#organization\"},\"potentialAction\":[{\"@type\":\"SearchAction\",\"target\":{\"@type\":\"EntryPoint\",\"urlTemplate\":\"https:\\\/\\\/nbrhc.on.ca\\\/?s={search_term_string}\"},\"query-input\":{\"@type\":\"PropertyValueSpecification\",\"valueRequired\":true,\"valueName\":\"search_term_string\"}}],\"inLanguage\":\"fr-FR\"},{\"@type\":\"Organization\",\"@id\":\"https:\\\/\\\/nbrhc.on.ca\\\/#organization\",\"name\":\"North Bay Regional Health Centre\",\"url\":\"https:\\\/\\\/nbrhc.on.ca\\\/\",\"logo\":{\"@type\":\"ImageObject\",\"inLanguage\":\"fr-FR\",\"@id\":\"https:\\\/\\\/nbrhc.on.ca\\\/#\\\/schema\\\/logo\\\/image\\\/\",\"url\":\"https:\\\/\\\/nbrhc.on.ca\\\/wp-content\\\/uploads\\\/2015\\\/07\\\/logo.jpg\",\"contentUrl\":\"https:\\\/\\\/nbrhc.on.ca\\\/wp-content\\\/uploads\\\/2015\\\/07\\\/logo.jpg\",\"width\":870,\"height\":128,\"caption\":\"North Bay Regional Health Centre\"},\"image\":{\"@id\":\"https:\\\/\\\/nbrhc.on.ca\\\/#\\\/schema\\\/logo\\\/image\\\/\"},\"sameAs\":[\"https:\\\/\\\/www.facebook.com\\\/nbrhc\",\"https:\\\/\\\/x.com\\\/NBRHC\",\"https:\\\/\\\/www.linkedin.com\\\/company\\\/north-bay-regional-health-centre-nbrhc\",\"https:\\\/\\\/www.pinterest.com\\\/nbrhc\",\"https:\\\/\\\/www.youtube.com\\\/TheNBRHC\"]}]}<\/script>\n<!-- \/ Yoast SEO plugin. -->","yoast_head_json":{"title":"Clinique de neuropsychiatrie du CRSNB - NBRHC","robots":{"index":"index","follow":"follow","max-snippet":"max-snippet:-1","max-image-preview":"max-image-preview:large","max-video-preview":"max-video-preview:-1"},"canonical":"https:\/\/nbrhc.on.ca\/fr\/programme-et-services\/programmes-et-services-de-sante-mentale\/programme-regional-specialise-de-sante-mentale\/clinique-de-neuropsychiatrie-du-crsnb\/","og_locale":"fr_FR","og_type":"article","og_title":"Clinique de neuropsychiatrie du CRSNB - NBRHC","og_description":"S\u2019inspirant du mod\u00e8le des cliniques qui adoptent une approche interdisciplinaire \u00e0 l\u2019\u00e9gard de la m\u00e9decine du cerveau, la Clinique de neuropsychiatrie du CRSNB accueille les patients vivant dans le Nord-Est [&hellip;]","og_url":"https:\/\/nbrhc.on.ca\/fr\/programme-et-services\/programmes-et-services-de-sante-mentale\/programme-regional-specialise-de-sante-mentale\/clinique-de-neuropsychiatrie-du-crsnb\/","og_site_name":"NBRHC","article_publisher":"https:\/\/www.facebook.com\/nbrhc","article_modified_time":"2025-11-24T16:14:31+00:00","og_image":[{"url":"https:\/\/nbrhc.on.ca\/wp-content\/uploads\/2025\/11\/Neuropsychiatry_Clinic_FR_Final_01-pdf-232x300.jpg","type":"","width":"","height":""}],"twitter_misc":{"Dur\u00e9e de lecture estim\u00e9e":"2 minutes"},"schema":{"@context":"https:\/\/schema.org","@graph":[{"@type":"WebPage","@id":"https:\/\/nbrhc.on.ca\/fr\/programme-et-services\/programmes-et-services-de-sante-mentale\/programme-regional-specialise-de-sante-mentale\/clinique-de-neuropsychiatrie-du-crsnb\/","url":"https:\/\/nbrhc.on.ca\/fr\/programme-et-services\/programmes-et-services-de-sante-mentale\/programme-regional-specialise-de-sante-mentale\/clinique-de-neuropsychiatrie-du-crsnb\/","name":"Clinique de neuropsychiatrie du CRSNB - NBRHC","isPartOf":{"@id":"https:\/\/nbrhc.on.ca\/#website"},"primaryImageOfPage":{"@id":"https:\/\/nbrhc.on.ca\/fr\/programme-et-services\/programmes-et-services-de-sante-mentale\/programme-regional-specialise-de-sante-mentale\/clinique-de-neuropsychiatrie-du-crsnb\/#primaryimage"},"image":{"@id":"https:\/\/nbrhc.on.ca\/fr\/programme-et-services\/programmes-et-services-de-sante-mentale\/programme-regional-specialise-de-sante-mentale\/clinique-de-neuropsychiatrie-du-crsnb\/#primaryimage"},"thumbnailUrl":"https:\/\/nbrhc.on.ca\/wp-content\/uploads\/2025\/11\/Neuropsychiatry_Clinic_FR_Final_01-pdf-232x300.jpg","datePublished":"2025-11-19T18:17:46+00:00","dateModified":"2025-11-24T16:14:31+00:00","breadcrumb":{"@id":"https:\/\/nbrhc.on.ca\/fr\/programme-et-services\/programmes-et-services-de-sante-mentale\/programme-regional-specialise-de-sante-mentale\/clinique-de-neuropsychiatrie-du-crsnb\/#breadcrumb"},"inLanguage":"fr-FR","potentialAction":[{"@type":"ReadAction","target":["https:\/\/nbrhc.on.ca\/fr\/programme-et-services\/programmes-et-services-de-sante-mentale\/programme-regional-specialise-de-sante-mentale\/clinique-de-neuropsychiatrie-du-crsnb\/"]}]},{"@type":"ImageObject","inLanguage":"fr-FR","@id":"https:\/\/nbrhc.on.ca\/fr\/programme-et-services\/programmes-et-services-de-sante-mentale\/programme-regional-specialise-de-sante-mentale\/clinique-de-neuropsychiatrie-du-crsnb\/#primaryimage","url":"https:\/\/nbrhc.on.ca\/wp-content\/uploads\/2025\/11\/Neuropsychiatry_Clinic_FR_Final_01-pdf-232x300.jpg","contentUrl":"https:\/\/nbrhc.on.ca\/wp-content\/uploads\/2025\/11\/Neuropsychiatry_Clinic_FR_Final_01-pdf-232x300.jpg"},{"@type":"BreadcrumbList","@id":"https:\/\/nbrhc.on.ca\/fr\/programme-et-services\/programmes-et-services-de-sante-mentale\/programme-regional-specialise-de-sante-mentale\/clinique-de-neuropsychiatrie-du-crsnb\/#breadcrumb","itemListElement":[{"@type":"ListItem","position":1,"name":"Home","item":"https:\/\/nbrhc.on.ca\/fr\/"},{"@type":"ListItem","position":2,"name":"Programmes et services","item":"https:\/\/nbrhc.on.ca\/fr\/programme-et-services\/"},{"@type":"ListItem","position":3,"name":"Programmes et services de sant\u00e9 mentale","item":"https:\/\/nbrhc.on.ca\/fr\/programme-et-services\/programmes-et-services-de-sante-mentale\/"},{"@type":"ListItem","position":4,"name":"Programme r\u00e9gional sp\u00e9cialis\u00e9 de sant\u00e9 mentale","item":"https:\/\/nbrhc.on.ca\/fr\/programme-et-services\/programmes-et-services-de-sante-mentale\/programme-regional-specialise-de-sante-mentale\/"},{"@type":"ListItem","position":5,"name":"Clinique de neuropsychiatrie du CRSNB"}]},{"@type":"WebSite","@id":"https:\/\/nbrhc.on.ca\/#website","url":"https:\/\/nbrhc.on.ca\/","name":"NBRHC","description":"North Bay Regional Health Centre","publisher":{"@id":"https:\/\/nbrhc.on.ca\/#organization"},"potentialAction":[{"@type":"SearchAction","target":{"@type":"EntryPoint","urlTemplate":"https:\/\/nbrhc.on.ca\/?s={search_term_string}"},"query-input":{"@type":"PropertyValueSpecification","valueRequired":true,"valueName":"search_term_string"}}],"inLanguage":"fr-FR"},{"@type":"Organization","@id":"https:\/\/nbrhc.on.ca\/#organization","name":"North Bay Regional Health Centre","url":"https:\/\/nbrhc.on.ca\/","logo":{"@type":"ImageObject","inLanguage":"fr-FR","@id":"https:\/\/nbrhc.on.ca\/#\/schema\/logo\/image\/","url":"https:\/\/nbrhc.on.ca\/wp-content\/uploads\/2015\/07\/logo.jpg","contentUrl":"https:\/\/nbrhc.on.ca\/wp-content\/uploads\/2015\/07\/logo.jpg","width":870,"height":128,"caption":"North Bay Regional Health Centre"},"image":{"@id":"https:\/\/nbrhc.on.ca\/#\/schema\/logo\/image\/"},"sameAs":["https:\/\/www.facebook.com\/nbrhc","https:\/\/x.com\/NBRHC","https:\/\/www.linkedin.com\/company\/north-bay-regional-health-centre-nbrhc","https:\/\/www.pinterest.com\/nbrhc","https:\/\/www.youtube.com\/TheNBRHC"]}]}},"_links":{"self":[{"href":"https:\/\/nbrhc.on.ca\/fr\/wp-json\/wp\/v2\/pages\/46757","targetHints":{"allow":["GET"]}}],"collection":[{"href":"https:\/\/nbrhc.on.ca\/fr\/wp-json\/wp\/v2\/pages"}],"about":[{"href":"https:\/\/nbrhc.on.ca\/fr\/wp-json\/wp\/v2\/types\/page"}],"author":[{"embeddable":true,"href":"https:\/\/nbrhc.on.ca\/fr\/wp-json\/wp\/v2\/users\/56"}],"replies":[{"embeddable":true,"href":"https:\/\/nbrhc.on.ca\/fr\/wp-json\/wp\/v2\/comments?post=46757"}],"version-history":[{"count":7,"href":"https:\/\/nbrhc.on.ca\/fr\/wp-json\/wp\/v2\/pages\/46757\/revisions"}],"predecessor-version":[{"id":46814,"href":"https:\/\/nbrhc.on.ca\/fr\/wp-json\/wp\/v2\/pages\/46757\/revisions\/46814"}],"up":[{"embeddable":true,"href":"https:\/\/nbrhc.on.ca\/fr\/wp-json\/wp\/v2\/pages\/3003"}],"wp:attachment":[{"href":"https:\/\/nbrhc.on.ca\/fr\/wp-json\/wp\/v2\/media?parent=46757"}],"wp:term":[{"taxonomy":"post_tag","embeddable":true,"href":"https:\/\/nbrhc.on.ca\/fr\/wp-json\/wp\/v2\/tags?post=46757"}],"curies":[{"name":"wp","href":"https:\/\/api.w.org\/{rel}","templated":true}]}}