{"id":46951,"date":"2025-12-18T11:16:45","date_gmt":"2025-12-18T16:16:45","guid":{"rendered":"https:\/\/nbrhc.on.ca\/?page_id=46951"},"modified":"2025-12-18T14:44:15","modified_gmt":"2025-12-18T19:44:15","slug":"formulaires-de-psychiatrie-pour-enfants-et-adolescents","status":"publish","type":"page","link":"https:\/\/nbrhc.on.ca\/fr\/formulaires-pour-les-fournisseuses-et-fournisseurs-de-soins-de-sante\/formulaires-de-psychiatrie-pour-enfants-et-adolescents\/","title":{"rendered":"Formulaires de psychiatrie pour enfants et adolescents"},"content":{"rendered":"<h2>Formulaires de r\u00e9f\u00e9rence<\/h2>\n<table id=\"jobtable\" style=\"width: 100%;\" border=\"2\" summary=\"Rehabilitation (Inpatient &amp; Outpatient) referral forms\" cellspacing=\"4\" cellpadding=\"4\">\n<colgroup>\n<col style=\"width: 70%;\" \/>\n<col style=\"width: 12%;\" \/>\n<col style=\"width: 18%;\" \/> <\/colgroup>\n<thead>\n<tr>\n<th class=\"header headerSortDown\" scope=\"col\" valign=\"top\">\n<h3>Nom<\/h3>\n<\/th>\n<th class=\"header\" scope=\"col\" valign=\"top\">\n<h3>Num\u00e9ro<\/h3>\n<\/th>\n<th class=\"header\" scope=\"col\" valign=\"top\">\n<h3>Langue<\/h3>\n<\/th>\n<\/tr>\n<\/thead>\n<tbody>\n<tr>\n<td><a href=\"https:\/\/nbrhc.on.ca\/wp-content\/uploads\/2016\/03\/2209.pdf\" target=\"_blank\" rel=\"noopener noreferrer\">Outpatient Psychiatry Clinic Consultation<\/a><span>\u00a0<\/span><\/td>\n<td style=\"text-align: center;\">RHC 2209<\/td>\n<td style=\"text-align: center;\">anglais<\/td>\n<\/tr>\n<tr>\n<td><a href=\"https:\/\/nbrhc.on.ca\/wp-content\/uploads\/2026\/02\/RHC-3486-Child-and-Adolescent-Psychiatry-Referral-Form.pdf\" target=\"_blank\" rel=\"noopener\">Child and Adolescent Psychiatry Referral Form<\/a><\/td>\n<td style=\"text-align: center;\">RHC 3486<\/td>\n<td style=\"text-align: center;\">anglais<\/td>\n<\/tr>\n<tr>\n<td><a href=\"https:\/\/nbrhc.on.ca\/wp-content\/uploads\/2016\/03\/2129-April-2014.pdf\" target=\"_blank\" rel=\"noopener\">Pediatric Acute Mental Health Admission Referral Form<\/a><\/td>\n<td style=\"text-align: center;\">RHC 2129<\/td>\n<td style=\"text-align: center;\">anglais<\/td>\n<\/tr>\n<tr>\n<td><a href=\"https:\/\/nbrhc.on.ca\/wp-content\/uploads\/2025\/05\/RHC-3428-Eating-Disorder-Referral.pdf\" target=\"_blank\" rel=\"noopener\">Eating Disorder Program Referral Form<\/a><\/td>\n<td style=\"text-align: center;\">RHC 3428<\/td>\n<td style=\"text-align: center;\">anglais<\/td>\n<\/tr>\n<\/tbody>\n<\/table>\n<p>&nbsp;<\/p>\n","protected":false},"excerpt":{"rendered":"<p>Formulaire de demande en psychiatrie pour enfants et adolescents, Formulaire de demande du programme des troubles des troubles alimentaires, formulaire de r\u00e9f\u00e9rence central r\u00e9gional de sant\u00e9 mentale, formulaire de r\u00e9f\u00e9rence pour l\u2019admission en sant\u00e9 mentale p\u00e9diatrique aigu\u00eb<\/p>\n","protected":false},"author":56,"featured_media":0,"parent":5962,"menu_order":0,"comment_status":"closed","ping_status":"closed","template":"","meta":{"_acf_changed":false,"_monsterinsights_skip_tracking":false,"_monsterinsights_sitenote_active":false,"_monsterinsights_sitenote_note":"","_monsterinsights_sitenote_category":0,"footnotes":"","_links_to":"","_links_to_target":"","_wp_rev_ctl_limit":""},"tags":[],"class_list":["post-46951","page","type-page","status-publish","hentry"],"acf":[],"yoast_head":"<!-- This site is optimized with the Yoast SEO plugin v27.4 - https:\/\/yoast.com\/product\/yoast-seo-wordpress\/ -->\n<title>Formulaires de psychiatrie pour enfants et adolescents - NBRHC<\/title>\n<meta name=\"robots\" content=\"index, follow, max-snippet:-1, max-image-preview:large, max-video-preview:-1\" \/>\n<link rel=\"canonical\" href=\"https:\/\/nbrhc.on.ca\/fr\/formulaires-pour-les-fournisseuses-et-fournisseurs-de-soins-de-sante\/formulaires-de-psychiatrie-pour-enfants-et-adolescents\/\" \/>\n<meta property=\"og:locale\" content=\"fr_FR\" \/>\n<meta property=\"og:type\" content=\"article\" \/>\n<meta property=\"og:title\" content=\"Formulaires de psychiatrie pour enfants et adolescents - NBRHC\" \/>\n<meta property=\"og:description\" content=\"Formulaire de demande en psychiatrie pour enfants et adolescents, Formulaire de demande du programme des troubles des troubles alimentaires, formulaire de r\u00e9f\u00e9rence central r\u00e9gional de sant\u00e9 mentale, formulaire de r\u00e9f\u00e9rence pour l\u2019admission en sant\u00e9 mentale p\u00e9diatrique aigu\u00eb\" \/>\n<meta property=\"og:url\" content=\"https:\/\/nbrhc.on.ca\/fr\/formulaires-pour-les-fournisseuses-et-fournisseurs-de-soins-de-sante\/formulaires-de-psychiatrie-pour-enfants-et-adolescents\/\" \/>\n<meta property=\"og:site_name\" content=\"NBRHC\" \/>\n<meta property=\"article:publisher\" content=\"https:\/\/www.facebook.com\/nbrhc\" \/>\n<meta property=\"article:modified_time\" content=\"2025-12-18T19:44:15+00:00\" \/>\n<meta property=\"og:image\" content=\"https:\/\/nbrhc.on.ca\/wp-content\/uploads\/2015\/07\/icon_col.jpeg\" \/>\n\t<meta property=\"og:image:width\" content=\"619\" \/>\n\t<meta property=\"og:image:height\" content=\"619\" \/>\n\t<meta property=\"og:image:type\" content=\"image\/jpeg\" \/>\n<meta name=\"twitter:label1\" content=\"Dur\u00e9e de lecture estim\u00e9e\" \/>\n\t<meta name=\"twitter:data1\" content=\"1 minute\" \/>\n<script type=\"application\/ld+json\" class=\"yoast-schema-graph\">{\"@context\":\"https:\\\/\\\/schema.org\",\"@graph\":[{\"@type\":\"WebPage\",\"@id\":\"https:\\\/\\\/nbrhc.on.ca\\\/fr\\\/formulaires-pour-les-fournisseuses-et-fournisseurs-de-soins-de-sante\\\/formulaires-de-psychiatrie-pour-enfants-et-adolescents\\\/\",\"url\":\"https:\\\/\\\/nbrhc.on.ca\\\/fr\\\/formulaires-pour-les-fournisseuses-et-fournisseurs-de-soins-de-sante\\\/formulaires-de-psychiatrie-pour-enfants-et-adolescents\\\/\",\"name\":\"Formulaires de psychiatrie pour enfants et adolescents - NBRHC\",\"isPartOf\":{\"@id\":\"https:\\\/\\\/nbrhc.on.ca\\\/#website\"},\"datePublished\":\"2025-12-18T16:16:45+00:00\",\"dateModified\":\"2025-12-18T19:44:15+00:00\",\"breadcrumb\":{\"@id\":\"https:\\\/\\\/nbrhc.on.ca\\\/fr\\\/formulaires-pour-les-fournisseuses-et-fournisseurs-de-soins-de-sante\\\/formulaires-de-psychiatrie-pour-enfants-et-adolescents\\\/#breadcrumb\"},\"inLanguage\":\"fr-FR\",\"potentialAction\":[{\"@type\":\"ReadAction\",\"target\":[\"https:\\\/\\\/nbrhc.on.ca\\\/fr\\\/formulaires-pour-les-fournisseuses-et-fournisseurs-de-soins-de-sante\\\/formulaires-de-psychiatrie-pour-enfants-et-adolescents\\\/\"]}]},{\"@type\":\"BreadcrumbList\",\"@id\":\"https:\\\/\\\/nbrhc.on.ca\\\/fr\\\/formulaires-pour-les-fournisseuses-et-fournisseurs-de-soins-de-sante\\\/formulaires-de-psychiatrie-pour-enfants-et-adolescents\\\/#breadcrumb\",\"itemListElement\":[{\"@type\":\"ListItem\",\"position\":1,\"name\":\"Home\",\"item\":\"https:\\\/\\\/nbrhc.on.ca\\\/fr\\\/\"},{\"@type\":\"ListItem\",\"position\":2,\"name\":\"Formulaires pour les fournisseuses et fournisseurs de soins de sant\u00e9\",\"item\":\"https:\\\/\\\/nbrhc.on.ca\\\/fr\\\/formulaires-pour-les-fournisseuses-et-fournisseurs-de-soins-de-sante\\\/\"},{\"@type\":\"ListItem\",\"position\":3,\"name\":\"Formulaires de psychiatrie pour enfants et adolescents\"}]},{\"@type\":\"WebSite\",\"@id\":\"https:\\\/\\\/nbrhc.on.ca\\\/#website\",\"url\":\"https:\\\/\\\/nbrhc.on.ca\\\/\",\"name\":\"NBRHC\",\"description\":\"North Bay Regional Health Centre\",\"publisher\":{\"@id\":\"https:\\\/\\\/nbrhc.on.ca\\\/#organization\"},\"potentialAction\":[{\"@type\":\"SearchAction\",\"target\":{\"@type\":\"EntryPoint\",\"urlTemplate\":\"https:\\\/\\\/nbrhc.on.ca\\\/?s={search_term_string}\"},\"query-input\":{\"@type\":\"PropertyValueSpecification\",\"valueRequired\":true,\"valueName\":\"search_term_string\"}}],\"inLanguage\":\"fr-FR\"},{\"@type\":\"Organization\",\"@id\":\"https:\\\/\\\/nbrhc.on.ca\\\/#organization\",\"name\":\"North Bay Regional Health Centre\",\"url\":\"https:\\\/\\\/nbrhc.on.ca\\\/\",\"logo\":{\"@type\":\"ImageObject\",\"inLanguage\":\"fr-FR\",\"@id\":\"https:\\\/\\\/nbrhc.on.ca\\\/#\\\/schema\\\/logo\\\/image\\\/\",\"url\":\"https:\\\/\\\/nbrhc.on.ca\\\/wp-content\\\/uploads\\\/2015\\\/07\\\/logo.jpg\",\"contentUrl\":\"https:\\\/\\\/nbrhc.on.ca\\\/wp-content\\\/uploads\\\/2015\\\/07\\\/logo.jpg\",\"width\":870,\"height\":128,\"caption\":\"North Bay Regional Health Centre\"},\"image\":{\"@id\":\"https:\\\/\\\/nbrhc.on.ca\\\/#\\\/schema\\\/logo\\\/image\\\/\"},\"sameAs\":[\"https:\\\/\\\/www.facebook.com\\\/nbrhc\",\"https:\\\/\\\/x.com\\\/NBRHC\",\"https:\\\/\\\/www.linkedin.com\\\/company\\\/north-bay-regional-health-centre-nbrhc\",\"https:\\\/\\\/www.pinterest.com\\\/nbrhc\",\"https:\\\/\\\/www.youtube.com\\\/TheNBRHC\"]}]}<\/script>\n<!-- \/ Yoast SEO plugin. -->","yoast_head_json":{"title":"Formulaires de psychiatrie pour enfants et adolescents - NBRHC","robots":{"index":"index","follow":"follow","max-snippet":"max-snippet:-1","max-image-preview":"max-image-preview:large","max-video-preview":"max-video-preview:-1"},"canonical":"https:\/\/nbrhc.on.ca\/fr\/formulaires-pour-les-fournisseuses-et-fournisseurs-de-soins-de-sante\/formulaires-de-psychiatrie-pour-enfants-et-adolescents\/","og_locale":"fr_FR","og_type":"article","og_title":"Formulaires de psychiatrie pour enfants et adolescents - NBRHC","og_description":"Formulaire de demande en psychiatrie pour enfants et adolescents, Formulaire de demande du programme des troubles des troubles alimentaires, formulaire de r\u00e9f\u00e9rence central r\u00e9gional de sant\u00e9 mentale, formulaire de r\u00e9f\u00e9rence pour l\u2019admission en sant\u00e9 mentale p\u00e9diatrique aigu\u00eb","og_url":"https:\/\/nbrhc.on.ca\/fr\/formulaires-pour-les-fournisseuses-et-fournisseurs-de-soins-de-sante\/formulaires-de-psychiatrie-pour-enfants-et-adolescents\/","og_site_name":"NBRHC","article_publisher":"https:\/\/www.facebook.com\/nbrhc","article_modified_time":"2025-12-18T19:44:15+00:00","og_image":[{"width":619,"height":619,"url":"https:\/\/nbrhc.on.ca\/wp-content\/uploads\/2015\/07\/icon_col.jpeg","type":"image\/jpeg"}],"twitter_misc":{"Dur\u00e9e de lecture estim\u00e9e":"1 minute"},"schema":{"@context":"https:\/\/schema.org","@graph":[{"@type":"WebPage","@id":"https:\/\/nbrhc.on.ca\/fr\/formulaires-pour-les-fournisseuses-et-fournisseurs-de-soins-de-sante\/formulaires-de-psychiatrie-pour-enfants-et-adolescents\/","url":"https:\/\/nbrhc.on.ca\/fr\/formulaires-pour-les-fournisseuses-et-fournisseurs-de-soins-de-sante\/formulaires-de-psychiatrie-pour-enfants-et-adolescents\/","name":"Formulaires de psychiatrie pour enfants et adolescents - NBRHC","isPartOf":{"@id":"https:\/\/nbrhc.on.ca\/#website"},"datePublished":"2025-12-18T16:16:45+00:00","dateModified":"2025-12-18T19:44:15+00:00","breadcrumb":{"@id":"https:\/\/nbrhc.on.ca\/fr\/formulaires-pour-les-fournisseuses-et-fournisseurs-de-soins-de-sante\/formulaires-de-psychiatrie-pour-enfants-et-adolescents\/#breadcrumb"},"inLanguage":"fr-FR","potentialAction":[{"@type":"ReadAction","target":["https:\/\/nbrhc.on.ca\/fr\/formulaires-pour-les-fournisseuses-et-fournisseurs-de-soins-de-sante\/formulaires-de-psychiatrie-pour-enfants-et-adolescents\/"]}]},{"@type":"BreadcrumbList","@id":"https:\/\/nbrhc.on.ca\/fr\/formulaires-pour-les-fournisseuses-et-fournisseurs-de-soins-de-sante\/formulaires-de-psychiatrie-pour-enfants-et-adolescents\/#breadcrumb","itemListElement":[{"@type":"ListItem","position":1,"name":"Home","item":"https:\/\/nbrhc.on.ca\/fr\/"},{"@type":"ListItem","position":2,"name":"Formulaires pour les fournisseuses et fournisseurs de soins de sant\u00e9","item":"https:\/\/nbrhc.on.ca\/fr\/formulaires-pour-les-fournisseuses-et-fournisseurs-de-soins-de-sante\/"},{"@type":"ListItem","position":3,"name":"Formulaires de psychiatrie pour enfants et adolescents"}]},{"@type":"WebSite","@id":"https:\/\/nbrhc.on.ca\/#website","url":"https:\/\/nbrhc.on.ca\/","name":"NBRHC","description":"North Bay Regional Health Centre","publisher":{"@id":"https:\/\/nbrhc.on.ca\/#organization"},"potentialAction":[{"@type":"SearchAction","target":{"@type":"EntryPoint","urlTemplate":"https:\/\/nbrhc.on.ca\/?s={search_term_string}"},"query-input":{"@type":"PropertyValueSpecification","valueRequired":true,"valueName":"search_term_string"}}],"inLanguage":"fr-FR"},{"@type":"Organization","@id":"https:\/\/nbrhc.on.ca\/#organization","name":"North Bay Regional Health Centre","url":"https:\/\/nbrhc.on.ca\/","logo":{"@type":"ImageObject","inLanguage":"fr-FR","@id":"https:\/\/nbrhc.on.ca\/#\/schema\/logo\/image\/","url":"https:\/\/nbrhc.on.ca\/wp-content\/uploads\/2015\/07\/logo.jpg","contentUrl":"https:\/\/nbrhc.on.ca\/wp-content\/uploads\/2015\/07\/logo.jpg","width":870,"height":128,"caption":"North Bay Regional Health Centre"},"image":{"@id":"https:\/\/nbrhc.on.ca\/#\/schema\/logo\/image\/"},"sameAs":["https:\/\/www.facebook.com\/nbrhc","https:\/\/x.com\/NBRHC","https:\/\/www.linkedin.com\/company\/north-bay-regional-health-centre-nbrhc","https:\/\/www.pinterest.com\/nbrhc","https:\/\/www.youtube.com\/TheNBRHC"]}]}},"_links":{"self":[{"href":"https:\/\/nbrhc.on.ca\/fr\/wp-json\/wp\/v2\/pages\/46951","targetHints":{"allow":["GET"]}}],"collection":[{"href":"https:\/\/nbrhc.on.ca\/fr\/wp-json\/wp\/v2\/pages"}],"about":[{"href":"https:\/\/nbrhc.on.ca\/fr\/wp-json\/wp\/v2\/types\/page"}],"author":[{"embeddable":true,"href":"https:\/\/nbrhc.on.ca\/fr\/wp-json\/wp\/v2\/users\/56"}],"replies":[{"embeddable":true,"href":"https:\/\/nbrhc.on.ca\/fr\/wp-json\/wp\/v2\/comments?post=46951"}],"version-history":[{"count":6,"href":"https:\/\/nbrhc.on.ca\/fr\/wp-json\/wp\/v2\/pages\/46951\/revisions"}],"predecessor-version":[{"id":46985,"href":"https:\/\/nbrhc.on.ca\/fr\/wp-json\/wp\/v2\/pages\/46951\/revisions\/46985"}],"up":[{"embeddable":true,"href":"https:\/\/nbrhc.on.ca\/fr\/wp-json\/wp\/v2\/pages\/5962"}],"wp:attachment":[{"href":"https:\/\/nbrhc.on.ca\/fr\/wp-json\/wp\/v2\/media?parent=46951"}],"wp:term":[{"taxonomy":"post_tag","embeddable":true,"href":"https:\/\/nbrhc.on.ca\/fr\/wp-json\/wp\/v2\/tags?post=46951"}],"curies":[{"name":"wp","href":"https:\/\/api.w.org\/{rel}","templated":true}]}}