{"id":5644,"date":"2014-06-19T09:05:58","date_gmt":"2014-06-19T13:05:58","guid":{"rendered":"http:\/\/www.nbrhc.on.ca\/?page_id=5644"},"modified":"2025-06-23T09:26:09","modified_gmt":"2025-06-23T13:26:09","slug":"holter-monitoring-french","status":"publish","type":"page","link":"https:\/\/nbrhc.on.ca\/fr\/programme-et-services\/services-medicaux\/holter-monitoring-french\/","title":{"rendered":"Surveillance Holter"},"content":{"rendered":"<p><span>Votre m\u00e9decin a command\u00e9 ce test afin de d\u00e9tecter tout probl\u00e8me li\u00e9 \u00e0 l\u2019activit\u00e9 \u00e9lectrique du c\u0153ur. \u00c0 votre rendez-vous, un technologue appliquera de petites \u00e9lectrodes adh\u00e9sives sur votre peau. Afin de s\u2019assurer que les \u00e9lectrodes adh\u00e8rent bien, il sera peut-\u00eatre n\u00e9cessaire d\u2019utiliser une gel\u00e9e pour pr\u00e9paration de la peau ou de raser une petite section de la poitrine. On reliera ensuite les \u00e9lectrodes, au moyen de fils, \u00e0 un dispositif de surveillance appel\u00e9 moniteur Holter<\/span><\/p>\n<p><span>Si vous devez subir un examen Holter, on vous demandera de d\u00e9crire vos sympt\u00f4mes (palpitations, essoufflement, \u00e9tourdissement ou douleurs thoraciques) dans un journal du patient. On vous demandera aussi de noter l\u2019heure \u00e0 laquelle vous avez \u00e9prouv\u00e9 ces sympt\u00f4mes et on vous indiquera quand rapporter le moniteur. Un m\u00e9decin interpr\u00e9tera les r\u00e9sultats du test et enverra un rapport \u00e0 votre m\u00e9decin.\u00a0 \u00a0 \u00a0 \u00a0 \u00a0<\/span><\/p>\n","protected":false},"excerpt":{"rendered":"<p>Votre m\u00e9decin a command\u00e9 ce test afin de d\u00e9tecter tout probl\u00e8me li\u00e9 \u00e0 l\u2019activit\u00e9 \u00e9lectrique du c\u0153ur. \u00c0 votre rendez-vous, un technologue appliquera de petites \u00e9lectrodes adh\u00e9sives sur votre peau. [&hellip;]<\/p>\n","protected":false},"author":17,"featured_media":0,"parent":1650,"menu_order":0,"comment_status":"open","ping_status":"open","template":"","meta":{"_acf_changed":false,"_monsterinsights_skip_tracking":false,"_monsterinsights_sitenote_active":false,"_monsterinsights_sitenote_note":"","_monsterinsights_sitenote_category":0,"footnotes":"","_links_to":"","_links_to_target":"","_wp_rev_ctl_limit":""},"tags":[777,778,776,725],"class_list":["post-5644","page","type-page","status-publish","hentry","tag-activite-electrique-du-coeur","tag-examen-holter","tag-holter-fr","tag-surveillance-holter"],"acf":[],"yoast_head":"<!-- This site is optimized with the Yoast SEO plugin v27.4 - https:\/\/yoast.com\/product\/yoast-seo-wordpress\/ -->\n<title>Surveillance Holter<\/title>\n<meta name=\"description\" content=\"La surveillance Holter est destin\u00e9e \u00e0 rechercher tout probl\u00e8me de rythme cardiaque \u00e9lectrique. Un technologue du CRSNB vous installera un appareil de surveillance\" \/>\n<meta name=\"robots\" content=\"index, follow, max-snippet:-1, max-image-preview:large, max-video-preview:-1\" \/>\n<link rel=\"canonical\" href=\"https:\/\/nbrhc.on.ca\/fr\/programme-et-services\/services-medicaux\/holter-monitoring-french\/\" \/>\n<meta property=\"og:locale\" content=\"fr_FR\" \/>\n<meta property=\"og:type\" content=\"article\" \/>\n<meta property=\"og:title\" content=\"Surveillance Holter\" \/>\n<meta property=\"og:description\" content=\"La surveillance Holter est destin\u00e9e \u00e0 rechercher tout probl\u00e8me de rythme cardiaque \u00e9lectrique. Un technologue du CRSNB vous installera un appareil de surveillance\" \/>\n<meta property=\"og:url\" content=\"https:\/\/nbrhc.on.ca\/fr\/programme-et-services\/services-medicaux\/holter-monitoring-french\/\" \/>\n<meta property=\"og:site_name\" content=\"NBRHC\" \/>\n<meta property=\"article:publisher\" content=\"https:\/\/www.facebook.com\/nbrhc\" \/>\n<meta property=\"article:modified_time\" content=\"2025-06-23T13:26:09+00:00\" \/>\n<meta property=\"og:image\" content=\"https:\/\/nbrhc.on.ca\/wp-content\/uploads\/2015\/07\/icon_col.jpeg\" \/>\n\t<meta property=\"og:image:width\" content=\"619\" \/>\n\t<meta property=\"og:image:height\" content=\"619\" \/>\n\t<meta property=\"og:image:type\" content=\"image\/jpeg\" \/>\n<meta name=\"twitter:label1\" content=\"Dur\u00e9e de lecture estim\u00e9e\" \/>\n\t<meta name=\"twitter:data1\" content=\"1 minute\" \/>\n<script type=\"application\/ld+json\" class=\"yoast-schema-graph\">{\"@context\":\"https:\\\/\\\/schema.org\",\"@graph\":[{\"@type\":\"WebPage\",\"@id\":\"https:\\\/\\\/nbrhc.on.ca\\\/fr\\\/programme-et-services\\\/services-medicaux\\\/holter-monitoring-french\\\/\",\"url\":\"https:\\\/\\\/nbrhc.on.ca\\\/fr\\\/programme-et-services\\\/services-medicaux\\\/holter-monitoring-french\\\/\",\"name\":\"Surveillance Holter\",\"isPartOf\":{\"@id\":\"https:\\\/\\\/nbrhc.on.ca\\\/#website\"},\"datePublished\":\"2014-06-19T13:05:58+00:00\",\"dateModified\":\"2025-06-23T13:26:09+00:00\",\"description\":\"La surveillance Holter est destin\u00e9e \u00e0 rechercher tout probl\u00e8me de rythme cardiaque \u00e9lectrique. Un technologue du CRSNB vous installera un appareil de surveillance\",\"breadcrumb\":{\"@id\":\"https:\\\/\\\/nbrhc.on.ca\\\/fr\\\/programme-et-services\\\/services-medicaux\\\/holter-monitoring-french\\\/#breadcrumb\"},\"inLanguage\":\"fr-FR\",\"potentialAction\":[{\"@type\":\"ReadAction\",\"target\":[\"https:\\\/\\\/nbrhc.on.ca\\\/fr\\\/programme-et-services\\\/services-medicaux\\\/holter-monitoring-french\\\/\"]}]},{\"@type\":\"BreadcrumbList\",\"@id\":\"https:\\\/\\\/nbrhc.on.ca\\\/fr\\\/programme-et-services\\\/services-medicaux\\\/holter-monitoring-french\\\/#breadcrumb\",\"itemListElement\":[{\"@type\":\"ListItem\",\"position\":1,\"name\":\"Home\",\"item\":\"https:\\\/\\\/nbrhc.on.ca\\\/fr\\\/\"},{\"@type\":\"ListItem\",\"position\":2,\"name\":\"Programmes et services\",\"item\":\"https:\\\/\\\/nbrhc.on.ca\\\/fr\\\/programme-et-services\\\/\"},{\"@type\":\"ListItem\",\"position\":3,\"name\":\"Services m\u00e9dicaux\",\"item\":\"https:\\\/\\\/nbrhc.on.ca\\\/fr\\\/programme-et-services\\\/services-medicaux\\\/\"},{\"@type\":\"ListItem\",\"position\":4,\"name\":\"Surveillance Holter\"}]},{\"@type\":\"WebSite\",\"@id\":\"https:\\\/\\\/nbrhc.on.ca\\\/#website\",\"url\":\"https:\\\/\\\/nbrhc.on.ca\\\/\",\"name\":\"NBRHC\",\"description\":\"North Bay Regional Health Centre\",\"publisher\":{\"@id\":\"https:\\\/\\\/nbrhc.on.ca\\\/#organization\"},\"potentialAction\":[{\"@type\":\"SearchAction\",\"target\":{\"@type\":\"EntryPoint\",\"urlTemplate\":\"https:\\\/\\\/nbrhc.on.ca\\\/?s={search_term_string}\"},\"query-input\":{\"@type\":\"PropertyValueSpecification\",\"valueRequired\":true,\"valueName\":\"search_term_string\"}}],\"inLanguage\":\"fr-FR\"},{\"@type\":\"Organization\",\"@id\":\"https:\\\/\\\/nbrhc.on.ca\\\/#organization\",\"name\":\"North Bay Regional Health Centre\",\"url\":\"https:\\\/\\\/nbrhc.on.ca\\\/\",\"logo\":{\"@type\":\"ImageObject\",\"inLanguage\":\"fr-FR\",\"@id\":\"https:\\\/\\\/nbrhc.on.ca\\\/#\\\/schema\\\/logo\\\/image\\\/\",\"url\":\"https:\\\/\\\/nbrhc.on.ca\\\/wp-content\\\/uploads\\\/2015\\\/07\\\/logo.jpg\",\"contentUrl\":\"https:\\\/\\\/nbrhc.on.ca\\\/wp-content\\\/uploads\\\/2015\\\/07\\\/logo.jpg\",\"width\":870,\"height\":128,\"caption\":\"North Bay Regional Health Centre\"},\"image\":{\"@id\":\"https:\\\/\\\/nbrhc.on.ca\\\/#\\\/schema\\\/logo\\\/image\\\/\"},\"sameAs\":[\"https:\\\/\\\/www.facebook.com\\\/nbrhc\",\"https:\\\/\\\/x.com\\\/NBRHC\",\"https:\\\/\\\/www.linkedin.com\\\/company\\\/north-bay-regional-health-centre-nbrhc\",\"https:\\\/\\\/www.pinterest.com\\\/nbrhc\",\"https:\\\/\\\/www.youtube.com\\\/TheNBRHC\"]}]}<\/script>\n<!-- \/ Yoast SEO plugin. -->","yoast_head_json":{"title":"Surveillance Holter","description":"La surveillance Holter est destin\u00e9e \u00e0 rechercher tout probl\u00e8me de rythme cardiaque \u00e9lectrique. Un technologue du CRSNB vous installera un appareil de surveillance","robots":{"index":"index","follow":"follow","max-snippet":"max-snippet:-1","max-image-preview":"max-image-preview:large","max-video-preview":"max-video-preview:-1"},"canonical":"https:\/\/nbrhc.on.ca\/fr\/programme-et-services\/services-medicaux\/holter-monitoring-french\/","og_locale":"fr_FR","og_type":"article","og_title":"Surveillance Holter","og_description":"La surveillance Holter est destin\u00e9e \u00e0 rechercher tout probl\u00e8me de rythme cardiaque \u00e9lectrique. Un technologue du CRSNB vous installera un appareil de surveillance","og_url":"https:\/\/nbrhc.on.ca\/fr\/programme-et-services\/services-medicaux\/holter-monitoring-french\/","og_site_name":"NBRHC","article_publisher":"https:\/\/www.facebook.com\/nbrhc","article_modified_time":"2025-06-23T13:26:09+00:00","og_image":[{"width":619,"height":619,"url":"https:\/\/nbrhc.on.ca\/wp-content\/uploads\/2015\/07\/icon_col.jpeg","type":"image\/jpeg"}],"twitter_misc":{"Dur\u00e9e de lecture estim\u00e9e":"1 minute"},"schema":{"@context":"https:\/\/schema.org","@graph":[{"@type":"WebPage","@id":"https:\/\/nbrhc.on.ca\/fr\/programme-et-services\/services-medicaux\/holter-monitoring-french\/","url":"https:\/\/nbrhc.on.ca\/fr\/programme-et-services\/services-medicaux\/holter-monitoring-french\/","name":"Surveillance Holter","isPartOf":{"@id":"https:\/\/nbrhc.on.ca\/#website"},"datePublished":"2014-06-19T13:05:58+00:00","dateModified":"2025-06-23T13:26:09+00:00","description":"La surveillance Holter est destin\u00e9e \u00e0 rechercher tout probl\u00e8me de rythme cardiaque \u00e9lectrique. Un technologue du CRSNB vous installera un appareil de surveillance","breadcrumb":{"@id":"https:\/\/nbrhc.on.ca\/fr\/programme-et-services\/services-medicaux\/holter-monitoring-french\/#breadcrumb"},"inLanguage":"fr-FR","potentialAction":[{"@type":"ReadAction","target":["https:\/\/nbrhc.on.ca\/fr\/programme-et-services\/services-medicaux\/holter-monitoring-french\/"]}]},{"@type":"BreadcrumbList","@id":"https:\/\/nbrhc.on.ca\/fr\/programme-et-services\/services-medicaux\/holter-monitoring-french\/#breadcrumb","itemListElement":[{"@type":"ListItem","position":1,"name":"Home","item":"https:\/\/nbrhc.on.ca\/fr\/"},{"@type":"ListItem","position":2,"name":"Programmes et services","item":"https:\/\/nbrhc.on.ca\/fr\/programme-et-services\/"},{"@type":"ListItem","position":3,"name":"Services m\u00e9dicaux","item":"https:\/\/nbrhc.on.ca\/fr\/programme-et-services\/services-medicaux\/"},{"@type":"ListItem","position":4,"name":"Surveillance Holter"}]},{"@type":"WebSite","@id":"https:\/\/nbrhc.on.ca\/#website","url":"https:\/\/nbrhc.on.ca\/","name":"NBRHC","description":"North Bay Regional Health Centre","publisher":{"@id":"https:\/\/nbrhc.on.ca\/#organization"},"potentialAction":[{"@type":"SearchAction","target":{"@type":"EntryPoint","urlTemplate":"https:\/\/nbrhc.on.ca\/?s={search_term_string}"},"query-input":{"@type":"PropertyValueSpecification","valueRequired":true,"valueName":"search_term_string"}}],"inLanguage":"fr-FR"},{"@type":"Organization","@id":"https:\/\/nbrhc.on.ca\/#organization","name":"North Bay Regional Health Centre","url":"https:\/\/nbrhc.on.ca\/","logo":{"@type":"ImageObject","inLanguage":"fr-FR","@id":"https:\/\/nbrhc.on.ca\/#\/schema\/logo\/image\/","url":"https:\/\/nbrhc.on.ca\/wp-content\/uploads\/2015\/07\/logo.jpg","contentUrl":"https:\/\/nbrhc.on.ca\/wp-content\/uploads\/2015\/07\/logo.jpg","width":870,"height":128,"caption":"North Bay Regional Health Centre"},"image":{"@id":"https:\/\/nbrhc.on.ca\/#\/schema\/logo\/image\/"},"sameAs":["https:\/\/www.facebook.com\/nbrhc","https:\/\/x.com\/NBRHC","https:\/\/www.linkedin.com\/company\/north-bay-regional-health-centre-nbrhc","https:\/\/www.pinterest.com\/nbrhc","https:\/\/www.youtube.com\/TheNBRHC"]}]}},"_links":{"self":[{"href":"https:\/\/nbrhc.on.ca\/fr\/wp-json\/wp\/v2\/pages\/5644","targetHints":{"allow":["GET"]}}],"collection":[{"href":"https:\/\/nbrhc.on.ca\/fr\/wp-json\/wp\/v2\/pages"}],"about":[{"href":"https:\/\/nbrhc.on.ca\/fr\/wp-json\/wp\/v2\/types\/page"}],"author":[{"embeddable":true,"href":"https:\/\/nbrhc.on.ca\/fr\/wp-json\/wp\/v2\/users\/17"}],"replies":[{"embeddable":true,"href":"https:\/\/nbrhc.on.ca\/fr\/wp-json\/wp\/v2\/comments?post=5644"}],"version-history":[{"count":2,"href":"https:\/\/nbrhc.on.ca\/fr\/wp-json\/wp\/v2\/pages\/5644\/revisions"}],"predecessor-version":[{"id":44807,"href":"https:\/\/nbrhc.on.ca\/fr\/wp-json\/wp\/v2\/pages\/5644\/revisions\/44807"}],"up":[{"embeddable":true,"href":"https:\/\/nbrhc.on.ca\/fr\/wp-json\/wp\/v2\/pages\/1650"}],"wp:attachment":[{"href":"https:\/\/nbrhc.on.ca\/fr\/wp-json\/wp\/v2\/media?parent=5644"}],"wp:term":[{"taxonomy":"post_tag","embeddable":true,"href":"https:\/\/nbrhc.on.ca\/fr\/wp-json\/wp\/v2\/tags?post=5644"}],"curies":[{"name":"wp","href":"https:\/\/api.w.org\/{rel}","templated":true}]}}