{"id":6537,"date":"2014-07-04T13:23:39","date_gmt":"2014-07-04T17:23:39","guid":{"rendered":"http:\/\/www.nbrhc.on.ca\/?page_id=6537"},"modified":"2021-11-09T11:26:38","modified_gmt":"2021-11-09T16:26:38","slug":"epreuve-deffort","status":"publish","type":"page","link":"https:\/\/nbrhc.on.ca\/fr\/programme-et-services\/services-medicaux\/epreuve-deffort\/","title":{"rendered":"\u00c9preuve d\u2019effort"},"content":{"rendered":"<p>Cette \u00e9preuve sert de test de d\u00e9pistage initial des blocages au c\u0153ur. Le patient marche sur un tapis roulant pendant qu\u2019on surveille son activit\u00e9 cardiaque et sa pression art\u00e9rielle dans un milieu supervis\u00e9. Le tapis roule lentement au d\u00e9but, puis on augmente graduellement la vitesse et l\u2019inclinaison. C\u2019est le sp\u00e9cialiste en m\u00e9decine interne qui d\u00e9cide quand mettre fin \u00e0 l\u2019\u00e9preuve en fonction du rythme cardiaque, du trac\u00e9 d\u2019ECG, des sympt\u00f4mes et de la capacit\u00e9 du patient, ce qui varie d\u2019un patient \u00e0 l\u2019autre.<\/p>\n<h2>\u00c9preuve d\u2019effort en m\u00e9decine nucl\u00e9aire (\u00c9preuve d\u2019effort MIBI)<\/h2>\n<p>Cette \u00e9preuve sert \u00e0 \u00e9valuer la circulation sanguine vers le muscle cardiaque. Elle comporte\u00a0\u00a0 deux parties, qui se d\u00e9roulent deux journ\u00e9es diff\u00e9rentes. Il est important de se pr\u00e9senter aux deux rendez-vous.<\/p>\n<p><strong>Scintigraphie au repos\u00a0:<\/strong> \u00c0 un des rendez-vous, le patient re\u00e7oit une injection d\u2019une faible dose d\u2019un traceur\u00a0 radioactif, lequel permet de capter des images du c\u0153ur au repos au moyen d\u2019une cam\u00e9ra.<\/p>\n<p><strong>Scintigraphie \u00e0 l\u2019exercice\u00a0:<\/strong> \u00c0 l\u2019autre rendez-vous, qui a habituellement lieu la m\u00eame semaine, on installe une intraveineuse dans le bras du patient. Celui-ci marche sur un tapis roulant. On augmente graduellement la vitesse et l\u2019inclinaison durant le test. Pendant que le patient marche, on lui injecte une faible dose d\u2019un traceur radioactif. Apr\u00e8s l\u2019injection, on capte des images du c\u0153ur au moyen d\u2019une cam\u00e9ra. On compare ensuite les deux s\u00e9ries d\u2019images pour d\u00e9terminer s\u2019il y a une maladie du c\u0153ur sous-jacente. Si on d\u00e9tecte une anomalie, on pourrait adresser le patient \u00e0 un cardiologue.<\/p>\n<p>**Les patients qui ne sont pas capables de marcher sur un tapis roulant en toute s\u00e9curit\u00e9 re\u00e7oivent un m\u00e9dicament appel\u00e9 Persantine (dipyridamile) au lieu de faire de l\u2019exercice. C\u2019est un sp\u00e9cialiste en m\u00e9decine interne qui administre ce m\u00e9dicament.<\/p>\n","protected":false},"excerpt":{"rendered":"<p>Cette \u00e9preuve sert de test de d\u00e9pistage initial des blocages au c\u0153ur. Le patient marche sur un tapis roulant pendant qu\u2019on surveille son activit\u00e9 cardiaque et sa pression art\u00e9rielle dans [&hellip;]<\/p>\n","protected":false},"author":17,"featured_media":0,"parent":1650,"menu_order":0,"comment_status":"open","ping_status":"open","template":"","meta":{"_acf_changed":false,"_monsterinsights_skip_tracking":false,"_monsterinsights_sitenote_active":false,"_monsterinsights_sitenote_note":"","_monsterinsights_sitenote_category":0,"footnotes":"","_links_to":"","_links_to_target":"","_wp_rev_ctl_limit":""},"tags":[762,827,828],"class_list":["post-6537","page","type-page","status-publish","hentry","tag-epreuve-deffort","tag-epreuve-deffort-en-medecine-nucleaire","tag-epreuve-deffort-mibi"],"acf":[],"yoast_head":"<!-- This site is optimized with the Yoast SEO plugin v27.4 - https:\/\/yoast.com\/product\/yoast-seo-wordpress\/ -->\n<title>\u00c9preuve d\u2019effort<\/title>\n<meta name=\"description\" content=\"Ce test permet de d\u00e9pister les blocages cardiaques. Votre c\u0153ur et votre tension art\u00e9rielle sont surveill\u00e9s pendant que vous marchez sur un tapis roulant\" \/>\n<meta name=\"robots\" content=\"index, follow, max-snippet:-1, max-image-preview:large, max-video-preview:-1\" \/>\n<link rel=\"canonical\" href=\"https:\/\/nbrhc.on.ca\/fr\/programme-et-services\/services-medicaux\/epreuve-deffort\/\" \/>\n<meta property=\"og:locale\" content=\"fr_FR\" \/>\n<meta property=\"og:type\" content=\"article\" \/>\n<meta property=\"og:title\" content=\"\u00c9preuve d\u2019effort\" \/>\n<meta property=\"og:description\" content=\"Ce test permet de d\u00e9pister les blocages cardiaques. Votre c\u0153ur et votre tension art\u00e9rielle sont surveill\u00e9s pendant que vous marchez sur un tapis roulant\" \/>\n<meta property=\"og:url\" content=\"https:\/\/nbrhc.on.ca\/fr\/programme-et-services\/services-medicaux\/epreuve-deffort\/\" \/>\n<meta property=\"og:site_name\" content=\"NBRHC\" \/>\n<meta property=\"article:publisher\" content=\"https:\/\/www.facebook.com\/nbrhc\" \/>\n<meta property=\"article:modified_time\" content=\"2021-11-09T16:26:38+00:00\" \/>\n<meta property=\"og:image\" content=\"https:\/\/nbrhc.on.ca\/wp-content\/uploads\/2015\/07\/icon_col.jpeg\" \/>\n\t<meta property=\"og:image:width\" content=\"619\" \/>\n\t<meta property=\"og:image:height\" content=\"619\" \/>\n\t<meta property=\"og:image:type\" content=\"image\/jpeg\" \/>\n<meta name=\"twitter:label1\" content=\"Dur\u00e9e de lecture estim\u00e9e\" \/>\n\t<meta name=\"twitter:data1\" content=\"2 minutes\" \/>\n<script type=\"application\/ld+json\" class=\"yoast-schema-graph\">{\"@context\":\"https:\\\/\\\/schema.org\",\"@graph\":[{\"@type\":\"WebPage\",\"@id\":\"https:\\\/\\\/nbrhc.on.ca\\\/fr\\\/programme-et-services\\\/services-medicaux\\\/epreuve-deffort\\\/\",\"url\":\"https:\\\/\\\/nbrhc.on.ca\\\/fr\\\/programme-et-services\\\/services-medicaux\\\/epreuve-deffort\\\/\",\"name\":\"\u00c9preuve d\u2019effort\",\"isPartOf\":{\"@id\":\"https:\\\/\\\/nbrhc.on.ca\\\/#website\"},\"datePublished\":\"2014-07-04T17:23:39+00:00\",\"dateModified\":\"2021-11-09T16:26:38+00:00\",\"description\":\"Ce test permet de d\u00e9pister les blocages cardiaques. Votre c\u0153ur et votre tension art\u00e9rielle sont surveill\u00e9s pendant que vous marchez sur un tapis roulant\",\"breadcrumb\":{\"@id\":\"https:\\\/\\\/nbrhc.on.ca\\\/fr\\\/programme-et-services\\\/services-medicaux\\\/epreuve-deffort\\\/#breadcrumb\"},\"inLanguage\":\"fr-FR\",\"potentialAction\":[{\"@type\":\"ReadAction\",\"target\":[\"https:\\\/\\\/nbrhc.on.ca\\\/fr\\\/programme-et-services\\\/services-medicaux\\\/epreuve-deffort\\\/\"]}]},{\"@type\":\"BreadcrumbList\",\"@id\":\"https:\\\/\\\/nbrhc.on.ca\\\/fr\\\/programme-et-services\\\/services-medicaux\\\/epreuve-deffort\\\/#breadcrumb\",\"itemListElement\":[{\"@type\":\"ListItem\",\"position\":1,\"name\":\"Home\",\"item\":\"https:\\\/\\\/nbrhc.on.ca\\\/fr\\\/\"},{\"@type\":\"ListItem\",\"position\":2,\"name\":\"Programmes et services\",\"item\":\"https:\\\/\\\/nbrhc.on.ca\\\/fr\\\/programme-et-services\\\/\"},{\"@type\":\"ListItem\",\"position\":3,\"name\":\"Services m\u00e9dicaux\",\"item\":\"https:\\\/\\\/nbrhc.on.ca\\\/fr\\\/programme-et-services\\\/services-medicaux\\\/\"},{\"@type\":\"ListItem\",\"position\":4,\"name\":\"\u00c9preuve d\u2019effort\"}]},{\"@type\":\"WebSite\",\"@id\":\"https:\\\/\\\/nbrhc.on.ca\\\/#website\",\"url\":\"https:\\\/\\\/nbrhc.on.ca\\\/\",\"name\":\"NBRHC\",\"description\":\"North Bay Regional Health Centre\",\"publisher\":{\"@id\":\"https:\\\/\\\/nbrhc.on.ca\\\/#organization\"},\"potentialAction\":[{\"@type\":\"SearchAction\",\"target\":{\"@type\":\"EntryPoint\",\"urlTemplate\":\"https:\\\/\\\/nbrhc.on.ca\\\/?s={search_term_string}\"},\"query-input\":{\"@type\":\"PropertyValueSpecification\",\"valueRequired\":true,\"valueName\":\"search_term_string\"}}],\"inLanguage\":\"fr-FR\"},{\"@type\":\"Organization\",\"@id\":\"https:\\\/\\\/nbrhc.on.ca\\\/#organization\",\"name\":\"North Bay Regional Health Centre\",\"url\":\"https:\\\/\\\/nbrhc.on.ca\\\/\",\"logo\":{\"@type\":\"ImageObject\",\"inLanguage\":\"fr-FR\",\"@id\":\"https:\\\/\\\/nbrhc.on.ca\\\/#\\\/schema\\\/logo\\\/image\\\/\",\"url\":\"https:\\\/\\\/nbrhc.on.ca\\\/wp-content\\\/uploads\\\/2015\\\/07\\\/logo.jpg\",\"contentUrl\":\"https:\\\/\\\/nbrhc.on.ca\\\/wp-content\\\/uploads\\\/2015\\\/07\\\/logo.jpg\",\"width\":870,\"height\":128,\"caption\":\"North Bay Regional Health Centre\"},\"image\":{\"@id\":\"https:\\\/\\\/nbrhc.on.ca\\\/#\\\/schema\\\/logo\\\/image\\\/\"},\"sameAs\":[\"https:\\\/\\\/www.facebook.com\\\/nbrhc\",\"https:\\\/\\\/x.com\\\/NBRHC\",\"https:\\\/\\\/www.linkedin.com\\\/company\\\/north-bay-regional-health-centre-nbrhc\",\"https:\\\/\\\/www.pinterest.com\\\/nbrhc\",\"https:\\\/\\\/www.youtube.com\\\/TheNBRHC\"]}]}<\/script>\n<!-- \/ Yoast SEO plugin. -->","yoast_head_json":{"title":"\u00c9preuve d\u2019effort","description":"Ce test permet de d\u00e9pister les blocages cardiaques. Votre c\u0153ur et votre tension art\u00e9rielle sont surveill\u00e9s pendant que vous marchez sur un tapis roulant","robots":{"index":"index","follow":"follow","max-snippet":"max-snippet:-1","max-image-preview":"max-image-preview:large","max-video-preview":"max-video-preview:-1"},"canonical":"https:\/\/nbrhc.on.ca\/fr\/programme-et-services\/services-medicaux\/epreuve-deffort\/","og_locale":"fr_FR","og_type":"article","og_title":"\u00c9preuve d\u2019effort","og_description":"Ce test permet de d\u00e9pister les blocages cardiaques. Votre c\u0153ur et votre tension art\u00e9rielle sont surveill\u00e9s pendant que vous marchez sur un tapis roulant","og_url":"https:\/\/nbrhc.on.ca\/fr\/programme-et-services\/services-medicaux\/epreuve-deffort\/","og_site_name":"NBRHC","article_publisher":"https:\/\/www.facebook.com\/nbrhc","article_modified_time":"2021-11-09T16:26:38+00:00","og_image":[{"width":619,"height":619,"url":"https:\/\/nbrhc.on.ca\/wp-content\/uploads\/2015\/07\/icon_col.jpeg","type":"image\/jpeg"}],"twitter_misc":{"Dur\u00e9e de lecture estim\u00e9e":"2 minutes"},"schema":{"@context":"https:\/\/schema.org","@graph":[{"@type":"WebPage","@id":"https:\/\/nbrhc.on.ca\/fr\/programme-et-services\/services-medicaux\/epreuve-deffort\/","url":"https:\/\/nbrhc.on.ca\/fr\/programme-et-services\/services-medicaux\/epreuve-deffort\/","name":"\u00c9preuve d\u2019effort","isPartOf":{"@id":"https:\/\/nbrhc.on.ca\/#website"},"datePublished":"2014-07-04T17:23:39+00:00","dateModified":"2021-11-09T16:26:38+00:00","description":"Ce test permet de d\u00e9pister les blocages cardiaques. Votre c\u0153ur et votre tension art\u00e9rielle sont surveill\u00e9s pendant que vous marchez sur un tapis roulant","breadcrumb":{"@id":"https:\/\/nbrhc.on.ca\/fr\/programme-et-services\/services-medicaux\/epreuve-deffort\/#breadcrumb"},"inLanguage":"fr-FR","potentialAction":[{"@type":"ReadAction","target":["https:\/\/nbrhc.on.ca\/fr\/programme-et-services\/services-medicaux\/epreuve-deffort\/"]}]},{"@type":"BreadcrumbList","@id":"https:\/\/nbrhc.on.ca\/fr\/programme-et-services\/services-medicaux\/epreuve-deffort\/#breadcrumb","itemListElement":[{"@type":"ListItem","position":1,"name":"Home","item":"https:\/\/nbrhc.on.ca\/fr\/"},{"@type":"ListItem","position":2,"name":"Programmes et services","item":"https:\/\/nbrhc.on.ca\/fr\/programme-et-services\/"},{"@type":"ListItem","position":3,"name":"Services m\u00e9dicaux","item":"https:\/\/nbrhc.on.ca\/fr\/programme-et-services\/services-medicaux\/"},{"@type":"ListItem","position":4,"name":"\u00c9preuve d\u2019effort"}]},{"@type":"WebSite","@id":"https:\/\/nbrhc.on.ca\/#website","url":"https:\/\/nbrhc.on.ca\/","name":"NBRHC","description":"North Bay Regional Health Centre","publisher":{"@id":"https:\/\/nbrhc.on.ca\/#organization"},"potentialAction":[{"@type":"SearchAction","target":{"@type":"EntryPoint","urlTemplate":"https:\/\/nbrhc.on.ca\/?s={search_term_string}"},"query-input":{"@type":"PropertyValueSpecification","valueRequired":true,"valueName":"search_term_string"}}],"inLanguage":"fr-FR"},{"@type":"Organization","@id":"https:\/\/nbrhc.on.ca\/#organization","name":"North Bay Regional Health Centre","url":"https:\/\/nbrhc.on.ca\/","logo":{"@type":"ImageObject","inLanguage":"fr-FR","@id":"https:\/\/nbrhc.on.ca\/#\/schema\/logo\/image\/","url":"https:\/\/nbrhc.on.ca\/wp-content\/uploads\/2015\/07\/logo.jpg","contentUrl":"https:\/\/nbrhc.on.ca\/wp-content\/uploads\/2015\/07\/logo.jpg","width":870,"height":128,"caption":"North Bay Regional Health Centre"},"image":{"@id":"https:\/\/nbrhc.on.ca\/#\/schema\/logo\/image\/"},"sameAs":["https:\/\/www.facebook.com\/nbrhc","https:\/\/x.com\/NBRHC","https:\/\/www.linkedin.com\/company\/north-bay-regional-health-centre-nbrhc","https:\/\/www.pinterest.com\/nbrhc","https:\/\/www.youtube.com\/TheNBRHC"]}]}},"_links":{"self":[{"href":"https:\/\/nbrhc.on.ca\/fr\/wp-json\/wp\/v2\/pages\/6537","targetHints":{"allow":["GET"]}}],"collection":[{"href":"https:\/\/nbrhc.on.ca\/fr\/wp-json\/wp\/v2\/pages"}],"about":[{"href":"https:\/\/nbrhc.on.ca\/fr\/wp-json\/wp\/v2\/types\/page"}],"author":[{"embeddable":true,"href":"https:\/\/nbrhc.on.ca\/fr\/wp-json\/wp\/v2\/users\/17"}],"replies":[{"embeddable":true,"href":"https:\/\/nbrhc.on.ca\/fr\/wp-json\/wp\/v2\/comments?post=6537"}],"version-history":[{"count":3,"href":"https:\/\/nbrhc.on.ca\/fr\/wp-json\/wp\/v2\/pages\/6537\/revisions"}],"predecessor-version":[{"id":28275,"href":"https:\/\/nbrhc.on.ca\/fr\/wp-json\/wp\/v2\/pages\/6537\/revisions\/28275"}],"up":[{"embeddable":true,"href":"https:\/\/nbrhc.on.ca\/fr\/wp-json\/wp\/v2\/pages\/1650"}],"wp:attachment":[{"href":"https:\/\/nbrhc.on.ca\/fr\/wp-json\/wp\/v2\/media?parent=6537"}],"wp:term":[{"taxonomy":"post_tag","embeddable":true,"href":"https:\/\/nbrhc.on.ca\/fr\/wp-json\/wp\/v2\/tags?post=6537"}],"curies":[{"name":"wp","href":"https:\/\/api.w.org\/{rel}","templated":true}]}}