{"id":6549,"date":"2014-07-04T13:39:21","date_gmt":"2014-07-04T17:39:21","guid":{"rendered":"http:\/\/www.nbrhc.on.ca\/?page_id=6549"},"modified":"2025-06-23T09:30:58","modified_gmt":"2025-06-23T13:30:58","slug":"soins-chirurgicaux-pour-patients-hospitalises","status":"publish","type":"page","link":"https:\/\/nbrhc.on.ca\/fr\/programme-et-services\/services-chirurgicaux-apercu\/soins-chirurgicaux-pour-patients-hospitalises\/","title":{"rendered":"Soins chirurgicaux pour patients hospitalis\u00e9s"},"content":{"rendered":"<p><span>Nous offrons des soins postop\u00e9ratoires aux patients qui ont subi une chirurgie ou qui re\u00e7oivent des soins d\u2019un des chirurgiens.<\/span><\/p>\n","protected":false},"excerpt":{"rendered":"<p>Nous offrons des soins postop\u00e9ratoires aux patients qui ont subi une chirurgie ou qui re\u00e7oivent des soins d\u2019un des chirurgiens.<\/p>\n","protected":false},"author":17,"featured_media":0,"parent":3609,"menu_order":0,"comment_status":"open","ping_status":"open","template":"","meta":{"_acf_changed":false,"_monsterinsights_skip_tracking":false,"_monsterinsights_sitenote_active":false,"_monsterinsights_sitenote_note":"","_monsterinsights_sitenote_category":0,"footnotes":"","_links_to":"","_links_to_target":"","_wp_rev_ctl_limit":""},"tags":[1339],"class_list":["post-6549","page","type-page","status-publish","hentry","tag-soins-chirurgicaux-pour-patients-hospitalises"],"acf":[],"yoast_head":"<!-- This site is optimized with the Yoast SEO plugin v27.4 - https:\/\/yoast.com\/product\/yoast-seo-wordpress\/ -->\n<title>Soins chirurgicaux pour patients hospitalis\u00e9s<\/title>\n<meta name=\"description\" content=\"Nous offrons des soins post-op\u00e9ratoires aux patients qui ont subi une intervention chirurgicale ou sont sous les soins de l&#039;un des chirurgiens\" \/>\n<meta name=\"robots\" content=\"index, follow, max-snippet:-1, max-image-preview:large, max-video-preview:-1\" \/>\n<link rel=\"canonical\" href=\"https:\/\/nbrhc.on.ca\/fr\/programme-et-services\/services-chirurgicaux-apercu\/soins-chirurgicaux-pour-patients-hospitalises\/\" \/>\n<meta property=\"og:locale\" content=\"fr_FR\" \/>\n<meta property=\"og:type\" content=\"article\" \/>\n<meta property=\"og:title\" content=\"Soins chirurgicaux pour patients hospitalis\u00e9s\" \/>\n<meta property=\"og:description\" content=\"Nous offrons des soins post-op\u00e9ratoires aux patients qui ont subi une intervention chirurgicale ou sont sous les soins de l&#039;un des chirurgiens\" \/>\n<meta property=\"og:url\" content=\"https:\/\/nbrhc.on.ca\/fr\/programme-et-services\/services-chirurgicaux-apercu\/soins-chirurgicaux-pour-patients-hospitalises\/\" \/>\n<meta property=\"og:site_name\" content=\"NBRHC\" \/>\n<meta property=\"article:publisher\" content=\"https:\/\/www.facebook.com\/nbrhc\" \/>\n<meta property=\"article:modified_time\" content=\"2025-06-23T13:30:58+00:00\" \/>\n<meta property=\"og:image\" content=\"https:\/\/nbrhc.on.ca\/wp-content\/uploads\/2015\/07\/icon_col.jpeg\" \/>\n\t<meta property=\"og:image:width\" content=\"619\" \/>\n\t<meta property=\"og:image:height\" content=\"619\" \/>\n\t<meta property=\"og:image:type\" content=\"image\/jpeg\" \/>\n<meta name=\"twitter:label1\" content=\"Dur\u00e9e de lecture estim\u00e9e\" \/>\n\t<meta name=\"twitter:data1\" content=\"1 minute\" \/>\n<script type=\"application\/ld+json\" class=\"yoast-schema-graph\">{\"@context\":\"https:\\\/\\\/schema.org\",\"@graph\":[{\"@type\":\"WebPage\",\"@id\":\"https:\\\/\\\/nbrhc.on.ca\\\/fr\\\/programme-et-services\\\/services-chirurgicaux-apercu\\\/soins-chirurgicaux-pour-patients-hospitalises\\\/\",\"url\":\"https:\\\/\\\/nbrhc.on.ca\\\/fr\\\/programme-et-services\\\/services-chirurgicaux-apercu\\\/soins-chirurgicaux-pour-patients-hospitalises\\\/\",\"name\":\"Soins chirurgicaux pour patients hospitalis\u00e9s\",\"isPartOf\":{\"@id\":\"https:\\\/\\\/nbrhc.on.ca\\\/#website\"},\"datePublished\":\"2014-07-04T17:39:21+00:00\",\"dateModified\":\"2025-06-23T13:30:58+00:00\",\"description\":\"Nous offrons des soins post-op\u00e9ratoires aux patients qui ont subi une intervention chirurgicale ou sont sous les soins de l'un des chirurgiens\",\"breadcrumb\":{\"@id\":\"https:\\\/\\\/nbrhc.on.ca\\\/fr\\\/programme-et-services\\\/services-chirurgicaux-apercu\\\/soins-chirurgicaux-pour-patients-hospitalises\\\/#breadcrumb\"},\"inLanguage\":\"fr-FR\",\"potentialAction\":[{\"@type\":\"ReadAction\",\"target\":[\"https:\\\/\\\/nbrhc.on.ca\\\/fr\\\/programme-et-services\\\/services-chirurgicaux-apercu\\\/soins-chirurgicaux-pour-patients-hospitalises\\\/\"]}]},{\"@type\":\"BreadcrumbList\",\"@id\":\"https:\\\/\\\/nbrhc.on.ca\\\/fr\\\/programme-et-services\\\/services-chirurgicaux-apercu\\\/soins-chirurgicaux-pour-patients-hospitalises\\\/#breadcrumb\",\"itemListElement\":[{\"@type\":\"ListItem\",\"position\":1,\"name\":\"Home\",\"item\":\"https:\\\/\\\/nbrhc.on.ca\\\/fr\\\/\"},{\"@type\":\"ListItem\",\"position\":2,\"name\":\"Programmes et services\",\"item\":\"https:\\\/\\\/nbrhc.on.ca\\\/fr\\\/programme-et-services\\\/\"},{\"@type\":\"ListItem\",\"position\":3,\"name\":\"Services chirurgicaux\",\"item\":\"https:\\\/\\\/nbrhc.on.ca\\\/fr\\\/programme-et-services\\\/services-chirurgicaux-apercu\\\/\"},{\"@type\":\"ListItem\",\"position\":4,\"name\":\"Soins chirurgicaux pour patients hospitalis\u00e9s\"}]},{\"@type\":\"WebSite\",\"@id\":\"https:\\\/\\\/nbrhc.on.ca\\\/#website\",\"url\":\"https:\\\/\\\/nbrhc.on.ca\\\/\",\"name\":\"NBRHC\",\"description\":\"North Bay Regional Health Centre\",\"publisher\":{\"@id\":\"https:\\\/\\\/nbrhc.on.ca\\\/#organization\"},\"potentialAction\":[{\"@type\":\"SearchAction\",\"target\":{\"@type\":\"EntryPoint\",\"urlTemplate\":\"https:\\\/\\\/nbrhc.on.ca\\\/?s={search_term_string}\"},\"query-input\":{\"@type\":\"PropertyValueSpecification\",\"valueRequired\":true,\"valueName\":\"search_term_string\"}}],\"inLanguage\":\"fr-FR\"},{\"@type\":\"Organization\",\"@id\":\"https:\\\/\\\/nbrhc.on.ca\\\/#organization\",\"name\":\"North Bay Regional Health Centre\",\"url\":\"https:\\\/\\\/nbrhc.on.ca\\\/\",\"logo\":{\"@type\":\"ImageObject\",\"inLanguage\":\"fr-FR\",\"@id\":\"https:\\\/\\\/nbrhc.on.ca\\\/#\\\/schema\\\/logo\\\/image\\\/\",\"url\":\"https:\\\/\\\/nbrhc.on.ca\\\/wp-content\\\/uploads\\\/2015\\\/07\\\/logo.jpg\",\"contentUrl\":\"https:\\\/\\\/nbrhc.on.ca\\\/wp-content\\\/uploads\\\/2015\\\/07\\\/logo.jpg\",\"width\":870,\"height\":128,\"caption\":\"North Bay Regional Health Centre\"},\"image\":{\"@id\":\"https:\\\/\\\/nbrhc.on.ca\\\/#\\\/schema\\\/logo\\\/image\\\/\"},\"sameAs\":[\"https:\\\/\\\/www.facebook.com\\\/nbrhc\",\"https:\\\/\\\/x.com\\\/NBRHC\",\"https:\\\/\\\/www.linkedin.com\\\/company\\\/north-bay-regional-health-centre-nbrhc\",\"https:\\\/\\\/www.pinterest.com\\\/nbrhc\",\"https:\\\/\\\/www.youtube.com\\\/TheNBRHC\"]}]}<\/script>\n<!-- \/ Yoast SEO plugin. -->","yoast_head_json":{"title":"Soins chirurgicaux pour patients hospitalis\u00e9s","description":"Nous offrons des soins post-op\u00e9ratoires aux patients qui ont subi une intervention chirurgicale ou sont sous les soins de l'un des chirurgiens","robots":{"index":"index","follow":"follow","max-snippet":"max-snippet:-1","max-image-preview":"max-image-preview:large","max-video-preview":"max-video-preview:-1"},"canonical":"https:\/\/nbrhc.on.ca\/fr\/programme-et-services\/services-chirurgicaux-apercu\/soins-chirurgicaux-pour-patients-hospitalises\/","og_locale":"fr_FR","og_type":"article","og_title":"Soins chirurgicaux pour patients hospitalis\u00e9s","og_description":"Nous offrons des soins post-op\u00e9ratoires aux patients qui ont subi une intervention chirurgicale ou sont sous les soins de l'un des chirurgiens","og_url":"https:\/\/nbrhc.on.ca\/fr\/programme-et-services\/services-chirurgicaux-apercu\/soins-chirurgicaux-pour-patients-hospitalises\/","og_site_name":"NBRHC","article_publisher":"https:\/\/www.facebook.com\/nbrhc","article_modified_time":"2025-06-23T13:30:58+00:00","og_image":[{"width":619,"height":619,"url":"https:\/\/nbrhc.on.ca\/wp-content\/uploads\/2015\/07\/icon_col.jpeg","type":"image\/jpeg"}],"twitter_misc":{"Dur\u00e9e de lecture estim\u00e9e":"1 minute"},"schema":{"@context":"https:\/\/schema.org","@graph":[{"@type":"WebPage","@id":"https:\/\/nbrhc.on.ca\/fr\/programme-et-services\/services-chirurgicaux-apercu\/soins-chirurgicaux-pour-patients-hospitalises\/","url":"https:\/\/nbrhc.on.ca\/fr\/programme-et-services\/services-chirurgicaux-apercu\/soins-chirurgicaux-pour-patients-hospitalises\/","name":"Soins chirurgicaux pour patients hospitalis\u00e9s","isPartOf":{"@id":"https:\/\/nbrhc.on.ca\/#website"},"datePublished":"2014-07-04T17:39:21+00:00","dateModified":"2025-06-23T13:30:58+00:00","description":"Nous offrons des soins post-op\u00e9ratoires aux patients qui ont subi une intervention chirurgicale ou sont sous les soins de l'un des chirurgiens","breadcrumb":{"@id":"https:\/\/nbrhc.on.ca\/fr\/programme-et-services\/services-chirurgicaux-apercu\/soins-chirurgicaux-pour-patients-hospitalises\/#breadcrumb"},"inLanguage":"fr-FR","potentialAction":[{"@type":"ReadAction","target":["https:\/\/nbrhc.on.ca\/fr\/programme-et-services\/services-chirurgicaux-apercu\/soins-chirurgicaux-pour-patients-hospitalises\/"]}]},{"@type":"BreadcrumbList","@id":"https:\/\/nbrhc.on.ca\/fr\/programme-et-services\/services-chirurgicaux-apercu\/soins-chirurgicaux-pour-patients-hospitalises\/#breadcrumb","itemListElement":[{"@type":"ListItem","position":1,"name":"Home","item":"https:\/\/nbrhc.on.ca\/fr\/"},{"@type":"ListItem","position":2,"name":"Programmes et services","item":"https:\/\/nbrhc.on.ca\/fr\/programme-et-services\/"},{"@type":"ListItem","position":3,"name":"Services chirurgicaux","item":"https:\/\/nbrhc.on.ca\/fr\/programme-et-services\/services-chirurgicaux-apercu\/"},{"@type":"ListItem","position":4,"name":"Soins chirurgicaux pour patients hospitalis\u00e9s"}]},{"@type":"WebSite","@id":"https:\/\/nbrhc.on.ca\/#website","url":"https:\/\/nbrhc.on.ca\/","name":"NBRHC","description":"North Bay Regional Health Centre","publisher":{"@id":"https:\/\/nbrhc.on.ca\/#organization"},"potentialAction":[{"@type":"SearchAction","target":{"@type":"EntryPoint","urlTemplate":"https:\/\/nbrhc.on.ca\/?s={search_term_string}"},"query-input":{"@type":"PropertyValueSpecification","valueRequired":true,"valueName":"search_term_string"}}],"inLanguage":"fr-FR"},{"@type":"Organization","@id":"https:\/\/nbrhc.on.ca\/#organization","name":"North Bay Regional Health Centre","url":"https:\/\/nbrhc.on.ca\/","logo":{"@type":"ImageObject","inLanguage":"fr-FR","@id":"https:\/\/nbrhc.on.ca\/#\/schema\/logo\/image\/","url":"https:\/\/nbrhc.on.ca\/wp-content\/uploads\/2015\/07\/logo.jpg","contentUrl":"https:\/\/nbrhc.on.ca\/wp-content\/uploads\/2015\/07\/logo.jpg","width":870,"height":128,"caption":"North Bay Regional Health Centre"},"image":{"@id":"https:\/\/nbrhc.on.ca\/#\/schema\/logo\/image\/"},"sameAs":["https:\/\/www.facebook.com\/nbrhc","https:\/\/x.com\/NBRHC","https:\/\/www.linkedin.com\/company\/north-bay-regional-health-centre-nbrhc","https:\/\/www.pinterest.com\/nbrhc","https:\/\/www.youtube.com\/TheNBRHC"]}]}},"_links":{"self":[{"href":"https:\/\/nbrhc.on.ca\/fr\/wp-json\/wp\/v2\/pages\/6549","targetHints":{"allow":["GET"]}}],"collection":[{"href":"https:\/\/nbrhc.on.ca\/fr\/wp-json\/wp\/v2\/pages"}],"about":[{"href":"https:\/\/nbrhc.on.ca\/fr\/wp-json\/wp\/v2\/types\/page"}],"author":[{"embeddable":true,"href":"https:\/\/nbrhc.on.ca\/fr\/wp-json\/wp\/v2\/users\/17"}],"replies":[{"embeddable":true,"href":"https:\/\/nbrhc.on.ca\/fr\/wp-json\/wp\/v2\/comments?post=6549"}],"version-history":[{"count":3,"href":"https:\/\/nbrhc.on.ca\/fr\/wp-json\/wp\/v2\/pages\/6549\/revisions"}],"predecessor-version":[{"id":44813,"href":"https:\/\/nbrhc.on.ca\/fr\/wp-json\/wp\/v2\/pages\/6549\/revisions\/44813"}],"up":[{"embeddable":true,"href":"https:\/\/nbrhc.on.ca\/fr\/wp-json\/wp\/v2\/pages\/3609"}],"wp:attachment":[{"href":"https:\/\/nbrhc.on.ca\/fr\/wp-json\/wp\/v2\/media?parent=6549"}],"wp:term":[{"taxonomy":"post_tag","embeddable":true,"href":"https:\/\/nbrhc.on.ca\/fr\/wp-json\/wp\/v2\/tags?post=6549"}],"curies":[{"name":"wp","href":"https:\/\/api.w.org\/{rel}","templated":true}]}}