{"id":6575,"date":"2014-07-07T14:38:47","date_gmt":"2014-07-07T18:38:47","guid":{"rendered":"http:\/\/www.nbrhc.on.ca\/?page_id=6575"},"modified":"2021-08-23T10:15:48","modified_gmt":"2021-08-23T14:15:48","slug":"programme-de-gestion-du-sevrage","status":"publish","type":"page","link":"https:\/\/nbrhc.on.ca\/fr\/programme-et-services\/programmes-et-services-de-sante-mentale\/sante-mentale-et-lutte-contre-la-toxicomanie\/programme-de-gestion-du-sevrage\/","title":{"rendered":"Services de toxicomanie &#8211; Programme de gestion du sevrage"},"content":{"rendered":"<p><strong>Service d\u2019urgence li\u00e9 au sevrage, \u00e0 l\u2019intoxication ou \u00e0 la consommation d\u2019alcool ou d\u2019autres drogues<\/strong><\/p>\n<p>Les Services de gestion du sevrage offrent un\u00a0soutien aux personnes qui souffrent des effets\u00a0du sevrage d\u2019alcool ou d\u2019autres substances qui\u00a0cr\u00e9ent une d\u00e9pendance.<\/p>\n<p>Les services sont offerts 24 heures par jour au\u00a0Centre r\u00e9gional de sant\u00e9 de North Bay, au 50,\u00a0promenade College. Ils permettent aux clients\u00a0d\u2019entreprendre leur r\u00e9tablissement dans un\u00a0milieu s\u00e9curitaire o\u00f9 ils re\u00e7oivent le soutien\u00a0n\u00e9cessaire.<\/p>\n<p>Les soins sont offerts sous supervision m\u00e9dicale par une \u00e9quipe multidisciplinaire.<\/p>\n<p><strong>Qui servons-nous?<\/strong><\/p>\n<ul>\n<li>Les personnes de 16 ans ou plus<\/li>\n<li>Les personnes qui veulent mettre\u00a0fin \u00e0 leur d\u00e9pendance \u00e0 l\u2019alcool ou \u00e0\u00a0d\u2019autres substances<\/li>\n<li>Les personnes qui veulent de\u00a0l\u2019information sur les services de gestion\u00a0du sevrage<\/li>\n<\/ul>\n<p>Ce programme est volontaire. Les clients\u00a0peuvent s\u2019y inscrire par eux-m\u00eames.\u00a0La demande peut aussi \u00eatre faite par\u00a0un professionnel de la sant\u00e9, un service\u00a0sociocommunautaire, un membre de la famille\u00a0ou un ami.<\/p>\n","protected":false},"excerpt":{"rendered":"<p>Les Services de gestion du sevrage offrent un\u00a0soutien aux personnes qui souffrent des effets\u00a0du sevrage d\u2019alcool ou d\u2019autres substances qui\u00a0cr\u00e9ent une d\u00e9pendance.<\/p>\n","protected":false},"author":17,"featured_media":0,"parent":2610,"menu_order":0,"comment_status":"open","ping_status":"open","template":"","meta":{"_acf_changed":false,"_monsterinsights_skip_tracking":false,"_monsterinsights_sitenote_active":false,"_monsterinsights_sitenote_note":"","_monsterinsights_sitenote_category":0,"footnotes":"","_links_to":"","_links_to_target":"","_wp_rev_ctl_limit":""},"tags":[],"class_list":["post-6575","page","type-page","status-publish","hentry"],"acf":[],"yoast_head":"<!-- This site is optimized with the Yoast SEO plugin v27.4 - https:\/\/yoast.com\/product\/yoast-seo-wordpress\/ -->\n<title>Programme de gestion du sevrage<\/title>\n<meta name=\"description\" content=\"Les services de gestion du sevrage fournissent une aide au sevrage de l&#039;alcool et\/ou d&#039;autres substances addictives\" \/>\n<meta name=\"robots\" content=\"index, follow, max-snippet:-1, max-image-preview:large, max-video-preview:-1\" \/>\n<link rel=\"canonical\" href=\"https:\/\/nbrhc.on.ca\/fr\/programme-et-services\/programmes-et-services-de-sante-mentale\/sante-mentale-et-lutte-contre-la-toxicomanie\/programme-de-gestion-du-sevrage\/\" \/>\n<meta property=\"og:locale\" content=\"fr_FR\" \/>\n<meta property=\"og:type\" content=\"article\" \/>\n<meta property=\"og:title\" content=\"Programme de gestion du sevrage\" \/>\n<meta property=\"og:description\" content=\"Les services de gestion du sevrage fournissent une aide au sevrage de l&#039;alcool et\/ou d&#039;autres substances addictives\" \/>\n<meta property=\"og:url\" content=\"https:\/\/nbrhc.on.ca\/fr\/programme-et-services\/programmes-et-services-de-sante-mentale\/sante-mentale-et-lutte-contre-la-toxicomanie\/programme-de-gestion-du-sevrage\/\" \/>\n<meta property=\"og:site_name\" content=\"NBRHC\" \/>\n<meta property=\"article:publisher\" content=\"https:\/\/www.facebook.com\/nbrhc\" \/>\n<meta property=\"article:modified_time\" content=\"2021-08-23T14:15:48+00:00\" \/>\n<meta property=\"og:image\" content=\"https:\/\/nbrhc.on.ca\/wp-content\/uploads\/2015\/07\/icon_col.jpeg\" \/>\n\t<meta property=\"og:image:width\" content=\"619\" \/>\n\t<meta property=\"og:image:height\" content=\"619\" \/>\n\t<meta property=\"og:image:type\" content=\"image\/jpeg\" \/>\n<meta name=\"twitter:label1\" content=\"Dur\u00e9e de lecture estim\u00e9e\" \/>\n\t<meta name=\"twitter:data1\" content=\"1 minute\" \/>\n<script type=\"application\/ld+json\" class=\"yoast-schema-graph\">{\"@context\":\"https:\\\/\\\/schema.org\",\"@graph\":[{\"@type\":\"WebPage\",\"@id\":\"https:\\\/\\\/nbrhc.on.ca\\\/fr\\\/programme-et-services\\\/programmes-et-services-de-sante-mentale\\\/sante-mentale-et-lutte-contre-la-toxicomanie\\\/programme-de-gestion-du-sevrage\\\/\",\"url\":\"https:\\\/\\\/nbrhc.on.ca\\\/fr\\\/programme-et-services\\\/programmes-et-services-de-sante-mentale\\\/sante-mentale-et-lutte-contre-la-toxicomanie\\\/programme-de-gestion-du-sevrage\\\/\",\"name\":\"Programme de gestion du sevrage\",\"isPartOf\":{\"@id\":\"https:\\\/\\\/nbrhc.on.ca\\\/#website\"},\"datePublished\":\"2014-07-07T18:38:47+00:00\",\"dateModified\":\"2021-08-23T14:15:48+00:00\",\"description\":\"Les services de gestion du sevrage fournissent une aide au sevrage de l'alcool et\\\/ou d'autres substances addictives\",\"breadcrumb\":{\"@id\":\"https:\\\/\\\/nbrhc.on.ca\\\/fr\\\/programme-et-services\\\/programmes-et-services-de-sante-mentale\\\/sante-mentale-et-lutte-contre-la-toxicomanie\\\/programme-de-gestion-du-sevrage\\\/#breadcrumb\"},\"inLanguage\":\"fr-FR\",\"potentialAction\":[{\"@type\":\"ReadAction\",\"target\":[\"https:\\\/\\\/nbrhc.on.ca\\\/fr\\\/programme-et-services\\\/programmes-et-services-de-sante-mentale\\\/sante-mentale-et-lutte-contre-la-toxicomanie\\\/programme-de-gestion-du-sevrage\\\/\"]}]},{\"@type\":\"BreadcrumbList\",\"@id\":\"https:\\\/\\\/nbrhc.on.ca\\\/fr\\\/programme-et-services\\\/programmes-et-services-de-sante-mentale\\\/sante-mentale-et-lutte-contre-la-toxicomanie\\\/programme-de-gestion-du-sevrage\\\/#breadcrumb\",\"itemListElement\":[{\"@type\":\"ListItem\",\"position\":1,\"name\":\"Home\",\"item\":\"https:\\\/\\\/nbrhc.on.ca\\\/fr\\\/\"},{\"@type\":\"ListItem\",\"position\":2,\"name\":\"Programmes et services\",\"item\":\"https:\\\/\\\/nbrhc.on.ca\\\/fr\\\/programme-et-services\\\/\"},{\"@type\":\"ListItem\",\"position\":3,\"name\":\"Programmes et services de sant\u00e9 mentale\",\"item\":\"https:\\\/\\\/nbrhc.on.ca\\\/fr\\\/programme-et-services\\\/programmes-et-services-de-sante-mentale\\\/\"},{\"@type\":\"ListItem\",\"position\":4,\"name\":\"Sant\u00e9 mentale et lutte contre la toxicomanie\",\"item\":\"https:\\\/\\\/nbrhc.on.ca\\\/fr\\\/programme-et-services\\\/programmes-et-services-de-sante-mentale\\\/sante-mentale-et-lutte-contre-la-toxicomanie\\\/\"},{\"@type\":\"ListItem\",\"position\":5,\"name\":\"Services de toxicomanie &#8211; Programme de gestion du sevrage\"}]},{\"@type\":\"WebSite\",\"@id\":\"https:\\\/\\\/nbrhc.on.ca\\\/#website\",\"url\":\"https:\\\/\\\/nbrhc.on.ca\\\/\",\"name\":\"NBRHC\",\"description\":\"North Bay Regional Health Centre\",\"publisher\":{\"@id\":\"https:\\\/\\\/nbrhc.on.ca\\\/#organization\"},\"potentialAction\":[{\"@type\":\"SearchAction\",\"target\":{\"@type\":\"EntryPoint\",\"urlTemplate\":\"https:\\\/\\\/nbrhc.on.ca\\\/?s={search_term_string}\"},\"query-input\":{\"@type\":\"PropertyValueSpecification\",\"valueRequired\":true,\"valueName\":\"search_term_string\"}}],\"inLanguage\":\"fr-FR\"},{\"@type\":\"Organization\",\"@id\":\"https:\\\/\\\/nbrhc.on.ca\\\/#organization\",\"name\":\"North Bay Regional Health Centre\",\"url\":\"https:\\\/\\\/nbrhc.on.ca\\\/\",\"logo\":{\"@type\":\"ImageObject\",\"inLanguage\":\"fr-FR\",\"@id\":\"https:\\\/\\\/nbrhc.on.ca\\\/#\\\/schema\\\/logo\\\/image\\\/\",\"url\":\"https:\\\/\\\/nbrhc.on.ca\\\/wp-content\\\/uploads\\\/2015\\\/07\\\/logo.jpg\",\"contentUrl\":\"https:\\\/\\\/nbrhc.on.ca\\\/wp-content\\\/uploads\\\/2015\\\/07\\\/logo.jpg\",\"width\":870,\"height\":128,\"caption\":\"North Bay Regional Health Centre\"},\"image\":{\"@id\":\"https:\\\/\\\/nbrhc.on.ca\\\/#\\\/schema\\\/logo\\\/image\\\/\"},\"sameAs\":[\"https:\\\/\\\/www.facebook.com\\\/nbrhc\",\"https:\\\/\\\/x.com\\\/NBRHC\",\"https:\\\/\\\/www.linkedin.com\\\/company\\\/north-bay-regional-health-centre-nbrhc\",\"https:\\\/\\\/www.pinterest.com\\\/nbrhc\",\"https:\\\/\\\/www.youtube.com\\\/TheNBRHC\"]}]}<\/script>\n<!-- \/ Yoast SEO plugin. -->","yoast_head_json":{"title":"Programme de gestion du sevrage","description":"Les services de gestion du sevrage fournissent une aide au sevrage de l'alcool et\/ou d'autres substances addictives","robots":{"index":"index","follow":"follow","max-snippet":"max-snippet:-1","max-image-preview":"max-image-preview:large","max-video-preview":"max-video-preview:-1"},"canonical":"https:\/\/nbrhc.on.ca\/fr\/programme-et-services\/programmes-et-services-de-sante-mentale\/sante-mentale-et-lutte-contre-la-toxicomanie\/programme-de-gestion-du-sevrage\/","og_locale":"fr_FR","og_type":"article","og_title":"Programme de gestion du sevrage","og_description":"Les services de gestion du sevrage fournissent une aide au sevrage de l'alcool et\/ou d'autres substances addictives","og_url":"https:\/\/nbrhc.on.ca\/fr\/programme-et-services\/programmes-et-services-de-sante-mentale\/sante-mentale-et-lutte-contre-la-toxicomanie\/programme-de-gestion-du-sevrage\/","og_site_name":"NBRHC","article_publisher":"https:\/\/www.facebook.com\/nbrhc","article_modified_time":"2021-08-23T14:15:48+00:00","og_image":[{"width":619,"height":619,"url":"https:\/\/nbrhc.on.ca\/wp-content\/uploads\/2015\/07\/icon_col.jpeg","type":"image\/jpeg"}],"twitter_misc":{"Dur\u00e9e de lecture estim\u00e9e":"1 minute"},"schema":{"@context":"https:\/\/schema.org","@graph":[{"@type":"WebPage","@id":"https:\/\/nbrhc.on.ca\/fr\/programme-et-services\/programmes-et-services-de-sante-mentale\/sante-mentale-et-lutte-contre-la-toxicomanie\/programme-de-gestion-du-sevrage\/","url":"https:\/\/nbrhc.on.ca\/fr\/programme-et-services\/programmes-et-services-de-sante-mentale\/sante-mentale-et-lutte-contre-la-toxicomanie\/programme-de-gestion-du-sevrage\/","name":"Programme de gestion du sevrage","isPartOf":{"@id":"https:\/\/nbrhc.on.ca\/#website"},"datePublished":"2014-07-07T18:38:47+00:00","dateModified":"2021-08-23T14:15:48+00:00","description":"Les services de gestion du sevrage fournissent une aide au sevrage de l'alcool et\/ou d'autres substances addictives","breadcrumb":{"@id":"https:\/\/nbrhc.on.ca\/fr\/programme-et-services\/programmes-et-services-de-sante-mentale\/sante-mentale-et-lutte-contre-la-toxicomanie\/programme-de-gestion-du-sevrage\/#breadcrumb"},"inLanguage":"fr-FR","potentialAction":[{"@type":"ReadAction","target":["https:\/\/nbrhc.on.ca\/fr\/programme-et-services\/programmes-et-services-de-sante-mentale\/sante-mentale-et-lutte-contre-la-toxicomanie\/programme-de-gestion-du-sevrage\/"]}]},{"@type":"BreadcrumbList","@id":"https:\/\/nbrhc.on.ca\/fr\/programme-et-services\/programmes-et-services-de-sante-mentale\/sante-mentale-et-lutte-contre-la-toxicomanie\/programme-de-gestion-du-sevrage\/#breadcrumb","itemListElement":[{"@type":"ListItem","position":1,"name":"Home","item":"https:\/\/nbrhc.on.ca\/fr\/"},{"@type":"ListItem","position":2,"name":"Programmes et services","item":"https:\/\/nbrhc.on.ca\/fr\/programme-et-services\/"},{"@type":"ListItem","position":3,"name":"Programmes et services de sant\u00e9 mentale","item":"https:\/\/nbrhc.on.ca\/fr\/programme-et-services\/programmes-et-services-de-sante-mentale\/"},{"@type":"ListItem","position":4,"name":"Sant\u00e9 mentale et lutte contre la toxicomanie","item":"https:\/\/nbrhc.on.ca\/fr\/programme-et-services\/programmes-et-services-de-sante-mentale\/sante-mentale-et-lutte-contre-la-toxicomanie\/"},{"@type":"ListItem","position":5,"name":"Services de toxicomanie &#8211; Programme de gestion du sevrage"}]},{"@type":"WebSite","@id":"https:\/\/nbrhc.on.ca\/#website","url":"https:\/\/nbrhc.on.ca\/","name":"NBRHC","description":"North Bay Regional Health Centre","publisher":{"@id":"https:\/\/nbrhc.on.ca\/#organization"},"potentialAction":[{"@type":"SearchAction","target":{"@type":"EntryPoint","urlTemplate":"https:\/\/nbrhc.on.ca\/?s={search_term_string}"},"query-input":{"@type":"PropertyValueSpecification","valueRequired":true,"valueName":"search_term_string"}}],"inLanguage":"fr-FR"},{"@type":"Organization","@id":"https:\/\/nbrhc.on.ca\/#organization","name":"North Bay Regional Health Centre","url":"https:\/\/nbrhc.on.ca\/","logo":{"@type":"ImageObject","inLanguage":"fr-FR","@id":"https:\/\/nbrhc.on.ca\/#\/schema\/logo\/image\/","url":"https:\/\/nbrhc.on.ca\/wp-content\/uploads\/2015\/07\/logo.jpg","contentUrl":"https:\/\/nbrhc.on.ca\/wp-content\/uploads\/2015\/07\/logo.jpg","width":870,"height":128,"caption":"North Bay Regional Health Centre"},"image":{"@id":"https:\/\/nbrhc.on.ca\/#\/schema\/logo\/image\/"},"sameAs":["https:\/\/www.facebook.com\/nbrhc","https:\/\/x.com\/NBRHC","https:\/\/www.linkedin.com\/company\/north-bay-regional-health-centre-nbrhc","https:\/\/www.pinterest.com\/nbrhc","https:\/\/www.youtube.com\/TheNBRHC"]}]}},"_links":{"self":[{"href":"https:\/\/nbrhc.on.ca\/fr\/wp-json\/wp\/v2\/pages\/6575","targetHints":{"allow":["GET"]}}],"collection":[{"href":"https:\/\/nbrhc.on.ca\/fr\/wp-json\/wp\/v2\/pages"}],"about":[{"href":"https:\/\/nbrhc.on.ca\/fr\/wp-json\/wp\/v2\/types\/page"}],"author":[{"embeddable":true,"href":"https:\/\/nbrhc.on.ca\/fr\/wp-json\/wp\/v2\/users\/17"}],"replies":[{"embeddable":true,"href":"https:\/\/nbrhc.on.ca\/fr\/wp-json\/wp\/v2\/comments?post=6575"}],"version-history":[{"count":4,"href":"https:\/\/nbrhc.on.ca\/fr\/wp-json\/wp\/v2\/pages\/6575\/revisions"}],"predecessor-version":[{"id":24009,"href":"https:\/\/nbrhc.on.ca\/fr\/wp-json\/wp\/v2\/pages\/6575\/revisions\/24009"}],"up":[{"embeddable":true,"href":"https:\/\/nbrhc.on.ca\/fr\/wp-json\/wp\/v2\/pages\/2610"}],"wp:attachment":[{"href":"https:\/\/nbrhc.on.ca\/fr\/wp-json\/wp\/v2\/media?parent=6575"}],"wp:term":[{"taxonomy":"post_tag","embeddable":true,"href":"https:\/\/nbrhc.on.ca\/fr\/wp-json\/wp\/v2\/tags?post=6575"}],"curies":[{"name":"wp","href":"https:\/\/api.w.org\/{rel}","templated":true}]}}