{"id":6670,"date":"2014-07-08T12:50:38","date_gmt":"2014-07-08T16:50:38","guid":{"rendered":"http:\/\/www.nbrhc.on.ca\/?page_id=6670"},"modified":"2021-10-04T11:30:03","modified_gmt":"2021-10-04T15:30:03","slug":"psychogeriatric-resource-consultant-prc-french","status":"publish","type":"page","link":"https:\/\/nbrhc.on.ca\/fr\/programme-et-services\/programmes-et-services-de-sante-mentale\/regional-outreach-seniors-mental-health-program\/programme-de-sante-mentale-pour-personnes-agees\/psychogeriatric-resource-consultant-prc-french\/","title":{"rendered":"Conseiller en ressources psychog\u00e9riatriques (CRP)"},"content":{"rendered":"<p>Le r\u00f4le d\u2019un conseiller en ressources psychog\u00e9riatriques (CRP) consiste \u00e0 aider les fournisseurs de soins de sant\u00e9 dans les foyers de soins de longue dur\u00e9e, les CASC, les h\u00f4pitaux et les organismes de soutien communautaire financ\u00e9s par le minist\u00e8re de la Sant\u00e9 \u00e0 fournir des soins aux a\u00een\u00e9s atteints de troubles neurocognitifs (trouble cognitif ou d\u00e9lire), ayant d\u2019autres besoins complexes en mati\u00e8re de sant\u00e9 physique ou mentale et manifestant les comportements r\u00e9actifs connexes.<\/p>\n<p>L\u2019\u00e9quipe interprofessionnelle dynamique de CRP favorise le renforcement des capacit\u00e9s chez les collaborateurs gr\u00e2ce \u00e0 la consultation de cas indirecte, \u00e0 la cr\u00e9ation de r\u00e9seaux et \u00e0 l\u2019\u00e9change de connaissances et en se fondant sur des pratiques exemplaires fondamentales, notamment P.I.E.C.E.S., U-First, les approches douces en persuasion (GPA) dans les soins de la d\u00e9mence, la programmation sur la d\u00e9mence fond\u00e9e sur le mod\u00e8le Montessori et les ateliers Geriatric Mental Health Foundations et PSW Champion.<\/p>\n<p>Le personnel des foyers de soins de longue dur\u00e9e, des CASC, des h\u00f4pitaux et des organismes communautaires peuvent communiquer avec l\u2019\u00e9quipe de CRP pour demander du soutien en appelant la ligne central d\u2019accueil du Projet ontarien de soutien en cas de troubles du comportement ou en communiquant directement avec l\u2019\u00e9quipe par t\u00e9l\u00e9phone ou par courriel.<\/p>\n","protected":false},"excerpt":{"rendered":"<p>Le r\u00f4le d\u2019un conseiller en ressources psychog\u00e9riatriques (CRP) consiste \u00e0 aider les fournisseurs de soins de sant\u00e9 dans les foyers de soins de longue dur\u00e9e, les CASC, les h\u00f4pitaux et [&hellip;]<\/p>\n","protected":false},"author":17,"featured_media":0,"parent":2649,"menu_order":0,"comment_status":"open","ping_status":"open","template":"","meta":{"_acf_changed":false,"_monsterinsights_skip_tracking":false,"_monsterinsights_sitenote_active":false,"_monsterinsights_sitenote_note":"","_monsterinsights_sitenote_category":0,"footnotes":"","_links_to":"","_links_to_target":"","_wp_rev_ctl_limit":""},"tags":[1821,1820],"class_list":["post-6670","page","type-page","status-publish","hentry","tag-geriatric","tag-geriatrie"],"acf":[],"yoast_head":"<!-- This site is optimized with the Yoast SEO plugin v27.4 - https:\/\/yoast.com\/product\/yoast-seo-wordpress\/ -->\n<title>Conseiller en ressources psychog\u00e9riatriques (CRP)<\/title>\n<meta name=\"description\" content=\"Le consultant en ressources psychog\u00e9riatriques soutient les \u00e9tablissements qui prodiguent des soins aux personnes \u00e2g\u00e9es atteintes de troubles neurocognitifs\" \/>\n<meta name=\"robots\" content=\"index, follow, max-snippet:-1, max-image-preview:large, max-video-preview:-1\" \/>\n<link rel=\"canonical\" href=\"https:\/\/nbrhc.on.ca\/fr\/programme-et-services\/programmes-et-services-de-sante-mentale\/regional-outreach-seniors-mental-health-program\/programme-de-sante-mentale-pour-personnes-agees\/psychogeriatric-resource-consultant-prc-french\/\" \/>\n<meta property=\"og:locale\" content=\"fr_FR\" \/>\n<meta property=\"og:type\" content=\"article\" \/>\n<meta property=\"og:title\" content=\"Conseiller en ressources psychog\u00e9riatriques (CRP)\" \/>\n<meta property=\"og:description\" content=\"Le consultant en ressources psychog\u00e9riatriques soutient les \u00e9tablissements qui prodiguent des soins aux personnes \u00e2g\u00e9es atteintes de troubles neurocognitifs\" \/>\n<meta property=\"og:url\" content=\"https:\/\/nbrhc.on.ca\/fr\/programme-et-services\/programmes-et-services-de-sante-mentale\/regional-outreach-seniors-mental-health-program\/programme-de-sante-mentale-pour-personnes-agees\/psychogeriatric-resource-consultant-prc-french\/\" \/>\n<meta property=\"og:site_name\" content=\"NBRHC\" \/>\n<meta property=\"article:publisher\" content=\"https:\/\/www.facebook.com\/nbrhc\" \/>\n<meta property=\"article:modified_time\" content=\"2021-10-04T15:30:03+00:00\" \/>\n<meta property=\"og:image\" content=\"https:\/\/nbrhc.on.ca\/wp-content\/uploads\/2015\/07\/icon_col.jpeg\" \/>\n\t<meta property=\"og:image:width\" content=\"619\" \/>\n\t<meta property=\"og:image:height\" content=\"619\" \/>\n\t<meta property=\"og:image:type\" content=\"image\/jpeg\" \/>\n<meta name=\"twitter:label1\" content=\"Dur\u00e9e de lecture estim\u00e9e\" \/>\n\t<meta name=\"twitter:data1\" content=\"1 minute\" \/>\n<script type=\"application\/ld+json\" class=\"yoast-schema-graph\">{\"@context\":\"https:\\\/\\\/schema.org\",\"@graph\":[{\"@type\":\"WebPage\",\"@id\":\"https:\\\/\\\/nbrhc.on.ca\\\/fr\\\/programme-et-services\\\/programmes-et-services-de-sante-mentale\\\/regional-outreach-seniors-mental-health-program\\\/programme-de-sante-mentale-pour-personnes-agees\\\/psychogeriatric-resource-consultant-prc-french\\\/\",\"url\":\"https:\\\/\\\/nbrhc.on.ca\\\/fr\\\/programme-et-services\\\/programmes-et-services-de-sante-mentale\\\/regional-outreach-seniors-mental-health-program\\\/programme-de-sante-mentale-pour-personnes-agees\\\/psychogeriatric-resource-consultant-prc-french\\\/\",\"name\":\"Conseiller en ressources psychog\u00e9riatriques (CRP)\",\"isPartOf\":{\"@id\":\"https:\\\/\\\/nbrhc.on.ca\\\/#website\"},\"datePublished\":\"2014-07-08T16:50:38+00:00\",\"dateModified\":\"2021-10-04T15:30:03+00:00\",\"description\":\"Le consultant en ressources psychog\u00e9riatriques soutient les \u00e9tablissements qui prodiguent des soins aux personnes \u00e2g\u00e9es atteintes de troubles neurocognitifs\",\"breadcrumb\":{\"@id\":\"https:\\\/\\\/nbrhc.on.ca\\\/fr\\\/programme-et-services\\\/programmes-et-services-de-sante-mentale\\\/regional-outreach-seniors-mental-health-program\\\/programme-de-sante-mentale-pour-personnes-agees\\\/psychogeriatric-resource-consultant-prc-french\\\/#breadcrumb\"},\"inLanguage\":\"fr-FR\",\"potentialAction\":[{\"@type\":\"ReadAction\",\"target\":[\"https:\\\/\\\/nbrhc.on.ca\\\/fr\\\/programme-et-services\\\/programmes-et-services-de-sante-mentale\\\/regional-outreach-seniors-mental-health-program\\\/programme-de-sante-mentale-pour-personnes-agees\\\/psychogeriatric-resource-consultant-prc-french\\\/\"]}]},{\"@type\":\"BreadcrumbList\",\"@id\":\"https:\\\/\\\/nbrhc.on.ca\\\/fr\\\/programme-et-services\\\/programmes-et-services-de-sante-mentale\\\/regional-outreach-seniors-mental-health-program\\\/programme-de-sante-mentale-pour-personnes-agees\\\/psychogeriatric-resource-consultant-prc-french\\\/#breadcrumb\",\"itemListElement\":[{\"@type\":\"ListItem\",\"position\":1,\"name\":\"Home\",\"item\":\"https:\\\/\\\/nbrhc.on.ca\\\/fr\\\/\"},{\"@type\":\"ListItem\",\"position\":2,\"name\":\"Programmes et services\",\"item\":\"https:\\\/\\\/nbrhc.on.ca\\\/fr\\\/programme-et-services\\\/\"},{\"@type\":\"ListItem\",\"position\":3,\"name\":\"Programmes et services de sant\u00e9 mentale\",\"item\":\"https:\\\/\\\/nbrhc.on.ca\\\/fr\\\/programme-et-services\\\/programmes-et-services-de-sante-mentale\\\/\"},{\"@type\":\"ListItem\",\"position\":4,\"name\":\"Programme r\u00e9gional d&rsquo;intervention en sant\u00e9 mentale et programme de sant\u00e9 mentale pour personnes \u00e2g\u00e9es\",\"item\":\"https:\\\/\\\/nbrhc.on.ca\\\/fr\\\/programme-et-services\\\/programmes-et-services-de-sante-mentale\\\/regional-outreach-seniors-mental-health-program\\\/\"},{\"@type\":\"ListItem\",\"position\":5,\"name\":\"Programme de sant\u00e9 mentale pour personnes \u00e2g\u00e9es\",\"item\":\"https:\\\/\\\/nbrhc.on.ca\\\/fr\\\/programme-et-services\\\/programmes-et-services-de-sante-mentale\\\/regional-outreach-seniors-mental-health-program\\\/programme-de-sante-mentale-pour-personnes-agees\\\/\"},{\"@type\":\"ListItem\",\"position\":6,\"name\":\"Conseiller en ressources psychog\u00e9riatriques (CRP)\"}]},{\"@type\":\"WebSite\",\"@id\":\"https:\\\/\\\/nbrhc.on.ca\\\/#website\",\"url\":\"https:\\\/\\\/nbrhc.on.ca\\\/\",\"name\":\"NBRHC\",\"description\":\"North Bay Regional Health Centre\",\"publisher\":{\"@id\":\"https:\\\/\\\/nbrhc.on.ca\\\/#organization\"},\"potentialAction\":[{\"@type\":\"SearchAction\",\"target\":{\"@type\":\"EntryPoint\",\"urlTemplate\":\"https:\\\/\\\/nbrhc.on.ca\\\/?s={search_term_string}\"},\"query-input\":{\"@type\":\"PropertyValueSpecification\",\"valueRequired\":true,\"valueName\":\"search_term_string\"}}],\"inLanguage\":\"fr-FR\"},{\"@type\":\"Organization\",\"@id\":\"https:\\\/\\\/nbrhc.on.ca\\\/#organization\",\"name\":\"North Bay Regional Health Centre\",\"url\":\"https:\\\/\\\/nbrhc.on.ca\\\/\",\"logo\":{\"@type\":\"ImageObject\",\"inLanguage\":\"fr-FR\",\"@id\":\"https:\\\/\\\/nbrhc.on.ca\\\/#\\\/schema\\\/logo\\\/image\\\/\",\"url\":\"https:\\\/\\\/nbrhc.on.ca\\\/wp-content\\\/uploads\\\/2015\\\/07\\\/logo.jpg\",\"contentUrl\":\"https:\\\/\\\/nbrhc.on.ca\\\/wp-content\\\/uploads\\\/2015\\\/07\\\/logo.jpg\",\"width\":870,\"height\":128,\"caption\":\"North Bay Regional Health Centre\"},\"image\":{\"@id\":\"https:\\\/\\\/nbrhc.on.ca\\\/#\\\/schema\\\/logo\\\/image\\\/\"},\"sameAs\":[\"https:\\\/\\\/www.facebook.com\\\/nbrhc\",\"https:\\\/\\\/x.com\\\/NBRHC\",\"https:\\\/\\\/www.linkedin.com\\\/company\\\/north-bay-regional-health-centre-nbrhc\",\"https:\\\/\\\/www.pinterest.com\\\/nbrhc\",\"https:\\\/\\\/www.youtube.com\\\/TheNBRHC\"]}]}<\/script>\n<!-- \/ Yoast SEO plugin. -->","yoast_head_json":{"title":"Conseiller en ressources psychog\u00e9riatriques (CRP)","description":"Le consultant en ressources psychog\u00e9riatriques soutient les \u00e9tablissements qui prodiguent des soins aux personnes \u00e2g\u00e9es atteintes de troubles neurocognitifs","robots":{"index":"index","follow":"follow","max-snippet":"max-snippet:-1","max-image-preview":"max-image-preview:large","max-video-preview":"max-video-preview:-1"},"canonical":"https:\/\/nbrhc.on.ca\/fr\/programme-et-services\/programmes-et-services-de-sante-mentale\/regional-outreach-seniors-mental-health-program\/programme-de-sante-mentale-pour-personnes-agees\/psychogeriatric-resource-consultant-prc-french\/","og_locale":"fr_FR","og_type":"article","og_title":"Conseiller en ressources psychog\u00e9riatriques (CRP)","og_description":"Le consultant en ressources psychog\u00e9riatriques soutient les \u00e9tablissements qui prodiguent des soins aux personnes \u00e2g\u00e9es atteintes de troubles neurocognitifs","og_url":"https:\/\/nbrhc.on.ca\/fr\/programme-et-services\/programmes-et-services-de-sante-mentale\/regional-outreach-seniors-mental-health-program\/programme-de-sante-mentale-pour-personnes-agees\/psychogeriatric-resource-consultant-prc-french\/","og_site_name":"NBRHC","article_publisher":"https:\/\/www.facebook.com\/nbrhc","article_modified_time":"2021-10-04T15:30:03+00:00","og_image":[{"width":619,"height":619,"url":"https:\/\/nbrhc.on.ca\/wp-content\/uploads\/2015\/07\/icon_col.jpeg","type":"image\/jpeg"}],"twitter_misc":{"Dur\u00e9e de lecture estim\u00e9e":"1 minute"},"schema":{"@context":"https:\/\/schema.org","@graph":[{"@type":"WebPage","@id":"https:\/\/nbrhc.on.ca\/fr\/programme-et-services\/programmes-et-services-de-sante-mentale\/regional-outreach-seniors-mental-health-program\/programme-de-sante-mentale-pour-personnes-agees\/psychogeriatric-resource-consultant-prc-french\/","url":"https:\/\/nbrhc.on.ca\/fr\/programme-et-services\/programmes-et-services-de-sante-mentale\/regional-outreach-seniors-mental-health-program\/programme-de-sante-mentale-pour-personnes-agees\/psychogeriatric-resource-consultant-prc-french\/","name":"Conseiller en ressources psychog\u00e9riatriques (CRP)","isPartOf":{"@id":"https:\/\/nbrhc.on.ca\/#website"},"datePublished":"2014-07-08T16:50:38+00:00","dateModified":"2021-10-04T15:30:03+00:00","description":"Le consultant en ressources psychog\u00e9riatriques soutient les \u00e9tablissements qui prodiguent des soins aux personnes \u00e2g\u00e9es atteintes de troubles neurocognitifs","breadcrumb":{"@id":"https:\/\/nbrhc.on.ca\/fr\/programme-et-services\/programmes-et-services-de-sante-mentale\/regional-outreach-seniors-mental-health-program\/programme-de-sante-mentale-pour-personnes-agees\/psychogeriatric-resource-consultant-prc-french\/#breadcrumb"},"inLanguage":"fr-FR","potentialAction":[{"@type":"ReadAction","target":["https:\/\/nbrhc.on.ca\/fr\/programme-et-services\/programmes-et-services-de-sante-mentale\/regional-outreach-seniors-mental-health-program\/programme-de-sante-mentale-pour-personnes-agees\/psychogeriatric-resource-consultant-prc-french\/"]}]},{"@type":"BreadcrumbList","@id":"https:\/\/nbrhc.on.ca\/fr\/programme-et-services\/programmes-et-services-de-sante-mentale\/regional-outreach-seniors-mental-health-program\/programme-de-sante-mentale-pour-personnes-agees\/psychogeriatric-resource-consultant-prc-french\/#breadcrumb","itemListElement":[{"@type":"ListItem","position":1,"name":"Home","item":"https:\/\/nbrhc.on.ca\/fr\/"},{"@type":"ListItem","position":2,"name":"Programmes et services","item":"https:\/\/nbrhc.on.ca\/fr\/programme-et-services\/"},{"@type":"ListItem","position":3,"name":"Programmes et services de sant\u00e9 mentale","item":"https:\/\/nbrhc.on.ca\/fr\/programme-et-services\/programmes-et-services-de-sante-mentale\/"},{"@type":"ListItem","position":4,"name":"Programme r\u00e9gional d&rsquo;intervention en sant\u00e9 mentale et programme de sant\u00e9 mentale pour personnes \u00e2g\u00e9es","item":"https:\/\/nbrhc.on.ca\/fr\/programme-et-services\/programmes-et-services-de-sante-mentale\/regional-outreach-seniors-mental-health-program\/"},{"@type":"ListItem","position":5,"name":"Programme de sant\u00e9 mentale pour personnes \u00e2g\u00e9es","item":"https:\/\/nbrhc.on.ca\/fr\/programme-et-services\/programmes-et-services-de-sante-mentale\/regional-outreach-seniors-mental-health-program\/programme-de-sante-mentale-pour-personnes-agees\/"},{"@type":"ListItem","position":6,"name":"Conseiller en ressources psychog\u00e9riatriques (CRP)"}]},{"@type":"WebSite","@id":"https:\/\/nbrhc.on.ca\/#website","url":"https:\/\/nbrhc.on.ca\/","name":"NBRHC","description":"North Bay Regional Health Centre","publisher":{"@id":"https:\/\/nbrhc.on.ca\/#organization"},"potentialAction":[{"@type":"SearchAction","target":{"@type":"EntryPoint","urlTemplate":"https:\/\/nbrhc.on.ca\/?s={search_term_string}"},"query-input":{"@type":"PropertyValueSpecification","valueRequired":true,"valueName":"search_term_string"}}],"inLanguage":"fr-FR"},{"@type":"Organization","@id":"https:\/\/nbrhc.on.ca\/#organization","name":"North Bay Regional Health Centre","url":"https:\/\/nbrhc.on.ca\/","logo":{"@type":"ImageObject","inLanguage":"fr-FR","@id":"https:\/\/nbrhc.on.ca\/#\/schema\/logo\/image\/","url":"https:\/\/nbrhc.on.ca\/wp-content\/uploads\/2015\/07\/logo.jpg","contentUrl":"https:\/\/nbrhc.on.ca\/wp-content\/uploads\/2015\/07\/logo.jpg","width":870,"height":128,"caption":"North Bay Regional Health Centre"},"image":{"@id":"https:\/\/nbrhc.on.ca\/#\/schema\/logo\/image\/"},"sameAs":["https:\/\/www.facebook.com\/nbrhc","https:\/\/x.com\/NBRHC","https:\/\/www.linkedin.com\/company\/north-bay-regional-health-centre-nbrhc","https:\/\/www.pinterest.com\/nbrhc","https:\/\/www.youtube.com\/TheNBRHC"]}]}},"_links":{"self":[{"href":"https:\/\/nbrhc.on.ca\/fr\/wp-json\/wp\/v2\/pages\/6670","targetHints":{"allow":["GET"]}}],"collection":[{"href":"https:\/\/nbrhc.on.ca\/fr\/wp-json\/wp\/v2\/pages"}],"about":[{"href":"https:\/\/nbrhc.on.ca\/fr\/wp-json\/wp\/v2\/types\/page"}],"author":[{"embeddable":true,"href":"https:\/\/nbrhc.on.ca\/fr\/wp-json\/wp\/v2\/users\/17"}],"replies":[{"embeddable":true,"href":"https:\/\/nbrhc.on.ca\/fr\/wp-json\/wp\/v2\/comments?post=6670"}],"version-history":[{"count":1,"href":"https:\/\/nbrhc.on.ca\/fr\/wp-json\/wp\/v2\/pages\/6670\/revisions"}],"predecessor-version":[{"id":27706,"href":"https:\/\/nbrhc.on.ca\/fr\/wp-json\/wp\/v2\/pages\/6670\/revisions\/27706"}],"up":[{"embeddable":true,"href":"https:\/\/nbrhc.on.ca\/fr\/wp-json\/wp\/v2\/pages\/2649"}],"wp:attachment":[{"href":"https:\/\/nbrhc.on.ca\/fr\/wp-json\/wp\/v2\/media?parent=6670"}],"wp:term":[{"taxonomy":"post_tag","embeddable":true,"href":"https:\/\/nbrhc.on.ca\/fr\/wp-json\/wp\/v2\/tags?post=6670"}],"curies":[{"name":"wp","href":"https:\/\/api.w.org\/{rel}","templated":true}]}}