{"id":6678,"date":"2014-07-08T12:56:36","date_gmt":"2014-07-08T16:56:36","guid":{"rendered":"http:\/\/www.nbrhc.on.ca\/?page_id=6678"},"modified":"2021-09-13T14:11:25","modified_gmt":"2021-09-13T18:11:25","slug":"unite-devaluation-des-comportements-reactifs","status":"publish","type":"page","link":"https:\/\/nbrhc.on.ca\/fr\/programme-et-services\/programmes-et-services-de-sante-mentale\/regional-outreach-seniors-mental-health-program\/programme-de-sante-mentale-pour-personnes-agees\/unite-devaluation-des-comportements-reactifs\/","title":{"rendered":"Unit\u00e9 d\u2019\u00e9valuation des comportements r\u00e9actifs (Pavillon du ch\u00eane)"},"content":{"rendered":"<h2><strong>Pavillon du ch\u00eane<\/strong><\/h2>\n<p><strong>Pavillon du ch\u00eane- Unit\u00e9 r\u00e9gionale de traitement des d\u00e9mences \u2013 emplacement Kirkwood \u00e0 Sudbury \u2013 18 lits<\/strong><\/p>\n<p>\u00c9valuation et traitement sp\u00e9cialis\u00e9s complets des adultes plus \u00e2g\u00e9s qui vivent avec une d\u00e9mence li\u00e9e \u00e0 l\u2019\u00e2ge et qui manifestent des comportements r\u00e9actifs. Les personnes admises comprennent souvent celles dont l\u2019\u00e9tat est compliqu\u00e9 par des sympt\u00f4mes comportementaux et psychologiques et par des comorbidit\u00e9s m\u00e9dicales qui d\u00e9passent les capacit\u00e9s des services communautaires, des h\u00f4pitaux g\u00e9n\u00e9raux, des services de soins continus complexes et du syst\u00e8me de soins de longue dur\u00e9e. Une approche interdisciplinaire et holistique est utilis\u00e9e pour traiter les causes des comportements r\u00e9actifs au moyen d\u2019interventions environnementales, comportementales et pharmacologiques fond\u00e9es sur de meilleures pratiques.<\/p>\n<p>Au Pavillon du ch\u00eane, on d\u00e9termine et documente des strat\u00e9gies qui r\u00e9duisent ou \u00e9liminent les comportements r\u00e9actifs et on formule des recommandations qui visent \u00e0\u00a0:<\/p>\n<ul>\n<li>am\u00e9liorer la qualit\u00e9 de vie globale du patient;<\/li>\n<li>favoriser la participation du patient, de sa famille et de son partenaire de soins;<\/li>\n<li>augmenter les occasions d\u2019apprentissage au sein de la communaut\u00e9;<\/li>\n<li>faciliter la transition du patient vers le milieu le plus appropri\u00e9 dans la communaut\u00e9 apr\u00e8s qu\u2019il aura re\u00e7u son cong\u00e9 du programme.<\/li>\n<\/ul>\n","protected":false},"excerpt":{"rendered":"<p>Pavillon du ch\u00eane Pavillon du ch\u00eane- Unit\u00e9 r\u00e9gionale de traitement des d\u00e9mences \u2013 emplacement Kirkwood \u00e0 Sudbury \u2013 18 lits \u00c9valuation et traitement sp\u00e9cialis\u00e9s complets des adultes plus \u00e2g\u00e9s qui [&hellip;]<\/p>\n","protected":false},"author":17,"featured_media":0,"parent":2649,"menu_order":0,"comment_status":"open","ping_status":"open","template":"","meta":{"_acf_changed":false,"_monsterinsights_skip_tracking":false,"_monsterinsights_sitenote_active":false,"_monsterinsights_sitenote_note":"","_monsterinsights_sitenote_category":0,"footnotes":"","_links_to":"","_links_to_target":"","_wp_rev_ctl_limit":""},"tags":[1820,1825,1824],"class_list":["post-6678","page","type-page","status-publish","hentry","tag-geriatrie","tag-geriatrique","tag-personnes-agees"],"acf":[],"yoast_head":"<!-- This site is optimized with the Yoast SEO plugin v27.4 - https:\/\/yoast.com\/product\/yoast-seo-wordpress\/ -->\n<title>Programme de sant\u00e9 mentale pour personnes \u00e2g\u00e9es<\/title>\n<meta name=\"description\" content=\"\u00c9valuation et traitement sp\u00e9cialis\u00e9s complets des personnes \u00e2g\u00e9es atteintes d&#039;une d\u00e9mence li\u00e9e \u00e0 l&#039;\u00e2ge qui manifestent des comportements r\u00e9actifs\" \/>\n<meta name=\"robots\" content=\"index, follow, max-snippet:-1, max-image-preview:large, max-video-preview:-1\" \/>\n<link rel=\"canonical\" href=\"https:\/\/nbrhc.on.ca\/fr\/programme-et-services\/programmes-et-services-de-sante-mentale\/regional-outreach-seniors-mental-health-program\/programme-de-sante-mentale-pour-personnes-agees\/unite-devaluation-des-comportements-reactifs\/\" \/>\n<meta property=\"og:locale\" content=\"fr_FR\" \/>\n<meta property=\"og:type\" content=\"article\" \/>\n<meta property=\"og:title\" content=\"Programme de sant\u00e9 mentale pour personnes \u00e2g\u00e9es\" \/>\n<meta property=\"og:description\" content=\"\u00c9valuation et traitement sp\u00e9cialis\u00e9s complets des personnes \u00e2g\u00e9es atteintes d&#039;une d\u00e9mence li\u00e9e \u00e0 l&#039;\u00e2ge qui manifestent des comportements r\u00e9actifs\" \/>\n<meta property=\"og:url\" content=\"https:\/\/nbrhc.on.ca\/fr\/programme-et-services\/programmes-et-services-de-sante-mentale\/regional-outreach-seniors-mental-health-program\/programme-de-sante-mentale-pour-personnes-agees\/unite-devaluation-des-comportements-reactifs\/\" \/>\n<meta property=\"og:site_name\" content=\"NBRHC\" \/>\n<meta property=\"article:publisher\" content=\"https:\/\/www.facebook.com\/nbrhc\" \/>\n<meta property=\"article:modified_time\" content=\"2021-09-13T18:11:25+00:00\" \/>\n<meta property=\"og:image\" content=\"https:\/\/nbrhc.on.ca\/wp-content\/uploads\/2015\/07\/icon_col.jpeg\" \/>\n\t<meta property=\"og:image:width\" content=\"619\" \/>\n\t<meta property=\"og:image:height\" content=\"619\" \/>\n\t<meta property=\"og:image:type\" content=\"image\/jpeg\" \/>\n<meta name=\"twitter:label1\" content=\"Dur\u00e9e de lecture estim\u00e9e\" \/>\n\t<meta name=\"twitter:data1\" content=\"1 minute\" \/>\n<script type=\"application\/ld+json\" class=\"yoast-schema-graph\">{\"@context\":\"https:\\\/\\\/schema.org\",\"@graph\":[{\"@type\":\"WebPage\",\"@id\":\"https:\\\/\\\/nbrhc.on.ca\\\/fr\\\/programme-et-services\\\/programmes-et-services-de-sante-mentale\\\/regional-outreach-seniors-mental-health-program\\\/programme-de-sante-mentale-pour-personnes-agees\\\/unite-devaluation-des-comportements-reactifs\\\/\",\"url\":\"https:\\\/\\\/nbrhc.on.ca\\\/fr\\\/programme-et-services\\\/programmes-et-services-de-sante-mentale\\\/regional-outreach-seniors-mental-health-program\\\/programme-de-sante-mentale-pour-personnes-agees\\\/unite-devaluation-des-comportements-reactifs\\\/\",\"name\":\"Programme de sant\u00e9 mentale pour personnes \u00e2g\u00e9es\",\"isPartOf\":{\"@id\":\"https:\\\/\\\/nbrhc.on.ca\\\/#website\"},\"datePublished\":\"2014-07-08T16:56:36+00:00\",\"dateModified\":\"2021-09-13T18:11:25+00:00\",\"description\":\"\u00c9valuation et traitement sp\u00e9cialis\u00e9s complets des personnes \u00e2g\u00e9es atteintes d'une d\u00e9mence li\u00e9e \u00e0 l'\u00e2ge qui manifestent des comportements r\u00e9actifs\",\"breadcrumb\":{\"@id\":\"https:\\\/\\\/nbrhc.on.ca\\\/fr\\\/programme-et-services\\\/programmes-et-services-de-sante-mentale\\\/regional-outreach-seniors-mental-health-program\\\/programme-de-sante-mentale-pour-personnes-agees\\\/unite-devaluation-des-comportements-reactifs\\\/#breadcrumb\"},\"inLanguage\":\"fr-FR\",\"potentialAction\":[{\"@type\":\"ReadAction\",\"target\":[\"https:\\\/\\\/nbrhc.on.ca\\\/fr\\\/programme-et-services\\\/programmes-et-services-de-sante-mentale\\\/regional-outreach-seniors-mental-health-program\\\/programme-de-sante-mentale-pour-personnes-agees\\\/unite-devaluation-des-comportements-reactifs\\\/\"]}]},{\"@type\":\"BreadcrumbList\",\"@id\":\"https:\\\/\\\/nbrhc.on.ca\\\/fr\\\/programme-et-services\\\/programmes-et-services-de-sante-mentale\\\/regional-outreach-seniors-mental-health-program\\\/programme-de-sante-mentale-pour-personnes-agees\\\/unite-devaluation-des-comportements-reactifs\\\/#breadcrumb\",\"itemListElement\":[{\"@type\":\"ListItem\",\"position\":1,\"name\":\"Home\",\"item\":\"https:\\\/\\\/nbrhc.on.ca\\\/fr\\\/\"},{\"@type\":\"ListItem\",\"position\":2,\"name\":\"Programmes et services\",\"item\":\"https:\\\/\\\/nbrhc.on.ca\\\/fr\\\/programme-et-services\\\/\"},{\"@type\":\"ListItem\",\"position\":3,\"name\":\"Programmes et services de sant\u00e9 mentale\",\"item\":\"https:\\\/\\\/nbrhc.on.ca\\\/fr\\\/programme-et-services\\\/programmes-et-services-de-sante-mentale\\\/\"},{\"@type\":\"ListItem\",\"position\":4,\"name\":\"Programme r\u00e9gional d&rsquo;intervention en sant\u00e9 mentale et programme de sant\u00e9 mentale pour personnes \u00e2g\u00e9es\",\"item\":\"https:\\\/\\\/nbrhc.on.ca\\\/fr\\\/programme-et-services\\\/programmes-et-services-de-sante-mentale\\\/regional-outreach-seniors-mental-health-program\\\/\"},{\"@type\":\"ListItem\",\"position\":5,\"name\":\"Programme de sant\u00e9 mentale pour personnes \u00e2g\u00e9es\",\"item\":\"https:\\\/\\\/nbrhc.on.ca\\\/fr\\\/programme-et-services\\\/programmes-et-services-de-sante-mentale\\\/regional-outreach-seniors-mental-health-program\\\/programme-de-sante-mentale-pour-personnes-agees\\\/\"},{\"@type\":\"ListItem\",\"position\":6,\"name\":\"Unit\u00e9 d\u2019\u00e9valuation des comportements r\u00e9actifs (Pavillon du ch\u00eane)\"}]},{\"@type\":\"WebSite\",\"@id\":\"https:\\\/\\\/nbrhc.on.ca\\\/#website\",\"url\":\"https:\\\/\\\/nbrhc.on.ca\\\/\",\"name\":\"NBRHC\",\"description\":\"North Bay Regional Health Centre\",\"publisher\":{\"@id\":\"https:\\\/\\\/nbrhc.on.ca\\\/#organization\"},\"potentialAction\":[{\"@type\":\"SearchAction\",\"target\":{\"@type\":\"EntryPoint\",\"urlTemplate\":\"https:\\\/\\\/nbrhc.on.ca\\\/?s={search_term_string}\"},\"query-input\":{\"@type\":\"PropertyValueSpecification\",\"valueRequired\":true,\"valueName\":\"search_term_string\"}}],\"inLanguage\":\"fr-FR\"},{\"@type\":\"Organization\",\"@id\":\"https:\\\/\\\/nbrhc.on.ca\\\/#organization\",\"name\":\"North Bay Regional Health Centre\",\"url\":\"https:\\\/\\\/nbrhc.on.ca\\\/\",\"logo\":{\"@type\":\"ImageObject\",\"inLanguage\":\"fr-FR\",\"@id\":\"https:\\\/\\\/nbrhc.on.ca\\\/#\\\/schema\\\/logo\\\/image\\\/\",\"url\":\"https:\\\/\\\/nbrhc.on.ca\\\/wp-content\\\/uploads\\\/2015\\\/07\\\/logo.jpg\",\"contentUrl\":\"https:\\\/\\\/nbrhc.on.ca\\\/wp-content\\\/uploads\\\/2015\\\/07\\\/logo.jpg\",\"width\":870,\"height\":128,\"caption\":\"North Bay Regional Health Centre\"},\"image\":{\"@id\":\"https:\\\/\\\/nbrhc.on.ca\\\/#\\\/schema\\\/logo\\\/image\\\/\"},\"sameAs\":[\"https:\\\/\\\/www.facebook.com\\\/nbrhc\",\"https:\\\/\\\/x.com\\\/NBRHC\",\"https:\\\/\\\/www.linkedin.com\\\/company\\\/north-bay-regional-health-centre-nbrhc\",\"https:\\\/\\\/www.pinterest.com\\\/nbrhc\",\"https:\\\/\\\/www.youtube.com\\\/TheNBRHC\"]}]}<\/script>\n<!-- \/ Yoast SEO plugin. -->","yoast_head_json":{"title":"Programme de sant\u00e9 mentale pour personnes \u00e2g\u00e9es","description":"\u00c9valuation et traitement sp\u00e9cialis\u00e9s complets des personnes \u00e2g\u00e9es atteintes d'une d\u00e9mence li\u00e9e \u00e0 l'\u00e2ge qui manifestent des comportements r\u00e9actifs","robots":{"index":"index","follow":"follow","max-snippet":"max-snippet:-1","max-image-preview":"max-image-preview:large","max-video-preview":"max-video-preview:-1"},"canonical":"https:\/\/nbrhc.on.ca\/fr\/programme-et-services\/programmes-et-services-de-sante-mentale\/regional-outreach-seniors-mental-health-program\/programme-de-sante-mentale-pour-personnes-agees\/unite-devaluation-des-comportements-reactifs\/","og_locale":"fr_FR","og_type":"article","og_title":"Programme de sant\u00e9 mentale pour personnes \u00e2g\u00e9es","og_description":"\u00c9valuation et traitement sp\u00e9cialis\u00e9s complets des personnes \u00e2g\u00e9es atteintes d'une d\u00e9mence li\u00e9e \u00e0 l'\u00e2ge qui manifestent des comportements r\u00e9actifs","og_url":"https:\/\/nbrhc.on.ca\/fr\/programme-et-services\/programmes-et-services-de-sante-mentale\/regional-outreach-seniors-mental-health-program\/programme-de-sante-mentale-pour-personnes-agees\/unite-devaluation-des-comportements-reactifs\/","og_site_name":"NBRHC","article_publisher":"https:\/\/www.facebook.com\/nbrhc","article_modified_time":"2021-09-13T18:11:25+00:00","og_image":[{"width":619,"height":619,"url":"https:\/\/nbrhc.on.ca\/wp-content\/uploads\/2015\/07\/icon_col.jpeg","type":"image\/jpeg"}],"twitter_misc":{"Dur\u00e9e de lecture estim\u00e9e":"1 minute"},"schema":{"@context":"https:\/\/schema.org","@graph":[{"@type":"WebPage","@id":"https:\/\/nbrhc.on.ca\/fr\/programme-et-services\/programmes-et-services-de-sante-mentale\/regional-outreach-seniors-mental-health-program\/programme-de-sante-mentale-pour-personnes-agees\/unite-devaluation-des-comportements-reactifs\/","url":"https:\/\/nbrhc.on.ca\/fr\/programme-et-services\/programmes-et-services-de-sante-mentale\/regional-outreach-seniors-mental-health-program\/programme-de-sante-mentale-pour-personnes-agees\/unite-devaluation-des-comportements-reactifs\/","name":"Programme de sant\u00e9 mentale pour personnes \u00e2g\u00e9es","isPartOf":{"@id":"https:\/\/nbrhc.on.ca\/#website"},"datePublished":"2014-07-08T16:56:36+00:00","dateModified":"2021-09-13T18:11:25+00:00","description":"\u00c9valuation et traitement sp\u00e9cialis\u00e9s complets des personnes \u00e2g\u00e9es atteintes d'une d\u00e9mence li\u00e9e \u00e0 l'\u00e2ge qui manifestent des comportements r\u00e9actifs","breadcrumb":{"@id":"https:\/\/nbrhc.on.ca\/fr\/programme-et-services\/programmes-et-services-de-sante-mentale\/regional-outreach-seniors-mental-health-program\/programme-de-sante-mentale-pour-personnes-agees\/unite-devaluation-des-comportements-reactifs\/#breadcrumb"},"inLanguage":"fr-FR","potentialAction":[{"@type":"ReadAction","target":["https:\/\/nbrhc.on.ca\/fr\/programme-et-services\/programmes-et-services-de-sante-mentale\/regional-outreach-seniors-mental-health-program\/programme-de-sante-mentale-pour-personnes-agees\/unite-devaluation-des-comportements-reactifs\/"]}]},{"@type":"BreadcrumbList","@id":"https:\/\/nbrhc.on.ca\/fr\/programme-et-services\/programmes-et-services-de-sante-mentale\/regional-outreach-seniors-mental-health-program\/programme-de-sante-mentale-pour-personnes-agees\/unite-devaluation-des-comportements-reactifs\/#breadcrumb","itemListElement":[{"@type":"ListItem","position":1,"name":"Home","item":"https:\/\/nbrhc.on.ca\/fr\/"},{"@type":"ListItem","position":2,"name":"Programmes et services","item":"https:\/\/nbrhc.on.ca\/fr\/programme-et-services\/"},{"@type":"ListItem","position":3,"name":"Programmes et services de sant\u00e9 mentale","item":"https:\/\/nbrhc.on.ca\/fr\/programme-et-services\/programmes-et-services-de-sante-mentale\/"},{"@type":"ListItem","position":4,"name":"Programme r\u00e9gional d&rsquo;intervention en sant\u00e9 mentale et programme de sant\u00e9 mentale pour personnes \u00e2g\u00e9es","item":"https:\/\/nbrhc.on.ca\/fr\/programme-et-services\/programmes-et-services-de-sante-mentale\/regional-outreach-seniors-mental-health-program\/"},{"@type":"ListItem","position":5,"name":"Programme de sant\u00e9 mentale pour personnes \u00e2g\u00e9es","item":"https:\/\/nbrhc.on.ca\/fr\/programme-et-services\/programmes-et-services-de-sante-mentale\/regional-outreach-seniors-mental-health-program\/programme-de-sante-mentale-pour-personnes-agees\/"},{"@type":"ListItem","position":6,"name":"Unit\u00e9 d\u2019\u00e9valuation des comportements r\u00e9actifs (Pavillon du ch\u00eane)"}]},{"@type":"WebSite","@id":"https:\/\/nbrhc.on.ca\/#website","url":"https:\/\/nbrhc.on.ca\/","name":"NBRHC","description":"North Bay Regional Health Centre","publisher":{"@id":"https:\/\/nbrhc.on.ca\/#organization"},"potentialAction":[{"@type":"SearchAction","target":{"@type":"EntryPoint","urlTemplate":"https:\/\/nbrhc.on.ca\/?s={search_term_string}"},"query-input":{"@type":"PropertyValueSpecification","valueRequired":true,"valueName":"search_term_string"}}],"inLanguage":"fr-FR"},{"@type":"Organization","@id":"https:\/\/nbrhc.on.ca\/#organization","name":"North Bay Regional Health Centre","url":"https:\/\/nbrhc.on.ca\/","logo":{"@type":"ImageObject","inLanguage":"fr-FR","@id":"https:\/\/nbrhc.on.ca\/#\/schema\/logo\/image\/","url":"https:\/\/nbrhc.on.ca\/wp-content\/uploads\/2015\/07\/logo.jpg","contentUrl":"https:\/\/nbrhc.on.ca\/wp-content\/uploads\/2015\/07\/logo.jpg","width":870,"height":128,"caption":"North Bay Regional Health Centre"},"image":{"@id":"https:\/\/nbrhc.on.ca\/#\/schema\/logo\/image\/"},"sameAs":["https:\/\/www.facebook.com\/nbrhc","https:\/\/x.com\/NBRHC","https:\/\/www.linkedin.com\/company\/north-bay-regional-health-centre-nbrhc","https:\/\/www.pinterest.com\/nbrhc","https:\/\/www.youtube.com\/TheNBRHC"]}]}},"_links":{"self":[{"href":"https:\/\/nbrhc.on.ca\/fr\/wp-json\/wp\/v2\/pages\/6678","targetHints":{"allow":["GET"]}}],"collection":[{"href":"https:\/\/nbrhc.on.ca\/fr\/wp-json\/wp\/v2\/pages"}],"about":[{"href":"https:\/\/nbrhc.on.ca\/fr\/wp-json\/wp\/v2\/types\/page"}],"author":[{"embeddable":true,"href":"https:\/\/nbrhc.on.ca\/fr\/wp-json\/wp\/v2\/users\/17"}],"replies":[{"embeddable":true,"href":"https:\/\/nbrhc.on.ca\/fr\/wp-json\/wp\/v2\/comments?post=6678"}],"version-history":[{"count":2,"href":"https:\/\/nbrhc.on.ca\/fr\/wp-json\/wp\/v2\/pages\/6678\/revisions"}],"predecessor-version":[{"id":23976,"href":"https:\/\/nbrhc.on.ca\/fr\/wp-json\/wp\/v2\/pages\/6678\/revisions\/23976"}],"up":[{"embeddable":true,"href":"https:\/\/nbrhc.on.ca\/fr\/wp-json\/wp\/v2\/pages\/2649"}],"wp:attachment":[{"href":"https:\/\/nbrhc.on.ca\/fr\/wp-json\/wp\/v2\/media?parent=6678"}],"wp:term":[{"taxonomy":"post_tag","embeddable":true,"href":"https:\/\/nbrhc.on.ca\/fr\/wp-json\/wp\/v2\/tags?post=6678"}],"curies":[{"name":"wp","href":"https:\/\/api.w.org\/{rel}","templated":true}]}}