{"id":6792,"date":"2014-07-11T15:12:32","date_gmt":"2014-07-11T19:12:32","guid":{"rendered":"http:\/\/www.nbrhc.on.ca\/?page_id=6792"},"modified":"2024-06-27T22:48:56","modified_gmt":"2024-06-28T02:48:56","slug":"rapports-de-consommation-denergie-et-dintensite-energetique","status":"publish","type":"page","link":"https:\/\/nbrhc.on.ca\/fr\/responsabilisation\/rapports-de-consommation-denergie-et-dintensite-energetique\/","title":{"rendered":"Rapports de consommation d&rsquo;\u00e9nergie et d&rsquo;intensit\u00e9 \u00e9nerg\u00e9tique"},"content":{"rendered":"<p>Le 1<sup>er<\/sup> janvier 2019, la <em>Loi de 2009 sur l\u2019\u00e9nergie verte<\/em> et ses r\u00e8glements ont \u00e9t\u00e9 abrog\u00e9s. Certaines initiatives de conservation de l\u2019\u00e9nergie et d\u2019efficacit\u00e9 \u00e9nerg\u00e9tique, d\u00e9coulant par exemple du r\u00e8glement en mati\u00e8re de rapports sur l\u2019\u00e9nergie dans le secteur parapublic, sont d\u00e9sormais incluses dans la <em>Loi de 1998 sur l\u2019\u00e9lectricit\u00e9<\/em>. Le R\u00e8glement de l\u2019Ontario 397\/11 (Plans de conservation de l\u2019\u00e9nergie et de gestion de la demande) a \u00e9t\u00e9 remplac\u00e9 par le R\u00e8glement de l\u2019Ontario 507\/18 (Secteur parapublic\u00a0: Rapports sur l\u2019\u00e9nergie et plans de conservation de l\u2019\u00e9nergie et de gestion de la demande). Aucun changement n\u2019a \u00e9t\u00e9 apport\u00e9 \u00e0 ce r\u00e8glement lorsqu\u2019il a \u00e9t\u00e9 remplac\u00e9.<\/p>\n<p>En vertu du R\u00e8glement de l\u2019Ontario 507\/18, les organismes publics sont tenus de soumettre un rapport annuel sur l\u2019\u00e9nergie pour 2017 et de mettre \u00e0 jour leurs plans quinquennaux de conservation de l\u2019\u00e9nergie et de gestion de la demande.<\/p>\n<p>Pour vous renseigner sur la <em>Loi de 1998 sur l\u2019\u00e9lectricit\u00e9<\/em> et les rapports connexes, cliquez ici\u00a0:\u00a0<a href=\"https:\/\/www.ontario.ca\/fr\/lois\/reglement\/180507\" target=\"_blank\" rel=\"noopener noreferrer\">https:\/\/www.ontario.ca\/fr\/lois\/reglement\/180507<\/a><\/p>\n<ul>\n<li><a href=\"\/wp-content\/uploads\/2024\/06\/Energy-Consumption-Report-2023.pdf\" target=\"_blank\" rel=\"noopener\">Rapports de consommation d&rsquo;\u00e9nergie et d&rsquo;intensit\u00e9 \u00e9nerg\u00e9tique de 2023<\/a> <span>(disponible en\u00a0<\/span><em>anglais seulement)<\/em><\/li>\n<li><a href=\"\/wp-content\/uploads\/2023\/11\/Energy-Consumption-Report-2022.pdf\" target=\"_blank\" rel=\"noopener\">Rapports de consommation d&rsquo;\u00e9nergie et d&rsquo;intensit\u00e9 \u00e9nerg\u00e9tique de 2022<\/a>\u00a0<span>(disponible en\u00a0<\/span><em>anglais seulement)<\/em><\/li>\n<li><a href=\"\/wp-content\/uploads\/2023\/11\/Energy-Consumption-Report-2021.pdf\" target=\"_blank\" rel=\"noopener\">Rapports de consommation d&rsquo;\u00e9nergie et d&rsquo;intensit\u00e9 \u00e9nerg\u00e9tique de 2021<\/a>\u00a0<span>(disponible en\u00a0<\/span><em>anglais seulement)<\/em><\/li>\n<li><a href=\"\/wp-content\/uploads\/2022\/04\/Energy-Consumption-Report-2020.pdf\" target=\"_blank\" rel=\"noopener\">Rapports de consommation d&rsquo;\u00e9nergie et d&rsquo;intensit\u00e9 \u00e9nerg\u00e9tique de 2020<\/a>\u00a0<span>(disponible en\u00a0<\/span><em>anglais seulement)<\/em><\/li>\n<li><a href=\"\/wp-content\/uploads\/2021\/07\/Energy-Consumption-Report-2019.pdf\" target=\"_blank\" rel=\"noopener\">Rapports de consommation d&rsquo;\u00e9nergie et d&rsquo;intensit\u00e9 \u00e9nerg\u00e9tique de 2019<\/a>\u00a0<span>(disponible en\u00a0<\/span><em>anglais seulement)<\/em><\/li>\n<li><a href=\"\/wp-content\/uploads\/2020\/09\/Energy-Consumption-Report-2018.pdf\" target=\"_blank\" rel=\"noopener noreferrer\">Rapports de consommation d&rsquo;\u00e9nergie et d&rsquo;intensit\u00e9 \u00e9nerg\u00e9tique de 2018<\/a>\u00a0<span>(disponible en\u00a0<\/span><em>anglais seulement)<\/em><\/li>\n<li><a href=\"\/wp-content\/uploads\/2019\/06\/Energy-Consumption-Report-2017.pdf\" target=\"_blank\" rel=\"noopener noreferrer\">Rapports de consommation d&rsquo;\u00e9nergie et d&rsquo;intensit\u00e9 \u00e9nerg\u00e9tique de 2017<\/a>\u00a0<span>(disponible en\u00a0<\/span><em>anglais seulement)<\/em><\/li>\n<li><a href=\"\/wp-content\/uploads\/2018\/06\/Energy-Consumption-Report.pdf\" target=\"_blank\" rel=\"noopener noreferrer\">Rapports de consommation d&rsquo;\u00e9nergie et d&rsquo;intensit\u00e9 \u00e9nerg\u00e9tique de 2016<\/a>\u00a0<span>(disponible en\u00a0<\/span><em>anglais seulement)<\/em><\/li>\n<li><a href=\"\/wp-content\/uploads\/2017\/06\/2015-Reportable-Energy-Usage-and-Intensity.pdf\" target=\"_blank\" rel=\"noopener noreferrer\">Rapports de consommation d&rsquo;\u00e9nergie et d&rsquo;intensit\u00e9 \u00e9nerg\u00e9tique de 2015<\/a>\u00a0<span>(disponible en\u00a0<\/span><em>anglais seulement)<\/em><\/li>\n<li><a href=\"\/wp-content\/uploads\/2016\/06\/2014-Reportable-Energy-Usage-and-Intensity.pdf\" target=\"_blank\" rel=\"noopener noreferrer\">Rapports de consommation d&rsquo;\u00e9nergie et d&rsquo;intensit\u00e9 \u00e9nerg\u00e9tique de 2014<\/a>\u00a0<span>(disponible en\u00a0<\/span><em>anglais seulement)<\/em><\/li>\n<li><a href=\"\/wp-content\/uploads\/2015\/07\/2013-Reportable-Energy-Usage-and-Intensity.pdf\" target=\"_blank\" rel=\"noopener noreferrer\">Rapports de consommation d&rsquo;\u00e9nergie et d&rsquo;intensit\u00e9 \u00e9nerg\u00e9tique de 2013<\/a>\u00a0<span>(disponible en\u00a0<\/span><em>anglais seulement)<\/em><\/li>\n<li><a href=\"\/wp-content\/uploads\/2014\/05\/Energy-Report-Public-2011-FINAL.pdf\" target=\"_blank\" rel=\"noopener noreferrer\">Rapports de consommation d&rsquo;\u00e9nergie et d&rsquo;intensit\u00e9 \u00e9nerg\u00e9tique de 2011<\/a>\u00a0(disponible en\u00a0<em>anglais seulement<\/em>)<\/li>\n<li><a href=\"\/wp-content\/uploads\/2024\/06\/energy-conservation-and-demand-management-plan-2024-2029.pdf\" target=\"_blank\" rel=\"noopener noreferrer\">Plans quinquennaux de conservation de l\u2019\u00e9nergie et de gestion de la demande (CEGD) de 2024-2029<\/a>\u00a0(disponible en\u00a0<em>anglais seulement)<\/em><\/li>\n<\/ul>\n","protected":false},"excerpt":{"rendered":"<p>Le 1er janvier 2019, la Loi de 2009 sur l\u2019\u00e9nergie verte et ses r\u00e8glements ont \u00e9t\u00e9 abrog\u00e9s. Certaines initiatives de conservation de l\u2019\u00e9nergie et d\u2019efficacit\u00e9 \u00e9nerg\u00e9tique, d\u00e9coulant par exemple du [&hellip;]<\/p>\n","protected":false},"author":17,"featured_media":0,"parent":1522,"menu_order":0,"comment_status":"open","ping_status":"open","template":"","meta":{"_acf_changed":false,"_monsterinsights_skip_tracking":false,"_monsterinsights_sitenote_active":false,"_monsterinsights_sitenote_note":"","_monsterinsights_sitenote_category":0,"footnotes":"","_links_to":"","_links_to_target":"","_wp_rev_ctl_limit":""},"tags":[570,571,569],"class_list":["post-6792","page","type-page","status-publish","hentry","tag-consommation-denergie","tag-intensite-energetique","tag-rapports-de-consommation-denergie-et-dintensite-energetique"],"acf":[],"yoast_head":"<!-- This site is optimized with the Yoast SEO plugin v27.4 - https:\/\/yoast.com\/product\/yoast-seo-wordpress\/ -->\n<title>Rapports de consommation d&#039;\u00e9nergie et d&#039;intensit\u00e9 \u00e9nerg\u00e9tique<\/title>\n<meta name=\"robots\" content=\"index, follow, max-snippet:-1, max-image-preview:large, max-video-preview:-1\" \/>\n<link rel=\"canonical\" href=\"https:\/\/nbrhc.on.ca\/fr\/responsabilisation\/rapports-de-consommation-denergie-et-dintensite-energetique\/\" \/>\n<meta property=\"og:locale\" content=\"fr_FR\" \/>\n<meta property=\"og:type\" content=\"article\" \/>\n<meta property=\"og:title\" content=\"Rapports de consommation d&#039;\u00e9nergie et d&#039;intensit\u00e9 \u00e9nerg\u00e9tique\" \/>\n<meta property=\"og:description\" content=\"Le 1er janvier 2019, la Loi de 2009 sur l\u2019\u00e9nergie verte et ses r\u00e8glements ont \u00e9t\u00e9 abrog\u00e9s. Certaines initiatives de conservation de l\u2019\u00e9nergie et d\u2019efficacit\u00e9 \u00e9nerg\u00e9tique, d\u00e9coulant par exemple du [&hellip;]\" \/>\n<meta property=\"og:url\" content=\"https:\/\/nbrhc.on.ca\/fr\/responsabilisation\/rapports-de-consommation-denergie-et-dintensite-energetique\/\" \/>\n<meta property=\"og:site_name\" content=\"NBRHC\" \/>\n<meta property=\"article:publisher\" content=\"https:\/\/www.facebook.com\/nbrhc\" \/>\n<meta property=\"article:modified_time\" content=\"2024-06-28T02:48:56+00:00\" \/>\n<meta property=\"og:image\" content=\"https:\/\/nbrhc.on.ca\/wp-content\/uploads\/2015\/07\/icon_col.jpeg\" \/>\n\t<meta property=\"og:image:width\" content=\"619\" \/>\n\t<meta property=\"og:image:height\" content=\"619\" \/>\n\t<meta property=\"og:image:type\" content=\"image\/jpeg\" \/>\n<meta name=\"twitter:label1\" content=\"Dur\u00e9e de lecture estim\u00e9e\" \/>\n\t<meta name=\"twitter:data1\" content=\"2 minutes\" \/>\n<script type=\"application\/ld+json\" class=\"yoast-schema-graph\">{\"@context\":\"https:\\\/\\\/schema.org\",\"@graph\":[{\"@type\":\"WebPage\",\"@id\":\"https:\\\/\\\/nbrhc.on.ca\\\/fr\\\/responsabilisation\\\/rapports-de-consommation-denergie-et-dintensite-energetique\\\/\",\"url\":\"https:\\\/\\\/nbrhc.on.ca\\\/fr\\\/responsabilisation\\\/rapports-de-consommation-denergie-et-dintensite-energetique\\\/\",\"name\":\"Rapports de consommation d'\u00e9nergie et d'intensit\u00e9 \u00e9nerg\u00e9tique\",\"isPartOf\":{\"@id\":\"https:\\\/\\\/nbrhc.on.ca\\\/#website\"},\"datePublished\":\"2014-07-11T19:12:32+00:00\",\"dateModified\":\"2024-06-28T02:48:56+00:00\",\"breadcrumb\":{\"@id\":\"https:\\\/\\\/nbrhc.on.ca\\\/fr\\\/responsabilisation\\\/rapports-de-consommation-denergie-et-dintensite-energetique\\\/#breadcrumb\"},\"inLanguage\":\"fr-FR\",\"potentialAction\":[{\"@type\":\"ReadAction\",\"target\":[\"https:\\\/\\\/nbrhc.on.ca\\\/fr\\\/responsabilisation\\\/rapports-de-consommation-denergie-et-dintensite-energetique\\\/\"]}]},{\"@type\":\"BreadcrumbList\",\"@id\":\"https:\\\/\\\/nbrhc.on.ca\\\/fr\\\/responsabilisation\\\/rapports-de-consommation-denergie-et-dintensite-energetique\\\/#breadcrumb\",\"itemListElement\":[{\"@type\":\"ListItem\",\"position\":1,\"name\":\"Home\",\"item\":\"https:\\\/\\\/nbrhc.on.ca\\\/fr\\\/\"},{\"@type\":\"ListItem\",\"position\":2,\"name\":\"Responsabilisation\",\"item\":\"https:\\\/\\\/nbrhc.on.ca\\\/fr\\\/responsabilisation\\\/\"},{\"@type\":\"ListItem\",\"position\":3,\"name\":\"Rapports de consommation d&#8217;\u00e9nergie et d&#8217;intensit\u00e9 \u00e9nerg\u00e9tique\"}]},{\"@type\":\"WebSite\",\"@id\":\"https:\\\/\\\/nbrhc.on.ca\\\/#website\",\"url\":\"https:\\\/\\\/nbrhc.on.ca\\\/\",\"name\":\"NBRHC\",\"description\":\"North Bay Regional Health Centre\",\"publisher\":{\"@id\":\"https:\\\/\\\/nbrhc.on.ca\\\/#organization\"},\"potentialAction\":[{\"@type\":\"SearchAction\",\"target\":{\"@type\":\"EntryPoint\",\"urlTemplate\":\"https:\\\/\\\/nbrhc.on.ca\\\/?s={search_term_string}\"},\"query-input\":{\"@type\":\"PropertyValueSpecification\",\"valueRequired\":true,\"valueName\":\"search_term_string\"}}],\"inLanguage\":\"fr-FR\"},{\"@type\":\"Organization\",\"@id\":\"https:\\\/\\\/nbrhc.on.ca\\\/#organization\",\"name\":\"North Bay Regional Health Centre\",\"url\":\"https:\\\/\\\/nbrhc.on.ca\\\/\",\"logo\":{\"@type\":\"ImageObject\",\"inLanguage\":\"fr-FR\",\"@id\":\"https:\\\/\\\/nbrhc.on.ca\\\/#\\\/schema\\\/logo\\\/image\\\/\",\"url\":\"https:\\\/\\\/nbrhc.on.ca\\\/wp-content\\\/uploads\\\/2015\\\/07\\\/logo.jpg\",\"contentUrl\":\"https:\\\/\\\/nbrhc.on.ca\\\/wp-content\\\/uploads\\\/2015\\\/07\\\/logo.jpg\",\"width\":870,\"height\":128,\"caption\":\"North Bay Regional Health Centre\"},\"image\":{\"@id\":\"https:\\\/\\\/nbrhc.on.ca\\\/#\\\/schema\\\/logo\\\/image\\\/\"},\"sameAs\":[\"https:\\\/\\\/www.facebook.com\\\/nbrhc\",\"https:\\\/\\\/x.com\\\/NBRHC\",\"https:\\\/\\\/www.linkedin.com\\\/company\\\/north-bay-regional-health-centre-nbrhc\",\"https:\\\/\\\/www.pinterest.com\\\/nbrhc\",\"https:\\\/\\\/www.youtube.com\\\/TheNBRHC\"]}]}<\/script>\n<!-- \/ Yoast SEO plugin. -->","yoast_head_json":{"title":"Rapports de consommation d'\u00e9nergie et d'intensit\u00e9 \u00e9nerg\u00e9tique","robots":{"index":"index","follow":"follow","max-snippet":"max-snippet:-1","max-image-preview":"max-image-preview:large","max-video-preview":"max-video-preview:-1"},"canonical":"https:\/\/nbrhc.on.ca\/fr\/responsabilisation\/rapports-de-consommation-denergie-et-dintensite-energetique\/","og_locale":"fr_FR","og_type":"article","og_title":"Rapports de consommation d'\u00e9nergie et d'intensit\u00e9 \u00e9nerg\u00e9tique","og_description":"Le 1er janvier 2019, la Loi de 2009 sur l\u2019\u00e9nergie verte et ses r\u00e8glements ont \u00e9t\u00e9 abrog\u00e9s. Certaines initiatives de conservation de l\u2019\u00e9nergie et d\u2019efficacit\u00e9 \u00e9nerg\u00e9tique, d\u00e9coulant par exemple du [&hellip;]","og_url":"https:\/\/nbrhc.on.ca\/fr\/responsabilisation\/rapports-de-consommation-denergie-et-dintensite-energetique\/","og_site_name":"NBRHC","article_publisher":"https:\/\/www.facebook.com\/nbrhc","article_modified_time":"2024-06-28T02:48:56+00:00","og_image":[{"width":619,"height":619,"url":"https:\/\/nbrhc.on.ca\/wp-content\/uploads\/2015\/07\/icon_col.jpeg","type":"image\/jpeg"}],"twitter_misc":{"Dur\u00e9e de lecture estim\u00e9e":"2 minutes"},"schema":{"@context":"https:\/\/schema.org","@graph":[{"@type":"WebPage","@id":"https:\/\/nbrhc.on.ca\/fr\/responsabilisation\/rapports-de-consommation-denergie-et-dintensite-energetique\/","url":"https:\/\/nbrhc.on.ca\/fr\/responsabilisation\/rapports-de-consommation-denergie-et-dintensite-energetique\/","name":"Rapports de consommation d'\u00e9nergie et d'intensit\u00e9 \u00e9nerg\u00e9tique","isPartOf":{"@id":"https:\/\/nbrhc.on.ca\/#website"},"datePublished":"2014-07-11T19:12:32+00:00","dateModified":"2024-06-28T02:48:56+00:00","breadcrumb":{"@id":"https:\/\/nbrhc.on.ca\/fr\/responsabilisation\/rapports-de-consommation-denergie-et-dintensite-energetique\/#breadcrumb"},"inLanguage":"fr-FR","potentialAction":[{"@type":"ReadAction","target":["https:\/\/nbrhc.on.ca\/fr\/responsabilisation\/rapports-de-consommation-denergie-et-dintensite-energetique\/"]}]},{"@type":"BreadcrumbList","@id":"https:\/\/nbrhc.on.ca\/fr\/responsabilisation\/rapports-de-consommation-denergie-et-dintensite-energetique\/#breadcrumb","itemListElement":[{"@type":"ListItem","position":1,"name":"Home","item":"https:\/\/nbrhc.on.ca\/fr\/"},{"@type":"ListItem","position":2,"name":"Responsabilisation","item":"https:\/\/nbrhc.on.ca\/fr\/responsabilisation\/"},{"@type":"ListItem","position":3,"name":"Rapports de consommation d&#8217;\u00e9nergie et d&#8217;intensit\u00e9 \u00e9nerg\u00e9tique"}]},{"@type":"WebSite","@id":"https:\/\/nbrhc.on.ca\/#website","url":"https:\/\/nbrhc.on.ca\/","name":"NBRHC","description":"North Bay Regional Health Centre","publisher":{"@id":"https:\/\/nbrhc.on.ca\/#organization"},"potentialAction":[{"@type":"SearchAction","target":{"@type":"EntryPoint","urlTemplate":"https:\/\/nbrhc.on.ca\/?s={search_term_string}"},"query-input":{"@type":"PropertyValueSpecification","valueRequired":true,"valueName":"search_term_string"}}],"inLanguage":"fr-FR"},{"@type":"Organization","@id":"https:\/\/nbrhc.on.ca\/#organization","name":"North Bay Regional Health Centre","url":"https:\/\/nbrhc.on.ca\/","logo":{"@type":"ImageObject","inLanguage":"fr-FR","@id":"https:\/\/nbrhc.on.ca\/#\/schema\/logo\/image\/","url":"https:\/\/nbrhc.on.ca\/wp-content\/uploads\/2015\/07\/logo.jpg","contentUrl":"https:\/\/nbrhc.on.ca\/wp-content\/uploads\/2015\/07\/logo.jpg","width":870,"height":128,"caption":"North Bay Regional Health Centre"},"image":{"@id":"https:\/\/nbrhc.on.ca\/#\/schema\/logo\/image\/"},"sameAs":["https:\/\/www.facebook.com\/nbrhc","https:\/\/x.com\/NBRHC","https:\/\/www.linkedin.com\/company\/north-bay-regional-health-centre-nbrhc","https:\/\/www.pinterest.com\/nbrhc","https:\/\/www.youtube.com\/TheNBRHC"]}]}},"_links":{"self":[{"href":"https:\/\/nbrhc.on.ca\/fr\/wp-json\/wp\/v2\/pages\/6792","targetHints":{"allow":["GET"]}}],"collection":[{"href":"https:\/\/nbrhc.on.ca\/fr\/wp-json\/wp\/v2\/pages"}],"about":[{"href":"https:\/\/nbrhc.on.ca\/fr\/wp-json\/wp\/v2\/types\/page"}],"author":[{"embeddable":true,"href":"https:\/\/nbrhc.on.ca\/fr\/wp-json\/wp\/v2\/users\/17"}],"replies":[{"embeddable":true,"href":"https:\/\/nbrhc.on.ca\/fr\/wp-json\/wp\/v2\/comments?post=6792"}],"version-history":[{"count":6,"href":"https:\/\/nbrhc.on.ca\/fr\/wp-json\/wp\/v2\/pages\/6792\/revisions"}],"predecessor-version":[{"id":40125,"href":"https:\/\/nbrhc.on.ca\/fr\/wp-json\/wp\/v2\/pages\/6792\/revisions\/40125"}],"up":[{"embeddable":true,"href":"https:\/\/nbrhc.on.ca\/fr\/wp-json\/wp\/v2\/pages\/1522"}],"wp:attachment":[{"href":"https:\/\/nbrhc.on.ca\/fr\/wp-json\/wp\/v2\/media?parent=6792"}],"wp:term":[{"taxonomy":"post_tag","embeddable":true,"href":"https:\/\/nbrhc.on.ca\/fr\/wp-json\/wp\/v2\/tags?post=6792"}],"curies":[{"name":"wp","href":"https:\/\/api.w.org\/{rel}","templated":true}]}}