{"id":7405,"date":"2014-07-28T15:14:44","date_gmt":"2014-07-28T19:14:44","guid":{"rendered":"http:\/\/www.nbrhc.on.ca\/?page_id=7405"},"modified":"2021-12-02T13:38:38","modified_gmt":"2021-12-02T18:38:38","slug":"clinique-dimmunisation-contre-le-virus-respiratoire-syncytial","status":"publish","type":"page","link":"https:\/\/nbrhc.on.ca\/fr\/programme-et-services\/services-aux-femmes-et-aux-enfants\/clinique-dimmunisation-contre-le-virus-respiratoire-syncytial\/","title":{"rendered":"Clinique d\u2019immunisation contre le virus respiratoire syncytial"},"content":{"rendered":"<p>La Clinique d\u2019immunisation contre le virus respiratoire syncytial (VRS) a \u00e9t\u00e9 mise en place pour appuyer les nourrissons qui risquent de contracter le virus respiratoire syncytial humain.<\/p>\n<p>Celui-ci est un virus qui cause des infections des voies respiratoires. Il est responsable de bon nombre d\u2019infections des voies respiratoires inf\u00e9rieures et des visites \u00e0 l\u2019h\u00f4pital pendant la petite enfance et l\u2019enfance.<\/p>\n<p>Les nourrissons qui r\u00e9pondent aux crit\u00e8res \u00e9tablis par le minist\u00e8re de la Sant\u00e9 sont admissibles \u00e0 une s\u00e9rie de vaccins qui les prot\u00e8gent contre le VRS. Les nourrissons re\u00e7oivent cinq ou six doses du vaccin, selon le nombre de cas d\u2019infections au VRS d\u00e9clar\u00e9s dans la communaut\u00e9 pendant la saison\u00a0 du VRS.<\/p>\n","protected":false},"excerpt":{"rendered":"<p>La Clinique d\u2019immunisation contre le virus respiratoire syncytial (VRS) a \u00e9t\u00e9 mise en place pour appuyer les nourrissons qui risquent de contracter le virus respiratoire syncytial humain. Celui-ci est un [&hellip;]<\/p>\n","protected":false},"author":17,"featured_media":0,"parent":2043,"menu_order":0,"comment_status":"open","ping_status":"open","template":"","meta":{"_acf_changed":false,"_monsterinsights_skip_tracking":false,"_monsterinsights_sitenote_active":false,"_monsterinsights_sitenote_note":"","_monsterinsights_sitenote_category":0,"footnotes":"","_links_to":"","_links_to_target":"","_wp_rev_ctl_limit":""},"tags":[1430,1431,1433,1432],"class_list":["post-7405","page","type-page","status-publish","hentry","tag-clinique-dimmunisation-contre-le-virus-respiratoire-syncytial","tag-virus-respiratoire-syncytial","tag-virus-respiratoire-syncytial-humain","tag-vrs"],"acf":[],"yoast_head":"<!-- This site is optimized with the Yoast SEO plugin v27.4 - https:\/\/yoast.com\/product\/yoast-seo-wordpress\/ -->\n<title>Clinique d\u2019immunisation contre le virus respiratoire syncytial<\/title>\n<meta name=\"description\" content=\"La clinique du VRS est une clinique en place pour soutenir les nourrissons \u00e0 risque de contracter le virus respiratoire syncytial humain\" \/>\n<meta name=\"robots\" content=\"index, follow, max-snippet:-1, max-image-preview:large, max-video-preview:-1\" \/>\n<link rel=\"canonical\" href=\"https:\/\/nbrhc.on.ca\/fr\/programme-et-services\/services-aux-femmes-et-aux-enfants\/clinique-dimmunisation-contre-le-virus-respiratoire-syncytial\/\" \/>\n<meta property=\"og:locale\" content=\"fr_FR\" \/>\n<meta property=\"og:type\" content=\"article\" \/>\n<meta property=\"og:title\" content=\"Clinique d\u2019immunisation contre le virus respiratoire syncytial\" \/>\n<meta property=\"og:description\" content=\"La clinique du VRS est une clinique en place pour soutenir les nourrissons \u00e0 risque de contracter le virus respiratoire syncytial humain\" \/>\n<meta property=\"og:url\" content=\"https:\/\/nbrhc.on.ca\/fr\/programme-et-services\/services-aux-femmes-et-aux-enfants\/clinique-dimmunisation-contre-le-virus-respiratoire-syncytial\/\" \/>\n<meta property=\"og:site_name\" content=\"NBRHC\" \/>\n<meta property=\"article:publisher\" content=\"https:\/\/www.facebook.com\/nbrhc\" \/>\n<meta property=\"article:modified_time\" content=\"2021-12-02T18:38:38+00:00\" \/>\n<meta property=\"og:image\" content=\"https:\/\/nbrhc.on.ca\/wp-content\/uploads\/2015\/07\/icon_col.jpeg\" \/>\n\t<meta property=\"og:image:width\" content=\"619\" \/>\n\t<meta property=\"og:image:height\" content=\"619\" \/>\n\t<meta property=\"og:image:type\" content=\"image\/jpeg\" \/>\n<meta name=\"twitter:label1\" content=\"Dur\u00e9e de lecture estim\u00e9e\" \/>\n\t<meta name=\"twitter:data1\" content=\"1 minute\" \/>\n<script type=\"application\/ld+json\" class=\"yoast-schema-graph\">{\"@context\":\"https:\\\/\\\/schema.org\",\"@graph\":[{\"@type\":\"WebPage\",\"@id\":\"https:\\\/\\\/nbrhc.on.ca\\\/fr\\\/programme-et-services\\\/services-aux-femmes-et-aux-enfants\\\/clinique-dimmunisation-contre-le-virus-respiratoire-syncytial\\\/\",\"url\":\"https:\\\/\\\/nbrhc.on.ca\\\/fr\\\/programme-et-services\\\/services-aux-femmes-et-aux-enfants\\\/clinique-dimmunisation-contre-le-virus-respiratoire-syncytial\\\/\",\"name\":\"Clinique d\u2019immunisation contre le virus respiratoire syncytial\",\"isPartOf\":{\"@id\":\"https:\\\/\\\/nbrhc.on.ca\\\/#website\"},\"datePublished\":\"2014-07-28T19:14:44+00:00\",\"dateModified\":\"2021-12-02T18:38:38+00:00\",\"description\":\"La clinique du VRS est une clinique en place pour soutenir les nourrissons \u00e0 risque de contracter le virus respiratoire syncytial humain\",\"breadcrumb\":{\"@id\":\"https:\\\/\\\/nbrhc.on.ca\\\/fr\\\/programme-et-services\\\/services-aux-femmes-et-aux-enfants\\\/clinique-dimmunisation-contre-le-virus-respiratoire-syncytial\\\/#breadcrumb\"},\"inLanguage\":\"fr-FR\",\"potentialAction\":[{\"@type\":\"ReadAction\",\"target\":[\"https:\\\/\\\/nbrhc.on.ca\\\/fr\\\/programme-et-services\\\/services-aux-femmes-et-aux-enfants\\\/clinique-dimmunisation-contre-le-virus-respiratoire-syncytial\\\/\"]}]},{\"@type\":\"BreadcrumbList\",\"@id\":\"https:\\\/\\\/nbrhc.on.ca\\\/fr\\\/programme-et-services\\\/services-aux-femmes-et-aux-enfants\\\/clinique-dimmunisation-contre-le-virus-respiratoire-syncytial\\\/#breadcrumb\",\"itemListElement\":[{\"@type\":\"ListItem\",\"position\":1,\"name\":\"Home\",\"item\":\"https:\\\/\\\/nbrhc.on.ca\\\/fr\\\/\"},{\"@type\":\"ListItem\",\"position\":2,\"name\":\"Programmes et services\",\"item\":\"https:\\\/\\\/nbrhc.on.ca\\\/fr\\\/programme-et-services\\\/\"},{\"@type\":\"ListItem\",\"position\":3,\"name\":\"Services aux femmes et aux enfants\",\"item\":\"https:\\\/\\\/nbrhc.on.ca\\\/fr\\\/programme-et-services\\\/services-aux-femmes-et-aux-enfants\\\/\"},{\"@type\":\"ListItem\",\"position\":4,\"name\":\"Clinique d\u2019immunisation contre le virus respiratoire syncytial\"}]},{\"@type\":\"WebSite\",\"@id\":\"https:\\\/\\\/nbrhc.on.ca\\\/#website\",\"url\":\"https:\\\/\\\/nbrhc.on.ca\\\/\",\"name\":\"NBRHC\",\"description\":\"North Bay Regional Health Centre\",\"publisher\":{\"@id\":\"https:\\\/\\\/nbrhc.on.ca\\\/#organization\"},\"potentialAction\":[{\"@type\":\"SearchAction\",\"target\":{\"@type\":\"EntryPoint\",\"urlTemplate\":\"https:\\\/\\\/nbrhc.on.ca\\\/?s={search_term_string}\"},\"query-input\":{\"@type\":\"PropertyValueSpecification\",\"valueRequired\":true,\"valueName\":\"search_term_string\"}}],\"inLanguage\":\"fr-FR\"},{\"@type\":\"Organization\",\"@id\":\"https:\\\/\\\/nbrhc.on.ca\\\/#organization\",\"name\":\"North Bay Regional Health Centre\",\"url\":\"https:\\\/\\\/nbrhc.on.ca\\\/\",\"logo\":{\"@type\":\"ImageObject\",\"inLanguage\":\"fr-FR\",\"@id\":\"https:\\\/\\\/nbrhc.on.ca\\\/#\\\/schema\\\/logo\\\/image\\\/\",\"url\":\"https:\\\/\\\/nbrhc.on.ca\\\/wp-content\\\/uploads\\\/2015\\\/07\\\/logo.jpg\",\"contentUrl\":\"https:\\\/\\\/nbrhc.on.ca\\\/wp-content\\\/uploads\\\/2015\\\/07\\\/logo.jpg\",\"width\":870,\"height\":128,\"caption\":\"North Bay Regional Health Centre\"},\"image\":{\"@id\":\"https:\\\/\\\/nbrhc.on.ca\\\/#\\\/schema\\\/logo\\\/image\\\/\"},\"sameAs\":[\"https:\\\/\\\/www.facebook.com\\\/nbrhc\",\"https:\\\/\\\/x.com\\\/NBRHC\",\"https:\\\/\\\/www.linkedin.com\\\/company\\\/north-bay-regional-health-centre-nbrhc\",\"https:\\\/\\\/www.pinterest.com\\\/nbrhc\",\"https:\\\/\\\/www.youtube.com\\\/TheNBRHC\"]}]}<\/script>\n<!-- \/ Yoast SEO plugin. -->","yoast_head_json":{"title":"Clinique d\u2019immunisation contre le virus respiratoire syncytial","description":"La clinique du VRS est une clinique en place pour soutenir les nourrissons \u00e0 risque de contracter le virus respiratoire syncytial humain","robots":{"index":"index","follow":"follow","max-snippet":"max-snippet:-1","max-image-preview":"max-image-preview:large","max-video-preview":"max-video-preview:-1"},"canonical":"https:\/\/nbrhc.on.ca\/fr\/programme-et-services\/services-aux-femmes-et-aux-enfants\/clinique-dimmunisation-contre-le-virus-respiratoire-syncytial\/","og_locale":"fr_FR","og_type":"article","og_title":"Clinique d\u2019immunisation contre le virus respiratoire syncytial","og_description":"La clinique du VRS est une clinique en place pour soutenir les nourrissons \u00e0 risque de contracter le virus respiratoire syncytial humain","og_url":"https:\/\/nbrhc.on.ca\/fr\/programme-et-services\/services-aux-femmes-et-aux-enfants\/clinique-dimmunisation-contre-le-virus-respiratoire-syncytial\/","og_site_name":"NBRHC","article_publisher":"https:\/\/www.facebook.com\/nbrhc","article_modified_time":"2021-12-02T18:38:38+00:00","og_image":[{"width":619,"height":619,"url":"https:\/\/nbrhc.on.ca\/wp-content\/uploads\/2015\/07\/icon_col.jpeg","type":"image\/jpeg"}],"twitter_misc":{"Dur\u00e9e de lecture estim\u00e9e":"1 minute"},"schema":{"@context":"https:\/\/schema.org","@graph":[{"@type":"WebPage","@id":"https:\/\/nbrhc.on.ca\/fr\/programme-et-services\/services-aux-femmes-et-aux-enfants\/clinique-dimmunisation-contre-le-virus-respiratoire-syncytial\/","url":"https:\/\/nbrhc.on.ca\/fr\/programme-et-services\/services-aux-femmes-et-aux-enfants\/clinique-dimmunisation-contre-le-virus-respiratoire-syncytial\/","name":"Clinique d\u2019immunisation contre le virus respiratoire syncytial","isPartOf":{"@id":"https:\/\/nbrhc.on.ca\/#website"},"datePublished":"2014-07-28T19:14:44+00:00","dateModified":"2021-12-02T18:38:38+00:00","description":"La clinique du VRS est une clinique en place pour soutenir les nourrissons \u00e0 risque de contracter le virus respiratoire syncytial humain","breadcrumb":{"@id":"https:\/\/nbrhc.on.ca\/fr\/programme-et-services\/services-aux-femmes-et-aux-enfants\/clinique-dimmunisation-contre-le-virus-respiratoire-syncytial\/#breadcrumb"},"inLanguage":"fr-FR","potentialAction":[{"@type":"ReadAction","target":["https:\/\/nbrhc.on.ca\/fr\/programme-et-services\/services-aux-femmes-et-aux-enfants\/clinique-dimmunisation-contre-le-virus-respiratoire-syncytial\/"]}]},{"@type":"BreadcrumbList","@id":"https:\/\/nbrhc.on.ca\/fr\/programme-et-services\/services-aux-femmes-et-aux-enfants\/clinique-dimmunisation-contre-le-virus-respiratoire-syncytial\/#breadcrumb","itemListElement":[{"@type":"ListItem","position":1,"name":"Home","item":"https:\/\/nbrhc.on.ca\/fr\/"},{"@type":"ListItem","position":2,"name":"Programmes et services","item":"https:\/\/nbrhc.on.ca\/fr\/programme-et-services\/"},{"@type":"ListItem","position":3,"name":"Services aux femmes et aux enfants","item":"https:\/\/nbrhc.on.ca\/fr\/programme-et-services\/services-aux-femmes-et-aux-enfants\/"},{"@type":"ListItem","position":4,"name":"Clinique d\u2019immunisation contre le virus respiratoire syncytial"}]},{"@type":"WebSite","@id":"https:\/\/nbrhc.on.ca\/#website","url":"https:\/\/nbrhc.on.ca\/","name":"NBRHC","description":"North Bay Regional Health Centre","publisher":{"@id":"https:\/\/nbrhc.on.ca\/#organization"},"potentialAction":[{"@type":"SearchAction","target":{"@type":"EntryPoint","urlTemplate":"https:\/\/nbrhc.on.ca\/?s={search_term_string}"},"query-input":{"@type":"PropertyValueSpecification","valueRequired":true,"valueName":"search_term_string"}}],"inLanguage":"fr-FR"},{"@type":"Organization","@id":"https:\/\/nbrhc.on.ca\/#organization","name":"North Bay Regional Health Centre","url":"https:\/\/nbrhc.on.ca\/","logo":{"@type":"ImageObject","inLanguage":"fr-FR","@id":"https:\/\/nbrhc.on.ca\/#\/schema\/logo\/image\/","url":"https:\/\/nbrhc.on.ca\/wp-content\/uploads\/2015\/07\/logo.jpg","contentUrl":"https:\/\/nbrhc.on.ca\/wp-content\/uploads\/2015\/07\/logo.jpg","width":870,"height":128,"caption":"North Bay Regional Health Centre"},"image":{"@id":"https:\/\/nbrhc.on.ca\/#\/schema\/logo\/image\/"},"sameAs":["https:\/\/www.facebook.com\/nbrhc","https:\/\/x.com\/NBRHC","https:\/\/www.linkedin.com\/company\/north-bay-regional-health-centre-nbrhc","https:\/\/www.pinterest.com\/nbrhc","https:\/\/www.youtube.com\/TheNBRHC"]}]}},"_links":{"self":[{"href":"https:\/\/nbrhc.on.ca\/fr\/wp-json\/wp\/v2\/pages\/7405","targetHints":{"allow":["GET"]}}],"collection":[{"href":"https:\/\/nbrhc.on.ca\/fr\/wp-json\/wp\/v2\/pages"}],"about":[{"href":"https:\/\/nbrhc.on.ca\/fr\/wp-json\/wp\/v2\/types\/page"}],"author":[{"embeddable":true,"href":"https:\/\/nbrhc.on.ca\/fr\/wp-json\/wp\/v2\/users\/17"}],"replies":[{"embeddable":true,"href":"https:\/\/nbrhc.on.ca\/fr\/wp-json\/wp\/v2\/comments?post=7405"}],"version-history":[{"count":2,"href":"https:\/\/nbrhc.on.ca\/fr\/wp-json\/wp\/v2\/pages\/7405\/revisions"}],"predecessor-version":[{"id":28660,"href":"https:\/\/nbrhc.on.ca\/fr\/wp-json\/wp\/v2\/pages\/7405\/revisions\/28660"}],"up":[{"embeddable":true,"href":"https:\/\/nbrhc.on.ca\/fr\/wp-json\/wp\/v2\/pages\/2043"}],"wp:attachment":[{"href":"https:\/\/nbrhc.on.ca\/fr\/wp-json\/wp\/v2\/media?parent=7405"}],"wp:term":[{"taxonomy":"post_tag","embeddable":true,"href":"https:\/\/nbrhc.on.ca\/fr\/wp-json\/wp\/v2\/tags?post=7405"}],"curies":[{"name":"wp","href":"https:\/\/api.w.org\/{rel}","templated":true}]}}