{"id":7925,"date":"2014-09-08T13:59:08","date_gmt":"2014-09-08T17:59:08","guid":{"rendered":"http:\/\/www.nbrhc.on.ca\/?page_id=7925"},"modified":"2021-10-19T09:11:37","modified_gmt":"2021-10-19T13:11:37","slug":"service-central-de-demande-de-services-regionaux-de-sante-mentale","status":"publish","type":"page","link":"https:\/\/nbrhc.on.ca\/fr\/programme-et-services\/programmes-et-services-de-sante-mentale\/programme-regional-specialise-de-sante-mentale\/service-central-de-demande-de-services-regionaux-de-sante-mentale\/","title":{"rendered":"Service central de demande de services r\u00e9gionaux de sant\u00e9 mentale"},"content":{"rendered":"<p>Ce service a pour but de faire en sorte que les personnes adress\u00e9es aux services r\u00e9gionaux tertiaires de sant\u00e9 mentale aient acc\u00e8s aux services ou aux soins aux patients hospitalis\u00e9s qui r\u00e9pondront le mieux \u00e0 leurs besoins, et ce, en temps opportun. De plus, ce processus sert \u00e0 assurer, au besoin, l\u2019optimisation des m\u00e9canismes de soutien communautaires avant les s\u00e9jours hospitaliers.<\/p>\n<p><span>Pour avoir acc\u00e8s aux services aux patients hospitalis\u00e9s, il faut remplir le\u00a0<\/span><a href=\"\/fr\/formulaires-pour-les-fournisseuses-et-fournisseurs-de-soins-de-sante\/formulaire-sante-mentale\/\">Regional Mental Health Central Referral Form<\/a><span> (<em>Formulaire <\/em><\/span><em><span>de demande de services r\u00e9gionaux de sant\u00e9 mentale<\/span><\/em><span>, disponible en anglais seulement)<\/span><span> et l\u2019envoyer \u00e0 l\u2019adresse ou au num\u00e9ro de t\u00e9l\u00e9copieur ci-dessous\u00a0:<\/span><\/p>\n<p><strong><span>Service central de demande de services r\u00e9gionaux de sant\u00e9 mentale<\/span><\/strong><span><br \/>\n50, promenade College<br \/>\nC.P. 2500<br \/>\nNorth Bay (Ontario)<br \/>\nP1B 5A4<\/span><\/p>\n<p><span>T\u00e9l\u00e9copieur : 705 495-7843<\/span><\/p>\n","protected":false},"excerpt":{"rendered":"<p>Ce service a pour but de faire en sorte que les personnes adress\u00e9es aux services r\u00e9gionaux tertiaires de sant\u00e9 mentale aient acc\u00e8s aux services ou aux soins aux patients hospitalis\u00e9s qui r\u00e9pondront le mieux \u00e0 leurs besoins, et ce, en temps opportun.<\/p>\n","protected":false},"author":17,"featured_media":0,"parent":3003,"menu_order":0,"comment_status":"open","ping_status":"open","template":"","meta":{"_acf_changed":false,"_monsterinsights_skip_tracking":false,"_monsterinsights_sitenote_active":false,"_monsterinsights_sitenote_note":"","_monsterinsights_sitenote_category":0,"footnotes":"","_links_to":"","_links_to_target":"","_wp_rev_ctl_limit":""},"tags":[2240,2241],"class_list":["post-7925","page","type-page","status-publish","hentry","tag-demande-de-services-de-sante-mentale","tag-service-central-de-demande-de-services-regionaux-de-sante-mentale"],"acf":[],"yoast_head":"<!-- This site is optimized with the Yoast SEO plugin v27.4 - https:\/\/yoast.com\/product\/yoast-seo-wordpress\/ -->\n<title>Service central de demande de services r\u00e9gionaux de sant\u00e9 mentale<\/title>\n<meta name=\"description\" content=\"Afin d&#039;acc\u00e9der \u00e0 nos services aux patients hospitalis\u00e9s, nous exigeons qu&#039;un formulaire d&#039;aiguillage du centre r\u00e9gional de sant\u00e9 mentale soit rempli et retourn\u00e9\" \/>\n<meta name=\"robots\" content=\"index, follow, max-snippet:-1, max-image-preview:large, max-video-preview:-1\" \/>\n<link rel=\"canonical\" href=\"https:\/\/nbrhc.on.ca\/fr\/programme-et-services\/programmes-et-services-de-sante-mentale\/programme-regional-specialise-de-sante-mentale\/service-central-de-demande-de-services-regionaux-de-sante-mentale\/\" \/>\n<meta property=\"og:locale\" content=\"fr_FR\" \/>\n<meta property=\"og:type\" content=\"article\" \/>\n<meta property=\"og:title\" content=\"Service central de demande de services r\u00e9gionaux de sant\u00e9 mentale\" \/>\n<meta property=\"og:description\" content=\"Afin d&#039;acc\u00e9der \u00e0 nos services aux patients hospitalis\u00e9s, nous exigeons qu&#039;un formulaire d&#039;aiguillage du centre r\u00e9gional de sant\u00e9 mentale soit rempli et retourn\u00e9\" \/>\n<meta property=\"og:url\" content=\"https:\/\/nbrhc.on.ca\/fr\/programme-et-services\/programmes-et-services-de-sante-mentale\/programme-regional-specialise-de-sante-mentale\/service-central-de-demande-de-services-regionaux-de-sante-mentale\/\" \/>\n<meta property=\"og:site_name\" content=\"NBRHC\" \/>\n<meta property=\"article:publisher\" content=\"https:\/\/www.facebook.com\/nbrhc\" \/>\n<meta property=\"article:modified_time\" content=\"2021-10-19T13:11:37+00:00\" \/>\n<meta property=\"og:image\" content=\"https:\/\/nbrhc.on.ca\/wp-content\/uploads\/2015\/07\/icon_col.jpeg\" \/>\n\t<meta property=\"og:image:width\" content=\"619\" \/>\n\t<meta property=\"og:image:height\" content=\"619\" \/>\n\t<meta property=\"og:image:type\" content=\"image\/jpeg\" \/>\n<meta name=\"twitter:label1\" content=\"Dur\u00e9e de lecture estim\u00e9e\" \/>\n\t<meta name=\"twitter:data1\" content=\"1 minute\" \/>\n<script type=\"application\/ld+json\" class=\"yoast-schema-graph\">{\"@context\":\"https:\\\/\\\/schema.org\",\"@graph\":[{\"@type\":\"WebPage\",\"@id\":\"https:\\\/\\\/nbrhc.on.ca\\\/fr\\\/programme-et-services\\\/programmes-et-services-de-sante-mentale\\\/programme-regional-specialise-de-sante-mentale\\\/service-central-de-demande-de-services-regionaux-de-sante-mentale\\\/\",\"url\":\"https:\\\/\\\/nbrhc.on.ca\\\/fr\\\/programme-et-services\\\/programmes-et-services-de-sante-mentale\\\/programme-regional-specialise-de-sante-mentale\\\/service-central-de-demande-de-services-regionaux-de-sante-mentale\\\/\",\"name\":\"Service central de demande de services r\u00e9gionaux de sant\u00e9 mentale\",\"isPartOf\":{\"@id\":\"https:\\\/\\\/nbrhc.on.ca\\\/#website\"},\"datePublished\":\"2014-09-08T17:59:08+00:00\",\"dateModified\":\"2021-10-19T13:11:37+00:00\",\"description\":\"Afin d'acc\u00e9der \u00e0 nos services aux patients hospitalis\u00e9s, nous exigeons qu'un formulaire d'aiguillage du centre r\u00e9gional de sant\u00e9 mentale soit rempli et retourn\u00e9\",\"breadcrumb\":{\"@id\":\"https:\\\/\\\/nbrhc.on.ca\\\/fr\\\/programme-et-services\\\/programmes-et-services-de-sante-mentale\\\/programme-regional-specialise-de-sante-mentale\\\/service-central-de-demande-de-services-regionaux-de-sante-mentale\\\/#breadcrumb\"},\"inLanguage\":\"fr-FR\",\"potentialAction\":[{\"@type\":\"ReadAction\",\"target\":[\"https:\\\/\\\/nbrhc.on.ca\\\/fr\\\/programme-et-services\\\/programmes-et-services-de-sante-mentale\\\/programme-regional-specialise-de-sante-mentale\\\/service-central-de-demande-de-services-regionaux-de-sante-mentale\\\/\"]}]},{\"@type\":\"BreadcrumbList\",\"@id\":\"https:\\\/\\\/nbrhc.on.ca\\\/fr\\\/programme-et-services\\\/programmes-et-services-de-sante-mentale\\\/programme-regional-specialise-de-sante-mentale\\\/service-central-de-demande-de-services-regionaux-de-sante-mentale\\\/#breadcrumb\",\"itemListElement\":[{\"@type\":\"ListItem\",\"position\":1,\"name\":\"Home\",\"item\":\"https:\\\/\\\/nbrhc.on.ca\\\/fr\\\/\"},{\"@type\":\"ListItem\",\"position\":2,\"name\":\"Programmes et services\",\"item\":\"https:\\\/\\\/nbrhc.on.ca\\\/fr\\\/programme-et-services\\\/\"},{\"@type\":\"ListItem\",\"position\":3,\"name\":\"Programmes et services de sant\u00e9 mentale\",\"item\":\"https:\\\/\\\/nbrhc.on.ca\\\/fr\\\/programme-et-services\\\/programmes-et-services-de-sante-mentale\\\/\"},{\"@type\":\"ListItem\",\"position\":4,\"name\":\"Programme r\u00e9gional sp\u00e9cialis\u00e9 de sant\u00e9 mentale\",\"item\":\"https:\\\/\\\/nbrhc.on.ca\\\/fr\\\/programme-et-services\\\/programmes-et-services-de-sante-mentale\\\/programme-regional-specialise-de-sante-mentale\\\/\"},{\"@type\":\"ListItem\",\"position\":5,\"name\":\"Service central de demande de services r\u00e9gionaux de sant\u00e9 mentale\"}]},{\"@type\":\"WebSite\",\"@id\":\"https:\\\/\\\/nbrhc.on.ca\\\/#website\",\"url\":\"https:\\\/\\\/nbrhc.on.ca\\\/\",\"name\":\"NBRHC\",\"description\":\"North Bay Regional Health Centre\",\"publisher\":{\"@id\":\"https:\\\/\\\/nbrhc.on.ca\\\/#organization\"},\"potentialAction\":[{\"@type\":\"SearchAction\",\"target\":{\"@type\":\"EntryPoint\",\"urlTemplate\":\"https:\\\/\\\/nbrhc.on.ca\\\/?s={search_term_string}\"},\"query-input\":{\"@type\":\"PropertyValueSpecification\",\"valueRequired\":true,\"valueName\":\"search_term_string\"}}],\"inLanguage\":\"fr-FR\"},{\"@type\":\"Organization\",\"@id\":\"https:\\\/\\\/nbrhc.on.ca\\\/#organization\",\"name\":\"North Bay Regional Health Centre\",\"url\":\"https:\\\/\\\/nbrhc.on.ca\\\/\",\"logo\":{\"@type\":\"ImageObject\",\"inLanguage\":\"fr-FR\",\"@id\":\"https:\\\/\\\/nbrhc.on.ca\\\/#\\\/schema\\\/logo\\\/image\\\/\",\"url\":\"https:\\\/\\\/nbrhc.on.ca\\\/wp-content\\\/uploads\\\/2015\\\/07\\\/logo.jpg\",\"contentUrl\":\"https:\\\/\\\/nbrhc.on.ca\\\/wp-content\\\/uploads\\\/2015\\\/07\\\/logo.jpg\",\"width\":870,\"height\":128,\"caption\":\"North Bay Regional Health Centre\"},\"image\":{\"@id\":\"https:\\\/\\\/nbrhc.on.ca\\\/#\\\/schema\\\/logo\\\/image\\\/\"},\"sameAs\":[\"https:\\\/\\\/www.facebook.com\\\/nbrhc\",\"https:\\\/\\\/x.com\\\/NBRHC\",\"https:\\\/\\\/www.linkedin.com\\\/company\\\/north-bay-regional-health-centre-nbrhc\",\"https:\\\/\\\/www.pinterest.com\\\/nbrhc\",\"https:\\\/\\\/www.youtube.com\\\/TheNBRHC\"]}]}<\/script>\n<!-- \/ Yoast SEO plugin. -->","yoast_head_json":{"title":"Service central de demande de services r\u00e9gionaux de sant\u00e9 mentale","description":"Afin d'acc\u00e9der \u00e0 nos services aux patients hospitalis\u00e9s, nous exigeons qu'un formulaire d'aiguillage du centre r\u00e9gional de sant\u00e9 mentale soit rempli et retourn\u00e9","robots":{"index":"index","follow":"follow","max-snippet":"max-snippet:-1","max-image-preview":"max-image-preview:large","max-video-preview":"max-video-preview:-1"},"canonical":"https:\/\/nbrhc.on.ca\/fr\/programme-et-services\/programmes-et-services-de-sante-mentale\/programme-regional-specialise-de-sante-mentale\/service-central-de-demande-de-services-regionaux-de-sante-mentale\/","og_locale":"fr_FR","og_type":"article","og_title":"Service central de demande de services r\u00e9gionaux de sant\u00e9 mentale","og_description":"Afin d'acc\u00e9der \u00e0 nos services aux patients hospitalis\u00e9s, nous exigeons qu'un formulaire d'aiguillage du centre r\u00e9gional de sant\u00e9 mentale soit rempli et retourn\u00e9","og_url":"https:\/\/nbrhc.on.ca\/fr\/programme-et-services\/programmes-et-services-de-sante-mentale\/programme-regional-specialise-de-sante-mentale\/service-central-de-demande-de-services-regionaux-de-sante-mentale\/","og_site_name":"NBRHC","article_publisher":"https:\/\/www.facebook.com\/nbrhc","article_modified_time":"2021-10-19T13:11:37+00:00","og_image":[{"width":619,"height":619,"url":"https:\/\/nbrhc.on.ca\/wp-content\/uploads\/2015\/07\/icon_col.jpeg","type":"image\/jpeg"}],"twitter_misc":{"Dur\u00e9e de lecture estim\u00e9e":"1 minute"},"schema":{"@context":"https:\/\/schema.org","@graph":[{"@type":"WebPage","@id":"https:\/\/nbrhc.on.ca\/fr\/programme-et-services\/programmes-et-services-de-sante-mentale\/programme-regional-specialise-de-sante-mentale\/service-central-de-demande-de-services-regionaux-de-sante-mentale\/","url":"https:\/\/nbrhc.on.ca\/fr\/programme-et-services\/programmes-et-services-de-sante-mentale\/programme-regional-specialise-de-sante-mentale\/service-central-de-demande-de-services-regionaux-de-sante-mentale\/","name":"Service central de demande de services r\u00e9gionaux de sant\u00e9 mentale","isPartOf":{"@id":"https:\/\/nbrhc.on.ca\/#website"},"datePublished":"2014-09-08T17:59:08+00:00","dateModified":"2021-10-19T13:11:37+00:00","description":"Afin d'acc\u00e9der \u00e0 nos services aux patients hospitalis\u00e9s, nous exigeons qu'un formulaire d'aiguillage du centre r\u00e9gional de sant\u00e9 mentale soit rempli et retourn\u00e9","breadcrumb":{"@id":"https:\/\/nbrhc.on.ca\/fr\/programme-et-services\/programmes-et-services-de-sante-mentale\/programme-regional-specialise-de-sante-mentale\/service-central-de-demande-de-services-regionaux-de-sante-mentale\/#breadcrumb"},"inLanguage":"fr-FR","potentialAction":[{"@type":"ReadAction","target":["https:\/\/nbrhc.on.ca\/fr\/programme-et-services\/programmes-et-services-de-sante-mentale\/programme-regional-specialise-de-sante-mentale\/service-central-de-demande-de-services-regionaux-de-sante-mentale\/"]}]},{"@type":"BreadcrumbList","@id":"https:\/\/nbrhc.on.ca\/fr\/programme-et-services\/programmes-et-services-de-sante-mentale\/programme-regional-specialise-de-sante-mentale\/service-central-de-demande-de-services-regionaux-de-sante-mentale\/#breadcrumb","itemListElement":[{"@type":"ListItem","position":1,"name":"Home","item":"https:\/\/nbrhc.on.ca\/fr\/"},{"@type":"ListItem","position":2,"name":"Programmes et services","item":"https:\/\/nbrhc.on.ca\/fr\/programme-et-services\/"},{"@type":"ListItem","position":3,"name":"Programmes et services de sant\u00e9 mentale","item":"https:\/\/nbrhc.on.ca\/fr\/programme-et-services\/programmes-et-services-de-sante-mentale\/"},{"@type":"ListItem","position":4,"name":"Programme r\u00e9gional sp\u00e9cialis\u00e9 de sant\u00e9 mentale","item":"https:\/\/nbrhc.on.ca\/fr\/programme-et-services\/programmes-et-services-de-sante-mentale\/programme-regional-specialise-de-sante-mentale\/"},{"@type":"ListItem","position":5,"name":"Service central de demande de services r\u00e9gionaux de sant\u00e9 mentale"}]},{"@type":"WebSite","@id":"https:\/\/nbrhc.on.ca\/#website","url":"https:\/\/nbrhc.on.ca\/","name":"NBRHC","description":"North Bay Regional Health Centre","publisher":{"@id":"https:\/\/nbrhc.on.ca\/#organization"},"potentialAction":[{"@type":"SearchAction","target":{"@type":"EntryPoint","urlTemplate":"https:\/\/nbrhc.on.ca\/?s={search_term_string}"},"query-input":{"@type":"PropertyValueSpecification","valueRequired":true,"valueName":"search_term_string"}}],"inLanguage":"fr-FR"},{"@type":"Organization","@id":"https:\/\/nbrhc.on.ca\/#organization","name":"North Bay Regional Health Centre","url":"https:\/\/nbrhc.on.ca\/","logo":{"@type":"ImageObject","inLanguage":"fr-FR","@id":"https:\/\/nbrhc.on.ca\/#\/schema\/logo\/image\/","url":"https:\/\/nbrhc.on.ca\/wp-content\/uploads\/2015\/07\/logo.jpg","contentUrl":"https:\/\/nbrhc.on.ca\/wp-content\/uploads\/2015\/07\/logo.jpg","width":870,"height":128,"caption":"North Bay Regional Health Centre"},"image":{"@id":"https:\/\/nbrhc.on.ca\/#\/schema\/logo\/image\/"},"sameAs":["https:\/\/www.facebook.com\/nbrhc","https:\/\/x.com\/NBRHC","https:\/\/www.linkedin.com\/company\/north-bay-regional-health-centre-nbrhc","https:\/\/www.pinterest.com\/nbrhc","https:\/\/www.youtube.com\/TheNBRHC"]}]}},"_links":{"self":[{"href":"https:\/\/nbrhc.on.ca\/fr\/wp-json\/wp\/v2\/pages\/7925","targetHints":{"allow":["GET"]}}],"collection":[{"href":"https:\/\/nbrhc.on.ca\/fr\/wp-json\/wp\/v2\/pages"}],"about":[{"href":"https:\/\/nbrhc.on.ca\/fr\/wp-json\/wp\/v2\/types\/page"}],"author":[{"embeddable":true,"href":"https:\/\/nbrhc.on.ca\/fr\/wp-json\/wp\/v2\/users\/17"}],"replies":[{"embeddable":true,"href":"https:\/\/nbrhc.on.ca\/fr\/wp-json\/wp\/v2\/comments?post=7925"}],"version-history":[{"count":3,"href":"https:\/\/nbrhc.on.ca\/fr\/wp-json\/wp\/v2\/pages\/7925\/revisions"}],"predecessor-version":[{"id":26178,"href":"https:\/\/nbrhc.on.ca\/fr\/wp-json\/wp\/v2\/pages\/7925\/revisions\/26178"}],"up":[{"embeddable":true,"href":"https:\/\/nbrhc.on.ca\/fr\/wp-json\/wp\/v2\/pages\/3003"}],"wp:attachment":[{"href":"https:\/\/nbrhc.on.ca\/fr\/wp-json\/wp\/v2\/media?parent=7925"}],"wp:term":[{"taxonomy":"post_tag","embeddable":true,"href":"https:\/\/nbrhc.on.ca\/fr\/wp-json\/wp\/v2\/tags?post=7925"}],"curies":[{"name":"wp","href":"https:\/\/api.w.org\/{rel}","templated":true}]}}