{"id":7937,"date":"2014-09-08T14:11:44","date_gmt":"2014-09-08T18:11:44","guid":{"rendered":"http:\/\/www.nbrhc.on.ca\/?page_id=7937"},"modified":"2021-11-12T14:12:47","modified_gmt":"2021-11-12T19:12:47","slug":"service-de-telemedecine-en-sante-mentale","status":"publish","type":"page","link":"https:\/\/nbrhc.on.ca\/fr\/programme-et-services\/programmes-et-services-de-sante-mentale\/programme-regional-specialise-de-sante-mentale\/service-de-telemedecine-en-sante-mentale\/","title":{"rendered":"Service de t\u00e9l\u00e9m\u00e9decine en sant\u00e9 mentale"},"content":{"rendered":"<p><span>La t\u00e9l\u00e9m\u00e9decine en sant\u00e9 mentale permet aux r\u00e9sidents des quatre coins de la r\u00e9gion d\u2019avoir acc\u00e8s, \u00e0 distance, \u00e0 une \u00e9valuation psychiatrique et \u00e0 un traitement dans leur communaut\u00e9. La t\u00e9l\u00e9m\u00e9decine aide les patients \u00e0 rester en contact avec leur famille et les services offerts dans leur communaut\u00e9 tandis qu\u2019ils s\u00e9journent dans un pavillon r\u00e9gional pour patients hospitalis\u00e9s. Le personnel du Service de t\u00e9l\u00e9m\u00e9decine cherche des moyens et \u00e9labore des strat\u00e9gies qui visent \u00e0 maximiser l\u2019utilisation de la t\u00e9l\u00e9m\u00e9decine au sein de tous les programmes et de tous les emplacements relevant de la sph\u00e8re des services de toxicomanie et de sant\u00e9 mentale et des services aux a\u00een\u00e9s dans le but d\u2019atteindre le volume des services de t\u00e9l\u00e9m\u00e9decine \u00e9tabli par le RLISS du Nord-Est et le CRSNB.<\/span><\/p>\n<p><span>Le service vise les objectifs les suivants :<\/span><\/p>\n<ul>\n<li><span>favoriser le recours aux services de t\u00e9l\u00e9m\u00e9decine au sein de la communaut\u00e9 hospitali\u00e8re interne;<\/span><\/li>\n<li><span>cr\u00e9er des liens et des partenariats avec des intervenants externes;<\/span><\/li>\n<li><span>encourager l\u2019utilisation de la t\u00e9l\u00e9m\u00e9decine en tant qu\u2019outil servant \u00e0 fournir des services de soutien et de consultation aux patients vivant dans des r\u00e9gions \u00e9loign\u00e9es;<\/span><\/li>\n<li><span>assurer l\u2019atteinte et le maintien des objectifs en mati\u00e8re de traitement ax\u00e9s sur le r\u00e9tablissement;<\/span><\/li>\n<li><span>favoriser l\u2019innovation et l\u2019application de la t\u00e9l\u00e9m\u00e9decine fond\u00e9e sur des donn\u00e9es probantes ainsi que sur des normes et des pratiques exemplaires.<\/span><\/li>\n<\/ul>\n","protected":false},"excerpt":{"rendered":"<p>La t\u00e9l\u00e9m\u00e9decine en sant\u00e9 mentale permet aux r\u00e9sidents des quatre coins de la r\u00e9gion d\u2019avoir acc\u00e8s, \u00e0 distance, \u00e0 une \u00e9valuation psychiatrique et \u00e0 un traitement dans leur communaut\u00e9.<\/p>\n","protected":false},"author":17,"featured_media":0,"parent":3003,"menu_order":0,"comment_status":"open","ping_status":"open","template":"","meta":{"_acf_changed":false,"_monsterinsights_skip_tracking":false,"_monsterinsights_sitenote_active":false,"_monsterinsights_sitenote_note":"","_monsterinsights_sitenote_category":0,"footnotes":"","_links_to":"","_links_to_target":"","_wp_rev_ctl_limit":""},"tags":[2242,2243],"class_list":["post-7937","page","type-page","status-publish","hentry","tag-service-de-telemedecine-en-sante-mentale","tag-telemedecine-en-sante-mentale"],"acf":[],"yoast_head":"<!-- This site is optimized with the Yoast SEO plugin v27.4 - https:\/\/yoast.com\/product\/yoast-seo-wordpress\/ -->\n<title>Service de t\u00e9l\u00e9m\u00e9decine en sant\u00e9 mentale<\/title>\n<meta name=\"description\" content=\"Les cliniques de t\u00e9l\u00e9m\u00e9decine utilisent des cam\u00e9ras, des t\u00e9l\u00e9phones et des t\u00e9l\u00e9viseurs pour connecter les patients aux m\u00e9decins par vid\u00e9oconf\u00e9rence\" \/>\n<meta name=\"robots\" content=\"index, follow, max-snippet:-1, max-image-preview:large, max-video-preview:-1\" \/>\n<link rel=\"canonical\" href=\"https:\/\/nbrhc.on.ca\/fr\/programme-et-services\/programmes-et-services-de-sante-mentale\/programme-regional-specialise-de-sante-mentale\/service-de-telemedecine-en-sante-mentale\/\" \/>\n<meta property=\"og:locale\" content=\"fr_FR\" \/>\n<meta property=\"og:type\" content=\"article\" \/>\n<meta property=\"og:title\" content=\"Service de t\u00e9l\u00e9m\u00e9decine en sant\u00e9 mentale\" \/>\n<meta property=\"og:description\" content=\"Les cliniques de t\u00e9l\u00e9m\u00e9decine utilisent des cam\u00e9ras, des t\u00e9l\u00e9phones et des t\u00e9l\u00e9viseurs pour connecter les patients aux m\u00e9decins par vid\u00e9oconf\u00e9rence\" \/>\n<meta property=\"og:url\" content=\"https:\/\/nbrhc.on.ca\/fr\/programme-et-services\/programmes-et-services-de-sante-mentale\/programme-regional-specialise-de-sante-mentale\/service-de-telemedecine-en-sante-mentale\/\" \/>\n<meta property=\"og:site_name\" content=\"NBRHC\" \/>\n<meta property=\"article:publisher\" content=\"https:\/\/www.facebook.com\/nbrhc\" \/>\n<meta property=\"article:modified_time\" content=\"2021-11-12T19:12:47+00:00\" \/>\n<meta property=\"og:image\" content=\"https:\/\/nbrhc.on.ca\/wp-content\/uploads\/2015\/07\/icon_col.jpeg\" \/>\n\t<meta property=\"og:image:width\" content=\"619\" \/>\n\t<meta property=\"og:image:height\" content=\"619\" \/>\n\t<meta property=\"og:image:type\" content=\"image\/jpeg\" \/>\n<meta name=\"twitter:label1\" content=\"Dur\u00e9e de lecture estim\u00e9e\" \/>\n\t<meta name=\"twitter:data1\" content=\"1 minute\" \/>\n<script type=\"application\/ld+json\" class=\"yoast-schema-graph\">{\"@context\":\"https:\\\/\\\/schema.org\",\"@graph\":[{\"@type\":\"WebPage\",\"@id\":\"https:\\\/\\\/nbrhc.on.ca\\\/fr\\\/programme-et-services\\\/programmes-et-services-de-sante-mentale\\\/programme-regional-specialise-de-sante-mentale\\\/service-de-telemedecine-en-sante-mentale\\\/\",\"url\":\"https:\\\/\\\/nbrhc.on.ca\\\/fr\\\/programme-et-services\\\/programmes-et-services-de-sante-mentale\\\/programme-regional-specialise-de-sante-mentale\\\/service-de-telemedecine-en-sante-mentale\\\/\",\"name\":\"Service de t\u00e9l\u00e9m\u00e9decine en sant\u00e9 mentale\",\"isPartOf\":{\"@id\":\"https:\\\/\\\/nbrhc.on.ca\\\/#website\"},\"datePublished\":\"2014-09-08T18:11:44+00:00\",\"dateModified\":\"2021-11-12T19:12:47+00:00\",\"description\":\"Les cliniques de t\u00e9l\u00e9m\u00e9decine utilisent des cam\u00e9ras, des t\u00e9l\u00e9phones et des t\u00e9l\u00e9viseurs pour connecter les patients aux m\u00e9decins par vid\u00e9oconf\u00e9rence\",\"breadcrumb\":{\"@id\":\"https:\\\/\\\/nbrhc.on.ca\\\/fr\\\/programme-et-services\\\/programmes-et-services-de-sante-mentale\\\/programme-regional-specialise-de-sante-mentale\\\/service-de-telemedecine-en-sante-mentale\\\/#breadcrumb\"},\"inLanguage\":\"fr-FR\",\"potentialAction\":[{\"@type\":\"ReadAction\",\"target\":[\"https:\\\/\\\/nbrhc.on.ca\\\/fr\\\/programme-et-services\\\/programmes-et-services-de-sante-mentale\\\/programme-regional-specialise-de-sante-mentale\\\/service-de-telemedecine-en-sante-mentale\\\/\"]}]},{\"@type\":\"BreadcrumbList\",\"@id\":\"https:\\\/\\\/nbrhc.on.ca\\\/fr\\\/programme-et-services\\\/programmes-et-services-de-sante-mentale\\\/programme-regional-specialise-de-sante-mentale\\\/service-de-telemedecine-en-sante-mentale\\\/#breadcrumb\",\"itemListElement\":[{\"@type\":\"ListItem\",\"position\":1,\"name\":\"Home\",\"item\":\"https:\\\/\\\/nbrhc.on.ca\\\/fr\\\/\"},{\"@type\":\"ListItem\",\"position\":2,\"name\":\"Programmes et services\",\"item\":\"https:\\\/\\\/nbrhc.on.ca\\\/fr\\\/programme-et-services\\\/\"},{\"@type\":\"ListItem\",\"position\":3,\"name\":\"Programmes et services de sant\u00e9 mentale\",\"item\":\"https:\\\/\\\/nbrhc.on.ca\\\/fr\\\/programme-et-services\\\/programmes-et-services-de-sante-mentale\\\/\"},{\"@type\":\"ListItem\",\"position\":4,\"name\":\"Programme r\u00e9gional sp\u00e9cialis\u00e9 de sant\u00e9 mentale\",\"item\":\"https:\\\/\\\/nbrhc.on.ca\\\/fr\\\/programme-et-services\\\/programmes-et-services-de-sante-mentale\\\/programme-regional-specialise-de-sante-mentale\\\/\"},{\"@type\":\"ListItem\",\"position\":5,\"name\":\"Service de t\u00e9l\u00e9m\u00e9decine en sant\u00e9 mentale\"}]},{\"@type\":\"WebSite\",\"@id\":\"https:\\\/\\\/nbrhc.on.ca\\\/#website\",\"url\":\"https:\\\/\\\/nbrhc.on.ca\\\/\",\"name\":\"NBRHC\",\"description\":\"North Bay Regional Health Centre\",\"publisher\":{\"@id\":\"https:\\\/\\\/nbrhc.on.ca\\\/#organization\"},\"potentialAction\":[{\"@type\":\"SearchAction\",\"target\":{\"@type\":\"EntryPoint\",\"urlTemplate\":\"https:\\\/\\\/nbrhc.on.ca\\\/?s={search_term_string}\"},\"query-input\":{\"@type\":\"PropertyValueSpecification\",\"valueRequired\":true,\"valueName\":\"search_term_string\"}}],\"inLanguage\":\"fr-FR\"},{\"@type\":\"Organization\",\"@id\":\"https:\\\/\\\/nbrhc.on.ca\\\/#organization\",\"name\":\"North Bay Regional Health Centre\",\"url\":\"https:\\\/\\\/nbrhc.on.ca\\\/\",\"logo\":{\"@type\":\"ImageObject\",\"inLanguage\":\"fr-FR\",\"@id\":\"https:\\\/\\\/nbrhc.on.ca\\\/#\\\/schema\\\/logo\\\/image\\\/\",\"url\":\"https:\\\/\\\/nbrhc.on.ca\\\/wp-content\\\/uploads\\\/2015\\\/07\\\/logo.jpg\",\"contentUrl\":\"https:\\\/\\\/nbrhc.on.ca\\\/wp-content\\\/uploads\\\/2015\\\/07\\\/logo.jpg\",\"width\":870,\"height\":128,\"caption\":\"North Bay Regional Health Centre\"},\"image\":{\"@id\":\"https:\\\/\\\/nbrhc.on.ca\\\/#\\\/schema\\\/logo\\\/image\\\/\"},\"sameAs\":[\"https:\\\/\\\/www.facebook.com\\\/nbrhc\",\"https:\\\/\\\/x.com\\\/NBRHC\",\"https:\\\/\\\/www.linkedin.com\\\/company\\\/north-bay-regional-health-centre-nbrhc\",\"https:\\\/\\\/www.pinterest.com\\\/nbrhc\",\"https:\\\/\\\/www.youtube.com\\\/TheNBRHC\"]}]}<\/script>\n<!-- \/ Yoast SEO plugin. -->","yoast_head_json":{"title":"Service de t\u00e9l\u00e9m\u00e9decine en sant\u00e9 mentale","description":"Les cliniques de t\u00e9l\u00e9m\u00e9decine utilisent des cam\u00e9ras, des t\u00e9l\u00e9phones et des t\u00e9l\u00e9viseurs pour connecter les patients aux m\u00e9decins par vid\u00e9oconf\u00e9rence","robots":{"index":"index","follow":"follow","max-snippet":"max-snippet:-1","max-image-preview":"max-image-preview:large","max-video-preview":"max-video-preview:-1"},"canonical":"https:\/\/nbrhc.on.ca\/fr\/programme-et-services\/programmes-et-services-de-sante-mentale\/programme-regional-specialise-de-sante-mentale\/service-de-telemedecine-en-sante-mentale\/","og_locale":"fr_FR","og_type":"article","og_title":"Service de t\u00e9l\u00e9m\u00e9decine en sant\u00e9 mentale","og_description":"Les cliniques de t\u00e9l\u00e9m\u00e9decine utilisent des cam\u00e9ras, des t\u00e9l\u00e9phones et des t\u00e9l\u00e9viseurs pour connecter les patients aux m\u00e9decins par vid\u00e9oconf\u00e9rence","og_url":"https:\/\/nbrhc.on.ca\/fr\/programme-et-services\/programmes-et-services-de-sante-mentale\/programme-regional-specialise-de-sante-mentale\/service-de-telemedecine-en-sante-mentale\/","og_site_name":"NBRHC","article_publisher":"https:\/\/www.facebook.com\/nbrhc","article_modified_time":"2021-11-12T19:12:47+00:00","og_image":[{"width":619,"height":619,"url":"https:\/\/nbrhc.on.ca\/wp-content\/uploads\/2015\/07\/icon_col.jpeg","type":"image\/jpeg"}],"twitter_misc":{"Dur\u00e9e de lecture estim\u00e9e":"1 minute"},"schema":{"@context":"https:\/\/schema.org","@graph":[{"@type":"WebPage","@id":"https:\/\/nbrhc.on.ca\/fr\/programme-et-services\/programmes-et-services-de-sante-mentale\/programme-regional-specialise-de-sante-mentale\/service-de-telemedecine-en-sante-mentale\/","url":"https:\/\/nbrhc.on.ca\/fr\/programme-et-services\/programmes-et-services-de-sante-mentale\/programme-regional-specialise-de-sante-mentale\/service-de-telemedecine-en-sante-mentale\/","name":"Service de t\u00e9l\u00e9m\u00e9decine en sant\u00e9 mentale","isPartOf":{"@id":"https:\/\/nbrhc.on.ca\/#website"},"datePublished":"2014-09-08T18:11:44+00:00","dateModified":"2021-11-12T19:12:47+00:00","description":"Les cliniques de t\u00e9l\u00e9m\u00e9decine utilisent des cam\u00e9ras, des t\u00e9l\u00e9phones et des t\u00e9l\u00e9viseurs pour connecter les patients aux m\u00e9decins par vid\u00e9oconf\u00e9rence","breadcrumb":{"@id":"https:\/\/nbrhc.on.ca\/fr\/programme-et-services\/programmes-et-services-de-sante-mentale\/programme-regional-specialise-de-sante-mentale\/service-de-telemedecine-en-sante-mentale\/#breadcrumb"},"inLanguage":"fr-FR","potentialAction":[{"@type":"ReadAction","target":["https:\/\/nbrhc.on.ca\/fr\/programme-et-services\/programmes-et-services-de-sante-mentale\/programme-regional-specialise-de-sante-mentale\/service-de-telemedecine-en-sante-mentale\/"]}]},{"@type":"BreadcrumbList","@id":"https:\/\/nbrhc.on.ca\/fr\/programme-et-services\/programmes-et-services-de-sante-mentale\/programme-regional-specialise-de-sante-mentale\/service-de-telemedecine-en-sante-mentale\/#breadcrumb","itemListElement":[{"@type":"ListItem","position":1,"name":"Home","item":"https:\/\/nbrhc.on.ca\/fr\/"},{"@type":"ListItem","position":2,"name":"Programmes et services","item":"https:\/\/nbrhc.on.ca\/fr\/programme-et-services\/"},{"@type":"ListItem","position":3,"name":"Programmes et services de sant\u00e9 mentale","item":"https:\/\/nbrhc.on.ca\/fr\/programme-et-services\/programmes-et-services-de-sante-mentale\/"},{"@type":"ListItem","position":4,"name":"Programme r\u00e9gional sp\u00e9cialis\u00e9 de sant\u00e9 mentale","item":"https:\/\/nbrhc.on.ca\/fr\/programme-et-services\/programmes-et-services-de-sante-mentale\/programme-regional-specialise-de-sante-mentale\/"},{"@type":"ListItem","position":5,"name":"Service de t\u00e9l\u00e9m\u00e9decine en sant\u00e9 mentale"}]},{"@type":"WebSite","@id":"https:\/\/nbrhc.on.ca\/#website","url":"https:\/\/nbrhc.on.ca\/","name":"NBRHC","description":"North Bay Regional Health Centre","publisher":{"@id":"https:\/\/nbrhc.on.ca\/#organization"},"potentialAction":[{"@type":"SearchAction","target":{"@type":"EntryPoint","urlTemplate":"https:\/\/nbrhc.on.ca\/?s={search_term_string}"},"query-input":{"@type":"PropertyValueSpecification","valueRequired":true,"valueName":"search_term_string"}}],"inLanguage":"fr-FR"},{"@type":"Organization","@id":"https:\/\/nbrhc.on.ca\/#organization","name":"North Bay Regional Health Centre","url":"https:\/\/nbrhc.on.ca\/","logo":{"@type":"ImageObject","inLanguage":"fr-FR","@id":"https:\/\/nbrhc.on.ca\/#\/schema\/logo\/image\/","url":"https:\/\/nbrhc.on.ca\/wp-content\/uploads\/2015\/07\/logo.jpg","contentUrl":"https:\/\/nbrhc.on.ca\/wp-content\/uploads\/2015\/07\/logo.jpg","width":870,"height":128,"caption":"North Bay Regional Health Centre"},"image":{"@id":"https:\/\/nbrhc.on.ca\/#\/schema\/logo\/image\/"},"sameAs":["https:\/\/www.facebook.com\/nbrhc","https:\/\/x.com\/NBRHC","https:\/\/www.linkedin.com\/company\/north-bay-regional-health-centre-nbrhc","https:\/\/www.pinterest.com\/nbrhc","https:\/\/www.youtube.com\/TheNBRHC"]}]}},"_links":{"self":[{"href":"https:\/\/nbrhc.on.ca\/fr\/wp-json\/wp\/v2\/pages\/7937","targetHints":{"allow":["GET"]}}],"collection":[{"href":"https:\/\/nbrhc.on.ca\/fr\/wp-json\/wp\/v2\/pages"}],"about":[{"href":"https:\/\/nbrhc.on.ca\/fr\/wp-json\/wp\/v2\/types\/page"}],"author":[{"embeddable":true,"href":"https:\/\/nbrhc.on.ca\/fr\/wp-json\/wp\/v2\/users\/17"}],"replies":[{"embeddable":true,"href":"https:\/\/nbrhc.on.ca\/fr\/wp-json\/wp\/v2\/comments?post=7937"}],"version-history":[{"count":2,"href":"https:\/\/nbrhc.on.ca\/fr\/wp-json\/wp\/v2\/pages\/7937\/revisions"}],"predecessor-version":[{"id":23937,"href":"https:\/\/nbrhc.on.ca\/fr\/wp-json\/wp\/v2\/pages\/7937\/revisions\/23937"}],"up":[{"embeddable":true,"href":"https:\/\/nbrhc.on.ca\/fr\/wp-json\/wp\/v2\/pages\/3003"}],"wp:attachment":[{"href":"https:\/\/nbrhc.on.ca\/fr\/wp-json\/wp\/v2\/media?parent=7937"}],"wp:term":[{"taxonomy":"post_tag","embeddable":true,"href":"https:\/\/nbrhc.on.ca\/fr\/wp-json\/wp\/v2\/tags?post=7937"}],"curies":[{"name":"wp","href":"https:\/\/api.w.org\/{rel}","templated":true}]}}