{"id":8891,"date":"2014-12-17T15:11:22","date_gmt":"2014-12-17T20:11:22","guid":{"rendered":"http:\/\/www.nbrhc.on.ca\/?page_id=8891"},"modified":"2021-09-13T14:19:39","modified_gmt":"2021-09-13T18:19:39","slug":"unite-de-soins-actifs-psychiatriques-pour-patients-hospitalises-usapph","status":"publish","type":"page","link":"https:\/\/nbrhc.on.ca\/fr\/programme-et-services\/programmes-et-services-de-sante-mentale\/sante-mentale-et-lutte-contre-la-toxicomanie\/unite-de-soins-actifs-psychiatriques-pour-patients-hospitalises-usapph\/","title":{"rendered":"Unit\u00e9 de soins actifs psychiatriques pour patients hospitalis\u00e9s (USAPPH)"},"content":{"rendered":"<p>L\u2019Unit\u00e9 de soins actifs psychiatriques pour patients hospitalis\u00e9s fournit, jour et nuit, des services psychiatriques actifs de haute intensit\u00e9 aux personnes de 18 ans ou plus qui sont dans un \u00e9tat de d\u00e9tresse psychiatrique aigu\u00eb et qui \u00e9prouvent des sympt\u00f4mes psychiatriques aigus ou qui sont \u00e0 risque de se faire du mal ou de faire du mal aux autres. Les \u00e9l\u00e9ments fondamentaux de ce programme sont la consultation psychiatrique et l\u2019\u00e9valuation psychiatrique, lesquelles sont appuy\u00e9es par des services de soins infirmiers, de psychologie, de travail social, de traitement des troubles concomitants, d\u2019ergoth\u00e9rapie et de th\u00e9rapie par les loisirs. Offert \u00e0 Nipissing, \u00e0 Temiskaming et dans la partie nord du district de Muskoka-Parry Sound,\u00a0ce programme vise \u00e0 traiter toutes sortes de personnes qui sont dans un \u00e9tat de d\u00e9tresse aigu\u00eb ou qui vivent une crise psychiatrique dans le but de ma\u00eetriser leurs sympt\u00f4mes et de leur redonner la capacit\u00e9 de fonctionner. Figurent parmi les principaux modes de traitement la pharmacoth\u00e9rapie, l\u2019acquisition de comp\u00e9tences et de connaissances et la planification du cong\u00e9 ax\u00e9e sur le soutien et le patient.<\/p>\n<p><strong>Crit\u00e8res d\u2019admission et processus de demande de services <\/strong><\/p>\n<p>Les patients peuvent \u00eatre admis \u00e0 l\u2019USAPPH par l\u2019entremise du psychiatre de garde, du psychiatre du Service des urgences (en avant-midi), du psychiatre de consultation-liaison ou, en dehors des heures de service, du m\u00e9decin de garde. Le m\u00e9decin qui admet le patient avise le personnel de l\u2019attribution des lits, qui en informe le responsable des admissions de l\u2019unit\u00e9.<\/p>\n<p>L\u2019Unit\u00e9 de soins actifs psychiatriques pour patients hospitalis\u00e9s n\u2019accepte pas les patients qui sont gravement malades, qui sont tr\u00e8s intoxiqu\u00e9s ou qui ont re\u00e7u un diagnostic de trouble cognitif ou de d\u00e9lire.<\/p>\n","protected":false},"excerpt":{"rendered":"<p>Des services psychiatriques actifs de haute intensit\u00e9 aux personnes de 18 ans ou plus qui sont dans un \u00e9tat de d\u00e9tresse psychiatrique aigu\u00eb et qui \u00e9prouvent des sympt\u00f4mes psychiatriques aigus ou qui sont \u00e0 risque de se faire du mal ou de faire du mal aux autres.<\/p>\n","protected":false},"author":17,"featured_media":0,"parent":2610,"menu_order":0,"comment_status":"open","ping_status":"open","template":"","meta":{"_acf_changed":false,"_monsterinsights_skip_tracking":false,"_monsterinsights_sitenote_active":false,"_monsterinsights_sitenote_note":"","_monsterinsights_sitenote_category":0,"footnotes":"","_links_to":"","_links_to_target":"","_wp_rev_ctl_limit":""},"tags":[2200,2201],"class_list":["post-8891","page","type-page","status-publish","hentry","tag-services-psychiatriques-actifs","tag-usapph"],"acf":[],"yoast_head":"<!-- This site is optimized with the Yoast SEO plugin v27.4 - https:\/\/yoast.com\/product\/yoast-seo-wordpress\/ -->\n<title>Unit\u00e9 de soins actifs psychiatriques pour patients hospitalis\u00e9s (USAPPH)<\/title>\n<meta name=\"description\" content=\"L&#039;AIPU fournit des services psychiatriques aigus de haute intensit\u00e9 24 heures sur 24 aux personnes en d\u00e9tresse psychiatrique aigu\u00eb\" \/>\n<meta name=\"robots\" content=\"index, follow, max-snippet:-1, max-image-preview:large, max-video-preview:-1\" \/>\n<link rel=\"canonical\" href=\"https:\/\/nbrhc.on.ca\/fr\/programme-et-services\/programmes-et-services-de-sante-mentale\/sante-mentale-et-lutte-contre-la-toxicomanie\/unite-de-soins-actifs-psychiatriques-pour-patients-hospitalises-usapph\/\" \/>\n<meta property=\"og:locale\" content=\"fr_FR\" \/>\n<meta property=\"og:type\" content=\"article\" \/>\n<meta property=\"og:title\" content=\"Unit\u00e9 de soins actifs psychiatriques pour patients hospitalis\u00e9s (USAPPH)\" \/>\n<meta property=\"og:description\" content=\"L&#039;AIPU fournit des services psychiatriques aigus de haute intensit\u00e9 24 heures sur 24 aux personnes en d\u00e9tresse psychiatrique aigu\u00eb\" \/>\n<meta property=\"og:url\" content=\"https:\/\/nbrhc.on.ca\/fr\/programme-et-services\/programmes-et-services-de-sante-mentale\/sante-mentale-et-lutte-contre-la-toxicomanie\/unite-de-soins-actifs-psychiatriques-pour-patients-hospitalises-usapph\/\" \/>\n<meta property=\"og:site_name\" content=\"NBRHC\" \/>\n<meta property=\"article:publisher\" content=\"https:\/\/www.facebook.com\/nbrhc\" \/>\n<meta property=\"article:modified_time\" content=\"2021-09-13T18:19:39+00:00\" \/>\n<meta property=\"og:image\" content=\"https:\/\/nbrhc.on.ca\/wp-content\/uploads\/2015\/07\/icon_col.jpeg\" \/>\n\t<meta property=\"og:image:width\" content=\"619\" \/>\n\t<meta property=\"og:image:height\" content=\"619\" \/>\n\t<meta property=\"og:image:type\" content=\"image\/jpeg\" \/>\n<meta name=\"twitter:label1\" content=\"Dur\u00e9e de lecture estim\u00e9e\" \/>\n\t<meta name=\"twitter:data1\" content=\"2 minutes\" \/>\n<script type=\"application\/ld+json\" class=\"yoast-schema-graph\">{\"@context\":\"https:\\\/\\\/schema.org\",\"@graph\":[{\"@type\":\"WebPage\",\"@id\":\"https:\\\/\\\/nbrhc.on.ca\\\/fr\\\/programme-et-services\\\/programmes-et-services-de-sante-mentale\\\/sante-mentale-et-lutte-contre-la-toxicomanie\\\/unite-de-soins-actifs-psychiatriques-pour-patients-hospitalises-usapph\\\/\",\"url\":\"https:\\\/\\\/nbrhc.on.ca\\\/fr\\\/programme-et-services\\\/programmes-et-services-de-sante-mentale\\\/sante-mentale-et-lutte-contre-la-toxicomanie\\\/unite-de-soins-actifs-psychiatriques-pour-patients-hospitalises-usapph\\\/\",\"name\":\"Unit\u00e9 de soins actifs psychiatriques pour patients hospitalis\u00e9s (USAPPH)\",\"isPartOf\":{\"@id\":\"https:\\\/\\\/nbrhc.on.ca\\\/#website\"},\"datePublished\":\"2014-12-17T20:11:22+00:00\",\"dateModified\":\"2021-09-13T18:19:39+00:00\",\"description\":\"L'AIPU fournit des services psychiatriques aigus de haute intensit\u00e9 24 heures sur 24 aux personnes en d\u00e9tresse psychiatrique aigu\u00eb\",\"breadcrumb\":{\"@id\":\"https:\\\/\\\/nbrhc.on.ca\\\/fr\\\/programme-et-services\\\/programmes-et-services-de-sante-mentale\\\/sante-mentale-et-lutte-contre-la-toxicomanie\\\/unite-de-soins-actifs-psychiatriques-pour-patients-hospitalises-usapph\\\/#breadcrumb\"},\"inLanguage\":\"fr-FR\",\"potentialAction\":[{\"@type\":\"ReadAction\",\"target\":[\"https:\\\/\\\/nbrhc.on.ca\\\/fr\\\/programme-et-services\\\/programmes-et-services-de-sante-mentale\\\/sante-mentale-et-lutte-contre-la-toxicomanie\\\/unite-de-soins-actifs-psychiatriques-pour-patients-hospitalises-usapph\\\/\"]}]},{\"@type\":\"BreadcrumbList\",\"@id\":\"https:\\\/\\\/nbrhc.on.ca\\\/fr\\\/programme-et-services\\\/programmes-et-services-de-sante-mentale\\\/sante-mentale-et-lutte-contre-la-toxicomanie\\\/unite-de-soins-actifs-psychiatriques-pour-patients-hospitalises-usapph\\\/#breadcrumb\",\"itemListElement\":[{\"@type\":\"ListItem\",\"position\":1,\"name\":\"Home\",\"item\":\"https:\\\/\\\/nbrhc.on.ca\\\/fr\\\/\"},{\"@type\":\"ListItem\",\"position\":2,\"name\":\"Programmes et services\",\"item\":\"https:\\\/\\\/nbrhc.on.ca\\\/fr\\\/programme-et-services\\\/\"},{\"@type\":\"ListItem\",\"position\":3,\"name\":\"Programmes et services de sant\u00e9 mentale\",\"item\":\"https:\\\/\\\/nbrhc.on.ca\\\/fr\\\/programme-et-services\\\/programmes-et-services-de-sante-mentale\\\/\"},{\"@type\":\"ListItem\",\"position\":4,\"name\":\"Sant\u00e9 mentale et lutte contre la toxicomanie\",\"item\":\"https:\\\/\\\/nbrhc.on.ca\\\/fr\\\/programme-et-services\\\/programmes-et-services-de-sante-mentale\\\/sante-mentale-et-lutte-contre-la-toxicomanie\\\/\"},{\"@type\":\"ListItem\",\"position\":5,\"name\":\"Unit\u00e9 de soins actifs psychiatriques pour patients hospitalis\u00e9s (USAPPH)\"}]},{\"@type\":\"WebSite\",\"@id\":\"https:\\\/\\\/nbrhc.on.ca\\\/#website\",\"url\":\"https:\\\/\\\/nbrhc.on.ca\\\/\",\"name\":\"NBRHC\",\"description\":\"North Bay Regional Health Centre\",\"publisher\":{\"@id\":\"https:\\\/\\\/nbrhc.on.ca\\\/#organization\"},\"potentialAction\":[{\"@type\":\"SearchAction\",\"target\":{\"@type\":\"EntryPoint\",\"urlTemplate\":\"https:\\\/\\\/nbrhc.on.ca\\\/?s={search_term_string}\"},\"query-input\":{\"@type\":\"PropertyValueSpecification\",\"valueRequired\":true,\"valueName\":\"search_term_string\"}}],\"inLanguage\":\"fr-FR\"},{\"@type\":\"Organization\",\"@id\":\"https:\\\/\\\/nbrhc.on.ca\\\/#organization\",\"name\":\"North Bay Regional Health Centre\",\"url\":\"https:\\\/\\\/nbrhc.on.ca\\\/\",\"logo\":{\"@type\":\"ImageObject\",\"inLanguage\":\"fr-FR\",\"@id\":\"https:\\\/\\\/nbrhc.on.ca\\\/#\\\/schema\\\/logo\\\/image\\\/\",\"url\":\"https:\\\/\\\/nbrhc.on.ca\\\/wp-content\\\/uploads\\\/2015\\\/07\\\/logo.jpg\",\"contentUrl\":\"https:\\\/\\\/nbrhc.on.ca\\\/wp-content\\\/uploads\\\/2015\\\/07\\\/logo.jpg\",\"width\":870,\"height\":128,\"caption\":\"North Bay Regional Health Centre\"},\"image\":{\"@id\":\"https:\\\/\\\/nbrhc.on.ca\\\/#\\\/schema\\\/logo\\\/image\\\/\"},\"sameAs\":[\"https:\\\/\\\/www.facebook.com\\\/nbrhc\",\"https:\\\/\\\/x.com\\\/NBRHC\",\"https:\\\/\\\/www.linkedin.com\\\/company\\\/north-bay-regional-health-centre-nbrhc\",\"https:\\\/\\\/www.pinterest.com\\\/nbrhc\",\"https:\\\/\\\/www.youtube.com\\\/TheNBRHC\"]}]}<\/script>\n<!-- \/ Yoast SEO plugin. -->","yoast_head_json":{"title":"Unit\u00e9 de soins actifs psychiatriques pour patients hospitalis\u00e9s (USAPPH)","description":"L'AIPU fournit des services psychiatriques aigus de haute intensit\u00e9 24 heures sur 24 aux personnes en d\u00e9tresse psychiatrique aigu\u00eb","robots":{"index":"index","follow":"follow","max-snippet":"max-snippet:-1","max-image-preview":"max-image-preview:large","max-video-preview":"max-video-preview:-1"},"canonical":"https:\/\/nbrhc.on.ca\/fr\/programme-et-services\/programmes-et-services-de-sante-mentale\/sante-mentale-et-lutte-contre-la-toxicomanie\/unite-de-soins-actifs-psychiatriques-pour-patients-hospitalises-usapph\/","og_locale":"fr_FR","og_type":"article","og_title":"Unit\u00e9 de soins actifs psychiatriques pour patients hospitalis\u00e9s (USAPPH)","og_description":"L'AIPU fournit des services psychiatriques aigus de haute intensit\u00e9 24 heures sur 24 aux personnes en d\u00e9tresse psychiatrique aigu\u00eb","og_url":"https:\/\/nbrhc.on.ca\/fr\/programme-et-services\/programmes-et-services-de-sante-mentale\/sante-mentale-et-lutte-contre-la-toxicomanie\/unite-de-soins-actifs-psychiatriques-pour-patients-hospitalises-usapph\/","og_site_name":"NBRHC","article_publisher":"https:\/\/www.facebook.com\/nbrhc","article_modified_time":"2021-09-13T18:19:39+00:00","og_image":[{"width":619,"height":619,"url":"https:\/\/nbrhc.on.ca\/wp-content\/uploads\/2015\/07\/icon_col.jpeg","type":"image\/jpeg"}],"twitter_misc":{"Dur\u00e9e de lecture estim\u00e9e":"2 minutes"},"schema":{"@context":"https:\/\/schema.org","@graph":[{"@type":"WebPage","@id":"https:\/\/nbrhc.on.ca\/fr\/programme-et-services\/programmes-et-services-de-sante-mentale\/sante-mentale-et-lutte-contre-la-toxicomanie\/unite-de-soins-actifs-psychiatriques-pour-patients-hospitalises-usapph\/","url":"https:\/\/nbrhc.on.ca\/fr\/programme-et-services\/programmes-et-services-de-sante-mentale\/sante-mentale-et-lutte-contre-la-toxicomanie\/unite-de-soins-actifs-psychiatriques-pour-patients-hospitalises-usapph\/","name":"Unit\u00e9 de soins actifs psychiatriques pour patients hospitalis\u00e9s (USAPPH)","isPartOf":{"@id":"https:\/\/nbrhc.on.ca\/#website"},"datePublished":"2014-12-17T20:11:22+00:00","dateModified":"2021-09-13T18:19:39+00:00","description":"L'AIPU fournit des services psychiatriques aigus de haute intensit\u00e9 24 heures sur 24 aux personnes en d\u00e9tresse psychiatrique aigu\u00eb","breadcrumb":{"@id":"https:\/\/nbrhc.on.ca\/fr\/programme-et-services\/programmes-et-services-de-sante-mentale\/sante-mentale-et-lutte-contre-la-toxicomanie\/unite-de-soins-actifs-psychiatriques-pour-patients-hospitalises-usapph\/#breadcrumb"},"inLanguage":"fr-FR","potentialAction":[{"@type":"ReadAction","target":["https:\/\/nbrhc.on.ca\/fr\/programme-et-services\/programmes-et-services-de-sante-mentale\/sante-mentale-et-lutte-contre-la-toxicomanie\/unite-de-soins-actifs-psychiatriques-pour-patients-hospitalises-usapph\/"]}]},{"@type":"BreadcrumbList","@id":"https:\/\/nbrhc.on.ca\/fr\/programme-et-services\/programmes-et-services-de-sante-mentale\/sante-mentale-et-lutte-contre-la-toxicomanie\/unite-de-soins-actifs-psychiatriques-pour-patients-hospitalises-usapph\/#breadcrumb","itemListElement":[{"@type":"ListItem","position":1,"name":"Home","item":"https:\/\/nbrhc.on.ca\/fr\/"},{"@type":"ListItem","position":2,"name":"Programmes et services","item":"https:\/\/nbrhc.on.ca\/fr\/programme-et-services\/"},{"@type":"ListItem","position":3,"name":"Programmes et services de sant\u00e9 mentale","item":"https:\/\/nbrhc.on.ca\/fr\/programme-et-services\/programmes-et-services-de-sante-mentale\/"},{"@type":"ListItem","position":4,"name":"Sant\u00e9 mentale et lutte contre la toxicomanie","item":"https:\/\/nbrhc.on.ca\/fr\/programme-et-services\/programmes-et-services-de-sante-mentale\/sante-mentale-et-lutte-contre-la-toxicomanie\/"},{"@type":"ListItem","position":5,"name":"Unit\u00e9 de soins actifs psychiatriques pour patients hospitalis\u00e9s (USAPPH)"}]},{"@type":"WebSite","@id":"https:\/\/nbrhc.on.ca\/#website","url":"https:\/\/nbrhc.on.ca\/","name":"NBRHC","description":"North Bay Regional Health Centre","publisher":{"@id":"https:\/\/nbrhc.on.ca\/#organization"},"potentialAction":[{"@type":"SearchAction","target":{"@type":"EntryPoint","urlTemplate":"https:\/\/nbrhc.on.ca\/?s={search_term_string}"},"query-input":{"@type":"PropertyValueSpecification","valueRequired":true,"valueName":"search_term_string"}}],"inLanguage":"fr-FR"},{"@type":"Organization","@id":"https:\/\/nbrhc.on.ca\/#organization","name":"North Bay Regional Health Centre","url":"https:\/\/nbrhc.on.ca\/","logo":{"@type":"ImageObject","inLanguage":"fr-FR","@id":"https:\/\/nbrhc.on.ca\/#\/schema\/logo\/image\/","url":"https:\/\/nbrhc.on.ca\/wp-content\/uploads\/2015\/07\/logo.jpg","contentUrl":"https:\/\/nbrhc.on.ca\/wp-content\/uploads\/2015\/07\/logo.jpg","width":870,"height":128,"caption":"North Bay Regional Health Centre"},"image":{"@id":"https:\/\/nbrhc.on.ca\/#\/schema\/logo\/image\/"},"sameAs":["https:\/\/www.facebook.com\/nbrhc","https:\/\/x.com\/NBRHC","https:\/\/www.linkedin.com\/company\/north-bay-regional-health-centre-nbrhc","https:\/\/www.pinterest.com\/nbrhc","https:\/\/www.youtube.com\/TheNBRHC"]}]}},"_links":{"self":[{"href":"https:\/\/nbrhc.on.ca\/fr\/wp-json\/wp\/v2\/pages\/8891","targetHints":{"allow":["GET"]}}],"collection":[{"href":"https:\/\/nbrhc.on.ca\/fr\/wp-json\/wp\/v2\/pages"}],"about":[{"href":"https:\/\/nbrhc.on.ca\/fr\/wp-json\/wp\/v2\/types\/page"}],"author":[{"embeddable":true,"href":"https:\/\/nbrhc.on.ca\/fr\/wp-json\/wp\/v2\/users\/17"}],"replies":[{"embeddable":true,"href":"https:\/\/nbrhc.on.ca\/fr\/wp-json\/wp\/v2\/comments?post=8891"}],"version-history":[{"count":2,"href":"https:\/\/nbrhc.on.ca\/fr\/wp-json\/wp\/v2\/pages\/8891\/revisions"}],"predecessor-version":[{"id":24004,"href":"https:\/\/nbrhc.on.ca\/fr\/wp-json\/wp\/v2\/pages\/8891\/revisions\/24004"}],"up":[{"embeddable":true,"href":"https:\/\/nbrhc.on.ca\/fr\/wp-json\/wp\/v2\/pages\/2610"}],"wp:attachment":[{"href":"https:\/\/nbrhc.on.ca\/fr\/wp-json\/wp\/v2\/media?parent=8891"}],"wp:term":[{"taxonomy":"post_tag","embeddable":true,"href":"https:\/\/nbrhc.on.ca\/fr\/wp-json\/wp\/v2\/tags?post=8891"}],"curies":[{"name":"wp","href":"https:\/\/api.w.org\/{rel}","templated":true}]}}