{"id":9940,"date":"2015-05-06T12:06:20","date_gmt":"2015-05-06T16:06:20","guid":{"rendered":"http:\/\/www.nbrhc.on.ca\/?page_id=9940"},"modified":"2021-09-28T14:59:31","modified_gmt":"2021-09-28T18:59:31","slug":"soutenir-la-pratique-conforme-a-lethique","status":"publish","type":"page","link":"https:\/\/nbrhc.on.ca\/fr\/a-propos-de-nous\/soutenir-la-pratique-conforme-a-lethique\/","title":{"rendered":"Soutenir la pratique conforme \u00e0 l\u2019\u00e9thique"},"content":{"rendered":"<p>Chaque jour, les fournisseurs de soins de sant\u00e9 participent \u00e0 des processus de prise de d\u00e9cisions qui ont une grande incidence sur les patients et leur famille. Dans bien des cas, l\u2019\u00e9thique joue un r\u00f4le de premier plan.<\/p>\n<p>Le Comit\u00e9 d\u2019\u00e9thique s\u2019assure que les politiques et les pratiques de l\u2019h\u00f4pital ainsi que les soins aux patients cadrent avec la mission, la vision et les valeurs du Centre r\u00e9gional de sant\u00e9 de North\u00a0Bay et avec les normes d\u2019\u00e9thique les plus strictes. Gr\u00e2ce \u00e0 leur savoir-faire m\u00e9dical et \u00e0 leur vaste exp\u00e9rience, les membres du comit\u00e9 servent de forum et offrent \u00e9ducation et conseils \u00e0 la communaut\u00e9 hospitali\u00e8re pour s\u2019assurer que toutes les d\u00e9cisions d\u2019ordre \u00e9thique se prennent dans l\u2019int\u00e9r\u00eat du patient.<\/p>\n<p>Relevant du Comit\u00e9 de la qualit\u00e9 du conseil, le Comit\u00e9 d\u2019\u00e9thique doit rendre des comptes aux patients, aux familles, au personnel et aux intervenants. (<a href=\"http:\/\/www.nbrhc.on.ca\/wp-content\/uploads\/2015\/04\/Ethics-Committee-Responsibilities.pdf\" target=\"_blank\" rel=\"noopener noreferrer\">Responsabilit\u00e9s du Comit\u00e9 d\u00e9thique<\/a>)<\/p>\n<p>Membres du comit\u00e9 :<\/p>\n<ul>\n<li>Agent des relations avec les patients\/Intervenant en faveur des patients<\/li>\n<li>Pr\u00e9pos\u00e9 au soutien par les pairs<\/li>\n<li>\u00c9thicien<\/li>\n<li>Membre de l\u2019\u00e9quipe de direction<\/li>\n<li>Aum\u00f4nier<\/li>\n<li>Personnel de soins infirmiers<\/li>\n<li>Personnel param\u00e9dical<\/li>\n<li>Coordonnateur de l\u2019am\u00e9lioration de la qualit\u00e9<\/li>\n<li>Coordonnateur des politiques<\/li>\n<li>Personnel de gestion<\/li>\n<li>Chef de la pratique professionnel<\/li>\n<li>Membre de la communaut\u00e9<\/li>\n<li>B\u00e9n\u00e9vole (personne avec beaucoup d\u2019anciennet\u00e9)<\/li>\n<li>Pr\u00e9sident du sous-comit\u00e9 sur l\u2019\u00e9ducation<\/li>\n<li>Pr\u00e9sident du sous-comit\u00e9 sur la consultation en mati\u00e8re de cas<\/li>\n<li>Membre du Comit\u00e9 d\u2019\u00e9thique de la recherche<\/li>\n<li>M\u00e9decin(s)<\/li>\n<\/ul>\n<p>Le comit\u00e9 pr\u00e9pare un plan de travail et un mandat, lesquels font l\u2019objet d\u2019un examen chaque ann\u00e9e. (<a href=\"\/wp-content\/uploads\/2017\/03\/Ethics-Framework-All-Things-Considered.pdf\" target=\"_blank\" rel=\"noopener noreferrer\">Cadre \u00e9thique :\u00a0Tout bien consid\u00e9r\u00e9<\/a>)<\/p>\n","protected":false},"excerpt":{"rendered":"<p>Chaque jour, les fournisseurs de soins de sant\u00e9 participent \u00e0 des processus de prise de d\u00e9cisions qui ont une grande incidence sur les patients et leur famille. Dans bien des [&hellip;]<\/p>\n","protected":false},"author":17,"featured_media":0,"parent":1462,"menu_order":0,"comment_status":"open","ping_status":"open","template":"","meta":{"_acf_changed":false,"_monsterinsights_skip_tracking":false,"_monsterinsights_sitenote_active":false,"_monsterinsights_sitenote_note":"","_monsterinsights_sitenote_category":0,"footnotes":"","_links_to":"","_links_to_target":"","_wp_rev_ctl_limit":""},"tags":[],"class_list":["post-9940","page","type-page","status-publish","hentry"],"acf":[],"yoast_head":"<!-- This site is optimized with the Yoast SEO plugin v27.4 - https:\/\/yoast.com\/product\/yoast-seo-wordpress\/ -->\n<title>Soutenir la pratique conforme \u00e0 l\u2019\u00e9thique<\/title>\n<meta name=\"description\" content=\"Les fournisseurs de soins de sant\u00e9 sont impliqu\u00e9s dans les processus d\u00e9cisionnels qui ont un impact significatif sur nos patients et leurs familles\" \/>\n<meta name=\"robots\" content=\"index, follow, max-snippet:-1, max-image-preview:large, max-video-preview:-1\" \/>\n<link rel=\"canonical\" href=\"https:\/\/nbrhc.on.ca\/fr\/a-propos-de-nous\/soutenir-la-pratique-conforme-a-lethique\/\" \/>\n<meta property=\"og:locale\" content=\"fr_FR\" \/>\n<meta property=\"og:type\" content=\"article\" \/>\n<meta property=\"og:title\" content=\"Soutenir la pratique conforme \u00e0 l\u2019\u00e9thique\" \/>\n<meta property=\"og:description\" content=\"Les fournisseurs de soins de sant\u00e9 sont impliqu\u00e9s dans les processus d\u00e9cisionnels qui ont un impact significatif sur nos patients et leurs familles\" \/>\n<meta property=\"og:url\" content=\"https:\/\/nbrhc.on.ca\/fr\/a-propos-de-nous\/soutenir-la-pratique-conforme-a-lethique\/\" \/>\n<meta property=\"og:site_name\" content=\"NBRHC\" \/>\n<meta property=\"article:publisher\" content=\"https:\/\/www.facebook.com\/nbrhc\" \/>\n<meta property=\"article:modified_time\" content=\"2021-09-28T18:59:31+00:00\" \/>\n<meta property=\"og:image\" content=\"https:\/\/nbrhc.on.ca\/wp-content\/uploads\/2015\/07\/icon_col.jpeg\" \/>\n\t<meta property=\"og:image:width\" content=\"619\" \/>\n\t<meta property=\"og:image:height\" content=\"619\" \/>\n\t<meta property=\"og:image:type\" content=\"image\/jpeg\" \/>\n<meta name=\"twitter:label1\" content=\"Dur\u00e9e de lecture estim\u00e9e\" \/>\n\t<meta name=\"twitter:data1\" content=\"1 minute\" \/>\n<script type=\"application\/ld+json\" class=\"yoast-schema-graph\">{\"@context\":\"https:\\\/\\\/schema.org\",\"@graph\":[{\"@type\":\"WebPage\",\"@id\":\"https:\\\/\\\/nbrhc.on.ca\\\/fr\\\/a-propos-de-nous\\\/soutenir-la-pratique-conforme-a-lethique\\\/\",\"url\":\"https:\\\/\\\/nbrhc.on.ca\\\/fr\\\/a-propos-de-nous\\\/soutenir-la-pratique-conforme-a-lethique\\\/\",\"name\":\"Soutenir la pratique conforme \u00e0 l\u2019\u00e9thique\",\"isPartOf\":{\"@id\":\"https:\\\/\\\/nbrhc.on.ca\\\/#website\"},\"datePublished\":\"2015-05-06T16:06:20+00:00\",\"dateModified\":\"2021-09-28T18:59:31+00:00\",\"description\":\"Les fournisseurs de soins de sant\u00e9 sont impliqu\u00e9s dans les processus d\u00e9cisionnels qui ont un impact significatif sur nos patients et leurs familles\",\"breadcrumb\":{\"@id\":\"https:\\\/\\\/nbrhc.on.ca\\\/fr\\\/a-propos-de-nous\\\/soutenir-la-pratique-conforme-a-lethique\\\/#breadcrumb\"},\"inLanguage\":\"fr-FR\",\"potentialAction\":[{\"@type\":\"ReadAction\",\"target\":[\"https:\\\/\\\/nbrhc.on.ca\\\/fr\\\/a-propos-de-nous\\\/soutenir-la-pratique-conforme-a-lethique\\\/\"]}]},{\"@type\":\"BreadcrumbList\",\"@id\":\"https:\\\/\\\/nbrhc.on.ca\\\/fr\\\/a-propos-de-nous\\\/soutenir-la-pratique-conforme-a-lethique\\\/#breadcrumb\",\"itemListElement\":[{\"@type\":\"ListItem\",\"position\":1,\"name\":\"Home\",\"item\":\"https:\\\/\\\/nbrhc.on.ca\\\/fr\\\/\"},{\"@type\":\"ListItem\",\"position\":2,\"name\":\"\u00c0 propos de nous\",\"item\":\"https:\\\/\\\/nbrhc.on.ca\\\/fr\\\/a-propos-de-nous\\\/\"},{\"@type\":\"ListItem\",\"position\":3,\"name\":\"Soutenir la pratique conforme \u00e0 l\u2019\u00e9thique\"}]},{\"@type\":\"WebSite\",\"@id\":\"https:\\\/\\\/nbrhc.on.ca\\\/#website\",\"url\":\"https:\\\/\\\/nbrhc.on.ca\\\/\",\"name\":\"NBRHC\",\"description\":\"North Bay Regional Health Centre\",\"publisher\":{\"@id\":\"https:\\\/\\\/nbrhc.on.ca\\\/#organization\"},\"potentialAction\":[{\"@type\":\"SearchAction\",\"target\":{\"@type\":\"EntryPoint\",\"urlTemplate\":\"https:\\\/\\\/nbrhc.on.ca\\\/?s={search_term_string}\"},\"query-input\":{\"@type\":\"PropertyValueSpecification\",\"valueRequired\":true,\"valueName\":\"search_term_string\"}}],\"inLanguage\":\"fr-FR\"},{\"@type\":\"Organization\",\"@id\":\"https:\\\/\\\/nbrhc.on.ca\\\/#organization\",\"name\":\"North Bay Regional Health Centre\",\"url\":\"https:\\\/\\\/nbrhc.on.ca\\\/\",\"logo\":{\"@type\":\"ImageObject\",\"inLanguage\":\"fr-FR\",\"@id\":\"https:\\\/\\\/nbrhc.on.ca\\\/#\\\/schema\\\/logo\\\/image\\\/\",\"url\":\"https:\\\/\\\/nbrhc.on.ca\\\/wp-content\\\/uploads\\\/2015\\\/07\\\/logo.jpg\",\"contentUrl\":\"https:\\\/\\\/nbrhc.on.ca\\\/wp-content\\\/uploads\\\/2015\\\/07\\\/logo.jpg\",\"width\":870,\"height\":128,\"caption\":\"North Bay Regional Health Centre\"},\"image\":{\"@id\":\"https:\\\/\\\/nbrhc.on.ca\\\/#\\\/schema\\\/logo\\\/image\\\/\"},\"sameAs\":[\"https:\\\/\\\/www.facebook.com\\\/nbrhc\",\"https:\\\/\\\/x.com\\\/NBRHC\",\"https:\\\/\\\/www.linkedin.com\\\/company\\\/north-bay-regional-health-centre-nbrhc\",\"https:\\\/\\\/www.pinterest.com\\\/nbrhc\",\"https:\\\/\\\/www.youtube.com\\\/TheNBRHC\"]}]}<\/script>\n<!-- \/ Yoast SEO plugin. -->","yoast_head_json":{"title":"Soutenir la pratique conforme \u00e0 l\u2019\u00e9thique","description":"Les fournisseurs de soins de sant\u00e9 sont impliqu\u00e9s dans les processus d\u00e9cisionnels qui ont un impact significatif sur nos patients et leurs familles","robots":{"index":"index","follow":"follow","max-snippet":"max-snippet:-1","max-image-preview":"max-image-preview:large","max-video-preview":"max-video-preview:-1"},"canonical":"https:\/\/nbrhc.on.ca\/fr\/a-propos-de-nous\/soutenir-la-pratique-conforme-a-lethique\/","og_locale":"fr_FR","og_type":"article","og_title":"Soutenir la pratique conforme \u00e0 l\u2019\u00e9thique","og_description":"Les fournisseurs de soins de sant\u00e9 sont impliqu\u00e9s dans les processus d\u00e9cisionnels qui ont un impact significatif sur nos patients et leurs familles","og_url":"https:\/\/nbrhc.on.ca\/fr\/a-propos-de-nous\/soutenir-la-pratique-conforme-a-lethique\/","og_site_name":"NBRHC","article_publisher":"https:\/\/www.facebook.com\/nbrhc","article_modified_time":"2021-09-28T18:59:31+00:00","og_image":[{"width":619,"height":619,"url":"https:\/\/nbrhc.on.ca\/wp-content\/uploads\/2015\/07\/icon_col.jpeg","type":"image\/jpeg"}],"twitter_misc":{"Dur\u00e9e de lecture estim\u00e9e":"1 minute"},"schema":{"@context":"https:\/\/schema.org","@graph":[{"@type":"WebPage","@id":"https:\/\/nbrhc.on.ca\/fr\/a-propos-de-nous\/soutenir-la-pratique-conforme-a-lethique\/","url":"https:\/\/nbrhc.on.ca\/fr\/a-propos-de-nous\/soutenir-la-pratique-conforme-a-lethique\/","name":"Soutenir la pratique conforme \u00e0 l\u2019\u00e9thique","isPartOf":{"@id":"https:\/\/nbrhc.on.ca\/#website"},"datePublished":"2015-05-06T16:06:20+00:00","dateModified":"2021-09-28T18:59:31+00:00","description":"Les fournisseurs de soins de sant\u00e9 sont impliqu\u00e9s dans les processus d\u00e9cisionnels qui ont un impact significatif sur nos patients et leurs familles","breadcrumb":{"@id":"https:\/\/nbrhc.on.ca\/fr\/a-propos-de-nous\/soutenir-la-pratique-conforme-a-lethique\/#breadcrumb"},"inLanguage":"fr-FR","potentialAction":[{"@type":"ReadAction","target":["https:\/\/nbrhc.on.ca\/fr\/a-propos-de-nous\/soutenir-la-pratique-conforme-a-lethique\/"]}]},{"@type":"BreadcrumbList","@id":"https:\/\/nbrhc.on.ca\/fr\/a-propos-de-nous\/soutenir-la-pratique-conforme-a-lethique\/#breadcrumb","itemListElement":[{"@type":"ListItem","position":1,"name":"Home","item":"https:\/\/nbrhc.on.ca\/fr\/"},{"@type":"ListItem","position":2,"name":"\u00c0 propos de nous","item":"https:\/\/nbrhc.on.ca\/fr\/a-propos-de-nous\/"},{"@type":"ListItem","position":3,"name":"Soutenir la pratique conforme \u00e0 l\u2019\u00e9thique"}]},{"@type":"WebSite","@id":"https:\/\/nbrhc.on.ca\/#website","url":"https:\/\/nbrhc.on.ca\/","name":"NBRHC","description":"North Bay Regional Health Centre","publisher":{"@id":"https:\/\/nbrhc.on.ca\/#organization"},"potentialAction":[{"@type":"SearchAction","target":{"@type":"EntryPoint","urlTemplate":"https:\/\/nbrhc.on.ca\/?s={search_term_string}"},"query-input":{"@type":"PropertyValueSpecification","valueRequired":true,"valueName":"search_term_string"}}],"inLanguage":"fr-FR"},{"@type":"Organization","@id":"https:\/\/nbrhc.on.ca\/#organization","name":"North Bay Regional Health Centre","url":"https:\/\/nbrhc.on.ca\/","logo":{"@type":"ImageObject","inLanguage":"fr-FR","@id":"https:\/\/nbrhc.on.ca\/#\/schema\/logo\/image\/","url":"https:\/\/nbrhc.on.ca\/wp-content\/uploads\/2015\/07\/logo.jpg","contentUrl":"https:\/\/nbrhc.on.ca\/wp-content\/uploads\/2015\/07\/logo.jpg","width":870,"height":128,"caption":"North Bay Regional Health Centre"},"image":{"@id":"https:\/\/nbrhc.on.ca\/#\/schema\/logo\/image\/"},"sameAs":["https:\/\/www.facebook.com\/nbrhc","https:\/\/x.com\/NBRHC","https:\/\/www.linkedin.com\/company\/north-bay-regional-health-centre-nbrhc","https:\/\/www.pinterest.com\/nbrhc","https:\/\/www.youtube.com\/TheNBRHC"]}]}},"_links":{"self":[{"href":"https:\/\/nbrhc.on.ca\/fr\/wp-json\/wp\/v2\/pages\/9940","targetHints":{"allow":["GET"]}}],"collection":[{"href":"https:\/\/nbrhc.on.ca\/fr\/wp-json\/wp\/v2\/pages"}],"about":[{"href":"https:\/\/nbrhc.on.ca\/fr\/wp-json\/wp\/v2\/types\/page"}],"author":[{"embeddable":true,"href":"https:\/\/nbrhc.on.ca\/fr\/wp-json\/wp\/v2\/users\/17"}],"replies":[{"embeddable":true,"href":"https:\/\/nbrhc.on.ca\/fr\/wp-json\/wp\/v2\/comments?post=9940"}],"version-history":[{"count":1,"href":"https:\/\/nbrhc.on.ca\/fr\/wp-json\/wp\/v2\/pages\/9940\/revisions"}],"predecessor-version":[{"id":24878,"href":"https:\/\/nbrhc.on.ca\/fr\/wp-json\/wp\/v2\/pages\/9940\/revisions\/24878"}],"up":[{"embeddable":true,"href":"https:\/\/nbrhc.on.ca\/fr\/wp-json\/wp\/v2\/pages\/1462"}],"wp:attachment":[{"href":"https:\/\/nbrhc.on.ca\/fr\/wp-json\/wp\/v2\/media?parent=9940"}],"wp:term":[{"taxonomy":"post_tag","embeddable":true,"href":"https:\/\/nbrhc.on.ca\/fr\/wp-json\/wp\/v2\/tags?post=9940"}],"curies":[{"name":"wp","href":"https:\/\/api.w.org\/{rel}","templated":true}]}}